{"id":15191,"date":"2023-08-23T14:45:12","date_gmt":"2023-08-23T06:45:12","guid":{"rendered":"https:\/\/tononplastics.com\/?post_type=product&#038;p=15191"},"modified":"2024-03-25T11:57:33","modified_gmt":"2024-03-25T03:57:33","slug":"polycarbonate-transparent-clear-corrugated-plastic-roof-sheet","status":"publish","type":"product","link":"https:\/\/www.tononplastics.com\/es\/product\/polycarbonate-transparent-clear-corrugated-plastic-roof-sheet\/","title":{"rendered":"L\u00e1mina ondulada de policarbonato transparente para tejados"},"content":{"rendered":"<table style=\"height: 336px;\" width=\"853\">\n<tbody>\n<tr>\n<td colspan=\"2\" height=\"66\" data-spm-anchor-id=\"a2700.details.0.i30.9f611a18aDyHpd\">\n<p><strong>Especificaciones de la chapa ondulada de policarbonato<\/strong><\/p>\n<\/td>\n<\/tr>\n<tr>\n<td height=\"66\" data-spm-anchor-id=\"a2700.details.0.i23.9f611a18aDyHpd\">\n<p><strong>Anchura:<\/strong><\/p>\n<\/td>\n<td height=\"66\">\n<p><strong>760,820,840,860,900,930,950,980.1050<\/strong><\/p>\n<\/td>\n<\/tr>\n<tr>\n<td height=\"66\">\n<p><strong>Longitud:<\/strong><\/p>\n<\/td>\n<td height=\"66\">\n<p><strong>No limitado<\/strong><\/p>\n<\/td>\n<\/tr>\n<tr>\n<td height=\"66\">\n<p><strong>Grosor:<\/strong><\/p>\n<\/td>\n<td height=\"66\">\n<p><strong>0,7 mm a 2,5 mm<\/strong><\/p>\n<\/td>\n<\/tr>\n<tr>\n<td height=\"66\">\n<p><strong>Color est\u00e1ndar:<\/strong><\/p>\n<\/td>\n<td height=\"66\">\n<p><strong>Transparente,Azul,Verde,Opal,Marr\u00f3n<\/strong><\/p>\n<\/td>\n<\/tr>\n<\/tbody>\n<\/table>\n<p><strong>Caracter\u00edsticas de la l\u00e1mina ondulada de policarbonato:<\/strong><\/p>\n<p><strong>Transmisi\u00f3n de luz:<\/strong><br \/>La transmisi\u00f3n de la luz alcanza 12%-95% seg\u00fan el color y el grosor.<\/p>\n<p><strong>Protecci\u00f3n UV:<\/strong><br \/>Gracias al revestimiento anti-UV patentado, la l\u00e1mina ondulada de policarbonato mantiene unas perfectas prestaciones mec\u00e1nicas y \u00f3pticas tras la exposici\u00f3n.<\/p>\n<p><strong>Habilidad meteorol\u00f3gica:<\/strong><br \/>Tiene una gran resistencia a la intemperie, que mantiene un excelente rendimiento en un amplio rango de temperaturas de -40 \u00b0C a 120 \u00b0C.<\/p>\n<p><strong>Retardancia al fuego :<\/strong>\u00a0Inflamabilidad UL 94 V-2<\/p>\n<p>F\u00e1cil instalaci\u00f3n<br \/>F\u00e1cil de instalar y se puede doblar en fr\u00edo<\/p>\n<p><strong>Resistencia al impacto :<\/strong><br \/>250-300 veces la resistencia al impacto de vidrio ordinario y 30 veces la de los paneles de acr\u00edlico del mismo espesor, que es de 2-20 veces el vidrio templado caer dos metros por debajo de 3 kg martillo sin grietas, sin rotos<\/p>\n<p><strong>Aplicaci\u00f3n de la l\u00e1mina ondulada de policarbonato:<\/strong><\/p>\n<p>Barreras ac\u00fasticas elevadas para carreteras y v\u00edas urbanas;<br \/>Invernadero agr\u00edcola y nave de cr\u00eda;<br \/>Techo de restaurante ecol\u00f3gico moderno;<br \/>Todas las unidades o el ciclo celular cobertizo, el balc\u00f3n toldo de sol y el techo de descanso quioscos cobertizo;<br \/>Iluminaci\u00f3n de techos de edificios de oficinas, grandes almacenes, hoteles, chalets, escuelas, hospitales, estadios deportivos, centros de ocio e instalaciones p\u00fablicas et .<\/p>\n\n\n<p><strong>Datos t\u00e9cnicos<\/strong><\/p>\n\n\n\n<figure class=\"wp-block-table\"><table><tbody><tr><td><strong>Fuerza de impacto<\/strong><\/td><td><strong>Transparencia<\/strong><\/td><td><strong>Gravedad espec\u00edfica<\/strong><\/td><td><strong>Coeficiente de dilataci\u00f3n t\u00e9rmica<\/strong><\/td><td><strong>Temperatura de servicio<\/strong><\/td><td><strong>Conductividad t\u00e9rmica<\/strong><\/td><\/tr><tr><td>50j\/m<\/td><td>88%-92%<\/td><td>1200 kg\/m\u00b3<\/td><td>0,065mm\/m\u00b0C<\/td><td>-40\u00b0C~+120\u00b0C<\/td><td>0,21w\/m\u00b2\u00b0C<\/td><\/tr><tr><td><strong>Resistencia a la tracci\u00f3n<\/strong><\/td><td><strong>Fuerza de flexi\u00f3n<\/strong><\/td><td><strong>M\u00f3dulo de elasticidad<\/strong><\/td><td><strong>Efecto del aislamiento ac\u00fastico<\/strong><\/td><td><strong>Tensi\u00f3n de rotura<\/strong><\/td><td><strong>Alargamiento a la rotura<\/strong><\/td><\/tr><tr><td>\u226560N\/mm<\/td><td>100N\/mm\u00b2<\/td><td>2400Mpa<\/td><td>Disminuci\u00f3n de 35 decibelios para chapa maciza de 6 mm<\/td><td>\u2265130Mpa<\/td><td><\/td><\/tr><\/tbody><\/table><\/figure>\n\n\n\n<figure class=\"wp-block-image size-large\"><img fetchpriority=\"high\" decoding=\"async\" width=\"1024\" height=\"624\" src=\"https:\/\/www.tononplastics.com\/wp-content\/uploads\/2024\/03\/16995219633519-1024x624.png\" alt=\"\" class=\"wp-image-16089\" title=\"1.png\" srcset=\"https:\/\/www.tononplastics.com\/wp-content\/uploads\/2024\/03\/16995219633519-1024x624.png 1024w, https:\/\/www.tononplastics.com\/wp-content\/uploads\/2024\/03\/16995219633519-300x183.png 300w, https:\/\/www.tononplastics.com\/wp-content\/uploads\/2024\/03\/16995219633519-768x468.png 768w, https:\/\/www.tononplastics.com\/wp-content\/uploads\/2024\/03\/16995219633519-1536x937.png 1536w, https:\/\/www.tononplastics.com\/wp-content\/uploads\/2024\/03\/16995219633519-18x12.png 18w, https:\/\/www.tononplastics.com\/wp-content\/uploads\/2024\/03\/16995219633519.png 1640w\" sizes=\"(max-width: 1024px) 100vw, 1024px\" \/><\/figure>","protected":false},"featured_media":16077,"parent":0,"template":"","product-catagories":[168],"product-tag":[],"class_list":["post-15191","product","type-product","status-publish","has-post-thumbnail","hentry","product-catagories-acrylic-sheet"],"acf":[],"_links":{"self":[{"href":"https:\/\/www.tononplastics.com\/es\/wp-json\/wp\/v2\/product\/15191","targetHints":{"allow":["GET"]}}],"collection":[{"href":"https:\/\/www.tononplastics.com\/es\/wp-json\/wp\/v2\/product"}],"about":[{"href":"https:\/\/www.tononplastics.com\/es\/wp-json\/wp\/v2\/types\/product"}],"version-history":[{"count":0,"href":"https:\/\/www.tononplastics.com\/es\/wp-json\/wp\/v2\/product\/15191\/revisions"}],"wp:featuredmedia":[{"embeddable":true,"href":"https:\/\/www.tononplastics.com\/es\/wp-json\/wp\/v2\/media\/16077"}],"wp:attachment":[{"href":"https:\/\/www.tononplastics.com\/es\/wp-json\/wp\/v2\/media?parent=15191"}],"wp:term":[{"taxonomy":"product-catagories","embeddable":true,"href":"https:\/\/www.tononplastics.com\/es\/wp-json\/wp\/v2\/product-catagories?post=15191"},{"taxonomy":"product-tag","embeddable":true,"href":"https:\/\/www.tononplastics.com\/es\/wp-json\/wp\/v2\/product-tag?post=15191"}],"curies":[{"name":"wp","href":"https:\/\/api.w.org\/{rel}","templated":true}]}}