{"id":15253,"date":"2023-08-23T21:43:40","date_gmt":"2023-08-23T13:43:40","guid":{"rendered":"https:\/\/tononplastics.com\/?post_type=product&#038;p=15253"},"modified":"2024-04-16T13:58:03","modified_gmt":"2024-04-16T05:58:03","slug":"multiwall-plastic-sheet-for-roofing-decoration-plastic-roofing","status":"publish","type":"product","link":"https:\/\/www.tononplastics.com\/es\/product\/multiwall-plastic-sheet-for-roofing-decoration-plastic-roofing\/","title":{"rendered":"L\u00e1minas de pl\u00e1stico multipared para tejados\/techos decorativos de pl\u00e1stico"},"content":{"rendered":"<p><span data-spm-anchor-id=\"a2700.details.0.i31.60807358kqUSNH\">chapa pc hueca<\/span><\/p>\n<p data-spm-anchor-id=\"a2700.details.0.i30.60807358kqUSNH\"><img decoding=\"async\" src=\"https:\/\/sc02.alicdn.com\/kf\/HTB1M5QmkMKTBuNkSne1q6yJoXXav\/200162319\/HTB1M5QmkMKTBuNkSne1q6yJoXXav.jpg\" alt=\"l\u00e1minas de pl\u00e1stico multipared para cubiertas\/decoraci\u00f3n cubiertas de pl\u00e1stico\" width=\"630\" height=\"471.515625\" data-src=\"\/\/sc02.alicdn.com\/kf\/HTB1M5QmkMKTBuNkSne1q6yJoXXav\/200162319\/HTB1M5QmkMKTBuNkSne1q6yJoXXav.jpg\" data-alt=\"multiwall plastic sheet for roofing\/decoration plastic roofing\" data-width=\"630\" data- title=\"\"><\/p>\n<p><strong>1. Caracter\u00edsticas:<\/strong><br \/>\n1) Alta transmisi\u00f3n de luz: hasta 88% que el mismo espesor de vidrio general.<br \/>\n2) Excelente resistencia al impacto: 80 veces superior a la del vidrio.<br \/>\n3) Resistente a la intemperie y a los rayos UV: sus propiedades se conservan durante a\u00f1os. El rango de resistencia a la temperatura es de -40\u00b0C ~ +120\u00b0C, con una pel\u00edcula coextru\u00edda ultravioleta en la superficie de la l\u00e1mina. Puede evitar la fatiga de la resina o el amarilleamiento causado por los rayos ultravioleta.<br \/>\n4) Peso ligero: s\u00f3lo 1\/12 del peso del vidrio del mismo grosor. Se puede doblar en fr\u00edo f\u00e1cilmente, as\u00ed como darle forma t\u00e9rmica.<br \/>\n5) Resistencia a la llama: La clasificaci\u00f3n de resistencia al fuego es de clase B1.<br \/>\n6) Aislamiento ac\u00fastico y t\u00e9rmico: Excelente aislamiento ac\u00fastico para barrera de autopista y aislamiento t\u00e9rmico s\u00faper ahorrar energ\u00eda.<br \/>\n7) Un pl\u00e1stico de ingenier\u00eda de excelente capacidad de integraci\u00f3n. Posee excelentes propiedades f\u00edsicas, mec\u00e1nicas, el\u00e9ctricas y t\u00e9rmicas.<\/p>\n<p><img decoding=\"async\" src=\"https:\/\/sc01.alicdn.com\/kf\/HTB1qQtntbuWBuNjSszgq6z8jVXae\/200162319\/HTB1qQtntbuWBuNjSszgq6z8jVXae.jpg\" alt=\"l\u00e1minas de pl\u00e1stico multipared para cubiertas\/decoraci\u00f3n cubiertas de pl\u00e1stico\" width=\"630\" height=\"472.5\" data-src=\"\/\/sc01.alicdn.com\/kf\/HTB1qQtntbuWBuNjSszgq6z8jVXae\/200162319\/HTB1qQtntbuWBuNjSszgq6z8jVXae.jpg\" data-alt=\"multiwall plastic sheet for roofing\/decoration plastic roofing\" data-width=\"630\" data- title=\"\"><\/p>\n<p><strong>2. Especificaciones:<\/strong><\/p>\n<p>1) Espesor: 4mm, 6mm, 8mm, 10mm, 12mm, 14mm, 16mm.<br \/>\n2) Anchura: 1, 220mm, 2, 100mm<br \/>\n3) Duraci\u00f3n: Sin l\u00edmite<br \/>\n4) Peso (Kg\/M2): 0.8, 1.2, 1.4, 1.6, 1.9, 2.2, 2.4, 2.6<br \/>\n5) Colores: transparente, azul lago, verde, azul, \u00f3palo, marr\u00f3n, gris plateado, rojo (Otros colores pueden ser ordenados de acuerdo a su solicitud)<\/p>\n<p><img decoding=\"async\" src=\"https:\/\/sc02.alicdn.com\/kf\/HTB1YhFCtb5YBuNjSspoq6zeNFXaC\/200162319\/HTB1YhFCtb5YBuNjSspoq6zeNFXaC.jpg\" alt=\"l\u00e1minas de pl\u00e1stico multipared para cubiertas\/decoraci\u00f3n cubiertas de pl\u00e1stico\" width=\"630\" height=\"384.4852941176471\" data-src=\"\/\/sc02.alicdn.com\/kf\/HTB1YhFCtb5YBuNjSspoq6zeNFXaC\/200162319\/HTB1YhFCtb5YBuNjSspoq6zeNFXaC.jpg\" data-alt=\"multiwall plastic sheet for roofing\/decoration plastic roofing\" data-width=\"630\" data- title=\"\"><br \/>\n<strong>3. Aplicaciones:<\/strong><br \/>\n1) L\u00e1minas de luz para techos y parasoles para edificios de oficinas, grandes almacenes, hoteles, estadios, escuelas, centros de atracciones, hospitales, etc.<br \/>\n2) Claraboya, iluminaci\u00f3n de pasillos, balcones, pasadizos y entradas de metro, pasarelas.<br \/>\n3) Bricolaje, toldo, capota.<br \/>\n4) Cajas de l\u00e1mparas publicitarias, tabl\u00f3n de anuncios.<br \/>\n5) Escudo antidisturbios, material antibalas, cajeros autom\u00e1ticos de bancos.<br \/>\n6) Conservatorios, invernaderos agr\u00edcolas, zool\u00f3gicos, jardines bot\u00e1nicos.<br \/>\n7) Tejados y acristalamientos industriales<br \/>\n8) Cubiertas de piscinas<\/p>\n<p><strong>4. LIMPIEZA Y MANTENIMIENTO<\/strong><br \/>\nSiguiendo el procedimiento correcto, se utilizan limpiadores y herramientas adecuados para limpiar las s\u00e1banas con regularidad. De este modo, las s\u00e1banas se mantendr\u00e1n en buen estado y se prolongar\u00e1 su vida \u00fatil:<\/p>\n<p>1. Aclarar la s\u00e1bana con agua tibia (menos de 60\u00b0C)<\/p>\n<p>2. Por favor, elija un pa\u00f1o limpio y suave o una esponja con jab\u00f3n l\u00edquido neutro o detergente para limpiar la suciedad en la superficie ligeramente<\/p>\n<p>3. Aclarar la s\u00e1bana una vez m\u00e1s<\/p>\n<p>4. El pa\u00f1o suave con alcohol anhidro podr\u00eda ser utilizado para la limpieza, si el aceite, pintura h\u00fameda, manchas de pegamento y otras cosas est\u00e1n en la hoja.<\/p>\n<p>5. Aclare con agua fr\u00eda y seque con un pa\u00f1o suave para evitar que el agua manche despu\u00e9s de la limpieza.<\/p>\n<p>Recomendaci\u00f3n de utilizar disolvente para la limpieza<\/p>\n<p>Alcohol absoluto, \u00c9ter de petr\u00f3leo, Hexano<\/p>\n<p><strong>\u00a05. AVISO<\/strong><\/p>\n<p>No se permite el contacto de lana de acero, cepillos y otros materiales burdos con la plancha de PC. No utilice cuchillos, navajas ni otras herramientas puntiagudas para rayar la chapa hueca de PC.<\/p>\n<p>M\u00e9todo de instalaci\u00f3n del policarbonato<\/p>\n<p>a) El di\u00e1metro del taladro en la chapa de pc debe ser mayor que el di\u00e1metro del tornillo alrededor de 50% , en caso de expansi\u00f3n con el calor y contracci\u00f3n con el fr\u00edo.<\/p>\n<p>b) La distancia del taladro en la hoja de pc debe ser adecuada,<br \/>\na mayor distancia, mayor dilataci\u00f3n t\u00e9rmica. Si el espacio del taladro es<br \/>\ndemasiado corto, limitar\u00e1 el movimiento de la hoja de pc.<\/p>\n<p>c) La distancia adecuada del orificio de perforaci\u00f3n en la hoja de PC es de 50 cm. La distancia adecuada entre el orificio de perforaci\u00f3n y el borde de la hoja de PC es de aproximadamente 3-5 cm.<\/p>\n<p>d) El di\u00e1metro de la parte superior del remache debe ser el doble del v\u00e1stago. Haga una junta por si la presi\u00f3n da\u00f1a la chapa de pc.<\/p>\n<p>e) El tornillo no debe apretarse en caso de rotura de la hoja de pc.<\/p>\n<p>f) No se debe utilizar junta de pvc o cinta adhesiva de paso, porque el aditivo qu\u00edmico ser\u00e1 corrosivo la hoja de pc<\/p>\n<p>g) La parte dobladora no debe utilizar tornillos para fijar la chapa cuando \u00e9sta haga<br \/>\nproceso de doblado en fr\u00edo. Todos los agujeros deben usar sellador estructural de silicona neutra para<br \/>\nlleno en caso de que el detergente impregne el borde de la hoja.<\/p>","protected":false},"featured_media":16790,"parent":0,"template":"","product-catagories":[178],"product-tag":[],"class_list":["post-15253","product","type-product","status-publish","has-post-thumbnail","hentry","product-catagories-polycarbonate-hollow-sheet"],"acf":[],"_links":{"self":[{"href":"https:\/\/www.tononplastics.com\/es\/wp-json\/wp\/v2\/product\/15253","targetHints":{"allow":["GET"]}}],"collection":[{"href":"https:\/\/www.tononplastics.com\/es\/wp-json\/wp\/v2\/product"}],"about":[{"href":"https:\/\/www.tononplastics.com\/es\/wp-json\/wp\/v2\/types\/product"}],"version-history":[{"count":0,"href":"https:\/\/www.tononplastics.com\/es\/wp-json\/wp\/v2\/product\/15253\/revisions"}],"wp:featuredmedia":[{"embeddable":true,"href":"https:\/\/www.tononplastics.com\/es\/wp-json\/wp\/v2\/media\/16790"}],"wp:attachment":[{"href":"https:\/\/www.tononplastics.com\/es\/wp-json\/wp\/v2\/media?parent=15253"}],"wp:term":[{"taxonomy":"product-catagories","embeddable":true,"href":"https:\/\/www.tononplastics.com\/es\/wp-json\/wp\/v2\/product-catagories?post=15253"},{"taxonomy":"product-tag","embeddable":true,"href":"https:\/\/www.tononplastics.com\/es\/wp-json\/wp\/v2\/product-tag?post=15253"}],"curies":[{"name":"wp","href":"https:\/\/api.w.org\/{rel}","templated":true}]}}