{"id":15256,"date":"2023-08-23T21:46:30","date_gmt":"2023-08-23T13:46:30","guid":{"rendered":"https:\/\/tononplastics.com\/?post_type=product&#038;p=15256"},"modified":"2024-04-16T14:01:47","modified_gmt":"2024-04-16T06:01:47","slug":"macrolux-multiwall-polycarbonate-sheetmakrolon","status":"publish","type":"product","link":"https:\/\/www.tononplastics.com\/es\/product\/macrolux-multiwall-polycarbonate-sheetmakrolon\/","title":{"rendered":"Plancha de policarbonato multipared Macrolux (Makrolon)"},"content":{"rendered":"<p><span data-spm-anchor-id=\"a2700.details.0.i30.3649499cioTWq9\">Util\u00edcelo para construir invernaderos, cubiertas para patios, protecci\u00f3n contra huracanes, cubiertas comerciales y mucho m\u00e1s.<\/span><\/p>\n<p><strong>EspecificacionesHoja compacta de PC con protecci\u00f3n UV<\/strong><br \/>\n1)100% Material Bayer<br \/>\n2) Capa UV de 50 micras, tasa de filtraci\u00f3n de rayos UV:99%<\/p>\n<p data-spm-anchor-id=\"a2700.details.0.i28.3649499cioTWq9\">3)Ligereza<br \/>\n4) Estabilidad UV<br \/>\n5)Fuerte<br \/>\n6)Aislamiento<br \/>\n7)F\u00e1cil de trabajar<\/p>\n<p><img fetchpriority=\"high\" decoding=\"async\" class=\"\" src=\"https:\/\/sc01.alicdn.com\/kf\/Hab9bd697ff3d43f4a68edc4263f778919\/200162319\/Hab9bd697ff3d43f4a68edc4263f778919.jpg\" alt=\"Plancha de policarbonato multipared Macrolux (Makrolon)\" width=\"382\" height=\"382\" data-src=\"\/\/sc01.alicdn.com\/kf\/Hab9bd697ff3d43f4a68edc4263f778919\/200162319\/Hab9bd697ff3d43f4a68edc4263f778919.jpg\" data-alt=\"Macrolux multiwall polycarbonate sheet(Makrolon)\" data-width=\"630\" data- title=\"\"><img decoding=\"async\" class=\"\" src=\"https:\/\/sc02.alicdn.com\/kf\/H83eedc7040fe4889b253c55a4f03ec4e4\/200162319\/H83eedc7040fe4889b253c55a4f03ec4e4.jpg\" alt=\"Plancha de policarbonato multipared Macrolux (Makrolon)\" width=\"384\" height=\"384\" data-src=\"\/\/sc02.alicdn.com\/kf\/H83eedc7040fe4889b253c55a4f03ec4e4\/200162319\/H83eedc7040fe4889b253c55a4f03ec4e4.jpg\" data-alt=\"Macrolux multiwall polycarbonate sheet(Makrolon)\" data-width=\"630\" data- title=\"\"><\/p>\n<p><strong>Plancha maciza de policarbonato<\/strong><\/p>\n<p>Fabricada con resina de policarbonato Bayer Makrolon, nuestra l\u00e1mina maciza de policarbonato est\u00e1 coextrusionada con la capa protectora de UV en una o dos caras, lo que hace que la l\u00e1mina tenga una excelente resistencia al envejecimiento y una extraordinaria resistencia al impacto, por lo que se utiliza ampliamente en la industria de la arquitectura.<\/p>\n<p>Espesor 1.0mm,1.2mm,1.5mm,2mm,3mm,4mm,4.5mm,6mm,8mm ,10mm ,12mm ,15mm<br \/>\nAnchura est\u00e1ndar 1220mm,1560mm,1820mm,2100mm (Se puede personalizar seg\u00fan los requisitos del cliente de cualquier anchura inferior a 2100mm)<br \/>\nColor : Transparente, azul, verde, marr\u00f3n, \u00f3palo<\/p>\n<p>Textura : lisa , en relieve , diamantada ,abrasiva<\/p>\n<p><img decoding=\"async\" src=\"https:\/\/sc01.alicdn.com\/kf\/H32420328557d486eb5370e0cf573cf134\/200162319\/H32420328557d486eb5370e0cf573cf134.jpg\" alt=\"Plancha de policarbonato multipared Macrolux (Makrolon)\" width=\"630\" height=\"840\" data-src=\"\/\/sc01.alicdn.com\/kf\/H32420328557d486eb5370e0cf573cf134\/200162319\/H32420328557d486eb5370e0cf573cf134.jpg\" data-alt=\"Macrolux multiwall polycarbonate sheet(Makrolon)\" data-width=\"630\" data- title=\"\"><img decoding=\"async\" src=\"https:\/\/sc01.alicdn.com\/kf\/Hde2b9ec7d1d24a39a08ed8018029c625e\/200162319\/Hde2b9ec7d1d24a39a08ed8018029c625e.jpg\" alt=\"Plancha de policarbonato multipared Macrolux (Makrolon)\" width=\"630\" height=\"884.52\" data-src=\"\/\/sc01.alicdn.com\/kf\/Hde2b9ec7d1d24a39a08ed8018029c625e\/200162319\/Hde2b9ec7d1d24a39a08ed8018029c625e.jpg\" data-alt=\"Macrolux multiwall polycarbonate sheet(Makrolon)\" data-width=\"630\" data- title=\"\"><\/p>\n<div id=\"ali-anchor-AliPostDhMb-tjluo\" data-section=\"AliPostDhMb-tjluo\" data-section-title=\"Packaging &amp; Shipping\">\n<div id=\"ali-title-AliPostDhMb-tjluo\"><strong>Embalaje y env\u00edo<\/strong><\/div>\n<div>\n<p>\u00a0<img decoding=\"async\" src=\"https:\/\/sc02.alicdn.com\/kf\/Hd05fdb0988024155a7956963ea5973acD\/200162319\/Hd05fdb0988024155a7956963ea5973acD.png\" alt=\"Plancha de policarbonato multipared Macrolux (Makrolon)\" width=\"630\" height=\"474.58885941644564\" data-src=\"\/\/sc02.alicdn.com\/kf\/Hd05fdb0988024155a7956963ea5973acD\/200162319\/Hd05fdb0988024155a7956963ea5973acD.png\" data-alt=\"Macrolux multiwall polycarbonate sheet(Makrolon)\" data-width=\"630\" data- title=\"\"><img decoding=\"async\" src=\"https:\/\/sc02.alicdn.com\/kf\/H02a52324dc024cdcbaee8c550d0c5b3cR\/200162319\/H02a52324dc024cdcbaee8c550d0c5b3cR.png\" alt=\"Plancha de policarbonato multipared Macrolux (Makrolon)\" width=\"630\" height=\"214.7347480106101\" data-src=\"\/\/sc02.alicdn.com\/kf\/H02a52324dc024cdcbaee8c550d0c5b3cR\/200162319\/H02a52324dc024cdcbaee8c550d0c5b3cR.png\" data-alt=\"Macrolux multiwall polycarbonate sheet(Makrolon)\" data-width=\"630\" data- title=\"\"><\/p>\n<\/div>\n<\/div>","protected":false},"featured_media":16796,"parent":0,"template":"","product-catagories":[178],"product-tag":[],"class_list":["post-15256","product","type-product","status-publish","has-post-thumbnail","hentry","product-catagories-polycarbonate-hollow-sheet"],"acf":[],"_links":{"self":[{"href":"https:\/\/www.tononplastics.com\/es\/wp-json\/wp\/v2\/product\/15256","targetHints":{"allow":["GET"]}}],"collection":[{"href":"https:\/\/www.tononplastics.com\/es\/wp-json\/wp\/v2\/product"}],"about":[{"href":"https:\/\/www.tononplastics.com\/es\/wp-json\/wp\/v2\/types\/product"}],"version-history":[{"count":0,"href":"https:\/\/www.tononplastics.com\/es\/wp-json\/wp\/v2\/product\/15256\/revisions"}],"wp:featuredmedia":[{"embeddable":true,"href":"https:\/\/www.tononplastics.com\/es\/wp-json\/wp\/v2\/media\/16796"}],"wp:attachment":[{"href":"https:\/\/www.tononplastics.com\/es\/wp-json\/wp\/v2\/media?parent=15256"}],"wp:term":[{"taxonomy":"product-catagories","embeddable":true,"href":"https:\/\/www.tononplastics.com\/es\/wp-json\/wp\/v2\/product-catagories?post=15256"},{"taxonomy":"product-tag","embeddable":true,"href":"https:\/\/www.tononplastics.com\/es\/wp-json\/wp\/v2\/product-tag?post=15256"}],"curies":[{"name":"wp","href":"https:\/\/api.w.org\/{rel}","templated":true}]}}