{"id":15263,"date":"2023-08-23T21:50:19","date_gmt":"2023-08-23T13:50:19","guid":{"rendered":"https:\/\/tononplastics.com\/?post_type=product&#038;p=15263"},"modified":"2024-04-16T13:53:40","modified_gmt":"2024-04-16T05:53:40","slug":"pc-layers-sheet-16mm-polycarbonate-honeycomb","status":"publish","type":"product","link":"https:\/\/www.tononplastics.com\/es\/product\/pc-layers-sheet-16mm-polycarbonate-honeycomb\/","title":{"rendered":"PC capas hoja 16mm policarbonato nido de abeja"},"content":{"rendered":"<p><strong>Caracter\u00edsticas:<\/strong><\/p>\n<p>1. Excelente rendimiento f\u00edsico y mec\u00e1nico.<\/p>\n<p>2. Buen aislamiento el\u00e9ctrico, t\u00e9rmico y ac\u00fastico.<\/p>\n<p>3. Buena resistencia al impacto y alta tenacidad.<\/p>\n<p>4. 4. Buena transmisi\u00f3n de la luz.<\/p>\n<p>5. Buena resistencia a la temperatura.<\/p>\n<p>6. Incendio retardado.<\/p>\n<p>7. No t\u00f3xico.<\/p>\n<p>8. Protecci\u00f3n UV.<\/p>\n<p>9. Envejecimiento del oso.<\/p>\n<p><strong>Aplicaciones:<\/strong><\/p>\n<p>1. Excelente material para cubiertas, muy utilizado en buhardillas, claraboyas, porches ampliados e invernaderos, espacios comerciales en hoteles,<br \/>\ncafeter\u00edas, boutiques y sal\u00f3n de belleza, centro de exposiciones y cabina telef\u00f3nica.<\/p>\n<p>2. Pared de aislamiento ac\u00fastico para autopistas, ferrocarril de alta velocidad.<\/p>\n<p>3. 3. Carteles publicitarios.<\/p>\n<p>4. Iluminaci\u00f3n decorativa en bancos, hospitales, aeropuertos, estaciones de autob\u00fas y ferrocarril y guarder\u00edas.<\/p>\n<p>5. No t\u00f3xico, se mantiene en contacto con los alimentos.<\/p>\n<p>6. Sustituci\u00f3n del vidrio ordinario en muchos lugares.<\/p>\n<p><img decoding=\"async\" src=\"https:\/\/sc02.alicdn.com\/kf\/HTB1wYcHkS8YBeNkSnb4q6yevFXaH\/200162319\/HTB1wYcHkS8YBeNkSnb4q6yevFXaH.jpg\" alt=\"pc capas hoja 16mm policarbonato nido de abeja\" width=\"630\" height=\"470.925\" data-src=\"\/\/sc02.alicdn.com\/kf\/HTB1wYcHkS8YBeNkSnb4q6yevFXaH\/200162319\/HTB1wYcHkS8YBeNkSnb4q6yevFXaH.jpg\" data-alt=\"pc layers sheet 16mm polycarbonate honeycomb\" data-width=\"630\" data- title=\"\"><img decoding=\"async\" src=\"https:\/\/sc01.alicdn.com\/kf\/HTB1U5VQteuSBuNjy1Xcq6AYjFXan\/200162319\/HTB1U5VQteuSBuNjy1Xcq6AYjFXan.jpg\" alt=\"pc capas hoja 16mm policarbonato nido de abeja\" width=\"630\" height=\"472.5\" data-src=\"\/\/sc01.alicdn.com\/kf\/HTB1U5VQteuSBuNjy1Xcq6AYjFXan\/200162319\/HTB1U5VQteuSBuNjy1Xcq6AYjFXan.jpg\" data-alt=\"pc layers sheet 16mm polycarbonate honeycomb\" data-width=\"630\" data- title=\"\"><\/p>\n<p><img decoding=\"async\" src=\"https:\/\/sc02.alicdn.com\/kf\/H4a5e33e5f1034bce8dde77f9a90d1cd9q\/200162319\/H4a5e33e5f1034bce8dde77f9a90d1cd9q.png\" alt=\"pc capas hoja 16mm policarbonato nido de abeja\" width=\"630\" height=\"586.3781624500665\" data-src=\"\/\/sc02.alicdn.com\/kf\/H4a5e33e5f1034bce8dde77f9a90d1cd9q\/200162319\/H4a5e33e5f1034bce8dde77f9a90d1cd9q.png\" data-alt=\"pc layers sheet 16mm polycarbonate honeycomb\" data-width=\"630\" data- title=\"\"><\/p>\n<div id=\"ali-anchor-AliPostDhMb-grsmg\" data-section=\"AliPostDhMb-grsmg\" data-section-title=\"Packaging &amp; Shipping\">\n<div id=\"ali-title-AliPostDhMb-grsmg\"><strong>Embalaje y env\u00edo<\/strong><\/div>\n<div>\n<p>\u00a0<img decoding=\"async\" src=\"https:\/\/sc02.alicdn.com\/kf\/H02a52324dc024cdcbaee8c550d0c5b3cR\/200162319\/H02a52324dc024cdcbaee8c550d0c5b3cR.png\" alt=\"pc capas hoja 16mm policarbonato nido de abeja\" width=\"630\" height=\"214.7347480106101\" data-src=\"\/\/sc02.alicdn.com\/kf\/H02a52324dc024cdcbaee8c550d0c5b3cR\/200162319\/H02a52324dc024cdcbaee8c550d0c5b3cR.png\" data-alt=\"pc layers sheet 16mm polycarbonate honeycomb\" data-width=\"630\" data- title=\"\"><img decoding=\"async\" src=\"https:\/\/sc02.alicdn.com\/kf\/Hd05fdb0988024155a7956963ea5973acD\/200162319\/Hd05fdb0988024155a7956963ea5973acD.png\" alt=\"pc capas hoja 16mm policarbonato nido de abeja\" width=\"630\" height=\"474.58885941644564\" data-src=\"\/\/sc02.alicdn.com\/kf\/Hd05fdb0988024155a7956963ea5973acD\/200162319\/Hd05fdb0988024155a7956963ea5973acD.png\" data-alt=\"pc layers sheet 16mm polycarbonate honeycomb\" data-width=\"630\" data- title=\"\"><img fetchpriority=\"high\" decoding=\"async\" src=\"https:\/\/sc01.alicdn.com\/kf\/HTB1S_lfKXXXXXbAXVXXq6xXFXXXA\/200162319\/HTB1S_lfKXXXXXbAXVXXq6xXFXXXA.jpg\" alt=\"pc capas hoja 16mm policarbonato nido de abeja\" width=\"630\" height=\"630\" data-src=\"\/\/sc01.alicdn.com\/kf\/HTB1S_lfKXXXXXbAXVXXq6xXFXXXA\/200162319\/HTB1S_lfKXXXXXbAXVXXq6xXFXXXA.jpg\" data-alt=\"pc layers sheet 16mm polycarbonate honeycomb\" data-width=\"630\" data- title=\"\"><\/p>\n<\/div>\n<\/div>","protected":false},"featured_media":16740,"parent":0,"template":"","product-catagories":[178],"product-tag":[],"class_list":["post-15263","product","type-product","status-publish","has-post-thumbnail","hentry","product-catagories-polycarbonate-hollow-sheet"],"acf":[],"_links":{"self":[{"href":"https:\/\/www.tononplastics.com\/es\/wp-json\/wp\/v2\/product\/15263","targetHints":{"allow":["GET"]}}],"collection":[{"href":"https:\/\/www.tononplastics.com\/es\/wp-json\/wp\/v2\/product"}],"about":[{"href":"https:\/\/www.tononplastics.com\/es\/wp-json\/wp\/v2\/types\/product"}],"version-history":[{"count":0,"href":"https:\/\/www.tononplastics.com\/es\/wp-json\/wp\/v2\/product\/15263\/revisions"}],"wp:featuredmedia":[{"embeddable":true,"href":"https:\/\/www.tononplastics.com\/es\/wp-json\/wp\/v2\/media\/16740"}],"wp:attachment":[{"href":"https:\/\/www.tononplastics.com\/es\/wp-json\/wp\/v2\/media?parent=15263"}],"wp:term":[{"taxonomy":"product-catagories","embeddable":true,"href":"https:\/\/www.tononplastics.com\/es\/wp-json\/wp\/v2\/product-catagories?post=15263"},{"taxonomy":"product-tag","embeddable":true,"href":"https:\/\/www.tononplastics.com\/es\/wp-json\/wp\/v2\/product-tag?post=15263"}],"curies":[{"name":"wp","href":"https:\/\/api.w.org\/{rel}","templated":true}]}}