{"id":15273,"date":"2023-08-23T22:02:19","date_gmt":"2023-08-23T14:02:19","guid":{"rendered":"https:\/\/tononplastics.com\/?post_type=product&#038;p=15273"},"modified":"2024-04-16T13:47:06","modified_gmt":"2024-04-16T05:47:06","slug":"colored-polycarbonate-sheet-polycarbonate-board-polycarbonate-panel-pc-honeycomb-hollow-sheet","status":"publish","type":"product","link":"https:\/\/www.tononplastics.com\/es\/product\/colored-polycarbonate-sheet-polycarbonate-board-polycarbonate-panel-pc-honeycomb-hollow-sheet\/","title":{"rendered":"Plancha de policarbonato de color plancha de policarbonato panel de policarbonato PC plancha hueca alveolar"},"content":{"rendered":"<p><strong data-spm-anchor-id=\"a2700.details.0.i17.23857948PzPSiz\">DATOS T\u00c9CNICOS<\/strong><\/p>\n<table class=\"aliDataTable\" border=\"1\" cellspacing=\"0\" cellpadding=\"0\">\n<tbody>\n<tr>\n<td>\n<p align=\"center\"><strong>Caracter\u00edsticas<\/strong><\/p>\n<\/td>\n<td>\n<p align=\"center\"><strong>Unidad<\/strong><\/p>\n<\/td>\n<td>\n<p align=\"center\"><strong>Datos de la chapa hueca de doble pared de PC<\/strong><\/p>\n<\/td>\n<\/tr>\n<tr>\n<td>\n<p align=\"center\">Transmisi\u00f3n de la luz<\/p>\n<\/td>\n<td>\n<p align=\"center\">%<\/p>\n<\/td>\n<td>\n<p align=\"center\">40\u00a0 ~\u00a0 82<\/p>\n<\/td>\n<\/tr>\n<tr>\n<td>\n<p align=\"center\">Resistencia al impacto<\/p>\n<\/td>\n<td>\n<p align=\"center\">J\/m<\/p>\n<\/td>\n<td>\n<p align=\"center\">2.1\u00a0 ~\u00a0 2.3<\/p>\n<\/td>\n<\/tr>\n<tr>\n<td>\n<p align=\"center\">Coeficiente de dilataci\u00f3n t\u00e9rmica<\/p>\n<\/td>\n<td>\n<p align=\"center\">mm\/m \u00b0C<\/p>\n<\/td>\n<td>\n<p align=\"center\">0.065<\/p>\n<\/td>\n<\/tr>\n<tr>\n<td>\n<p align=\"center\">Conductividad t\u00e9rmica<\/p>\n<\/td>\n<td>\n<p align=\"center\">W\/m2 \u00b0C<\/p>\n<\/td>\n<td>\n<p align=\"center\">3.0 ~ 3.9<\/p>\n<\/td>\n<\/tr>\n<tr>\n<td>\n<p align=\"center\">Temperatura de servicio<\/p>\n<\/td>\n<td>\n<p align=\"center\">\u00b0C<\/p>\n<\/td>\n<td>\n<p align=\"center\">-40\u00b0C~+120\u00b0C<\/p>\n<\/td>\n<\/tr>\n<tr>\n<td>\n<p align=\"center\">Resistencia a la tracci\u00f3n<\/p>\n<\/td>\n<td>\n<p align=\"center\">n\/mm2<\/p>\n<\/td>\n<td>\n<p align=\"center\">\u226560<\/p>\n<\/td>\n<\/tr>\n<tr>\n<td>\n<p align=\"center\">Resistencia a la flexi\u00f3n<\/p>\n<\/td>\n<td>\n<p align=\"center\">n\/mm2<\/p>\n<\/td>\n<td>\n<p align=\"center\">100<\/p>\n<\/td>\n<\/tr>\n<tr>\n<td>\n<p align=\"center\">M\u00f3dulo el\u00e1stico de flexi\u00f3n<\/p>\n<\/td>\n<td>\n<p align=\"center\">mpa<\/p>\n<\/td>\n<td>\n<p align=\"center\">2400<\/p>\n<\/td>\n<\/tr>\n<tr>\n<td>\n<p align=\"center\">Tensi\u00f3n de rotura<\/p>\n<\/td>\n<td>\n<p align=\"center\">mpa<\/p>\n<\/td>\n<td>\n<p align=\"center\">\u226565<\/p>\n<\/td>\n<\/tr>\n<tr>\n<td>\n<p align=\"center\">Alargamiento a la rotura<\/p>\n<\/td>\n<td>\n<p align=\"center\">%<\/p>\n<\/td>\n<td>\n<p align=\"center\">\u2265100<\/p>\n<\/td>\n<\/tr>\n<tr>\n<td>\n<p align=\"center\">Efecto de aislamiento ac\u00fastico<\/p>\n<\/td>\n<td>\n<p align=\"center\">db<\/p>\n<\/td>\n<td>\n<p align=\"center\">Reducci\u00f3n de 20 decibelios para una chapa de 10 mm de grosor<\/p>\n<\/td>\n<\/tr>\n<\/tbody>\n<\/table>\n<p>Plancha de nido de abeja de pl\u00e1stico Plancha de nido de abeja de pl\u00e1stico Plancha de nido de abeja de pl\u00e1stico Plancha de nido de abeja de pl\u00e1stico Plancha de nido de abeja de pl\u00e1stico Plancha de nido de abeja de pl\u00e1stico Plancha de nido de abeja de pl\u00e1stico<\/p>\n<p><img fetchpriority=\"high\" decoding=\"async\" src=\"https:\/\/sc02.alicdn.com\/kf\/HTB1xkjAJVXXXXbFXFXXq6xXFXXXw\/200162319\/HTB1xkjAJVXXXXbFXFXXq6xXFXXXw.jpg\" alt=\"plancha de policarbonato de color plancha de policarbonato panel de policarbonato PC plancha hueca alveolar\" width=\"746\" height=\"406\" data-src=\"\/\/sc02.alicdn.com\/kf\/HTB1xkjAJVXXXXbFXFXXq6xXFXXXw\/200162319\/HTB1xkjAJVXXXXbFXFXXq6xXFXXXw.jpg\" data-alt=\"colored polycarbonate sheet polycarbonate board polycarbonate panel PC honeycomb hollow sheet\" data-width=\"746\" data-height=\"406\" data- title=\"\"><\/p>\n<p><img decoding=\"async\" src=\"https:\/\/sc02.alicdn.com\/kf\/HTB1s0TJJVXXXXcpXpXXq6xXFXXXo\/200162319\/HTB1s0TJJVXXXXcpXpXXq6xXFXXXo.jpg\" alt=\"plancha de policarbonato de color plancha de policarbonato panel de policarbonato PC plancha hueca alveolar\" width=\"750\" height=\"457.3412698412699\" data-src=\"\/\/sc02.alicdn.com\/kf\/HTB1s0TJJVXXXXcpXpXXq6xXFXXXo\/200162319\/HTB1s0TJJVXXXXcpXpXXq6xXFXXXo.jpg\" data-alt=\"colored polycarbonate sheet polycarbonate board polycarbonate panel PC honeycomb hollow sheet\" data- title=\"\"><\/p>\n<p><strong>Caso de proyecto:<\/strong><\/p>\n<p><img decoding=\"async\" src=\"https:\/\/sc01.alicdn.com\/kf\/HTB1VgAYJVXXXXa5aXXXq6xXFXXXW\/200162319\/HTB1VgAYJVXXXXa5aXXXq6xXFXXXW.jpg\" alt=\"plancha de policarbonato de color plancha de policarbonato panel de policarbonato PC plancha hueca alveolar\" width=\"750\" height=\"243\" data-src=\"\/\/sc01.alicdn.com\/kf\/HTB1VgAYJVXXXXa5aXXXq6xXFXXXW\/200162319\/HTB1VgAYJVXXXXa5aXXXq6xXFXXXW.jpg\" data-alt=\"colored polycarbonate sheet polycarbonate board polycarbonate panel PC honeycomb hollow sheet\" data-width=\"750\" data- title=\"\"><\/p>\n<div id=\"ali-anchor-AliPostDhMb-im900\" data-section-title=\"Packaging &amp; Shipping\" data-section=\"AliPostDhMb-im900\">\n<div id=\"ali-title-AliPostDhMb-im900\">Embalaje y env\u00edo<\/div>\n<div>\n<p>\u00a0<img decoding=\"async\" src=\"https:\/\/sc01.alicdn.com\/kf\/HTB1rhRWKXXXXXXFXFXXq6xXFXXXf\/200162319\/HTB1rhRWKXXXXXXFXFXXq6xXFXXXf.jpg\" alt=\"plancha de policarbonato de color plancha de policarbonato panel de policarbonato PC plancha hueca alveolar\" width=\"750\" height=\"750\" data-src=\"\/\/sc01.alicdn.com\/kf\/HTB1rhRWKXXXXXXFXFXXq6xXFXXXf\/200162319\/HTB1rhRWKXXXXXXFXFXXq6xXFXXXf.jpg\" data-alt=\"colored polycarbonate sheet polycarbonate board polycarbonate panel PC honeycomb hollow sheet\" data- title=\"\"><\/p>\n<\/div>\n<\/div>\n<div id=\"ali-anchor-AliPostDhMb-oqjp4\" data-section-title=\"Company Information\" data-section=\"AliPostDhMb-oqjp4\">\n<p><strong>Otro producto de hoja de PC:<\/strong><\/p>\n<p><strong><img loading=\"lazy\" decoding=\"async\" src=\"https:\/\/sc01.alicdn.com\/kf\/HTB1eDLCJVXXXXaMXFXXq6xXFXXXf\/200162319\/HTB1eDLCJVXXXXaMXFXXq6xXFXXXf.jpg\" alt=\"plancha de policarbonato de color plancha de policarbonato panel de policarbonato PC plancha hueca alveolar\" width=\"750\" height=\"375\" data-src=\"\/\/sc01.alicdn.com\/kf\/HTB1eDLCJVXXXXaMXFXXq6xXFXXXf\/200162319\/HTB1eDLCJVXXXXaMXFXXq6xXFXXXf.jpg\" data-alt=\"colored polycarbonate sheet polycarbonate board polycarbonate panel PC honeycomb hollow sheet\" data- title=\"\"><\/strong><\/p>\n<\/div>","protected":false},"featured_media":16766,"parent":0,"template":"","product-catagories":[178],"product-tag":[],"class_list":["post-15273","product","type-product","status-publish","has-post-thumbnail","hentry","product-catagories-polycarbonate-hollow-sheet"],"acf":[],"_links":{"self":[{"href":"https:\/\/www.tononplastics.com\/es\/wp-json\/wp\/v2\/product\/15273","targetHints":{"allow":["GET"]}}],"collection":[{"href":"https:\/\/www.tononplastics.com\/es\/wp-json\/wp\/v2\/product"}],"about":[{"href":"https:\/\/www.tononplastics.com\/es\/wp-json\/wp\/v2\/types\/product"}],"version-history":[{"count":0,"href":"https:\/\/www.tononplastics.com\/es\/wp-json\/wp\/v2\/product\/15273\/revisions"}],"wp:featuredmedia":[{"embeddable":true,"href":"https:\/\/www.tononplastics.com\/es\/wp-json\/wp\/v2\/media\/16766"}],"wp:attachment":[{"href":"https:\/\/www.tononplastics.com\/es\/wp-json\/wp\/v2\/media?parent=15273"}],"wp:term":[{"taxonomy":"product-catagories","embeddable":true,"href":"https:\/\/www.tononplastics.com\/es\/wp-json\/wp\/v2\/product-catagories?post=15273"},{"taxonomy":"product-tag","embeddable":true,"href":"https:\/\/www.tononplastics.com\/es\/wp-json\/wp\/v2\/product-tag?post=15273"}],"curies":[{"name":"wp","href":"https:\/\/api.w.org\/{rel}","templated":true}]}}