{"id":15281,"date":"2023-08-23T22:08:14","date_gmt":"2023-08-23T14:08:14","guid":{"rendered":"https:\/\/tononplastics.com\/?post_type=product&#038;p=15281"},"modified":"2024-04-16T13:36:55","modified_gmt":"2024-04-16T05:36:55","slug":"sun-sheets-polycarbonate-uv-resistant-roofing-pc-twin-hollow-sheet-for-green-house","status":"publish","type":"product","link":"https:\/\/www.tononplastics.com\/es\/product\/sun-sheets-polycarbonate-uv-resistant-roofing-pc-twin-hollow-sheet-for-green-house\/","title":{"rendered":"Sol hojas de policarbonato resistente a los rayos uv para techos pc doble hoja hueca para la casa verde"},"content":{"rendered":"<table border=\"1\">\n<tbody>\n<tr>\n<td>\u00a0Nombre del producto<\/td>\n<td>\u00a0Plancha hueca de policarbonato<\/td>\n<\/tr>\n<tr>\n<td>\u00a0Lugar de origen<\/td>\n<td>\u00a0Ciudad de Foshan, Guangdong, China<\/td>\n<\/tr>\n<tr>\n<td>\u00a0Material<\/td>\n<td>\u00a0100% Material de policarbonato virgen<\/td>\n<\/tr>\n<tr>\n<td>\u00a0Colores<\/td>\n<td>\u00a0Transparente, Bronce, Azul, Verde, \u00d3palo, Gris o personalizado<\/td>\n<\/tr>\n<tr>\n<td>\u00a0Espesor<\/td>\n<td>\u00a03-20 mm<\/td>\n<\/tr>\n<tr>\n<td>\u00a0Anchura<\/td>\n<td>\u00a02,1 m, 1,22 m O a medida<\/td>\n<\/tr>\n<tr>\n<td>\u00a0Superficie<\/td>\n<td>\u00a0Con protecci\u00f3n UV de 50 micras, resistente al calor<\/td>\n<\/tr>\n<tr>\n<td>Norma retardante<\/td>\n<td>\u00a0Grado B1(Norma GB)<\/td>\n<\/tr>\n<tr>\n<td>Embalaje<\/td>\n<td>\u00a0Ambos lados con la pel\u00edcula del PE, logotipo en la pel\u00edcula del PE. el paquete modificado para requisitos particulares est\u00e1 disponible tambi\u00e9n.<\/td>\n<\/tr>\n<tr>\n<td>Entrega<\/td>\n<td>\u00a0En un plazo de 7-10 d\u00edas una vez recibido el dep\u00f3sito<\/td>\n<\/tr>\n<\/tbody>\n<\/table>\n<p><span style=\"color: initial;\">Descripci\u00f3n del producto<\/span><\/p>\n<div id=\"ali-anchor-AliPostDhMb-ig9ka\" class=\"mceSectionContainer\" data-section=\"AliPostDhMb-ig9ka\" data-section-title=\"Product Description\">\n<div>\n<p>(1) permeable a la luz de buena calidad: placa de circuito impreso transparente tasa euf\u00f3tica puede ascender a 88%<\/p>\n<p>(2) resistente al impacto: la resistencia al impacto es de vidrio com\u00fan 250-300 veces, el mismo espesor de la hoja de acr\u00edlico 30 veces, el uso de 3 kg martillo los siguientes dos metros de ca\u00edda tambi\u00e9n sin grieta.<\/p>\n<\/div>\n<\/div>\n<p>(3) prevenci\u00f3n ultravioleta: la superficie del producto tiene una capa de coextrusi\u00f3n ultravioleta, que puede bloquear el paso de los rayos ultravioleta y es adecuada para proteger obras de arte preciosas y objetos expuestos, evitando que se da\u00f1en con los rayos ultravioleta.<\/p>\n<p><img decoding=\"async\" src=\"https:\/\/sc04.alicdn.com\/kf\/Hee35153016fb4f64a8abd2cf77d8280dQ\/200162319\/Hee35153016fb4f64a8abd2cf77d8280dQ.jpg\" alt=\"Sol hojas de policarbonato resistente a los rayos uv para techos pc doble hoja hueca para la casa verde\" width=\"630\" height=\"404.88\" data-src=\"\/\/sc04.alicdn.com\/kf\/Hee35153016fb4f64a8abd2cf77d8280dQ\/200162319\/Hee35153016fb4f64a8abd2cf77d8280dQ.jpg\" data-alt=\"Sun sheets polycarbonate uv resistant roofing pc twin hollow sheet for green house\" data-width=\"630\" data- title=\"\"><img decoding=\"async\" src=\"https:\/\/sc04.alicdn.com\/kf\/H3e961f45ef114d249ad9c4b4127c550c9\/200162319\/H3e961f45ef114d249ad9c4b4127c550c9.png\" alt=\"Sol hojas de policarbonato resistente a los rayos uv para techos pc doble hoja hueca para la casa verde\" width=\"630\" height=\"357.3333333333333\" data-src=\"\/\/sc04.alicdn.com\/kf\/H3e961f45ef114d249ad9c4b4127c550c9\/200162319\/H3e961f45ef114d249ad9c4b4127c550c9.png\" data-alt=\"Sun sheets polycarbonate uv resistant roofing pc twin hollow sheet for green house\" data-width=\"630\" data- title=\"\"><img fetchpriority=\"high\" decoding=\"async\" src=\"https:\/\/sc04.alicdn.com\/kf\/H714a5c6dbda442bcbd7bce1a68b14647J\/200162319\/H714a5c6dbda442bcbd7bce1a68b14647J.jpg\" alt=\"Sol hojas de policarbonato resistente a los rayos uv para techos pc doble hoja hueca para la casa verde\" width=\"630\" height=\"840\" data-src=\"\/\/sc04.alicdn.com\/kf\/H714a5c6dbda442bcbd7bce1a68b14647J\/200162319\/H714a5c6dbda442bcbd7bce1a68b14647J.jpg\" data-alt=\"Sun sheets polycarbonate uv resistant roofing pc twin hollow sheet for green house\" data-width=\"630\" data- title=\"\"><\/p>\n<p><strong>Especificaciones t\u00e9cnicas:<\/strong><\/p>\n<p>1, resistencia al impacto: 850 J\/m<br \/>\n2, tasa euf\u00f3tica: 90%<br \/>\n<span style=\"font-size: revert; color: initial;\">3, resistencia a la tracci\u00f3n: &gt; 60 N\/was<br \/>\n<\/span><span style=\"font-size: revert; color: initial;\">4, resistencia a la flexi\u00f3n: 100 N\/was<\/span><\/p>\n<p><img decoding=\"async\" src=\"https:\/\/sc01.alicdn.com\/kf\/H74247c1d61554ba2a775e9ce59244207e\/200162319\/H74247c1d61554ba2a775e9ce59244207e.jpg\" alt=\"Sol hojas de policarbonato resistente a los rayos uv para techos pc doble hoja hueca para la casa verde\" width=\"630\" height=\"450\" data-src=\"\/\/sc01.alicdn.com\/kf\/H74247c1d61554ba2a775e9ce59244207e\/200162319\/H74247c1d61554ba2a775e9ce59244207e.jpg\" data-alt=\"Sun sheets polycarbonate uv resistant roofing pc twin hollow sheet for green house\" data-width=\"630\" data-height=\"450\" data- title=\"\"><img decoding=\"async\" src=\"https:\/\/sc02.alicdn.com\/kf\/H02a52324dc024cdcbaee8c550d0c5b3cR\/200162319\/H02a52324dc024cdcbaee8c550d0c5b3cR.png\" alt=\"Sol hojas de policarbonato resistente a los rayos uv para techos pc doble hoja hueca para la casa verde\" width=\"630\" height=\"450\" data-src=\"\/\/sc02.alicdn.com\/kf\/H02a52324dc024cdcbaee8c550d0c5b3cR\/200162319\/H02a52324dc024cdcbaee8c550d0c5b3cR.png\" data-alt=\"Sun sheets polycarbonate uv resistant roofing pc twin hollow sheet for green house\" data-width=\"630\" data-height=\"450\" data- title=\"\"><img loading=\"lazy\" decoding=\"async\" src=\"https:\/\/sc02.alicdn.com\/kf\/Hd05fdb0988024155a7956963ea5973acD\/200162319\/Hd05fdb0988024155a7956963ea5973acD.png\" alt=\"Sol hojas de policarbonato resistente a los rayos uv para techos pc doble hoja hueca para la casa verde\" width=\"630\" height=\"450\" data-src=\"\/\/sc02.alicdn.com\/kf\/Hd05fdb0988024155a7956963ea5973acD\/200162319\/Hd05fdb0988024155a7956963ea5973acD.png\" data-alt=\"Sun sheets polycarbonate uv resistant roofing pc twin hollow sheet for green house\" data-width=\"630\" data-height=\"450\" data- title=\"\"><\/p>","protected":false},"featured_media":16755,"parent":0,"template":"","product-catagories":[178],"product-tag":[],"class_list":["post-15281","product","type-product","status-publish","has-post-thumbnail","hentry","product-catagories-polycarbonate-hollow-sheet"],"acf":[],"_links":{"self":[{"href":"https:\/\/www.tononplastics.com\/es\/wp-json\/wp\/v2\/product\/15281","targetHints":{"allow":["GET"]}}],"collection":[{"href":"https:\/\/www.tononplastics.com\/es\/wp-json\/wp\/v2\/product"}],"about":[{"href":"https:\/\/www.tononplastics.com\/es\/wp-json\/wp\/v2\/types\/product"}],"version-history":[{"count":0,"href":"https:\/\/www.tononplastics.com\/es\/wp-json\/wp\/v2\/product\/15281\/revisions"}],"wp:featuredmedia":[{"embeddable":true,"href":"https:\/\/www.tononplastics.com\/es\/wp-json\/wp\/v2\/media\/16755"}],"wp:attachment":[{"href":"https:\/\/www.tononplastics.com\/es\/wp-json\/wp\/v2\/media?parent=15281"}],"wp:term":[{"taxonomy":"product-catagories","embeddable":true,"href":"https:\/\/www.tononplastics.com\/es\/wp-json\/wp\/v2\/product-catagories?post=15281"},{"taxonomy":"product-tag","embeddable":true,"href":"https:\/\/www.tononplastics.com\/es\/wp-json\/wp\/v2\/product-tag?post=15281"}],"curies":[{"name":"wp","href":"https:\/\/api.w.org\/{rel}","templated":true}]}}