{"id":15293,"date":"2023-08-23T22:38:44","date_gmt":"2023-08-23T14:38:44","guid":{"rendered":"https:\/\/tononplastics.com\/?post_type=product&#038;p=15293"},"modified":"2024-03-25T12:20:07","modified_gmt":"2024-03-25T04:20:07","slug":"polycarbonate-sheetsolidhollowembossed-sheet-polycarbonate-solid-sheethollow-sheet","status":"publish","type":"product","link":"https:\/\/www.tononplastics.com\/es\/product\/polycarbonate-sheetsolidhollowembossed-sheet-polycarbonate-solid-sheethollow-sheet\/","title":{"rendered":"Planchas de policarbonato macizo, hueco y gofrado Planchas de policarbonato macizo y hueco"},"content":{"rendered":"<p><strong>Descripci\u00f3n del producto:<\/strong><\/p>\n<p><img fetchpriority=\"high\" decoding=\"async\" src=\"https:\/\/sc02.alicdn.com\/kf\/H5c16f39266364408a0b436a4a956b53c4\/200162319\/H5c16f39266364408a0b436a4a956b53c4.jpg\" alt=\"planchas de policarbonato macizo, hueco y gofrado planchas de policarbonato macizo y hueco\" width=\"600\" height=\"338\" data-src=\"\/\/sc02.alicdn.com\/kf\/H5c16f39266364408a0b436a4a956b53c4\/200162319\/H5c16f39266364408a0b436a4a956b53c4.jpg\" data-alt=\"polycarbonate sheet&amp;solid,hollow,embossed sheet polycarbonate solid sheet&amp;hollow sheet\" data- title=\"\"><\/p>\n<p><strong>Transmisi\u00f3n de la luz<\/strong><br \/>\nLa transmisi\u00f3n de la luz alcanza 12%-82% seg\u00fan el color y el grosor.<\/p>\n<p><strong>Protecci\u00f3n UV<\/strong><br \/>\nGracias a su revestimiento anti-UV patentado, la claraboya de policarbonato mantiene unas perfectas prestaciones mec\u00e1nicas y \u00f3pticas tras la exposici\u00f3n.<\/p>\n<p><strong>Capacidad meteorol\u00f3gica<\/strong><br \/>\nTiene una gran resistencia a la intemperie, que mantiene un excelente rendimiento en un amplio rango de temperaturas de -40 \u00b0C a 120 \u00b0C.<br \/>\n<strong>Retardancia al fuego :<\/strong>Inflamabilidad UL 94 V-2<\/p>\n<p><strong>F\u00e1cil instalaci\u00f3n<\/strong><br \/>\nF\u00e1cil de instalar y se puede doblar en fr\u00edo<\/p>\n<p><strong>Resistencia a los impactos<\/strong><br \/>\n250-300 veces la resistencia al impacto de vidrio ordinario y 30 veces la de los paneles de acr\u00edlico del mismo espesor, que es de 2-20 veces el vidrio templado caer dos metros por debajo de 3 kg martillo sin grietas, no roto.<\/p>\n<p><strong>Material: Bayer<\/strong><\/p>\n<p><strong><img decoding=\"async\" src=\"https:\/\/sc01.alicdn.com\/kf\/Hc911a44222a84dcfab182be0eea74f8ak\/200162319\/Hc911a44222a84dcfab182be0eea74f8ak.png\" alt=\"planchas de policarbonato macizo, hueco y gofrado planchas de policarbonato macizo y hueco\" width=\"621\" height=\"481\" data-src=\"\/\/sc01.alicdn.com\/kf\/Hc911a44222a84dcfab182be0eea74f8ak\/200162319\/Hc911a44222a84dcfab182be0eea74f8ak.png\" data-alt=\"polycarbonate sheet&amp;solid,hollow,embossed sheet polycarbonate solid sheet&amp;hollow sheet\" data-width=\"621\" data-height=\"481\" data- title=\"\"><\/strong><\/p>\n<p><img decoding=\"async\" src=\"https:\/\/sc01.alicdn.com\/kf\/H22e7e36f49ec46efbf271e3bab23931eM\/200162319\/H22e7e36f49ec46efbf271e3bab23931eM.png\" alt=\"planchas de policarbonato macizo, hueco y gofrado planchas de policarbonato macizo y hueco\" width=\"621\" height=\"380\" data-src=\"\/\/sc01.alicdn.com\/kf\/H22e7e36f49ec46efbf271e3bab23931eM\/200162319\/H22e7e36f49ec46efbf271e3bab23931eM.png\" data-alt=\"polycarbonate sheet&amp;solid,hollow,embossed sheet polycarbonate solid sheet&amp;hollow sheet\" data- title=\"\"><\/p>\n<p><img loading=\"lazy\" decoding=\"async\" src=\"https:\/\/sc01.alicdn.com\/kf\/Ha83aa9b0806f4be8a6c90e9f8bb408d92\/200162319\/Ha83aa9b0806f4be8a6c90e9f8bb408d92.png\" alt=\"planchas de policarbonato macizo, hueco y gofrado planchas de policarbonato macizo y hueco\" width=\"630\" height=\"630\" data-src=\"\/\/sc01.alicdn.com\/kf\/Ha83aa9b0806f4be8a6c90e9f8bb408d92\/200162319\/Ha83aa9b0806f4be8a6c90e9f8bb408d92.png\" data-alt=\"polycarbonate sheet&amp;solid,hollow,embossed sheet polycarbonate solid sheet&amp;hollow sheet\" data-width=\"630\" data- title=\"\"><img decoding=\"async\" src=\"https:\/\/sc01.alicdn.com\/kf\/H32573bcb715d41cf947325c6557a5675j\/200162319\/H32573bcb715d41cf947325c6557a5675j.png\" alt=\"planchas de policarbonato macizo, hueco y gofrado planchas de policarbonato macizo y hueco\" width=\"630\" height=\"623.0110935023772\" data-src=\"\/\/sc01.alicdn.com\/kf\/H32573bcb715d41cf947325c6557a5675j\/200162319\/H32573bcb715d41cf947325c6557a5675j.png\" data-alt=\"polycarbonate sheet&amp;solid,hollow,embossed sheet polycarbonate solid sheet&amp;hollow sheet\" data-width=\"630\" data- title=\"\"><\/p>","protected":false},"featured_media":0,"parent":0,"template":"","product-catagories":[177],"product-tag":[],"class_list":["post-15293","product","type-product","status-publish","hentry","product-catagories-polycarbonate-solid-sheet"],"acf":[],"_links":{"self":[{"href":"https:\/\/www.tononplastics.com\/es\/wp-json\/wp\/v2\/product\/15293","targetHints":{"allow":["GET"]}}],"collection":[{"href":"https:\/\/www.tononplastics.com\/es\/wp-json\/wp\/v2\/product"}],"about":[{"href":"https:\/\/www.tononplastics.com\/es\/wp-json\/wp\/v2\/types\/product"}],"version-history":[{"count":0,"href":"https:\/\/www.tononplastics.com\/es\/wp-json\/wp\/v2\/product\/15293\/revisions"}],"wp:attachment":[{"href":"https:\/\/www.tononplastics.com\/es\/wp-json\/wp\/v2\/media?parent=15293"}],"wp:term":[{"taxonomy":"product-catagories","embeddable":true,"href":"https:\/\/www.tononplastics.com\/es\/wp-json\/wp\/v2\/product-catagories?post=15293"},{"taxonomy":"product-tag","embeddable":true,"href":"https:\/\/www.tononplastics.com\/es\/wp-json\/wp\/v2\/product-tag?post=15293"}],"curies":[{"name":"wp","href":"https:\/\/api.w.org\/{rel}","templated":true}]}}