{"id":15295,"date":"2023-08-23T22:40:06","date_gmt":"2023-08-23T14:40:06","guid":{"rendered":"https:\/\/tononplastics.com\/?post_type=product&#038;p=15295"},"modified":"2024-03-25T10:19:37","modified_gmt":"2024-03-25T02:19:37","slug":"taiwan-chimei-pc-122m-polycarbonate-solid-sheet","status":"publish","type":"product","link":"https:\/\/www.tononplastics.com\/es\/product\/taiwan-chimei-pc-122m-polycarbonate-solid-sheet\/","title":{"rendered":"Taiwan CHIMEI pc-122m plancha maciza de policarbonato"},"content":{"rendered":"<figure class=\"wp-block-gallery has-nested-images columns-default is-cropped wp-block-gallery-1 is-layout-flex wp-block-gallery-is-layout-flex\">\n<figure class=\"wp-block-image size-full\"><img fetchpriority=\"high\" decoding=\"async\" width=\"640\" height=\"640\" data-id=\"15401\" src=\"https:\/\/www.tononplastics.com\/wp-content\/uploads\/2023\/08\/H017024a0e2094472a595aeb265fe62e9K.jpg\" alt=\"\" class=\"wp-image-15401\" title=\"\" srcset=\"https:\/\/www.tononplastics.com\/wp-content\/uploads\/2023\/08\/H017024a0e2094472a595aeb265fe62e9K.jpg 640w, https:\/\/www.tononplastics.com\/wp-content\/uploads\/2023\/08\/H017024a0e2094472a595aeb265fe62e9K-300x300.jpg 300w, https:\/\/www.tononplastics.com\/wp-content\/uploads\/2023\/08\/H017024a0e2094472a595aeb265fe62e9K-150x150.jpg 150w\" sizes=\"(max-width: 640px) 100vw, 640px\" \/><\/figure>\n\n\n\n<figure class=\"wp-block-image size-large\"><img decoding=\"async\" width=\"822\" height=\"822\" data-id=\"15100\" src=\"https:\/\/www.tononplastics.com\/wp-content\/uploads\/2023\/08\/H0c09c837f0a54be1a8b5c6b0ad19f2766.jpg\" alt=\"\" class=\"wp-image-15100\" title=\"\" srcset=\"https:\/\/www.tononplastics.com\/wp-content\/uploads\/2023\/08\/H0c09c837f0a54be1a8b5c6b0ad19f2766.jpg 822w, https:\/\/www.tononplastics.com\/wp-content\/uploads\/2023\/08\/H0c09c837f0a54be1a8b5c6b0ad19f2766-300x300.jpg 300w, https:\/\/www.tononplastics.com\/wp-content\/uploads\/2023\/08\/H0c09c837f0a54be1a8b5c6b0ad19f2766-150x150.jpg 150w, https:\/\/www.tononplastics.com\/wp-content\/uploads\/2023\/08\/H0c09c837f0a54be1a8b5c6b0ad19f2766-768x768.jpg 768w\" sizes=\"(max-width: 822px) 100vw, 822px\" \/><\/figure>\n<\/figure>\n\n\n\n<div class=\"wp-block-group is-layout-constrained wp-block-group-is-layout-constrained\">\n<div id=\"ali-anchor-AliPostDhMb-72pbs\" class=\"mceSectionContainer\" data-section=\"AliPostDhMb-72pbs\" data-section-title=\"Product Description\">\n<p><span style=\"font-size: revert; color: initial;\"><strong style=\"font-size: revert; color: initial;\">Caracter\u00edsticas:<\/strong><br \/>1) Transmisi\u00f3n de luz: hasta 88%<br \/><\/span><span style=\"font-size: revert; color: initial;\">2) Resistencia al impacto: 80 veces la del vidrio, 15 veces la de la l\u00e1mina acr\u00edlica<br \/><\/span><span style=\"font-size: revert; color: initial;\">3) Rango de resistencia a la temperatura: -40 ~ 120oC<br \/><\/span><span style=\"font-size: revert; color: initial;\">4) Peso ligero: s\u00f3lo 1\/12 del peso del vidrio del mismo grosor<br \/><\/span><span style=\"font-size: revert; color: initial;\">5) Resistencia a los rayos ultravioleta: con capa protectora UV<br \/><\/span><span style=\"font-size: revert; color: initial;\">6) Resistencia a la llama: clase B1<br \/><\/span><span style=\"font-size: revert; color: initial;\">7) A prueba de ruido y calor<\/span><\/p>\n<\/div>\n<p align=\"left\"><strong>Especificaci\u00f3n<\/strong><br \/>1) Anchura:1220mm- 2100mm (nuestra especificaci\u00f3n habitual)<br \/>2) Longitud: 20m--50m (nuestra especificaci\u00f3n habitual)<br \/>3) disponible en 4mm,5mm,6mm,7.5mm,8mm,10mm,12mm,14mm,16mm ,18mm.<br \/>4) Color: transparente, azul lago, verde, azul, \u00f3palo, bronce, gris, rojo, bronce (marr\u00f3n), verde azulado, verde claro, transparente, negro, transparente con relieve, con relieve claro, con relieve azul.<br \/>5) Colores y dimensiones personalizados a petici\u00f3n del cliente.<br \/>6) Embalaje: ambos lados cubiertos con pel\u00edcula de PE\u00a0\u00a0<\/p>\n<p align=\"left\"><strong>Aplicaciones:<\/strong><br \/>1) Cabinas telef\u00f3nicas<br \/>2) Se\u00f1ales de tr\u00e1fico y anuncios<br \/>3) Vallas publicitarias en las farolas<br \/>4) Iluminaci\u00f3n y tabiques para bancos, hospitales y estaciones<br \/>5) Invernaderos para hortalizas, zool\u00f3gicos, productos acu\u00e1ticos<br \/>6) Aislamiento ac\u00fastico y t\u00e9rmico para v\u00edas r\u00e1pidas<br \/><span style=\"font-size: revert; color: initial;\">7) Industrias instrumentales y b\u00e9licas: parabrisas, escudos militares\u00a0<\/span><\/p>\n<div id=\"ali-anchor-AliPostDhMb-l0fwj\" class=\"mceSectionContainer\" data-section=\"AliPostDhMb-l0fwj\" data-section-title=\"Company Information\">\n<div id=\"ali-title-AliPostDhMb-l0fwj\"><strong>Informaci\u00f3n sobre la empresa<\/strong><\/div>\n<div>\n<p>\u00a0<img decoding=\"async\" src=\"https:\/\/sc01.alicdn.com\/kf\/HTB1ggLnJVXXXXcYXVXXq6xXFXXXP\/200162319\/HTB1ggLnJVXXXXcYXVXXq6xXFXXXP.jpg\" alt=\"Taiwan CHIMEI pc-122m plancha maciza de policarbonato\" width=\"630\" height=\"635.88\" data-src=\"\/\/sc01.alicdn.com\/kf\/HTB1ggLnJVXXXXcYXVXXq6xXFXXXP\/200162319\/HTB1ggLnJVXXXXcYXVXXq6xXFXXXP.jpg\" data-alt=\"Taiwan CHIMEI pc-122m polycarbonate solid sheet\" data-width=\"630\" data- title=\"\"><\/p>\n<\/div>\n<\/div>\n<div id=\"ali-anchor-AliPostDhMb-mijvw\" class=\"mceSectionContainer\" data-section=\"AliPostDhMb-mijvw\" data-section-title=\"Packaging &amp; Shipping\">\n<div id=\"ali-title-AliPostDhMb-mijvw\"><strong>Embalaje y env\u00edo<\/strong><\/div>\n<div>\n<p>\u00a0<img decoding=\"async\" src=\"https:\/\/sc02.alicdn.com\/kf\/H041aadba055e4601bc7a678fb8698a30S\/200162319\/H041aadba055e4601bc7a678fb8698a30S.jpg\" alt=\"Taiwan CHIMEI pc-122m plancha maciza de policarbonato\" width=\"630\" height=\"472.5\" data-src=\"\/\/sc02.alicdn.com\/kf\/H041aadba055e4601bc7a678fb8698a30S\/200162319\/H041aadba055e4601bc7a678fb8698a30S.jpg\" data-alt=\"Taiwan CHIMEI pc-122m polycarbonate solid sheet\" data-width=\"630\" data- title=\"\"><img decoding=\"async\" src=\"https:\/\/sc01.alicdn.com\/kf\/H9b2821fc64654ff9878ed6ed866d26df6\/200162319\/H9b2821fc64654ff9878ed6ed866d26df6.jpg\" alt=\"Taiwan CHIMEI pc-122m plancha maciza de policarbonato\" width=\"630\" height=\"840\" data-src=\"\/\/sc01.alicdn.com\/kf\/H9b2821fc64654ff9878ed6ed866d26df6\/200162319\/H9b2821fc64654ff9878ed6ed866d26df6.jpg\" data-alt=\"Taiwan CHIMEI pc-122m polycarbonate solid sheet\" data-width=\"630\" data- title=\"\"><\/p>\n<\/div>\n<\/div>\n<div id=\"ali-anchor-AliPostDhMb-ay4jz\" class=\"mceSectionContainer\" data-section=\"AliPostDhMb-ay4jz\" data-section-title=\"FAQ\">\n<div id=\"ali-title-AliPostDhMb-ay4jz\">\u00a0<\/div>\n<\/div>\n<\/div>","protected":false},"featured_media":15138,"parent":0,"template":"","product-catagories":[177],"product-tag":[],"class_list":["post-15295","product","type-product","status-publish","has-post-thumbnail","hentry","product-catagories-polycarbonate-solid-sheet"],"acf":[],"_links":{"self":[{"href":"https:\/\/www.tononplastics.com\/es\/wp-json\/wp\/v2\/product\/15295","targetHints":{"allow":["GET"]}}],"collection":[{"href":"https:\/\/www.tononplastics.com\/es\/wp-json\/wp\/v2\/product"}],"about":[{"href":"https:\/\/www.tononplastics.com\/es\/wp-json\/wp\/v2\/types\/product"}],"version-history":[{"count":0,"href":"https:\/\/www.tononplastics.com\/es\/wp-json\/wp\/v2\/product\/15295\/revisions"}],"wp:featuredmedia":[{"embeddable":true,"href":"https:\/\/www.tononplastics.com\/es\/wp-json\/wp\/v2\/media\/15138"}],"wp:attachment":[{"href":"https:\/\/www.tononplastics.com\/es\/wp-json\/wp\/v2\/media?parent=15295"}],"wp:term":[{"taxonomy":"product-catagories","embeddable":true,"href":"https:\/\/www.tononplastics.com\/es\/wp-json\/wp\/v2\/product-catagories?post=15295"},{"taxonomy":"product-tag","embeddable":true,"href":"https:\/\/www.tononplastics.com\/es\/wp-json\/wp\/v2\/product-tag?post=15295"}],"curies":[{"name":"wp","href":"https:\/\/api.w.org\/{rel}","templated":true}]}}