{"id":15299,"date":"2023-08-23T22:42:25","date_gmt":"2023-08-23T14:42:25","guid":{"rendered":"https:\/\/tononplastics.com\/?post_type=product&#038;p=15299"},"modified":"2024-03-25T12:11:10","modified_gmt":"2024-03-25T04:11:10","slug":"polycarbonate-solid-sheet-polycarbonate-sheet-solid","status":"publish","type":"product","link":"https:\/\/www.tononplastics.com\/es\/product\/polycarbonate-solid-sheet-polycarbonate-sheet-solid\/","title":{"rendered":"Plancha maciza de policarbonato plancha maciza de policarbonato"},"content":{"rendered":"<p><strong>Descripci\u00f3n del producto<\/strong>:<br>La hoja de la PC se hace de se re\u00fane del \u00e9ster del \u00e1cido carb\u00f3nico, tiene buen funcionamiento a capaz de llevar el arrastramiento, y todav\u00eda tiene muy alto resistiendo y asaltando la intensidad bajo temperatura baja. La rigidez mantiene la fuerza dentro de la gama de temperatura m\u00e1s grande. Se utiliza ampliamente en la construcci\u00f3n, publicidad, decoraci\u00f3n, tr\u00e1fico, etc.<\/p>\n\n\n\n<p><strong>&nbsp;Caracter\u00edsticas:<br><\/strong>1) Transmisi\u00f3n de luz: hasta 88%<br>2) Impact resistance: 80 times that of glass, 15 times that of acrylic sheeting<br>3) Rango de resistencia a la temperatura: -40 ~ 120oC<br>4) Peso ligero: s\u00f3lo 1\/12 del peso del vidrio del mismo grosor<br>5) Resistencia a los rayos ultravioleta: con capa protectora UV<br>6) Resistencia a la llama: clase B1<br>7) A prueba de ruido y calor<\/p>\n\n\n\n<figure class=\"wp-block-gallery has-nested-images columns-default is-cropped wp-block-gallery-1 is-layout-flex wp-block-gallery-is-layout-flex\">\n<figure class=\"wp-block-image size-large\"><img decoding=\"async\" data-id=\"16096\" src=\"https:\/\/www.tononplastics.com\/wp-content\/uploads\/2023\/08\/ee820f11c6411bdff0f9803624957ea7.jpg\" alt=\"\" class=\"wp-image-16096\" title=\"\"><\/figure>\n\n\n\n<figure class=\"wp-block-image size-large\"><img fetchpriority=\"high\" decoding=\"async\" width=\"600\" height=\"600\" data-id=\"16095\" src=\"https:\/\/www.tononplastics.com\/wp-content\/uploads\/2023\/08\/eb443cb19045576e6c0bafaf2231dfae.jpg\" alt=\"\" class=\"wp-image-16095\" title=\"\" srcset=\"https:\/\/www.tononplastics.com\/wp-content\/uploads\/2023\/08\/eb443cb19045576e6c0bafaf2231dfae.jpg 600w, https:\/\/www.tononplastics.com\/wp-content\/uploads\/2023\/08\/eb443cb19045576e6c0bafaf2231dfae-300x300.jpg 300w, https:\/\/www.tononplastics.com\/wp-content\/uploads\/2023\/08\/eb443cb19045576e6c0bafaf2231dfae-150x150.jpg 150w, https:\/\/www.tononplastics.com\/wp-content\/uploads\/2023\/08\/eb443cb19045576e6c0bafaf2231dfae-12x12.jpg 12w\" sizes=\"(max-width: 600px) 100vw, 600px\" \/><\/figure>\n<\/figure>\n\n\n\n<p><strong>Aplicaciones:<\/strong><\/p>\n\n\n\n<p>1. Excelentes materiales para techos, ampliamente utilizados para ventanas abuhardilladas, claraboyas, porches extendidos e invernaderos, espacios comerciales en hoteles, cafeter\u00edas, boutiques y salones de belleza, centro de exposiciones y cabinas telef\u00f3nicas.<br>2. Pared de aislamiento ac\u00fastico para autopistas, ferrocarril de alta velocidad.<br>3. 3. Carteles publicitarios.<br>4. Iluminaci\u00f3n decorativa en bancos, hospitales, aeropuertos, estaciones de autob\u00fas y ferrocarril y guarder\u00edas.<br>5. No t\u00f3xico, se mantiene en contacto con los alimentos.<br>6. Sustituci\u00f3n del vidrio ordinario en muchos lugares.<\/p>\n\n\n\n<figure class=\"wp-block-image\"><img decoding=\"async\" src=\"https:\/\/sc01.alicdn.com\/kf\/Hb3bdebb96a2849458ce6dfcbaa19c5d15\/200162319\/Hb3bdebb96a2849458ce6dfcbaa19c5d15.png\" alt=\"polycarbonate solid  sheet polycarbonate sheet solid\" title=\"\"><\/figure>\n\n\n\n<figure class=\"wp-block-image\"><img decoding=\"async\" src=\"https:\/\/sc01.alicdn.com\/kf\/H74247c1d61554ba2a775e9ce59244207e\/200162319\/H74247c1d61554ba2a775e9ce59244207e.jpg\" alt=\"polycarbonate solid  sheet polycarbonate sheet solid\" title=\"\"><\/figure>\n\n\n\n<figure class=\"wp-block-image\"><img decoding=\"async\" src=\"https:\/\/sc01.alicdn.com\/kf\/Hee35153016fb4f64a8abd2cf77d8280dQ\/200162319\/Hee35153016fb4f64a8abd2cf77d8280dQ.jpg\" alt=\"polycarbonate solid  sheet polycarbonate sheet solid\" title=\"\"><\/figure>","protected":false},"featured_media":0,"parent":0,"template":"","product-catagories":[177],"product-tag":[],"class_list":["post-15299","product","type-product","status-publish","hentry","product-catagories-polycarbonate-solid-sheet"],"acf":[],"_links":{"self":[{"href":"https:\/\/www.tononplastics.com\/es\/wp-json\/wp\/v2\/product\/15299","targetHints":{"allow":["GET"]}}],"collection":[{"href":"https:\/\/www.tononplastics.com\/es\/wp-json\/wp\/v2\/product"}],"about":[{"href":"https:\/\/www.tononplastics.com\/es\/wp-json\/wp\/v2\/types\/product"}],"version-history":[{"count":0,"href":"https:\/\/www.tononplastics.com\/es\/wp-json\/wp\/v2\/product\/15299\/revisions"}],"wp:attachment":[{"href":"https:\/\/www.tononplastics.com\/es\/wp-json\/wp\/v2\/media?parent=15299"}],"wp:term":[{"taxonomy":"product-catagories","embeddable":true,"href":"https:\/\/www.tononplastics.com\/es\/wp-json\/wp\/v2\/product-catagories?post=15299"},{"taxonomy":"product-tag","embeddable":true,"href":"https:\/\/www.tononplastics.com\/es\/wp-json\/wp\/v2\/product-tag?post=15299"}],"curies":[{"name":"wp","href":"https:\/\/api.w.org\/{rel}","templated":true}]}}