{"id":15307,"date":"2023-08-23T22:49:32","date_gmt":"2023-08-23T14:49:32","guid":{"rendered":"https:\/\/tononplastics.com\/?post_type=product&#038;p=15307"},"modified":"2024-03-25T15:45:35","modified_gmt":"2024-03-25T07:45:35","slug":"macrolux-compact-polycarbonate-sheetpc-compact-sheet","status":"publish","type":"product","link":"https:\/\/www.tononplastics.com\/es\/product\/macrolux-compact-polycarbonate-sheetpc-compact-sheet\/","title":{"rendered":"Macrolux placa compacta de policarbonato&amp;placa compacta de pc"},"content":{"rendered":"<p align=\"left\"><strong><span data-spm-anchor-id=\"a2700.details.0.i30.3f1d3ae9AIp91n\">Descripci\u00f3n:<\/span><\/strong><\/p>\n<p align=\"left\">China Nature PC Solid Sheet utiliza la resina de policarbonato Bayer Makrolon\u00ae como materia prima. Con un lado una capa de protecci\u00f3n UV, la China Nature PC Solid Sheet posee una excelente resistencia al impacto y siendo ampliamente utilizado en el campo de la construcci\u00f3n.<br \/>\nGeneral PC Solid Sheet es conveniente a la hora de procesar o instalar, con una gran libertad de dise\u00f1o. Se puede moldear en fr\u00edo para obtener una forma de arco perfecta para claraboyas, puentes peatonales, b\u00f3vedas de ca\u00f1\u00f3n, etc. Tambi\u00e9n puede ser conformado en caliente en una variedad de geometr\u00eda compleja.<\/p>\n<p align=\"left\">\u00a0<img fetchpriority=\"high\" decoding=\"async\" class=\"\" src=\"https:\/\/sc02.alicdn.com\/kf\/H5c16f39266364408a0b436a4a956b53c4\/200162319\/H5c16f39266364408a0b436a4a956b53c4.jpg\" alt=\"Macrolux placa compacta de policarbonato&amp;placa compacta de pc\" width=\"407\" height=\"229\" data-src=\"\/\/sc02.alicdn.com\/kf\/H5c16f39266364408a0b436a4a956b53c4\/200162319\/H5c16f39266364408a0b436a4a956b53c4.jpg\" data-alt=\"Macrolux compact polycarbonate sheet&amp;pc compact sheet\" data-width=\"630\" data- title=\"\"><img decoding=\"async\" class=\"\" src=\"https:\/\/sc01.alicdn.com\/kf\/H65cf6a5ee4c54ae2afbe6a33266cbbebV\/200162319\/H65cf6a5ee4c54ae2afbe6a33266cbbebV.jpg\" alt=\"Macrolux placa compacta de policarbonato&amp;placa compacta de pc\" width=\"344\" height=\"229\" data-src=\"\/\/sc01.alicdn.com\/kf\/H65cf6a5ee4c54ae2afbe6a33266cbbebV\/200162319\/H65cf6a5ee4c54ae2afbe6a33266cbbebV.jpg\" data-alt=\"Macrolux compact polycarbonate sheet&amp;pc compact sheet\" data-width=\"630\" data- title=\"\"><\/p>\n<p align=\"left\"><strong>Especificaci\u00f3n:<\/strong><\/p>\n<table class=\"aliDataTable\" border=\"1\" cellspacing=\"0\" cellpadding=\"0\">\n<tbody>\n<tr align=\"left\">\n<td valign=\"top\">Espesor<\/td>\n<td valign=\"top\">\u00a01,2 mm, 1,5 mm, 2 mm, 3 mm, 4 mm, 4,5 mm, 6 mm, 8 mm, 10 mm<\/td>\n<\/tr>\n<tr align=\"left\">\n<td valign=\"top\">Ancho normal<\/td>\n<td valign=\"top\">1220 mm, 1560 mm, 1820 mm, 2100 mm<\/td>\n<\/tr>\n<tr align=\"left\">\n<td valign=\"top\">Otra anchura<\/td>\n<td valign=\"top\">Disponible seg\u00fan los requisitos del cliente inferior a 2100 mm<\/td>\n<\/tr>\n<tr align=\"left\">\n<td valign=\"top\">Tama\u00f1o m\u00e1s com\u00fan<\/td>\n<td valign=\"top\">1220mmx2440mm, 2100mmx5800mm, 2100mmx11800mm<\/td>\n<\/tr>\n<tr align=\"left\">\n<td valign=\"top\">Longitud en bobina<\/td>\n<td valign=\"top\">30 m-50 m por rollo con un grosor de 4,5 mm<\/td>\n<\/tr>\n<tr align=\"left\">\n<td valign=\"top\">Color<\/td>\n<td valign=\"top\">Transparente, Azul, Verde, Marr\u00f3n, \u00d3palo<\/td>\n<\/tr>\n<\/tbody>\n<\/table>\n<p align=\"left\"><strong>Par\u00e1metros t\u00e9cnicos:<\/strong><\/p>\n<p align=\"left\"><strong>1. Transmisi\u00f3n de luz: 88%<\/strong><\/p>\n<p align=\"left\"><strong>2. Autoencendido: 580 \u00b0 C<\/strong><\/p>\n<p align=\"left\"><strong>3. La resistencia al fuego alcanza el Grado B seg\u00fan GB8624-1997, sin gotas de fuego ni gases t\u00f3xicos<\/strong><\/p>\n<p align=\"left\"><strong>4. Temperatura aplicable: de -40\u00b0F a +248\u00b0F<\/strong><\/p>\n<p align=\"left\"><strong>5. Espectro de penetraci\u00f3n de la luz seg\u00fan la tabla siguiente:<\/strong><\/p>\n<p align=\"left\">\u00a0<img decoding=\"async\" class=\"\" src=\"https:\/\/sc01.alicdn.com\/kf\/Hfc9f0493ac81469fac5153cb936855a4q\/200162319\/Hfc9f0493ac81469fac5153cb936855a4q.jpg\" alt=\"Macrolux placa compacta de policarbonato&amp;placa compacta de pc\" width=\"380\" height=\"253\" data-src=\"\/\/sc01.alicdn.com\/kf\/Hfc9f0493ac81469fac5153cb936855a4q\/200162319\/Hfc9f0493ac81469fac5153cb936855a4q.jpg\" data-alt=\"Macrolux compact polycarbonate sheet&amp;pc compact sheet\" data-width=\"630\" data- title=\"\"><img loading=\"lazy\" decoding=\"async\" class=\"\" src=\"https:\/\/sc02.alicdn.com\/kf\/Hee5865885c604e7b942b364a9fc74f32U\/200162319\/Hee5865885c604e7b942b364a9fc74f32U.jpg\" alt=\"Macrolux placa compacta de policarbonato&amp;placa compacta de pc\" width=\"449\" height=\"299\" data-src=\"\/\/sc02.alicdn.com\/kf\/Hee5865885c604e7b942b364a9fc74f32U\/200162319\/Hee5865885c604e7b942b364a9fc74f32U.jpg\" data-alt=\"Macrolux compact polycarbonate sheet&amp;pc compact sheet\" data-width=\"630\" data- title=\"\"><\/p>\n<p align=\"left\"><strong>Caracter\u00edsticas del producto:<\/strong><\/p>\n<p align=\"left\"><strong>1. Excelente en resistencia al impacto: esta capacidad es igual a 250-300 veces de vidrio ordinario, 20-30 veces de vidrio alcalino y 2 veces de vidrio templado; duro roto.<\/strong><\/p>\n<p align=\"left\"><strong>2. 2. Buen rendimiento anti-UV (rayos ultravioleta): una capa de coextrusi\u00f3n de bloqueo UV en la superficie, que podr\u00eda filtrar los rayos ultravioleta.<\/strong><\/p>\n<p align=\"left\"><strong>3. Fortalecer la fotos\u00edntesis: el rayo ultravioleta filtrado se transforma en luz visible (que es la parte principal de la luz solar). Se a\u00f1ade la luz visible, que acelera el crecimiento de las plantas.<\/strong><\/p>\n<p align=\"left\"><strong>4.  Uso conveniente: peso ligero y longitud personalizada ahorran el transporte de carga y la instalaci\u00f3n, ahorrando el costo para ellos. La buena flexibilidad toma las formas en todas las clases como semicircular, arqueado y as\u00ed sucesivamente por la fr\u00edo-formaci\u00f3n o caliente-formaci\u00f3n.<\/strong><\/p>\n<p align=\"left\"><strong>5. Garant\u00eda de calidad duradera:<br \/>\nKCC General PC Solid Sheet ofrece 10 a\u00f1os de garant\u00eda de calidad.<\/strong><\/p>\n<p align=\"left\"><strong>Aplicaci\u00f3n:<\/strong><\/p>\n<table class=\"aliDataTable\" border=\"1\" cellspacing=\"0\" cellpadding=\"0\">\n<tbody>\n<tr align=\"left\">\n<td valign=\"top\">Campo agr\u00edcola<\/td>\n<td valign=\"top\">Invernadero, Garden Factory House<\/td>\n<\/tr>\n<tr align=\"left\">\n<td valign=\"top\">\u00c1rea de construcci\u00f3n<\/td>\n<td valign=\"top\">Clearstory in Residence, Iluminaci\u00f3n interior, Pasillos<\/td>\n<\/tr>\n<tr align=\"left\">\n<td valign=\"top\">Servicios p\u00fablicos<\/td>\n<td valign=\"top\">Cobertizos, piscinas, muros de aislamiento ac\u00fastico en v\u00edas r\u00e1pidas, cobertizos de aparcamiento, estadios, pasillos<\/td>\n<\/tr>\n<tr align=\"left\">\n<td valign=\"top\">Sector industrial<\/td>\n<td valign=\"top\">Techo luminoso para talleres industriales, almacenes<\/td>\n<\/tr>\n<\/tbody>\n<\/table>\n<p><img decoding=\"async\" src=\"https:\/\/sc01.alicdn.com\/kf\/H74247c1d61554ba2a775e9ce59244207e\/200162319\/H74247c1d61554ba2a775e9ce59244207e.jpg\" alt=\"Macrolux placa compacta de policarbonato&amp;placa compacta de pc\" width=\"630\" height=\"509.04\" data-src=\"\/\/sc01.alicdn.com\/kf\/H74247c1d61554ba2a775e9ce59244207e\/200162319\/H74247c1d61554ba2a775e9ce59244207e.jpg\" data-alt=\"Macrolux compact polycarbonate sheet&amp;pc compact sheet\" data-width=\"630\" data- title=\"\"><img decoding=\"async\" src=\"https:\/\/sc01.alicdn.com\/kf\/Hee35153016fb4f64a8abd2cf77d8280dQ\/200162319\/Hee35153016fb4f64a8abd2cf77d8280dQ.jpg\" alt=\"Macrolux placa compacta de policarbonato&amp;placa compacta de pc\" width=\"630\" height=\"404.88\" data-src=\"\/\/sc01.alicdn.com\/kf\/Hee35153016fb4f64a8abd2cf77d8280dQ\/200162319\/Hee35153016fb4f64a8abd2cf77d8280dQ.jpg\" data-alt=\"Macrolux compact polycarbonate sheet&amp;pc compact sheet\" data-width=\"630\" data- title=\"\"><\/p>\n<div id=\"ali-anchor-AliPostDhMb-jc6po\" data-section=\"AliPostDhMb-jc6po\" data-section-title=\"Packaging &amp; Shipping\">\n<div id=\"ali-title-AliPostDhMb-jc6po\">Embalaje y env\u00edo<\/div>\n<div>\n<p>\u00a0<img decoding=\"async\" src=\"https:\/\/sc01.alicdn.com\/kf\/Hb3bdebb96a2849458ce6dfcbaa19c5d15\/200162319\/Hb3bdebb96a2849458ce6dfcbaa19c5d15.png\" alt=\"Macrolux placa compacta de policarbonato&amp;placa compacta de pc\" width=\"630\" height=\"312.9083665338646\" data-src=\"\/\/sc01.alicdn.com\/kf\/Hb3bdebb96a2849458ce6dfcbaa19c5d15\/200162319\/Hb3bdebb96a2849458ce6dfcbaa19c5d15.png\" data-alt=\"Macrolux compact polycarbonate sheet&amp;pc compact sheet\" data-width=\"630\" data- title=\"\"><img decoding=\"async\" src=\"https:\/\/sc02.alicdn.com\/kf\/Hd05fdb0988024155a7956963ea5973acD\/200162319\/Hd05fdb0988024155a7956963ea5973acD.png\" alt=\"Macrolux placa compacta de policarbonato&amp;placa compacta de pc\" width=\"630\" height=\"474.58885941644564\" data-src=\"\/\/sc02.alicdn.com\/kf\/Hd05fdb0988024155a7956963ea5973acD\/200162319\/Hd05fdb0988024155a7956963ea5973acD.png\" data-alt=\"Macrolux compact polycarbonate sheet&amp;pc compact sheet\" data-width=\"630\" data- title=\"\"><img decoding=\"async\" src=\"https:\/\/sc02.alicdn.com\/kf\/H02a52324dc024cdcbaee8c550d0c5b3cR\/200162319\/H02a52324dc024cdcbaee8c550d0c5b3cR.png\" alt=\"Macrolux placa compacta de policarbonato&amp;placa compacta de pc\" width=\"630\" height=\"214.7347480106101\" data-src=\"\/\/sc02.alicdn.com\/kf\/H02a52324dc024cdcbaee8c550d0c5b3cR\/200162319\/H02a52324dc024cdcbaee8c550d0c5b3cR.png\" data-alt=\"Macrolux compact polycarbonate sheet&amp;pc compact sheet\" data-width=\"630\" data- title=\"\"><\/p>\n<\/div>\n<\/div>","protected":false},"featured_media":0,"parent":0,"template":"","product-catagories":[177],"product-tag":[],"class_list":["post-15307","product","type-product","status-publish","hentry","product-catagories-polycarbonate-solid-sheet"],"acf":[],"_links":{"self":[{"href":"https:\/\/www.tononplastics.com\/es\/wp-json\/wp\/v2\/product\/15307","targetHints":{"allow":["GET"]}}],"collection":[{"href":"https:\/\/www.tononplastics.com\/es\/wp-json\/wp\/v2\/product"}],"about":[{"href":"https:\/\/www.tononplastics.com\/es\/wp-json\/wp\/v2\/types\/product"}],"version-history":[{"count":0,"href":"https:\/\/www.tononplastics.com\/es\/wp-json\/wp\/v2\/product\/15307\/revisions"}],"wp:attachment":[{"href":"https:\/\/www.tononplastics.com\/es\/wp-json\/wp\/v2\/media?parent=15307"}],"wp:term":[{"taxonomy":"product-catagories","embeddable":true,"href":"https:\/\/www.tononplastics.com\/es\/wp-json\/wp\/v2\/product-catagories?post=15307"},{"taxonomy":"product-tag","embeddable":true,"href":"https:\/\/www.tononplastics.com\/es\/wp-json\/wp\/v2\/product-tag?post=15307"}],"curies":[{"name":"wp","href":"https:\/\/api.w.org\/{rel}","templated":true}]}}