{"id":15310,"date":"2023-08-23T22:50:59","date_gmt":"2023-08-23T14:50:59","guid":{"rendered":"https:\/\/tononplastics.com\/?post_type=product&#038;p=15310"},"modified":"2024-03-25T16:34:01","modified_gmt":"2024-03-25T08:34:01","slug":"4mm-polycarbonate-gazebo-plastic-sheet-rolls-polycarbonate-plastic-sheet","status":"publish","type":"product","link":"https:\/\/www.tononplastics.com\/es\/product\/4mm-polycarbonate-gazebo-plastic-sheet-rolls-polycarbonate-plastic-sheet\/","title":{"rendered":"4mm policarbonato gazebo hoja de pl\u00e1stico \/ rollos de policarbonato hoja de pl\u00e1stico"},"content":{"rendered":"<div id=\"ali-anchor-AliPostDhMb-6qy3o\" data-section=\"AliPostDhMb-6qy3o\" data-section-title=\"Product Description\">\n<div id=\"ali-title-AliPostDhMb-6qy3o\"><strong>Descripci\u00f3n del producto<\/strong><\/div>\n<div>\n<p>\u00a0<img fetchpriority=\"high\" decoding=\"async\" class=\"\" src=\"https:\/\/sc01.alicdn.com\/kf\/Hd9e19d925ce84a0fa4b3eef7a61b9267P\/200162319\/Hd9e19d925ce84a0fa4b3eef7a61b9267P.jpg\" alt=\"4mm policarbonato gazebo hoja de pl\u00e1stico \/ rollos de policarbonato hoja de pl\u00e1stico\" width=\"413\" height=\"275\" data-src=\"\/\/sc01.alicdn.com\/kf\/Hd9e19d925ce84a0fa4b3eef7a61b9267P\/200162319\/Hd9e19d925ce84a0fa4b3eef7a61b9267P.jpg\" data-alt=\"4mm polycarbonate gazebo plastic sheet\/ rolls polycarbonate plastic sheet\" data-width=\"630\" data-height=\"468\" data- title=\"\"><img decoding=\"async\" class=\"\" src=\"https:\/\/sc01.alicdn.com\/kf\/H5252f7bf19904b9295f135ab89a014f02\/200162319\/H5252f7bf19904b9295f135ab89a014f02.jpg\" alt=\"4mm policarbonato gazebo hoja de pl\u00e1stico \/ rollos de policarbonato hoja de pl\u00e1stico\" width=\"402\" height=\"268\" data-src=\"\/\/sc01.alicdn.com\/kf\/H5252f7bf19904b9295f135ab89a014f02\/200162319\/H5252f7bf19904b9295f135ab89a014f02.jpg\" data-alt=\"4mm polycarbonate gazebo plastic sheet\/ rolls polycarbonate plastic sheet\" data-width=\"630\" data-height=\"468\" data- title=\"\"><\/p>\n<\/div>\n<\/div>\n<p><strong>Introducci\u00f3n:<\/strong><\/p>\n<p>La l\u00e1mina de PC est\u00e1 hecha de \u00e9ster de \u00e1cido carb\u00f3nico y tiene un buen rendimiento.<br \/>\n<span style=\"font-size: revert; color: initial;\">para poder soportar la fluencia, y a\u00fan tiene muy alta resistencia y asalto<br \/>\n<\/span><span style=\"font-size: revert; color: initial;\">la intensidad bajo la baja temperatura. La rigidez mantiene la fuerza dentro<br \/>\n<\/span><span style=\"font-size: revert; color: initial;\">rango de temperatura mayor. Es ampliamente utilizado en la construcci\u00f3n, publicidad,<br \/>\n<\/span><span style=\"font-size: revert; color: initial;\">decoraci\u00f3n, tr\u00e1fico, etc.<\/span><\/p>\n<p><strong>Caracter\u00edsticas:<\/strong><\/p>\n<p>1. Excelente rendimiento f\u00edsico y mec\u00e1nico.<\/p>\n<p>2. Buen aislamiento el\u00e9ctrico, t\u00e9rmico y ac\u00fastico.<\/p>\n<p>3. Buena resistencia al impacto y alta tenacidad.<\/p>\n<p>4. 4. Buena transmisi\u00f3n de la luz.<\/p>\n<p>5. Buena resistencia a la temperatura.<\/p>\n<p>6. Incendio retardado.<\/p>\n<p>7. No t\u00f3xico.<\/p>\n<p>8. Protecci\u00f3n UV.<\/p>\n<p>9. Envejecimiento del oso.<\/p>\n<p><img decoding=\"async\" src=\"https:\/\/sc01.alicdn.com\/kf\/Hee35153016fb4f64a8abd2cf77d8280dQ\/200162319\/Hee35153016fb4f64a8abd2cf77d8280dQ.jpg\" alt=\"4mm policarbonato gazebo hoja de pl\u00e1stico \/ rollos de policarbonato hoja de pl\u00e1stico\" width=\"700\" height=\"520\" data-src=\"\/\/sc01.alicdn.com\/kf\/Hee35153016fb4f64a8abd2cf77d8280dQ\/200162319\/Hee35153016fb4f64a8abd2cf77d8280dQ.jpg\" data-alt=\"4mm polycarbonate gazebo plastic sheet\/ rolls polycarbonate plastic sheet\" data-width=\"700\" data-height=\"520\" data- title=\"\"><\/p>\n<div id=\"ali-anchor-AliPostDhMb-0kuep\" data-section=\"AliPostDhMb-0kuep\" data-section-title=\"FAQ\">\n<div id=\"ali-title-AliPostDhMb-0kuep\"><strong>PREGUNTAS FRECUENTES<\/strong><\/div>\n<div>\n<p>1.P:\u00bfEs usted una empresa comercial o un fabricante?<\/p>\n<p>R:Somos fabricantes.<\/p>\n<p>2.P: \u00bfCu\u00e1l es el plazo de entrega?<\/p>\n<p>R: De acuerdo con la dificultad y la cantidad de procesamiento del producto, se le dar\u00e1 un tiempo de llegada razonable.<\/p>\n<p>3.P:\u00bfProporcionan muestras? \u00bfson gratuitas o adicionales?<\/p>\n<p>R: S\u00ed, podr\u00edamos ofrecer la muestra de forma gratuita, pero no pagar el costo de la carga.<\/p>\n<p>4.P:\u00bfCu\u00e1les son los servicios posventa?<\/p>\n<p>R: En caso de problemas de calidad, puede cambiar el paquete en un plazo de 90 d\u00edas.<\/p>\n<p><img loading=\"lazy\" decoding=\"async\" src=\"https:\/\/sc01.alicdn.com\/kf\/Hb3bdebb96a2849458ce6dfcbaa19c5d15\/200162319\/Hb3bdebb96a2849458ce6dfcbaa19c5d15.png\" alt=\"4mm policarbonato gazebo hoja de pl\u00e1stico \/ rollos de policarbonato hoja de pl\u00e1stico\" width=\"700\" height=\"550\" data-src=\"\/\/sc01.alicdn.com\/kf\/Hb3bdebb96a2849458ce6dfcbaa19c5d15\/200162319\/Hb3bdebb96a2849458ce6dfcbaa19c5d15.png\" data-alt=\"4mm polycarbonate gazebo plastic sheet\/ rolls polycarbonate plastic sheet\" data-width=\"700\" data-height=\"550\" data- title=\"\"><\/p>\n<\/div>\n<\/div>","protected":false},"featured_media":15139,"parent":0,"template":"","product-catagories":[177],"product-tag":[],"class_list":["post-15310","product","type-product","status-publish","has-post-thumbnail","hentry","product-catagories-polycarbonate-solid-sheet"],"acf":[],"_links":{"self":[{"href":"https:\/\/www.tononplastics.com\/es\/wp-json\/wp\/v2\/product\/15310","targetHints":{"allow":["GET"]}}],"collection":[{"href":"https:\/\/www.tononplastics.com\/es\/wp-json\/wp\/v2\/product"}],"about":[{"href":"https:\/\/www.tononplastics.com\/es\/wp-json\/wp\/v2\/types\/product"}],"version-history":[{"count":0,"href":"https:\/\/www.tononplastics.com\/es\/wp-json\/wp\/v2\/product\/15310\/revisions"}],"wp:featuredmedia":[{"embeddable":true,"href":"https:\/\/www.tononplastics.com\/es\/wp-json\/wp\/v2\/media\/15139"}],"wp:attachment":[{"href":"https:\/\/www.tononplastics.com\/es\/wp-json\/wp\/v2\/media?parent=15310"}],"wp:term":[{"taxonomy":"product-catagories","embeddable":true,"href":"https:\/\/www.tononplastics.com\/es\/wp-json\/wp\/v2\/product-catagories?post=15310"},{"taxonomy":"product-tag","embeddable":true,"href":"https:\/\/www.tononplastics.com\/es\/wp-json\/wp\/v2\/product-tag?post=15310"}],"curies":[{"name":"wp","href":"https:\/\/api.w.org\/{rel}","templated":true}]}}