{"id":15312,"date":"2023-08-23T22:55:40","date_gmt":"2023-08-23T14:55:40","guid":{"rendered":"https:\/\/tononplastics.com\/?post_type=product&#038;p=15312"},"modified":"2024-03-25T12:03:46","modified_gmt":"2024-03-25T04:03:46","slug":"polycarbonate-solid-sheet-scratch-solution-sun-sheets-pc-embossed-sheets","status":"publish","type":"product","link":"https:\/\/www.tononplastics.com\/es\/product\/polycarbonate-solid-sheet-scratch-solution-sun-sheets-pc-embossed-sheets\/","title":{"rendered":"Soluci\u00f3n para ara\u00f1azos en planchas macizas de policarbonato Sun Sheets &amp; PC Embossed Sheets"},"content":{"rendered":"<figure class=\"wp-block-gallery has-nested-images columns-default is-cropped wp-block-gallery-1 is-layout-flex wp-block-gallery-is-layout-flex\">\n<figure class=\"wp-block-image size-large\"><img decoding=\"async\" data-id=\"15101\" src=\"https:\/\/www.tononplastics.com\/wp-content\/uploads\/2023\/08\/H8575ccec63db4612b95ede9a30b7cc782.jpg\" alt=\"\" class=\"wp-image-15101\" title=\"\"><\/figure>\n\n\n\n<figure class=\"wp-block-image size-large\"><img fetchpriority=\"high\" decoding=\"async\" width=\"822\" height=\"822\" data-id=\"15100\" src=\"https:\/\/www.tononplastics.com\/wp-content\/uploads\/2023\/08\/H0c09c837f0a54be1a8b5c6b0ad19f2766.jpg\" alt=\"\" class=\"wp-image-15100\" title=\"\" srcset=\"https:\/\/www.tononplastics.com\/wp-content\/uploads\/2023\/08\/H0c09c837f0a54be1a8b5c6b0ad19f2766.jpg 822w, https:\/\/www.tononplastics.com\/wp-content\/uploads\/2023\/08\/H0c09c837f0a54be1a8b5c6b0ad19f2766-300x300.jpg 300w, https:\/\/www.tononplastics.com\/wp-content\/uploads\/2023\/08\/H0c09c837f0a54be1a8b5c6b0ad19f2766-150x150.jpg 150w, https:\/\/www.tononplastics.com\/wp-content\/uploads\/2023\/08\/H0c09c837f0a54be1a8b5c6b0ad19f2766-768x768.jpg 768w\" sizes=\"(max-width: 822px) 100vw, 822px\" \/><\/figure>\n<\/figure>\n\n\n<div id=\"ali-anchor-AliPostDhMb-sfzs7\" class=\"mceSectionContainer\" data-section=\"AliPostDhMb-sfzs7\" data-section-title=\"Product Description\">\n<div id=\"ali-title-AliPostDhMb-sfzs7\"><strong>Detalles del producto:<\/strong><\/div>\n<div><strong><br \/><\/strong><span style=\"font-size: revert; color: initial;\">1)Resistencia al impacto: La resistencia al impacto de la placa hueca de PC es 250 veces la del vidrio.<\/span><\/div>\n<div><span style=\"font-size: revert; color: initial;\"><br \/>2)Peso ligero: El peso de la placa hueca de PC es s\u00f3lo la mitad del del vidrio.<\/span><\/div>\n<div>\u00a0<\/div>\n<div><span style=\"font-size: revert; color: initial;\">3)Transparencia: La transmisi\u00f3n de luz de una l\u00e1mina hueca de PC de 3 mm de grosor es de 88%.<\/span><\/div>\n<div><span style=\"font-size: revert; color: initial;\"><br \/>4) Protecci\u00f3n UV: La l\u00e1mina de PC se coextruye con un rayo ultravioleta de alta densidad que tambi\u00e9n evita que la l\u00e1mina de PC se decolore.<\/span><\/div>\n<div><span style=\"font-size: revert; color: initial;\"><br \/>5)Resistencia a la intemperie: La chapa hueca de PC es resistente a la intemperie. <\/span><\/div>\n<div><span style=\"font-size: revert; color: initial;\">intemperie y mantener un excelente rendimiento en el rango de temperaturas de -40\u2103 a 12\u2103.<\/span><\/div>\n<div><span style=\"font-size: revert; color: initial;\"><br \/><\/span><span style=\"font-size: revert; color: initial;\">6)Inhibici\u00f3n de la condensaci\u00f3n: Cuando la temperatura exterior es 0 y la temperatura interior es 23\u2103, la hoja de PC se condensar\u00e1 hasta 80%.<\/span><\/div>\n<div><span style=\"font-size: revert; color: initial;\"> <br \/><\/span><span style=\"font-size: revert; color: initial;\">7)Aislamiento t\u00e9rmico: El valor K del vidrio es 1,2 veces superior al de la l\u00e1mina s\u00f3lida de PC. Las l\u00e1minas de PC pueden ahorrar energ\u00eda a la vez que evitan la p\u00e9rdida de calor.<\/span><\/div>\n<div><span style=\"font-size: revert; color: initial;\"><br \/><\/span><span style=\"font-size: revert; color: initial;\">8)Aislamiento ac\u00fastico: 6mm de espesor PC hoja hueca puede reducir el sonido 20db.<br \/><\/span><span style=\"font-size: revert; color: initial;\"><br \/>9) Resistencia a la llama: A trav\u00e9s de las pruebas realizadas por el Centro Nacional de Supervisi\u00f3n de Calidad y Pruebas de Materiales de Construcci\u00f3n contra Incendios, el material est\u00e1 clasificado como Clase 1 de acuerdo con la norma QB8624-1997.<br \/><br \/><\/span><span style=\"font-size: revert; color: initial;\">10)F\u00e1cil instalaci\u00f3n: Una l\u00e1mina de PC puede doblarse en caliente o en fr\u00edo y puede utilizarse en roves curvos y ventanas. El radio m\u00ednimo de curvatura de una plancha de PC es 175 veces su grosor.\u00a0<\/span><\/div>\n<\/div>\n<div id=\"ali-anchor-AliPostDhMb-2qskj\" class=\"mceSectionContainer\" data-section=\"AliPostDhMb-2qskj\" data-section-title=\"Company Information\">\n<p>\u00a0FOSHAN HUAXIA NATURE BUILDING MATERIALS CO., LTD., establecida en 2004, es un fabricante profesional dedicado a la investigaci\u00f3n, desarrollo, producci\u00f3n, venta y servicio de l\u00e1minas s\u00f3lidas de policarbonato, l\u00e1minas huecas de policarbonato, soportes para toldos y tejas Wave de policarbonato. Estamos ubicados en Foshan, la base de producci\u00f3n de materiales decorativos m\u00e1s conocida de China. Nuestra empresa cuenta con una base s\u00f3lida, una tecnolog\u00eda de fabricaci\u00f3n madura y estrictos sistemas de control de calidad, lo que garantiza la estabilidad y fiabilidad de nuestros productos.<\/p>\n<\/div>\n<div id=\"ali-anchor-AliPostDhMb-bktqy\" class=\"mceSectionContainer\" data-section=\"AliPostDhMb-bktqy\" data-section-title=\"Packaging &amp; Shipping\">\n<div id=\"ali-title-AliPostDhMb-bktqy\"><strong>Embalaje y env\u00edo<\/strong><\/div>\n<div>\n<p>\u00a0<img decoding=\"async\" src=\"https:\/\/sc01.alicdn.com\/kf\/H74247c1d61554ba2a775e9ce59244207e\/200162319\/H74247c1d61554ba2a775e9ce59244207e.jpg\" alt=\"plancha maciza de policarbonato soluci\u00f3n al rayado Sun Sheets &amp; PC Embossed Sheets\" width=\"630\" height=\"509.04\" data-src=\"\/\/sc01.alicdn.com\/kf\/H74247c1d61554ba2a775e9ce59244207e\/200162319\/H74247c1d61554ba2a775e9ce59244207e.jpg\" data-alt=\"polycarbonate solid sheet scratch solution Sun Sheets &amp; PC Embossed Sheets\" data-width=\"630\" data- title=\"\"><img decoding=\"async\" src=\"https:\/\/sc02.alicdn.com\/kf\/H02a52324dc024cdcbaee8c550d0c5b3cR\/200162319\/H02a52324dc024cdcbaee8c550d0c5b3cR.png\" alt=\"plancha maciza de policarbonato soluci\u00f3n al rayado Sun Sheets &amp; PC Embossed Sheets\" width=\"630\" height=\"214.7347480106101\" data-src=\"\/\/sc02.alicdn.com\/kf\/H02a52324dc024cdcbaee8c550d0c5b3cR\/200162319\/H02a52324dc024cdcbaee8c550d0c5b3cR.png\" data-alt=\"polycarbonate solid sheet scratch solution Sun Sheets &amp; PC Embossed Sheets\" data-width=\"630\" data- title=\"\"><\/p>\n<p>\u00a0<img decoding=\"async\" src=\"https:\/\/sc02.alicdn.com\/kf\/H041aadba055e4601bc7a678fb8698a30S\/200162319\/H041aadba055e4601bc7a678fb8698a30S.jpg\" alt=\"plancha maciza de policarbonato soluci\u00f3n al rayado Sun Sheets &amp; PC Embossed Sheets\" width=\"630\" height=\"472.5\" data-src=\"\/\/sc02.alicdn.com\/kf\/H041aadba055e4601bc7a678fb8698a30S\/200162319\/H041aadba055e4601bc7a678fb8698a30S.jpg\" data-alt=\"polycarbonate solid sheet scratch solution Sun Sheets &amp; PC Embossed Sheets\" data-width=\"630\" data- title=\"\"><img decoding=\"async\" src=\"https:\/\/sc01.alicdn.com\/kf\/H13a68bf757104e7f87240c10e9cd3dffH\/200162319\/H13a68bf757104e7f87240c10e9cd3dffH.jpg\" alt=\"plancha maciza de policarbonato soluci\u00f3n al rayado Sun Sheets &amp; PC Embossed Sheets\" width=\"630\" height=\"472.5\" data-src=\"\/\/sc01.alicdn.com\/kf\/H13a68bf757104e7f87240c10e9cd3dffH\/200162319\/H13a68bf757104e7f87240c10e9cd3dffH.jpg\" data-alt=\"polycarbonate solid sheet scratch solution Sun Sheets &amp; PC Embossed Sheets\" data-width=\"630\" data- title=\"\"><\/p>\n<\/div>\n<\/div>","protected":false},"featured_media":0,"parent":0,"template":"","product-catagories":[177],"product-tag":[],"class_list":["post-15312","product","type-product","status-publish","hentry","product-catagories-polycarbonate-solid-sheet"],"acf":[],"_links":{"self":[{"href":"https:\/\/www.tononplastics.com\/es\/wp-json\/wp\/v2\/product\/15312","targetHints":{"allow":["GET"]}}],"collection":[{"href":"https:\/\/www.tononplastics.com\/es\/wp-json\/wp\/v2\/product"}],"about":[{"href":"https:\/\/www.tononplastics.com\/es\/wp-json\/wp\/v2\/types\/product"}],"version-history":[{"count":0,"href":"https:\/\/www.tononplastics.com\/es\/wp-json\/wp\/v2\/product\/15312\/revisions"}],"wp:attachment":[{"href":"https:\/\/www.tononplastics.com\/es\/wp-json\/wp\/v2\/media?parent=15312"}],"wp:term":[{"taxonomy":"product-catagories","embeddable":true,"href":"https:\/\/www.tononplastics.com\/es\/wp-json\/wp\/v2\/product-catagories?post=15312"},{"taxonomy":"product-tag","embeddable":true,"href":"https:\/\/www.tononplastics.com\/es\/wp-json\/wp\/v2\/product-tag?post=15312"}],"curies":[{"name":"wp","href":"https:\/\/api.w.org\/{rel}","templated":true}]}}