{"id":15316,"date":"2023-08-23T22:57:51","date_gmt":"2023-08-23T14:57:51","guid":{"rendered":"https:\/\/tononplastics.com\/?post_type=product&#038;p=15316"},"modified":"2024-03-25T12:34:43","modified_gmt":"2024-03-25T04:34:43","slug":"polycarbonate-sheet-used-for-bus-stop-bus-station-roof-sheet","status":"publish","type":"product","link":"https:\/\/www.tononplastics.com\/es\/product\/polycarbonate-sheet-used-for-bus-stop-bus-station-roof-sheet\/","title":{"rendered":"Plancha de policarbonato para cubiertas de paradas de autob\u00fas"},"content":{"rendered":"<figure class=\"wp-block-gallery has-nested-images columns-default is-cropped wp-block-gallery-1 is-layout-flex wp-block-gallery-is-layout-flex\">\n<figure class=\"wp-block-image size-large\"><img decoding=\"async\" data-id=\"16138\" src=\"https:\/\/www.tononplastics.com\/wp-content\/uploads\/2024\/03\/H8c2216795864433d9334feab5642fc17J.webp\" alt=\"\" class=\"wp-image-16138\" title=\"\"><\/figure>\n\n\n\n<figure class=\"wp-block-image size-large\"><img decoding=\"async\" data-id=\"16139\" src=\"https:\/\/www.tononplastics.com\/wp-content\/uploads\/2024\/03\/H51343cdbb8f04c94a5295d3aa768236fu.webp\" alt=\"\" class=\"wp-image-16139\" title=\"\"><\/figure>\n<\/figure>\n\n\n<p><strong>Caracter\u00edsticas:<\/strong><\/p>\n<p>1)Resistencia al impacto: La resistencia al impacto de la l\u00e1mina de pl\u00e1stico es 250 veces la del vidrio.<\/p>\n<p>2)Peso ligero: El peso de la l\u00e1mina de pl\u00e1stico es s\u00f3lo la mitad del del vidrio.<\/p>\n<p>3)Transparencia: La transmisi\u00f3n de luz de una l\u00e1mina de pl\u00e1stico de 3 mm de grosor es de 88%.<\/p>\n<p>4) Protecci\u00f3n UV: La l\u00e1mina de PC se coextruye con un rayo ultravioleta de alta densidad que tambi\u00e9n evita que la l\u00e1mina de PC se decolore.<\/p>\n<p>5)Resistencia a la intemperie: la l\u00e1mina de pl\u00e1stico es resistente a la intemperie y mantiene un excelente rendimiento en el rango de temperaturas de -40oC a 120oC<\/p>\n<p>6)Inhibici\u00f3n de la condensaci\u00f3n: Cuando la temperatura exterior es de 0oC y la temperatura interior es de 23oC, la hoja de PC se condensar\u00e1 hasta 80%.<\/p>\n<p>7)Aislamiento t\u00e9rmico: El valor K del vidrio es 1,2 veces superior al de la l\u00e1mina s\u00f3lida de PC. Las l\u00e1minas de PC pueden ahorrar energ\u00eda a la vez que evitan la p\u00e9rdida de calor.<\/p>\n<p>8)Aislamiento ac\u00fastico: 6mm de espesor PC hoja s\u00f3lida puede reducir el sonido 20db.<\/p>\n<p>9) Resistencia a la llama: A trav\u00e9s de las pruebas realizadas por el Centro Nacional de Supervisi\u00f3n de Calidad y Pruebas de Materiales de Construcci\u00f3n contra Incendios, el material est\u00e1 clasificado como Clase 1 de acuerdo con la norma QB8624-1997.<\/p>\n<p>10)F\u00e1cil instalaci\u00f3n: Una l\u00e1mina de PC puede doblarse en caliente o en fr\u00edo y puede utilizarse en roves curvos y ventanas. El radio m\u00ednimo de curvatura de una plancha de PC es 175 veces su grosor.<br \/><img fetchpriority=\"high\" decoding=\"async\" src=\"https:\/\/sc01.alicdn.com\/kf\/H32420328557d486eb5370e0cf573cf134\/200162319\/H32420328557d486eb5370e0cf573cf134.jpg\" alt=\"plancha de policarbonato para paradas de autob\u00fas plancha de techo para estaciones de autob\u00fas\" width=\"630\" height=\"840\" data-src=\"\/\/sc01.alicdn.com\/kf\/H32420328557d486eb5370e0cf573cf134\/200162319\/H32420328557d486eb5370e0cf573cf134.jpg\" data-alt=\"polycarbonate sheet used for bus stop bus station roof sheet\" data-width=\"630\" data- title=\"\"><\/p>\n<p><strong>Especificaci\u00f3n:<\/strong><\/p>\n<p>1)Grosor: 1,5 mm-16 mm<\/p>\n<p>2)Anchura m\u00e1xima: 2100 mm<\/p>\n<p>3)Longitud: Sin l\u00edmite<\/p>\n<p>4)Peso espec\u00edfico: 1200kg\/m3<\/p>\n<p>5)Color: transparente, azul, verde, \u00f3palo, marr\u00f3n, etc.<\/p>\n<p><img decoding=\"async\" src=\"https:\/\/sc01.alicdn.com\/kf\/Hde2b9ec7d1d24a39a08ed8018029c625e\/200162319\/Hde2b9ec7d1d24a39a08ed8018029c625e.jpg\" alt=\"plancha de policarbonato para paradas de autob\u00fas plancha de techo para estaciones de autob\u00fas\" width=\"630\" height=\"884.52\" data-src=\"\/\/sc01.alicdn.com\/kf\/Hde2b9ec7d1d24a39a08ed8018029c625e\/200162319\/Hde2b9ec7d1d24a39a08ed8018029c625e.jpg\" data-alt=\"polycarbonate sheet used for bus stop bus station roof sheet\" data-width=\"630\" data- title=\"\"><\/p>\n<p><strong>Caso de proyecto:<\/strong><\/p>\n<p><strong><img decoding=\"async\" src=\"https:\/\/sc02.alicdn.com\/kf\/Hdd4004b411004005a6f45b41e9b6359cw\/200162319\/Hdd4004b411004005a6f45b41e9b6359cw.png\" alt=\"plancha de policarbonato para paradas de autob\u00fas plancha de techo para estaciones de autob\u00fas\" width=\"630\" height=\"585.7438016528926\" data-src=\"\/\/sc02.alicdn.com\/kf\/Hdd4004b411004005a6f45b41e9b6359cw\/200162319\/Hdd4004b411004005a6f45b41e9b6359cw.png\" data-alt=\"polycarbonate sheet used for bus stop bus station roof sheet\" data-width=\"630\" data- title=\"\"><\/strong><\/p>","protected":false},"featured_media":15287,"parent":0,"template":"","product-catagories":[177],"product-tag":[],"class_list":["post-15316","product","type-product","status-publish","has-post-thumbnail","hentry","product-catagories-polycarbonate-solid-sheet"],"acf":[],"_links":{"self":[{"href":"https:\/\/www.tononplastics.com\/es\/wp-json\/wp\/v2\/product\/15316","targetHints":{"allow":["GET"]}}],"collection":[{"href":"https:\/\/www.tononplastics.com\/es\/wp-json\/wp\/v2\/product"}],"about":[{"href":"https:\/\/www.tononplastics.com\/es\/wp-json\/wp\/v2\/types\/product"}],"version-history":[{"count":0,"href":"https:\/\/www.tononplastics.com\/es\/wp-json\/wp\/v2\/product\/15316\/revisions"}],"wp:featuredmedia":[{"embeddable":true,"href":"https:\/\/www.tononplastics.com\/es\/wp-json\/wp\/v2\/media\/15287"}],"wp:attachment":[{"href":"https:\/\/www.tononplastics.com\/es\/wp-json\/wp\/v2\/media?parent=15316"}],"wp:term":[{"taxonomy":"product-catagories","embeddable":true,"href":"https:\/\/www.tononplastics.com\/es\/wp-json\/wp\/v2\/product-catagories?post=15316"},{"taxonomy":"product-tag","embeddable":true,"href":"https:\/\/www.tononplastics.com\/es\/wp-json\/wp\/v2\/product-tag?post=15316"}],"curies":[{"name":"wp","href":"https:\/\/api.w.org\/{rel}","templated":true}]}}