{"id":15321,"date":"2023-08-23T23:01:25","date_gmt":"2023-08-23T15:01:25","guid":{"rendered":"https:\/\/tononplastics.com\/?post_type=product&#038;p=15321"},"modified":"2024-03-25T13:22:19","modified_gmt":"2024-03-25T05:22:19","slug":"plastic-pc-light-diffusion-sheet","status":"publish","type":"product","link":"https:\/\/www.tononplastics.com\/es\/product\/plastic-pc-light-diffusion-sheet\/","title":{"rendered":"Placa difusora de luz de pl\u00e1stico PC"},"content":{"rendered":"<p>La l\u00e1mina difusora de luz de pl\u00e1stico PC es un producto de policarbonato transl\u00facido dise\u00f1ado espec\u00edficamente para lentes de iluminaci\u00f3n y cajas de luz. Presenta una combinaci\u00f3n \u00fanica de alta difusi\u00f3n y transmisi\u00f3n de la luz gracias a su avanzada tecnolog\u00eda de difusores. Sus caracter\u00edsticas de difusi\u00f3n uniforme ayudan a reducir los \u2018puntos calientes\u2019 visibles de los LED en la l\u00e1mina. En comparaci\u00f3n con otros productos difusores de luz, como el vidrio y el acr\u00edlico, la l\u00e1mina difusora de PC de Quanfu tiene una resistencia al impacto superior. Su alta resistencia a la temperatura permite dise\u00f1os m\u00e1s ajustados que los posibles con acr\u00edlico. El comportamiento seguro frente al fuego de las l\u00e1minas difusoras de PC de Quanfu las hace ideales para su uso en zonas donde las normativas de construcci\u00f3n lo exigen, como aeropuertos y estaciones de metro.<\/p>\n\n\n\n<h2 class=\"wp-block-heading\">Caracter\u00edsticas<\/h2>\n\n\n\n<p>Alta transmitancia luminosa \/ efecto astigmatismo \/ alta resistencia al impacto \/ buena resistencia a la intemperie \/ ign\u00edfugo \/ ligero y f\u00e1cil de instalar \/ se puede fabricar<\/p>\n\n\n\n<h2 class=\"wp-block-heading\">Campo de aplicaci\u00f3n<\/h2>\n\n\n\n<p>Iluminaci\u00f3n de la l\u00e1mpara de publicidad caja de luz, logotipo luminoso pantalla del panel, el modelado de la l\u00e1mpara LED cuerpo luminoso<\/p>\n\n\n\n<figure class=\"wp-block-image\"><img decoding=\"async\" src=\"https:\/\/www.qfzhpc.com\/repository\/image\/b9257523-08e8-4c15-bbb6-46a7283094f3.jpg\" alt=\"r\" title=\"\"><\/figure>\n\n\n\n<figure class=\"wp-block-image\"><img decoding=\"async\" src=\"https:\/\/www.qfzhpc.com\/repository\/image\/42e6d982-1a48-4b02-bfe7-d7b70a3a29f9.jpg\" alt=\"qf\" title=\"\"><\/figure>\n\n\n<p><strong>Transmisi\u00f3n de la luz<\/strong><br \/>La transmisi\u00f3n de la luz alcanza 12%-82% seg\u00fan el color y el grosor.<\/p>\n<p><strong>Protecci\u00f3n UV<\/strong><br \/>Gracias a su revestimiento anti-UV patentado, la claraboya de policarbonato mantiene unas perfectas prestaciones mec\u00e1nicas y \u00f3pticas tras la exposici\u00f3n.<\/p>\n<p><strong>Capacidad meteorol\u00f3gica<\/strong><br \/>Tiene una gran resistencia a la intemperie, que mantiene un excelente rendimiento en un amplio rango de temperaturas de -40 \u00b0C a 120 \u00b0C.<br \/>Ignifugaci\u00f3n : UL Flammability 94 V-2<\/p>\n<p><strong>F\u00e1cil instalaci\u00f3n<\/strong><br \/>F\u00e1cil de instalar y se puede doblar en fr\u00edo<\/p>\n<p><strong>Resistencia a los impactos<\/strong><br \/>250-300 veces la resistencia al impacto de vidrio ordinario y 30 veces la de los paneles de acr\u00edlico del mismo espesor, que es de 2-20 veces el vidrio templado caer dos metros por debajo de 3 kg martillo sin grietas, no roto.<\/p>\n<p>\u00a0<\/p>\n<div id=\"ali-anchor-AliPostDhMb-lve6r\" class=\"mceSectionContainer\" data-section=\"AliPostDhMb-lve6r\" data-section-title=\"Company Information\">\n<div>\n<p><img decoding=\"async\" src=\"https:\/\/sc04.alicdn.com\/kf\/He65fe62b4fff4bceb9db2d8d443b0938x\/200162319\/He65fe62b4fff4bceb9db2d8d443b0938x.jpg\" alt=\"pl\u00e1stico pc l\u00e1mina difusora de luz\" width=\"630\" height=\"472.5\" data-src=\"\/\/sc04.alicdn.com\/kf\/He65fe62b4fff4bceb9db2d8d443b0938x\/200162319\/He65fe62b4fff4bceb9db2d8d443b0938x.jpg\" data-alt=\"plastic pc light diffusion sheet\" data-width=\"630\" data- title=\"\"><img decoding=\"async\" src=\"https:\/\/sc04.alicdn.com\/kf\/Hec1893bdf96e4e68954f01c51046919cR\/200162319\/Hec1893bdf96e4e68954f01c51046919cR.jpg\" alt=\"pl\u00e1stico pc l\u00e1mina difusora de luz\" width=\"630\" height=\"346.5\" data-src=\"\/\/sc04.alicdn.com\/kf\/Hec1893bdf96e4e68954f01c51046919cR\/200162319\/Hec1893bdf96e4e68954f01c51046919cR.jpg\" data-alt=\"plastic pc light diffusion sheet\" data-width=\"630\" data- title=\"\"><\/p>\n<\/div>\n<\/div>","protected":false},"featured_media":15323,"parent":0,"template":"","product-catagories":[177],"product-tag":[],"class_list":["post-15321","product","type-product","status-publish","has-post-thumbnail","hentry","product-catagories-polycarbonate-solid-sheet"],"acf":[],"_links":{"self":[{"href":"https:\/\/www.tononplastics.com\/es\/wp-json\/wp\/v2\/product\/15321","targetHints":{"allow":["GET"]}}],"collection":[{"href":"https:\/\/www.tononplastics.com\/es\/wp-json\/wp\/v2\/product"}],"about":[{"href":"https:\/\/www.tononplastics.com\/es\/wp-json\/wp\/v2\/types\/product"}],"version-history":[{"count":0,"href":"https:\/\/www.tononplastics.com\/es\/wp-json\/wp\/v2\/product\/15321\/revisions"}],"wp:featuredmedia":[{"embeddable":true,"href":"https:\/\/www.tononplastics.com\/es\/wp-json\/wp\/v2\/media\/15323"}],"wp:attachment":[{"href":"https:\/\/www.tononplastics.com\/es\/wp-json\/wp\/v2\/media?parent=15321"}],"wp:term":[{"taxonomy":"product-catagories","embeddable":true,"href":"https:\/\/www.tononplastics.com\/es\/wp-json\/wp\/v2\/product-catagories?post=15321"},{"taxonomy":"product-tag","embeddable":true,"href":"https:\/\/www.tononplastics.com\/es\/wp-json\/wp\/v2\/product-tag?post=15321"}],"curies":[{"name":"wp","href":"https:\/\/api.w.org\/{rel}","templated":true}]}}