{"id":15329,"date":"2023-08-23T23:03:50","date_gmt":"2023-08-23T15:03:50","guid":{"rendered":"https:\/\/tononplastics.com\/?post_type=product&#038;p=15329"},"modified":"2024-03-25T12:20:33","modified_gmt":"2024-03-25T04:20:33","slug":"swimming-pool-panels-clear-polycarbonate-5mm-solid-sheet","status":"publish","type":"product","link":"https:\/\/www.tononplastics.com\/es\/product\/swimming-pool-panels-clear-polycarbonate-5mm-solid-sheet\/","title":{"rendered":"Paneles de piscina policarbonato transparente 5mm chapa maciza"},"content":{"rendered":"<p>La hoja de la piscina de la PC se hace de se re\u00fane del \u00e9ster del \u00e1cido carb\u00f3nico, tiene buen funcionamiento a capaz de llevar el arrastramiento, y todav\u00eda tiene muy alto resistiendo y asaltando la intensidad bajo temperatura baja. La rigidez mantiene la fuerza dentro de la gama de temperatura m\u00e1s grande. Se utiliza ampliamente en la construcci\u00f3n, publicidad, decoraci\u00f3n, tr\u00e1fico, etc.<\/p>\n<p align=\"left\"><strong>Caracter\u00edsticas<\/strong>:<br \/>\n<span style=\"font-size: revert; color: initial;\">1. Excelente rendimiento f\u00edsico y mec\u00e1nico.<br \/>\n<\/span><span style=\"color: initial; font-size: revert;\">2. Buen aislamiento el\u00e9ctrico, t\u00e9rmico y ac\u00fastico.<br \/>\n<\/span><span style=\"font-size: revert; color: initial;\">3. Buena resistencia al impacto y alta tenacidad.<br \/>\n<\/span><span style=\"font-size: revert; color: initial;\">4. 4. Buena transmisi\u00f3n de la luz.<br \/>\n<\/span><span style=\"font-size: revert; color: initial;\">5. Buena resistencia a la temperatura.<br \/>\n<\/span><span style=\"font-size: revert; color: initial;\">6. Incendio retardado.<br \/>\n<\/span><span style=\"font-size: revert; color: initial;\">7. No t\u00f3xico.<br \/>\n<\/span><span style=\"font-size: revert; color: initial;\">8. Protecci\u00f3n UV.<br \/>\n<\/span><span style=\"font-size: revert; color: initial;\">9. Envejecimiento del oso.<\/span><\/p>\n<p align=\"left\"><img fetchpriority=\"high\" decoding=\"async\" src=\"https:\/\/sc02.alicdn.com\/kf\/H4222a39a7737419ea9160956cf0c50ffO\/200162319\/H4222a39a7737419ea9160956cf0c50ffO.jpg\" alt=\"swimming pool panels clear polycarbonate 5mm solid sheet\" width=\"630\" height=\"630\" data-src=\"\/\/sc02.alicdn.com\/kf\/H4222a39a7737419ea9160956cf0c50ffO\/200162319\/H4222a39a7737419ea9160956cf0c50ffO.jpg\" data-alt=\"swimming pool panels clear polycarbonate 5mm solid sheet\" data-width=\"630\" data- title=\"\"><img decoding=\"async\" src=\"https:\/\/sc01.alicdn.com\/kf\/H1baf83ff1ab74e6ab8f72a43aa68be89d\/200162319\/H1baf83ff1ab74e6ab8f72a43aa68be89d.jpg\" alt=\"swimming pool panels clear polycarbonate 5mm solid sheet\" width=\"630\" height=\"497.7\" data-src=\"\/\/sc01.alicdn.com\/kf\/H1baf83ff1ab74e6ab8f72a43aa68be89d\/200162319\/H1baf83ff1ab74e6ab8f72a43aa68be89d.jpg\" data-alt=\"swimming pool panels clear polycarbonate 5mm solid sheet\" data-width=\"630\" data- title=\"\"><\/p>\n<p align=\"left\"><strong>Aplicaciones:<\/strong><\/p>\n<p align=\"left\">1. Excelentes materiales para techos, ampliamente utilizados para ventanas abuhardilladas, claraboyas, porches extendidos e invernaderos, espacios comerciales en hoteles, cafeter\u00edas, boutiques y salones de belleza, centro de exposiciones y cabinas telef\u00f3nicas.<br \/>\n<span style=\"font-size: revert; color: initial;\">2. Pared de aislamiento ac\u00fastico para autopistas, ferrocarril de alta velocidad.<br \/>\n<\/span><span style=\"font-size: revert; color: initial;\">3. 3. Carteles publicitarios.<br \/>\n<\/span><span style=\"font-size: revert; color: initial;\">4. Iluminaci\u00f3n decorativa en bancos, hospitales, aeropuertos, estaciones de autob\u00fas y ferrocarril y guarder\u00edas.<br \/>\n<\/span><span style=\"font-size: revert; color: initial;\">5. No t\u00f3xico, se mantiene en contacto con los alimentos.<br \/>\n<\/span><span style=\"font-size: revert; color: initial;\">6. Sustituci\u00f3n del vidrio ordinario en muchos lugares.<\/span><\/p>\n<p align=\"left\"><strong>Especificaciones:<\/strong><\/p>\n<p align=\"left\">Espesor: 2,0 mm 3,0 mm 4,0 mm 4,5 mm 5,0 mm 6,0 mm 8,0 mm 10,0 mm<br \/>\n<span style=\"font-size: revert; color: initial;\">Longitud:20m-50m<br \/>\n<\/span><span style=\"font-size: revert; color: initial;\">Profundidad:1220mm 1560mm 1820mm 2100mm<br \/>\n<\/span><span style=\"font-size: revert; color: initial;\">Color:Transparente Azul Verde Marr\u00f3n Opalescente Transparente en relieve<br \/>\n<\/span><span style=\"font-size: revert; color: initial;\">Si los clientes necesitan otras especificaciones, podemos suplir como lo que pidieron.\u00a0\u00a0<\/span><\/p>\n<div id=\"ali-anchor-AliPostDhMb-qyxny\" data-section=\"AliPostDhMb-qyxny\" data-section-title=\"Packaging &amp; Shipping\">\n<div id=\"ali-title-AliPostDhMb-qyxny\"><strong>Embalaje y env\u00edo<\/strong><\/div>\n<div>\n<p>\u00a0<img decoding=\"async\" src=\"https:\/\/sc01.alicdn.com\/kf\/Hb3bdebb96a2849458ce6dfcbaa19c5d15\/200162319\/Hb3bdebb96a2849458ce6dfcbaa19c5d15.png\" alt=\"swimming pool panels clear polycarbonate 5mm solid sheet\" width=\"630\" height=\"312.9083665338646\" data-src=\"\/\/sc01.alicdn.com\/kf\/Hb3bdebb96a2849458ce6dfcbaa19c5d15\/200162319\/Hb3bdebb96a2849458ce6dfcbaa19c5d15.png\" data-alt=\"swimming pool panels clear polycarbonate 5mm solid sheet\" data-width=\"630\" data- title=\"\"><img decoding=\"async\" src=\"https:\/\/sc02.alicdn.com\/kf\/Hd05fdb0988024155a7956963ea5973acD\/200162319\/Hd05fdb0988024155a7956963ea5973acD.png\" alt=\"swimming pool panels clear polycarbonate 5mm solid sheet\" width=\"630\" height=\"474.58885941644564\" data-src=\"\/\/sc02.alicdn.com\/kf\/Hd05fdb0988024155a7956963ea5973acD\/200162319\/Hd05fdb0988024155a7956963ea5973acD.png\" data-alt=\"swimming pool panels clear polycarbonate 5mm solid sheet\" data-width=\"630\" data- title=\"\"><img decoding=\"async\" src=\"https:\/\/sc02.alicdn.com\/kf\/H02a52324dc024cdcbaee8c550d0c5b3cR\/200162319\/H02a52324dc024cdcbaee8c550d0c5b3cR.png\" alt=\"swimming pool panels clear polycarbonate 5mm solid sheet\" width=\"630\" height=\"214.7347480106101\" data-src=\"\/\/sc02.alicdn.com\/kf\/H02a52324dc024cdcbaee8c550d0c5b3cR\/200162319\/H02a52324dc024cdcbaee8c550d0c5b3cR.png\" data-alt=\"swimming pool panels clear polycarbonate 5mm solid sheet\" data-width=\"630\" data- title=\"\"><\/p>\n<\/div>\n<\/div>","protected":false},"featured_media":13740,"parent":0,"template":"","product-catagories":[177],"product-tag":[],"class_list":["post-15329","product","type-product","status-publish","has-post-thumbnail","hentry","product-catagories-polycarbonate-solid-sheet"],"acf":[],"_links":{"self":[{"href":"https:\/\/www.tononplastics.com\/es\/wp-json\/wp\/v2\/product\/15329","targetHints":{"allow":["GET"]}}],"collection":[{"href":"https:\/\/www.tononplastics.com\/es\/wp-json\/wp\/v2\/product"}],"about":[{"href":"https:\/\/www.tononplastics.com\/es\/wp-json\/wp\/v2\/types\/product"}],"version-history":[{"count":0,"href":"https:\/\/www.tononplastics.com\/es\/wp-json\/wp\/v2\/product\/15329\/revisions"}],"wp:featuredmedia":[{"embeddable":true,"href":"https:\/\/www.tononplastics.com\/es\/wp-json\/wp\/v2\/media\/13740"}],"wp:attachment":[{"href":"https:\/\/www.tononplastics.com\/es\/wp-json\/wp\/v2\/media?parent=15329"}],"wp:term":[{"taxonomy":"product-catagories","embeddable":true,"href":"https:\/\/www.tononplastics.com\/es\/wp-json\/wp\/v2\/product-catagories?post=15329"},{"taxonomy":"product-tag","embeddable":true,"href":"https:\/\/www.tononplastics.com\/es\/wp-json\/wp\/v2\/product-tag?post=15329"}],"curies":[{"name":"wp","href":"https:\/\/api.w.org\/{rel}","templated":true}]}}