{"id":15337,"date":"2023-08-23T23:08:00","date_gmt":"2023-08-23T15:08:00","guid":{"rendered":"https:\/\/tononplastics.com\/?post_type=product&#038;p=15337"},"modified":"2024-03-25T15:19:13","modified_gmt":"2024-03-25T07:19:13","slug":"high-end-polycarbonate-bathroom-enclosure-fob-reference-priceget-latest-price","status":"publish","type":"product","link":"https:\/\/www.tononplastics.com\/es\/product\/high-end-polycarbonate-bathroom-enclosure-fob-reference-priceget-latest-price\/","title":{"rendered":"mampara de ba\u00f1o de policarbonato de alta gama FOB Reference Price:Get latest price"},"content":{"rendered":"<h2 class=\"wp-block-heading\">Descripci\u00f3n<\/h2>\n\n\n\n<p>La plancha hueca de policarbonato tiene aplicaciones en muchos campos, como invernaderos, paneles para tejados y barreras ac\u00fasticas. La plancha hueca de pc suele sustituir al vidrio, el vidrio templado y la l\u00e1mina de polietileno en muchos campos como la agricultura, la industria, los edificios p\u00fablicos y los accesorios. Es la combinaci\u00f3n perfecta de ligereza, alta resistencia al impacto, transmisi\u00f3n de luz, resistencia al marco, protecci\u00f3n UV, protecci\u00f3n contra ca\u00eddas y un aspecto atractivo.<\/p>\n\n\n\n<h4 class=\"wp-block-heading\"><strong>Informaci\u00f3n sobre el producto<\/strong><\/h4>\n\n\n\n<figure class=\"wp-block-table\"><table><tbody><tr><td>Nombre del producto:<\/td><td colspan=\"3\">Plancha hueca de policarbonato<\/td><\/tr><tr><td>Grosor:<\/td><td colspan=\"3\">2,8 mm-20 mm \/ a medida<\/td><\/tr><tr><td>Anchura:<\/td><td colspan=\"3\">1220\/1560\/1820\/2100mm;custom<\/td><\/tr><tr><td>Longitud:<\/td><td colspan=\"3\">Cualquier longitud, corte libre<\/td><\/tr><tr><td>Tama\u00f1o est\u00e1ndar:<\/td><td colspan=\"3\">1.22*2.44;2.1*5.8;2.1*6;2.1*11.6;2.1*11.8;2.1*30m<\/td><\/tr><tr><td>color:<\/td><td colspan=\"3\">transparente;\u00f3palo;azul;verde;gris;marr\u00f3n;amarillo;etc.<\/td><\/tr><tr><td>certificaci\u00f3n:<\/td><td colspan=\"3\">ISO9001:2008 \/CE<\/td><\/tr><tr><td>Garant\u00eda:<\/td><td colspan=\"3\">10 a\u00f1os<\/td><\/tr><tr><td>Espesor UV:<\/td><td colspan=\"3\">50 micras ; seg\u00fan las necesidades del cliente<\/td><\/tr><tr><td>temperatura de servicio:<\/td><td colspan=\"3\">-40\u00baC-120\u00baC<\/td><\/tr><tr><td>tecnolog\u00eda:<\/td><td colspan=\"3\">coextrusi\u00f3n<\/td><\/tr><tr><td>entrega:<\/td><td colspan=\"3\">7-14 d\u00edas tras la recepci\u00f3n del dep\u00f3sito<\/td><\/tr><tr><td>aplicaci\u00f3n<\/td><td colspan=\"3\">invernadero; barreras ac\u00fasticas; carport; alas de ventana; puerta corredera; cubierta de piscina; escudos antidisturbios; claraboya; muro cortina<\/td><\/tr><tr><td>proceso mecanizable:<\/td><td colspan=\"3\">antideslumbrante; hardend;a prueba de ara\u00f1azos<\/td><\/tr><tr><td>muestra<\/td><td colspan=\"3\">P\u00f3ngase en contacto con nosotros si desea muestras gratuitas<\/td><\/tr><\/tbody><\/table><\/figure>\n\n\n\n<h4 class=\"wp-block-heading\"><strong>\u00bfPor qu\u00e9 elegir planchas huecas de policarbonato?<br><\/strong><strong><\/strong><\/h4>\n\n\n\n<ol class=\"wp-block-list\">\n<li>La resistencia al impacto es 200 veces superior a la del vidrio ordinario, y de 2 a 20 veces superior a la del vidrio templado.<\/li>\n\n\n\n<li>El peso es de 50% de vidrio, pero la transparencia es la misma que la del vidrio ordinario.<\/li>\n\n\n\n<li>El tratamiento especial proporciona suficiente iluminaci\u00f3n al invernadero sin condensaci\u00f3n.<\/li>\n\n\n\n<li>Excelente transmisi\u00f3n de la luz, hasta 18%-80%.<\/li>\n\n\n\n<li>Es un sustituto ideal del vidrio ordinario, el vidrio templado y la pel\u00edcula de polietileno.<\/li>\n\n\n\n<li>Las planchas de policarbonato son los pl\u00e1sticos de ingenier\u00eda polim\u00e9rica m\u00e1s resistentes a los impactos, entre 10 y 27 veces m\u00e1s que el plexigl\u00e1s.<\/li>\n\n\n\n<li>Revestimiento anti-UV de 50 micras en la superficie, 10 a\u00f1os de garant\u00eda de calidad, no amarillea.<\/li>\n\n\n\n<li>La temperatura entre -40\u2103~+120\u2103 no causar\u00e1 deterioro de la calidad como la deformaci\u00f3n.<\/li>\n\n\n\n<li>Ligero para facilitar el transporte y la instalaci\u00f3n.<\/li>\n<\/ol>\n\n\n\n<h4 class=\"wp-block-heading\"><strong>Tipos de planchas huecas de policarbonato<br><\/strong><strong><\/strong><\/h4>\n\n\n\n<figure class=\"wp-block-image size-full\"><img fetchpriority=\"high\" decoding=\"async\" width=\"800\" height=\"440\" src=\"https:\/\/www.tononplastics.com\/wp-content\/uploads\/2024\/03\/Hec1893bdf96e4e68954f01c51046919cR.webp\" alt=\"\" class=\"wp-image-16180\" title=\"\" srcset=\"https:\/\/www.tononplastics.com\/wp-content\/uploads\/2024\/03\/Hec1893bdf96e4e68954f01c51046919cR.webp 800w, https:\/\/www.tononplastics.com\/wp-content\/uploads\/2024\/03\/Hec1893bdf96e4e68954f01c51046919cR-300x165.webp 300w, https:\/\/www.tononplastics.com\/wp-content\/uploads\/2024\/03\/Hec1893bdf96e4e68954f01c51046919cR-768x422.webp 768w, https:\/\/www.tononplastics.com\/wp-content\/uploads\/2024\/03\/Hec1893bdf96e4e68954f01c51046919cR-18x10.webp 18w\" sizes=\"(max-width: 800px) 100vw, 800px\" \/><\/figure>\n\n\n\n<h4 class=\"wp-block-heading\"><strong>Aplicaciones de la chapa hueca para pc<br><\/strong><\/h4>\n\n\n\n<p>La plancha hueca de policarbonato se utiliza mucho en cubiertas de edificios, c\u00fapulas, claraboyas, puertos de coches, piscinas, solariums, estaciones de ferrocarril, invernaderos, paredes laterales, cubiertas de almacenes y estadios. Todos estos lugares necesitan luz solar, sin los da\u00f1inos rayos UV. Tambi\u00e9n es adecuado para r\u00f3tulos luminosos y paneles publicitarios.<\/p>\n\n\n<p><strong><span data-spm-anchor-id=\"a2700.details.0.i19.674c1facMlRcof\">El bajo peso, la resistencia a los impactos y la transparencia de las planchas de policarbonato macizo lo convierten en el sustituto ideal del fr\u00e1gil y pesado vidrio. Su flexibilidad tambi\u00e9n da margen a los dise\u00f1adores para realizar dise\u00f1os extraordinarios, incluidas estructuras curvas.<\/span><\/strong><\/p>\n<p><strong><img decoding=\"async\" src=\"https:\/\/sc01.alicdn.com\/kf\/HTB1fjxltXuWBuNjSszbq6AS7FXap\/200162319\/HTB1fjxltXuWBuNjSszbq6AS7FXap.jpg\" alt=\"mampara de ba\u00f1o de policarbonato de alta gama\" width=\"690\" height=\"688\" data-src=\"\/\/sc01.alicdn.com\/kf\/HTB1fjxltXuWBuNjSszbq6AS7FXap\/200162319\/HTB1fjxltXuWBuNjSszbq6AS7FXap.jpg\" data-alt=\"high end polycarbonate bathroom enclosure\" data- title=\"\"><img decoding=\"async\" src=\"https:\/\/sc02.alicdn.com\/kf\/HTB1Zn3GkS8YBeNkSnb4q6yevFXad\/200162319\/HTB1Zn3GkS8YBeNkSnb4q6yevFXad.jpg\" alt=\"mampara de ba\u00f1o de policarbonato de alta gama\" width=\"706\" height=\"1063\" data-src=\"\/\/sc02.alicdn.com\/kf\/HTB1Zn3GkS8YBeNkSnb4q6yevFXad\/200162319\/HTB1Zn3GkS8YBeNkSnb4q6yevFXad.jpg\" data-alt=\"high end polycarbonate bathroom enclosure\" data-width=\"706\" data-height=\"1063\" data- title=\"\"><\/strong><\/p>","protected":false},"featured_media":0,"parent":0,"template":"","product-catagories":[177],"product-tag":[],"class_list":["post-15337","product","type-product","status-publish","hentry","product-catagories-polycarbonate-solid-sheet"],"acf":[],"_links":{"self":[{"href":"https:\/\/www.tononplastics.com\/es\/wp-json\/wp\/v2\/product\/15337","targetHints":{"allow":["GET"]}}],"collection":[{"href":"https:\/\/www.tononplastics.com\/es\/wp-json\/wp\/v2\/product"}],"about":[{"href":"https:\/\/www.tononplastics.com\/es\/wp-json\/wp\/v2\/types\/product"}],"version-history":[{"count":0,"href":"https:\/\/www.tononplastics.com\/es\/wp-json\/wp\/v2\/product\/15337\/revisions"}],"wp:attachment":[{"href":"https:\/\/www.tononplastics.com\/es\/wp-json\/wp\/v2\/media?parent=15337"}],"wp:term":[{"taxonomy":"product-catagories","embeddable":true,"href":"https:\/\/www.tononplastics.com\/es\/wp-json\/wp\/v2\/product-catagories?post=15337"},{"taxonomy":"product-tag","embeddable":true,"href":"https:\/\/www.tononplastics.com\/es\/wp-json\/wp\/v2\/product-tag?post=15337"}],"curies":[{"name":"wp","href":"https:\/\/api.w.org\/{rel}","templated":true}]}}