{"id":15340,"date":"2023-08-23T23:11:02","date_gmt":"2023-08-23T15:11:02","guid":{"rendered":"https:\/\/tononplastics.com\/?post_type=product&#038;p=15340"},"modified":"2024-03-25T15:43:11","modified_gmt":"2024-03-25T07:43:11","slug":"luxury-uv-protection-gazebo-made-of-polycarbonate-sheet","status":"publish","type":"product","link":"https:\/\/www.tononplastics.com\/es\/product\/luxury-uv-protection-gazebo-made-of-polycarbonate-sheet\/","title":{"rendered":"gazebo de lujo con protecci\u00f3n UV de l\u00e1mina de policarbonato"},"content":{"rendered":"<p><span data-spm-anchor-id=\"a2700.details.0.i29.34d11f18QZCySL\">La hoja de PC est\u00e1 hecha de \u00e9ster de \u00e1cido carb\u00f3nico, tiene un buen rendimiento para poder\u00a0<\/span><\/p>\n<p>para soportar la fluencia, y todav\u00eda tiene muy alta resistiendo y asaltando la intensidad bajo\u00a0<\/p>\n<p>la baja temperatura. La rigidez mantiene la resistencia dentro del rango de mayor temperatura.\u00a0<\/p>\n<p>Se utiliza ampliamente en la construcci\u00f3n, la publicidad, la decoraci\u00f3n, el tr\u00e1fico, etc.<\/p>\n<p>\u00a0<img fetchpriority=\"high\" decoding=\"async\" src=\"https:\/\/sc02.alicdn.com\/kf\/H017024a0e2094472a595aeb265fe62e9K\/200162319\/H017024a0e2094472a595aeb265fe62e9K.jpg\" alt=\"gazebo de lujo con protecci\u00f3n UV de l\u00e1mina de policarbonato\" width=\"630\" height=\"630\" data-src=\"\/\/sc02.alicdn.com\/kf\/H017024a0e2094472a595aeb265fe62e9K\/200162319\/H017024a0e2094472a595aeb265fe62e9K.jpg\" data-alt=\"luxury UV protection gazebo made of polycarbonate sheet\" data-width=\"630\" data- title=\"\"><\/p>\n<p><strong>Especificaciones:<\/strong><\/p>\n<p>1) Grosor: 1,5 mm - 16 mm<br \/>2) Anchura m\u00e1xima: 2.100 mm<br \/>3) Longitud: cualquier dimensi\u00f3n<br \/>4) Peso espec\u00edfico: 1200 kg\/cb<\/p>\n<p>\u00a0<img decoding=\"async\" src=\"https:\/\/sc01.alicdn.com\/kf\/Ha35eb9523b0743dbbef517c1f6d500b5t\/200162319\/Ha35eb9523b0743dbbef517c1f6d500b5t.jpg\" alt=\"gazebo de lujo con protecci\u00f3n UV de l\u00e1mina de policarbonato\" width=\"630\" height=\"630\" data-src=\"\/\/sc01.alicdn.com\/kf\/Ha35eb9523b0743dbbef517c1f6d500b5t\/200162319\/Ha35eb9523b0743dbbef517c1f6d500b5t.jpg\" data-alt=\"luxury UV protection gazebo made of polycarbonate sheet\" data-width=\"630\" data- title=\"\"><\/p>\n<p>\u00a0<\/p>\n<p><strong>Caracter\u00edsticas:<\/strong><\/p>\n<p>1. Excelente rendimiento f\u00edsico y mec\u00e1nico.<\/p>\n<p>2. Buen aislamiento el\u00e9ctrico, t\u00e9rmico y ac\u00fastico.<\/p>\n<p>3. Buena resistencia al impacto y alta tenacidad.<\/p>\n<p>4. 4. Buena transmisi\u00f3n de la luz.<\/p>\n<p>5. Buena resistencia a la temperatura.<\/p>\n<p>6. Incendio retardado.<\/p>\n<p>7. No t\u00f3xico.<\/p>\n<p>8. Protecci\u00f3n UV.<\/p>\n<p>9. Envejecimiento del oso.<\/p>\n<p>\u00a0<\/p>\n\n\n<figure class=\"wp-block-image size-full\"><img decoding=\"async\" width=\"800\" height=\"440\" src=\"https:\/\/www.tononplastics.com\/wp-content\/uploads\/2024\/03\/Hec1893bdf96e4e68954f01c51046919cR.webp\" alt=\"\" class=\"wp-image-16180\" title=\"\" srcset=\"https:\/\/www.tononplastics.com\/wp-content\/uploads\/2024\/03\/Hec1893bdf96e4e68954f01c51046919cR.webp 800w, https:\/\/www.tononplastics.com\/wp-content\/uploads\/2024\/03\/Hec1893bdf96e4e68954f01c51046919cR-300x165.webp 300w, https:\/\/www.tononplastics.com\/wp-content\/uploads\/2024\/03\/Hec1893bdf96e4e68954f01c51046919cR-768x422.webp 768w, https:\/\/www.tononplastics.com\/wp-content\/uploads\/2024\/03\/Hec1893bdf96e4e68954f01c51046919cR-18x10.webp 18w\" sizes=\"(max-width: 800px) 100vw, 800px\" \/><\/figure>","protected":false},"featured_media":15324,"parent":0,"template":"","product-catagories":[177],"product-tag":[],"class_list":["post-15340","product","type-product","status-publish","has-post-thumbnail","hentry","product-catagories-polycarbonate-solid-sheet"],"acf":[],"_links":{"self":[{"href":"https:\/\/www.tononplastics.com\/es\/wp-json\/wp\/v2\/product\/15340","targetHints":{"allow":["GET"]}}],"collection":[{"href":"https:\/\/www.tononplastics.com\/es\/wp-json\/wp\/v2\/product"}],"about":[{"href":"https:\/\/www.tononplastics.com\/es\/wp-json\/wp\/v2\/types\/product"}],"version-history":[{"count":0,"href":"https:\/\/www.tononplastics.com\/es\/wp-json\/wp\/v2\/product\/15340\/revisions"}],"wp:featuredmedia":[{"embeddable":true,"href":"https:\/\/www.tononplastics.com\/es\/wp-json\/wp\/v2\/media\/15324"}],"wp:attachment":[{"href":"https:\/\/www.tononplastics.com\/es\/wp-json\/wp\/v2\/media?parent=15340"}],"wp:term":[{"taxonomy":"product-catagories","embeddable":true,"href":"https:\/\/www.tononplastics.com\/es\/wp-json\/wp\/v2\/product-catagories?post=15340"},{"taxonomy":"product-tag","embeddable":true,"href":"https:\/\/www.tononplastics.com\/es\/wp-json\/wp\/v2\/product-tag?post=15340"}],"curies":[{"name":"wp","href":"https:\/\/api.w.org\/{rel}","templated":true}]}}