{"id":15344,"date":"2023-08-23T23:12:45","date_gmt":"2023-08-23T15:12:45","guid":{"rendered":"https:\/\/tononplastics.com\/?post_type=product&#038;p=15344"},"modified":"2024-04-16T12:49:23","modified_gmt":"2024-04-16T04:49:23","slug":"3mm-green-custom-width-48-polycarbonate-solid-sheet-protective-film","status":"publish","type":"product","link":"https:\/\/www.tononplastics.com\/es\/product\/3mm-green-custom-width-48-polycarbonate-solid-sheet-protective-film\/","title":{"rendered":"3mm verde ancho personalizado 4*8 policarbonato l\u00e1mina s\u00f3lida pel\u00edcula protectora"},"content":{"rendered":"<p><img fetchpriority=\"high\" decoding=\"async\" class=\"\" src=\"https:\/\/sc02.alicdn.com\/kf\/H912578573bb64e5aa470cb700f63aee7a\/200162319\/H912578573bb64e5aa470cb700f63aee7a.jpg\" alt=\"3mm verde ancho personalizado 4*8 policarbonato l\u00e1mina s\u00f3lida pel\u00edcula protectora\" width=\"333\" height=\"333\" data-src=\"\/\/sc02.alicdn.com\/kf\/H912578573bb64e5aa470cb700f63aee7a\/200162319\/H912578573bb64e5aa470cb700f63aee7a.jpg\" data-alt=\"3mm green custom width 4*8 polycarbonate solid sheet protective film\" data-width=\"630\" data- title=\"\"><img decoding=\"async\" class=\"\" src=\"https:\/\/sc01.alicdn.com\/kf\/H5252f7bf19904b9295f135ab89a014f02\/200162319\/H5252f7bf19904b9295f135ab89a014f02.jpg\" alt=\"3mm verde ancho personalizado 4*8 policarbonato l\u00e1mina s\u00f3lida pel\u00edcula protectora\" width=\"490\" height=\"327\" data-src=\"\/\/sc01.alicdn.com\/kf\/H5252f7bf19904b9295f135ab89a014f02\/200162319\/H5252f7bf19904b9295f135ab89a014f02.jpg\" data-alt=\"3mm green custom width 4*8 polycarbonate solid sheet protective film\" data-width=\"630\" data- title=\"\"><\/p>\n<p>1)Resistencia al impacto: La resistencia al impacto de la placa hueca de PC es 250 veces la del vidrio.<br \/>\n2)Peso ligero: El peso de la placa hueca de PC es s\u00f3lo la mitad del del vidrio.<br \/>\n3)Transparencia: La transmisi\u00f3n de luz de una l\u00e1mina hueca de PC de 3 mm de grosor es de 88%.<br \/>\n4) Protecci\u00f3n UV: La l\u00e1mina de PC se coextruye con un rayo ultravioleta de alta densidad que tambi\u00e9n evita que la l\u00e1mina de PC se decolore.<br \/>\n5)Resistencia a la intemperie: La l\u00e1mina hueca de PC tiene resistencia a la intemperie y mantiene un excelente rendimiento en el rango de temperaturas de -40\u2103 a 12\u2103.<\/p>\n<p>6)Inhibici\u00f3n de la condensaci\u00f3n: Cuando la temperatura exterior es 0 y la temperatura interior es 23\u2103, la hoja de PC se condensar\u00e1 hasta 80%.<\/p>\n<p>7)Aislamiento t\u00e9rmico: El valor K del vidrio es 1,2 veces superior al de la l\u00e1mina s\u00f3lida de PC. Las l\u00e1minas de PC pueden ahorrar energ\u00eda a la vez que evitan la p\u00e9rdida de calor.<br \/>\n8)Aislamiento ac\u00fastico: 6mm de espesor PC hoja hueca puede reducir el sonido 20db.<br \/>\n9) Resistencia a la llama: A trav\u00e9s de las pruebas realizadas por el Centro Nacional de Supervisi\u00f3n de Calidad y Pruebas de Materiales de Construcci\u00f3n contra Incendios, el material est\u00e1 clasificado como Clase 1 de acuerdo con la norma QB8624-1997.<br \/>\n10)F\u00e1cil instalaci\u00f3n: Una l\u00e1mina de PC puede doblarse en caliente o en fr\u00edo y puede utilizarse en roves curvos y ventanas. El radio m\u00ednimo de curvatura de una plancha de PC es 175 veces su grosor.<\/p>\n<p><img decoding=\"async\" class=\"\" src=\"https:\/\/sc01.alicdn.com\/kf\/Hfc9f0493ac81469fac5153cb936855a4q\/200162319\/Hfc9f0493ac81469fac5153cb936855a4q.jpg\" alt=\"3mm verde ancho personalizado 4*8 policarbonato l\u00e1mina s\u00f3lida pel\u00edcula protectora\" width=\"379\" height=\"253\" data-src=\"\/\/sc01.alicdn.com\/kf\/Hfc9f0493ac81469fac5153cb936855a4q\/200162319\/Hfc9f0493ac81469fac5153cb936855a4q.jpg\" data-alt=\"3mm green custom width 4*8 polycarbonate solid sheet protective film\" data-width=\"630\" data- title=\"\"><img loading=\"lazy\" decoding=\"async\" class=\"\" src=\"https:\/\/sc02.alicdn.com\/kf\/H5c16f39266364408a0b436a4a956b53c4\/200162319\/H5c16f39266364408a0b436a4a956b53c4.jpg\" alt=\"3mm verde ancho personalizado 4*8 policarbonato l\u00e1mina s\u00f3lida pel\u00edcula protectora\" width=\"440\" height=\"248\" data-src=\"\/\/sc02.alicdn.com\/kf\/H5c16f39266364408a0b436a4a956b53c4\/200162319\/H5c16f39266364408a0b436a4a956b53c4.jpg\" data-alt=\"3mm green custom width 4*8 polycarbonate solid sheet protective film\" data-width=\"630\" data- title=\"\"><\/p>\n<div id=\"ali-anchor-AliPostDhMb-2qskj\" class=\"mceSectionContainer\" data-section=\"AliPostDhMb-2qskj\" data-section-title=\"Company Information\">\n<div id=\"ali-title-AliPostDhMb-2qskj\"><strong>Informaci\u00f3n sobre la empresa<\/strong><\/div>\n<div>\n<p>\u00a0<img loading=\"lazy\" decoding=\"async\" class=\"\" src=\"https:\/\/sc01.alicdn.com\/kf\/HTB1qs8od5FTMKJjSZFAq6AkJpXad\/200162319\/HTB1qs8od5FTMKJjSZFAq6AkJpXad.jpg\" alt=\"3mm verde ancho personalizado 4*8 policarbonato l\u00e1mina s\u00f3lida pel\u00edcula protectora\" width=\"403\" height=\"269\" data-src=\"\/\/sc01.alicdn.com\/kf\/HTB1qs8od5FTMKJjSZFAq6AkJpXad\/200162319\/HTB1qs8od5FTMKJjSZFAq6AkJpXad.jpg\" data-alt=\"3mm green custom width 4*8 polycarbonate solid sheet protective film\" data-width=\"630\" data- title=\"\"><img loading=\"lazy\" decoding=\"async\" class=\"\" src=\"https:\/\/sc01.alicdn.com\/kf\/HTB1wu8nSFXXXXXYXXXXq6xXFXXXY\/200162319\/HTB1wu8nSFXXXXXYXXXXq6xXFXXXY.jpg\" alt=\"3mm verde ancho personalizado 4*8 policarbonato l\u00e1mina s\u00f3lida pel\u00edcula protectora\" width=\"410\" height=\"273\" data-src=\"\/\/sc01.alicdn.com\/kf\/HTB1wu8nSFXXXXXYXXXXq6xXFXXXY\/200162319\/HTB1wu8nSFXXXXXYXXXXq6xXFXXXY.jpg\" data-alt=\"3mm green custom width 4*8 polycarbonate solid sheet protective film\" data-width=\"630\" data- title=\"\"><\/p>\n<p><strong style=\"color: initial;\">Embalaje y env\u00edo<\/strong><\/p>\n<\/div>\n<\/div>\n<div id=\"ali-anchor-AliPostDhMb-bktqy\" class=\"mceSectionContainer\" data-section=\"AliPostDhMb-bktqy\" data-section-title=\"Packaging &amp; Shipping\">\n<div>\n<p>\u00a0<img loading=\"lazy\" decoding=\"async\" class=\"\" src=\"https:\/\/sc02.alicdn.com\/kf\/H02a52324dc024cdcbaee8c550d0c5b3cR\/200162319\/H02a52324dc024cdcbaee8c550d0c5b3cR.png\" alt=\"3mm verde ancho personalizado 4*8 policarbonato l\u00e1mina s\u00f3lida pel\u00edcula protectora\" width=\"818\" height=\"279\" data-src=\"\/\/sc02.alicdn.com\/kf\/H02a52324dc024cdcbaee8c550d0c5b3cR\/200162319\/H02a52324dc024cdcbaee8c550d0c5b3cR.png\" data-alt=\"3mm green custom width 4*8 polycarbonate solid sheet protective film\" data-width=\"630\" data- title=\"\"><\/p>\n<p><img loading=\"lazy\" decoding=\"async\" class=\"\" src=\"https:\/\/sc02.alicdn.com\/kf\/H041aadba055e4601bc7a678fb8698a30S\/200162319\/H041aadba055e4601bc7a678fb8698a30S.jpg\" alt=\"3mm verde ancho personalizado 4*8 policarbonato l\u00e1mina s\u00f3lida pel\u00edcula protectora\" width=\"408\" height=\"306\" data-src=\"\/\/sc02.alicdn.com\/kf\/H041aadba055e4601bc7a678fb8698a30S\/200162319\/H041aadba055e4601bc7a678fb8698a30S.jpg\" data-alt=\"3mm green custom width 4*8 polycarbonate solid sheet protective film\" data-width=\"630\" data- title=\"\"><img loading=\"lazy\" decoding=\"async\" class=\"\" src=\"https:\/\/sc01.alicdn.com\/kf\/H13a68bf757104e7f87240c10e9cd3dffH\/200162319\/H13a68bf757104e7f87240c10e9cd3dffH.jpg\" alt=\"3mm verde ancho personalizado 4*8 policarbonato l\u00e1mina s\u00f3lida pel\u00edcula protectora\" width=\"411\" height=\"309\" data-src=\"\/\/sc01.alicdn.com\/kf\/H13a68bf757104e7f87240c10e9cd3dffH\/200162319\/H13a68bf757104e7f87240c10e9cd3dffH.jpg\" data-alt=\"3mm green custom width 4*8 polycarbonate solid sheet protective film\" data-width=\"630\" data- title=\"\"><\/p>\n<\/div>\n<\/div>","protected":false},"featured_media":16747,"parent":0,"template":"","product-catagories":[178,177],"product-tag":[],"class_list":["post-15344","product","type-product","status-publish","has-post-thumbnail","hentry","product-catagories-polycarbonate-hollow-sheet","product-catagories-polycarbonate-solid-sheet"],"acf":[],"_links":{"self":[{"href":"https:\/\/www.tononplastics.com\/es\/wp-json\/wp\/v2\/product\/15344","targetHints":{"allow":["GET"]}}],"collection":[{"href":"https:\/\/www.tononplastics.com\/es\/wp-json\/wp\/v2\/product"}],"about":[{"href":"https:\/\/www.tononplastics.com\/es\/wp-json\/wp\/v2\/types\/product"}],"version-history":[{"count":0,"href":"https:\/\/www.tononplastics.com\/es\/wp-json\/wp\/v2\/product\/15344\/revisions"}],"wp:featuredmedia":[{"embeddable":true,"href":"https:\/\/www.tononplastics.com\/es\/wp-json\/wp\/v2\/media\/16747"}],"wp:attachment":[{"href":"https:\/\/www.tononplastics.com\/es\/wp-json\/wp\/v2\/media?parent=15344"}],"wp:term":[{"taxonomy":"product-catagories","embeddable":true,"href":"https:\/\/www.tononplastics.com\/es\/wp-json\/wp\/v2\/product-catagories?post=15344"},{"taxonomy":"product-tag","embeddable":true,"href":"https:\/\/www.tononplastics.com\/es\/wp-json\/wp\/v2\/product-tag?post=15344"}],"curies":[{"name":"wp","href":"https:\/\/api.w.org\/{rel}","templated":true}]}}