{"id":15347,"date":"2023-08-23T23:18:30","date_gmt":"2023-08-23T15:18:30","guid":{"rendered":"https:\/\/tononplastics.com\/?post_type=product&#038;p=15347"},"modified":"2024-04-16T12:43:52","modified_gmt":"2024-04-16T04:43:52","slug":"ten-years-guarantee-uv-protected-color-pc-hollow-sheet","status":"publish","type":"product","link":"https:\/\/www.tononplastics.com\/es\/product\/ten-years-guarantee-uv-protected-color-pc-hollow-sheet\/","title":{"rendered":"Diez a\u00f1os de garant\u00eda L\u00e1mina hueca de pc de color con protecci\u00f3n UV"},"content":{"rendered":"<figure class=\"wp-block-gallery has-nested-images columns-default is-cropped wp-block-gallery-1 is-layout-flex wp-block-gallery-is-layout-flex\">\n<figure class=\"wp-block-image size-full\"><img decoding=\"async\" data-id=\"15257\" src=\"https:\/\/www.tononplastics.com\/wp-content\/uploads\/2023\/08\/\u56fe\u72471-1.png\" alt=\"\" class=\"wp-image-15257\" title=\"\"><\/figure>\n\n\n\n<figure class=\"wp-block-image size-full\"><img decoding=\"async\" data-id=\"15258\" src=\"https:\/\/www.tononplastics.com\/wp-content\/uploads\/2023\/08\/\u56fe\u72471-1-1.png\" alt=\"\" class=\"wp-image-15258\" title=\"\"><\/figure>\n<\/figure>\n\n\n<div id=\"ali-anchor-AliPostDhMb-dt96l\" data-section=\"AliPostDhMb-dt96l\" data-section-title=\"Product Description\">\n<p><span data-spm-anchor-id=\"a2700.details.0.i30.5c4e7fa2ThoF7K\">1) Transmisi\u00f3n de luz: hasta 88%<br \/><\/span><span style=\"font-size: revert; color: initial;\">2) Resistencia al impacto: 80 veces la del vidrio, 15 veces la de la l\u00e1mina acr\u00edlica<br \/><\/span><span style=\"color: initial; font-size: revert;\">3) Rango de resistencia a la temperatura: -40 ~ 120oC<br \/><\/span><span style=\"color: initial; font-size: revert;\">4) Peso ligero: s\u00f3lo 1\/12 del peso del vidrio del mismo grosor<br \/><\/span><span style=\"font-size: revert; color: initial;\">5) Resistencia a los rayos ultravioleta: con capa protectora UV<br \/><\/span><span style=\"font-size: revert; color: initial;\">6) Resistencia a la llama: clase B1<br \/><\/span><span style=\"font-size: revert; color: initial;\">7) A prueba de ruido y calor<\/span><\/p>\n<\/div>\n<p align=\"left\"><strong>Especificaci\u00f3n<br \/><\/strong>1) Anchura:1220mm- 2100mm (nuestra especificaci\u00f3n habitual)<br \/>2) Longitud: 20m--50m (nuestra especificaci\u00f3n habitual)<br \/>3) disponible en 4mm,5mm,6mm,7.5mm,8mm,10mm,12mm,14mm,16mm ,18mm.<br \/>4) Color: transparente, azul lago, verde, azul, \u00f3palo, bronce, gris, rojo, bronce (marr\u00f3n), verde azulado, verde claro, transparente, negro, transparente con relieve, con relieve claro, con relieve azul.<br \/>5) Colores y dimensiones personalizados a petici\u00f3n del cliente.<br \/>6) Embalaje: ambos lados cubiertos con pel\u00edcula de PE\u00a0\u00a0<\/p>\n<p align=\"left\">\u00a0<img fetchpriority=\"high\" decoding=\"async\" src=\"https:\/\/sc01.alicdn.com\/kf\/H32420328557d486eb5370e0cf573cf134\/200162319\/H32420328557d486eb5370e0cf573cf134.jpg\" alt=\"diez a\u00f1os de garant\u00eda chapa hueca pc color con protecci\u00f3n UV\" width=\"630\" height=\"840\" data-src=\"\/\/sc01.alicdn.com\/kf\/H32420328557d486eb5370e0cf573cf134\/200162319\/H32420328557d486eb5370e0cf573cf134.jpg\" data-alt=\"ten years guarantee UV protected color pc hollow sheet\" data-width=\"630\" data- title=\"\"><img decoding=\"async\" class=\"alignright\" src=\"https:\/\/sc01.alicdn.com\/kf\/H276597fb63bf4e8ebb711e73f1e18dd4h\/200162319\/H276597fb63bf4e8ebb711e73f1e18dd4h.jpg\" alt=\"diez a\u00f1os de garant\u00eda chapa hueca pc color con protecci\u00f3n UV\" width=\"630\" height=\"427.0323325635104\" data-src=\"\/\/sc01.alicdn.com\/kf\/H276597fb63bf4e8ebb711e73f1e18dd4h\/200162319\/H276597fb63bf4e8ebb711e73f1e18dd4h.jpg\" data-alt=\"ten years guarantee UV protected color pc hollow sheet\" data-width=\"630\" data- title=\"\"><\/p>\n<p align=\"left\">\u00a0<\/p>\n<p align=\"left\"><strong>Aplicaciones:<br \/><\/strong>1) Cabinas telef\u00f3nicas<br \/>2) Se\u00f1ales de tr\u00e1fico y anuncios<br \/>3) Vallas publicitarias en las farolas<br \/>4) Iluminaci\u00f3n y tabiques para bancos, hospitales y estaciones<br \/>5) Invernaderos para hortalizas, zool\u00f3gicos, productos acu\u00e1ticos<br \/>6) Aislamiento ac\u00fastico y t\u00e9rmico para v\u00edas r\u00e1pidas<\/p>\n<p align=\"left\">7) Industrias instrumentales y b\u00e9licas: parabrisas, escudos militares\u00a0<\/p>\n<p align=\"left\">\u00a0<\/p>\n<p align=\"left\">\u00a0<\/p>\n<p align=\"left\">\u00a0<\/p>\n<p align=\"left\"><strong>Caso de proyecto:<\/strong><\/p>\n<p align=\"left\"><img decoding=\"async\" src=\"https:\/\/sc01.alicdn.com\/kf\/HTB1W4NetXOWBuNjy0Fiq6xFxVXa0\/200162319\/HTB1W4NetXOWBuNjy0Fiq6xFxVXa0.jpg\" alt=\"diez a\u00f1os de garant\u00eda chapa hueca pc color con protecci\u00f3n UV\" width=\"630\" height=\"429.975\" data-src=\"\/\/sc01.alicdn.com\/kf\/HTB1W4NetXOWBuNjy0Fiq6xFxVXa0\/200162319\/HTB1W4NetXOWBuNjy0Fiq6xFxVXa0.jpg\" data-alt=\"ten years guarantee UV protected color pc hollow sheet\" data-width=\"630\" data- title=\"\"><\/p>\n<div id=\"ali-anchor-AliPostDhMb-0cbwi\" data-section=\"AliPostDhMb-0cbwi\" data-section-title=\"Packaging &amp; Shipping\">\n<div id=\"ali-title-AliPostDhMb-0cbwi\"><strong>Embalaje y env\u00edo<\/strong><\/div>\n<div>\n<p>\u00a0<img decoding=\"async\" src=\"https:\/\/sc01.alicdn.com\/kf\/Hb3bdebb96a2849458ce6dfcbaa19c5d15\/200162319\/Hb3bdebb96a2849458ce6dfcbaa19c5d15.png\" alt=\"diez a\u00f1os de garant\u00eda chapa hueca pc color con protecci\u00f3n UV\" width=\"630\" height=\"312.9083665338646\" data-src=\"\/\/sc01.alicdn.com\/kf\/Hb3bdebb96a2849458ce6dfcbaa19c5d15\/200162319\/Hb3bdebb96a2849458ce6dfcbaa19c5d15.png\" data-alt=\"ten years guarantee UV protected color pc hollow sheet\" data-width=\"630\" data- title=\"\"><img decoding=\"async\" src=\"https:\/\/sc02.alicdn.com\/kf\/Hd05fdb0988024155a7956963ea5973acD\/200162319\/Hd05fdb0988024155a7956963ea5973acD.png\" alt=\"diez a\u00f1os de garant\u00eda chapa hueca pc color con protecci\u00f3n UV\" width=\"630\" height=\"474.58885941644564\" data-src=\"\/\/sc02.alicdn.com\/kf\/Hd05fdb0988024155a7956963ea5973acD\/200162319\/Hd05fdb0988024155a7956963ea5973acD.png\" data-alt=\"ten years guarantee UV protected color pc hollow sheet\" data-width=\"630\" data- title=\"\"><img decoding=\"async\" src=\"https:\/\/sc02.alicdn.com\/kf\/H02a52324dc024cdcbaee8c550d0c5b3cR\/200162319\/H02a52324dc024cdcbaee8c550d0c5b3cR.png\" alt=\"diez a\u00f1os de garant\u00eda chapa hueca pc color con protecci\u00f3n UV\" width=\"630\" height=\"214.7347480106101\" data-src=\"\/\/sc02.alicdn.com\/kf\/H02a52324dc024cdcbaee8c550d0c5b3cR\/200162319\/H02a52324dc024cdcbaee8c550d0c5b3cR.png\" data-alt=\"ten years guarantee UV protected color pc hollow sheet\" data-width=\"630\" data- title=\"\"><\/p>\n<\/div>\n<\/div>","protected":false},"featured_media":16738,"parent":0,"template":"","product-catagories":[178],"product-tag":[],"class_list":["post-15347","product","type-product","status-publish","has-post-thumbnail","hentry","product-catagories-polycarbonate-hollow-sheet"],"acf":[],"_links":{"self":[{"href":"https:\/\/www.tononplastics.com\/es\/wp-json\/wp\/v2\/product\/15347","targetHints":{"allow":["GET"]}}],"collection":[{"href":"https:\/\/www.tononplastics.com\/es\/wp-json\/wp\/v2\/product"}],"about":[{"href":"https:\/\/www.tononplastics.com\/es\/wp-json\/wp\/v2\/types\/product"}],"version-history":[{"count":0,"href":"https:\/\/www.tononplastics.com\/es\/wp-json\/wp\/v2\/product\/15347\/revisions"}],"wp:featuredmedia":[{"embeddable":true,"href":"https:\/\/www.tononplastics.com\/es\/wp-json\/wp\/v2\/media\/16738"}],"wp:attachment":[{"href":"https:\/\/www.tononplastics.com\/es\/wp-json\/wp\/v2\/media?parent=15347"}],"wp:term":[{"taxonomy":"product-catagories","embeddable":true,"href":"https:\/\/www.tononplastics.com\/es\/wp-json\/wp\/v2\/product-catagories?post=15347"},{"taxonomy":"product-tag","embeddable":true,"href":"https:\/\/www.tononplastics.com\/es\/wp-json\/wp\/v2\/product-tag?post=15347"}],"curies":[{"name":"wp","href":"https:\/\/api.w.org\/{rel}","templated":true}]}}