{"id":15363,"date":"2023-08-23T23:42:08","date_gmt":"2023-08-23T15:42:08","guid":{"rendered":"https:\/\/tononplastics.com\/?post_type=product&#038;p=15363"},"modified":"2024-03-25T14:05:51","modified_gmt":"2024-03-25T06:05:51","slug":"plastic-canopy-polycarbonate-hollow-sheet","status":"publish","type":"product","link":"https:\/\/www.tononplastics.com\/es\/product\/plastic-canopy-polycarbonate-hollow-sheet\/","title":{"rendered":"Marquesina de pl\u00e1stico Hoja hueca de policarbonato"},"content":{"rendered":"<p><strong>Detalles del producto<br><\/strong>1.Instalaci\u00f3n f\u00e1cil y sencilla<br>2.100% Toldo de bricolaje. Novedoso, moderno, resistente<br>3.Protecci\u00f3n UV<br>4.Composici\u00f3n: tableros, soportes, tornillos, barras de aluminio, bandas de goma, etc.<br>El toldo 5.Aericans est\u00e1 fabricado con soportes y tablero, simple y f\u00e1cil de instalar y mantener. Los soportes y accesorios se fabrican a granel para garantizar la calidad y la artesan\u00eda. 6.Aericans Awning elige materiales especiales para que los productos sean resistentes al viento y antis\u00e9pticos y resistentes a los golpes y resistentes al envejecimiento. Novedoso y moderno y duradero y fuerte Aericans Toldo tiene la vida m\u00e1s larga que el toldo de costumbre por 8-15 veces. 100% DIY hace que sea f\u00e1cil de operar para el agente, sin necesidad de taller y los trabajadores, s\u00f3lo necesita instalar los trabajadores o personas de embalaje para reducir el costo.<\/p>\n\n\n\n<figure class=\"wp-block-gallery has-nested-images columns-default is-cropped wp-block-gallery-1 is-layout-flex wp-block-gallery-is-layout-flex\">\n<figure class=\"wp-block-image size-large\"><img fetchpriority=\"high\" decoding=\"async\" width=\"1024\" height=\"683\" data-id=\"16246\" src=\"https:\/\/www.tononplastics.com\/wp-content\/uploads\/2023\/08\/H8f0fe05f6ce04a849984d23754bbc891V-1024x683.webp\" alt=\"\" class=\"wp-image-16246\" title=\"\" srcset=\"https:\/\/www.tononplastics.com\/wp-content\/uploads\/2023\/08\/H8f0fe05f6ce04a849984d23754bbc891V-1024x683.webp 1024w, https:\/\/www.tononplastics.com\/wp-content\/uploads\/2023\/08\/H8f0fe05f6ce04a849984d23754bbc891V-300x200.webp 300w, https:\/\/www.tononplastics.com\/wp-content\/uploads\/2023\/08\/H8f0fe05f6ce04a849984d23754bbc891V-768x512.webp 768w, https:\/\/www.tononplastics.com\/wp-content\/uploads\/2023\/08\/H8f0fe05f6ce04a849984d23754bbc891V-1536x1024.webp 1536w, https:\/\/www.tononplastics.com\/wp-content\/uploads\/2023\/08\/H8f0fe05f6ce04a849984d23754bbc891V-18x12.webp 18w, https:\/\/www.tononplastics.com\/wp-content\/uploads\/2023\/08\/H8f0fe05f6ce04a849984d23754bbc891V.webp 1620w\" sizes=\"(max-width: 1024px) 100vw, 1024px\" \/><\/figure>\n\n\n\n<figure class=\"wp-block-image size-large\"><img decoding=\"async\" width=\"1024\" height=\"576\" data-id=\"16248\" src=\"https:\/\/www.tononplastics.com\/wp-content\/uploads\/2023\/08\/Hdb9578162af048c388296e47f7c0f0c9T-1024x576.webp\" alt=\"\" class=\"wp-image-16248\" title=\"\" srcset=\"https:\/\/www.tononplastics.com\/wp-content\/uploads\/2023\/08\/Hdb9578162af048c388296e47f7c0f0c9T-1024x576.webp 1024w, https:\/\/www.tononplastics.com\/wp-content\/uploads\/2023\/08\/Hdb9578162af048c388296e47f7c0f0c9T-300x169.webp 300w, https:\/\/www.tononplastics.com\/wp-content\/uploads\/2023\/08\/Hdb9578162af048c388296e47f7c0f0c9T-768x432.webp 768w, https:\/\/www.tononplastics.com\/wp-content\/uploads\/2023\/08\/Hdb9578162af048c388296e47f7c0f0c9T-1536x864.webp 1536w, https:\/\/www.tononplastics.com\/wp-content\/uploads\/2023\/08\/Hdb9578162af048c388296e47f7c0f0c9T-18x10.webp 18w, https:\/\/www.tononplastics.com\/wp-content\/uploads\/2023\/08\/Hdb9578162af048c388296e47f7c0f0c9T.webp 1920w\" sizes=\"(max-width: 1024px) 100vw, 1024px\" \/><\/figure>\n<\/figure>\n\n\n<p data-spm-anchor-id=\"a2700.details.0.i27.39d5242dDOiEef\">\u00a0<\/p>\n<div id=\"1700020836475\" class=\"cke-navigation\" contenteditable=\"false\">Ventajas del producto<\/div>\n<p><b>1.Ahorro de energ\u00eda:<\/b><br \/>Refrigeraci\u00f3n en verano, aislamiento en invierno, la placa de resistencia tiene una conductividad t\u00e9rmica (valor K) inferior a la del vidrio ordinario y otros pl\u00e1sticos, el efecto de aislamiento t\u00e9rmico es 7%-25% superior al del mismo vidrio, y el aislamiento t\u00e9rmico de la placa de resistencia es de hasta 49%.<br \/>De este modo, se reduce en gran medida la p\u00e9rdida de calor, y se utiliza en edificios con equipos de calefacci\u00f3n, que es un material respetuoso con el medio ambiente.<br \/><br \/><b>2. Aislamiento ac\u00fastico:<\/b><br \/>El efecto de aislamiento ac\u00fastico de la placa de resistencia es obvio, y el aislamiento ac\u00fastico de la placa de resistencia es mejor que el del vidrio y la placa de subextensi\u00f3n del mismo espesor, y el aislamiento ac\u00fastico de la placa de resistencia es 5-9dB superior al del vidrio en las mismas condiciones de espesor.<br \/>A escala internacional, es el material preferido para las barreras ac\u00fasticas de las autopistas.<br \/><br \/><b>3. Adaptabilidad a la temperatura:<\/b><br \/>La l\u00e1mina de PC no se enfr\u00eda ni se vuelve quebradiza a -40\u00baC, no se reblandece a 125\u00baC, y no presenta cambios significativos en su mec\u00e1nica y propiedades mec\u00e1nicas en el duro ambiente.<br \/><br \/><b>4. Ign\u00edfugo:<\/b><br \/>La norma nacional GB50222-95 confirma que la placa de resistencia es de nivel refractario, es decir, de nivel B1.<br \/>El punto de combusti\u00f3n de la propia placa de circuito impreso es de 580 \u00baC, se autoextingue tras el incendio y no produce gases t\u00f3xicos al arder ni contribuye a la propagaci\u00f3n del fuego.<br \/><br \/><b>5. Protecci\u00f3n UV:<\/b><br \/>Una de las caras de la l\u00e1mina de PC est\u00e1 coextrusionada con un revestimiento anti-ultravioleta (UV), y la otra tiene un tratamiento anti-condensaci\u00f3n, que integra las funciones anti-ultravioleta, de aislamiento t\u00e9rmico y anti-vaho.<br \/>Puede bloquear el paso de los rayos ultravioleta, y es adecuado para proteger obras de arte y exposiciones valiosas de los da\u00f1os causados por los rayos ultravioleta.<\/p>\n\n\n<figure class=\"wp-block-image size-full is-resized\"><img decoding=\"async\" width=\"1640\" height=\"1000\" src=\"https:\/\/www.tononplastics.com\/wp-content\/uploads\/2024\/03\/16995219633519-1.png\" alt=\"\" class=\"wp-image-16266\" style=\"width:1021px;height:auto\" title=\"\" srcset=\"https:\/\/www.tononplastics.com\/wp-content\/uploads\/2024\/03\/16995219633519-1.png 1640w, https:\/\/www.tononplastics.com\/wp-content\/uploads\/2024\/03\/16995219633519-1-300x183.png 300w, https:\/\/www.tononplastics.com\/wp-content\/uploads\/2024\/03\/16995219633519-1-1024x624.png 1024w, https:\/\/www.tononplastics.com\/wp-content\/uploads\/2024\/03\/16995219633519-1-768x468.png 768w, https:\/\/www.tononplastics.com\/wp-content\/uploads\/2024\/03\/16995219633519-1-1536x937.png 1536w, https:\/\/www.tononplastics.com\/wp-content\/uploads\/2024\/03\/16995219633519-1-18x12.png 18w\" sizes=\"(max-width: 1640px) 100vw, 1640px\" \/><\/figure>","protected":false},"featured_media":14365,"parent":0,"template":"","product-catagories":[171],"product-tag":[],"class_list":["post-15363","product","type-product","status-publish","has-post-thumbnail","hentry","product-catagories-awning"],"acf":[],"_links":{"self":[{"href":"https:\/\/www.tononplastics.com\/es\/wp-json\/wp\/v2\/product\/15363","targetHints":{"allow":["GET"]}}],"collection":[{"href":"https:\/\/www.tononplastics.com\/es\/wp-json\/wp\/v2\/product"}],"about":[{"href":"https:\/\/www.tononplastics.com\/es\/wp-json\/wp\/v2\/types\/product"}],"version-history":[{"count":0,"href":"https:\/\/www.tononplastics.com\/es\/wp-json\/wp\/v2\/product\/15363\/revisions"}],"wp:featuredmedia":[{"embeddable":true,"href":"https:\/\/www.tononplastics.com\/es\/wp-json\/wp\/v2\/media\/14365"}],"wp:attachment":[{"href":"https:\/\/www.tononplastics.com\/es\/wp-json\/wp\/v2\/media?parent=15363"}],"wp:term":[{"taxonomy":"product-catagories","embeddable":true,"href":"https:\/\/www.tononplastics.com\/es\/wp-json\/wp\/v2\/product-catagories?post=15363"},{"taxonomy":"product-tag","embeddable":true,"href":"https:\/\/www.tononplastics.com\/es\/wp-json\/wp\/v2\/product-tag?post=15363"}],"curies":[{"name":"wp","href":"https:\/\/api.w.org\/{rel}","templated":true}]}}