{"id":15364,"date":"2023-08-23T23:43:34","date_gmt":"2023-08-23T15:43:34","guid":{"rendered":"https:\/\/tononplastics.com\/?post_type=product&#038;p=15364"},"modified":"2024-03-25T12:39:59","modified_gmt":"2024-03-25T04:39:59","slug":"polycarbonate-sheet-for-canop-polycarbonate-window-awning","status":"publish","type":"product","link":"https:\/\/www.tononplastics.com\/es\/product\/polycarbonate-sheet-for-canop-polycarbonate-window-awning\/","title":{"rendered":"L\u00e1minas de policarbonato para toldos Toldos de policarbonato para ventanas"},"content":{"rendered":"<div id=\"ali-anchor-AliPostDhMb-ikrk2\" data-section=\"AliPostDhMb-ikrk2\" data-section-title=\"Product Description\">\n<div>\n<p><span data-spm-anchor-id=\"a2700.details.0.i44.40e911fecVyXv2\">Tablero del toldo<\/span><\/p>\n<p>1) Transmisi\u00f3n de luz: hasta 88%\u00a0<\/p>\n<p>2) Resistencia al impacto: 80 veces la del vidrio, 15 veces la de la l\u00e1mina acr\u00edlica\u00a0<\/p>\n<\/div>\n<\/div>\n<p align=\"left\">3) Rango de resistencia a la temperatura: -40 ~ 120oC<br \/>\n4) Peso ligero: s\u00f3lo 1\/12 del peso del vidrio del mismo grosor<br \/>\n5) Resistencia a los rayos ultravioleta: con capa protectora UV<br \/>\n6) Resistencia a la llama: clase B1<br \/>\n7) A prueba de ruido y calor<\/p>\n<p align=\"left\"><img decoding=\"async\" src=\"https:\/\/sc01.alicdn.com\/kf\/H0ae698f80b9840449576927fcabf54feZ\/200162319\/H0ae698f80b9840449576927fcabf54feZ.jpg\" alt=\"l\u00e1mina de policarbonato para toldo toldo de policarbonato para ventanas\" width=\"630\" height=\"662.76\" data-src=\"\/\/sc01.alicdn.com\/kf\/H0ae698f80b9840449576927fcabf54feZ\/200162319\/H0ae698f80b9840449576927fcabf54feZ.jpg\" data-alt=\"polycarbonate sheet for canop polycarbonate window awning\" data-width=\"630\" data- title=\"\"><br \/>\nEspecificaciones del toldo de policarbonato<br \/>\nHoja: Plancha hueca de PC de 5,5 mm o plancha maciza de PC de 3,0 mm<br \/>\nLongitud del soporte 600mm,800mm,1000mm,1200mm,1500mm<br \/>\nColor del soporte Blanco o negro<br \/>\nDistancia del soporte personalizada<br \/>\nMaterial del soporte Pl\u00e1stico o aluminio<\/p>\n<p align=\"left\"><img decoding=\"async\" src=\"https:\/\/sc01.alicdn.com\/kf\/H2f4db787a3b343c8b287bd745f006630r\/200162319\/H2f4db787a3b343c8b287bd745f006630r.png\" alt=\"l\u00e1mina de policarbonato para toldo toldo de policarbonato para ventanas\" width=\"630\" height=\"362.2162740899357\" data-src=\"\/\/sc01.alicdn.com\/kf\/H2f4db787a3b343c8b287bd745f006630r\/200162319\/H2f4db787a3b343c8b287bd745f006630r.png\" data-alt=\"polycarbonate sheet for canop polycarbonate window awning\" data-width=\"630\" data- title=\"\"><img decoding=\"async\" src=\"https:\/\/sc02.alicdn.com\/kf\/Hab2ac95f2ca34cec9459c4b7915aac1ef\/200162319\/Hab2ac95f2ca34cec9459c4b7915aac1ef.png\" alt=\"l\u00e1mina de policarbonato para toldo toldo de policarbonato para ventanas\" width=\"630\" height=\"507.27272727272725\" data-src=\"\/\/sc02.alicdn.com\/kf\/Hab2ac95f2ca34cec9459c4b7915aac1ef\/200162319\/Hab2ac95f2ca34cec9459c4b7915aac1ef.png\" data-alt=\"polycarbonate sheet for canop polycarbonate window awning\" data-width=\"630\" data- title=\"\">\u00a0<\/p>\n<p align=\"left\">\u00a0<\/p>\n<p>Caracter\u00edsticas del policarbonato:<\/p>\n<p>Transmisi\u00f3n de la luz<br \/>\nLa transmisi\u00f3n de la luz alcanza 12%-82% seg\u00fan el color y el grosor.<\/p>\n<p>Protecci\u00f3n UV<br \/>\nGracias a su revestimiento anti-UV patentado, la claraboya de policarbonato mantiene unas perfectas prestaciones mec\u00e1nicas y \u00f3pticas tras la exposici\u00f3n.<\/p>\n<p>Capacidad meteorol\u00f3gica<br \/>\nTiene una gran resistencia a la intemperie, que mantiene un excelente rendimiento en un amplio rango de temperaturas de -40 \u00b0C a 120 \u00b0C.<br \/>\nIgnifugaci\u00f3n : UL Flammability 94 V-2<\/p>\n<p>F\u00e1cil instalaci\u00f3n<br \/>\nF\u00e1cil de instalar y se puede doblar en fr\u00edo<\/p>\n<p>Resistencia a los impactos<br \/>\n250-300 veces la resistencia al impacto de vidrio ordinario y 30 veces la de los paneles de acr\u00edlico del mismo espesor, que es de 2-20 veces el vidrio templado caer dos metros por debajo de 3 kg martillo sin grietas, no roto.<\/p>\n<p><img decoding=\"async\" src=\"https:\/\/sc02.alicdn.com\/kf\/HTB1xO6PJVXXXXXQXpXXq6xXFXXXE\/200162319\/HTB1xO6PJVXXXXXQXpXXq6xXFXXXE.jpg\" alt=\"l\u00e1mina de policarbonato para toldo toldo de policarbonato para ventanas\" width=\"630\" height=\"763.5600000000001\" data-src=\"\/\/sc02.alicdn.com\/kf\/HTB1xO6PJVXXXXXQXpXXq6xXFXXXE\/200162319\/HTB1xO6PJVXXXXXQXpXXq6xXFXXXE.jpg\" data-alt=\"polycarbonate sheet for canop polycarbonate window awning\" data-width=\"630\" data- title=\"\"><img decoding=\"async\" src=\"https:\/\/sc01.alicdn.com\/kf\/H696af1b5dc524570886fcc96da6160f3q\/200162319\/H696af1b5dc524570886fcc96da6160f3q.jpg\" alt=\"l\u00e1mina de policarbonato para toldo toldo de policarbonato para ventanas\" width=\"630\" height=\"580.44\" data-src=\"\/\/sc01.alicdn.com\/kf\/H696af1b5dc524570886fcc96da6160f3q\/200162319\/H696af1b5dc524570886fcc96da6160f3q.jpg\" data-alt=\"polycarbonate sheet for canop polycarbonate window awning\" data-width=\"630\" data- title=\"\"><img decoding=\"async\" src=\"https:\/\/sc01.alicdn.com\/kf\/He251bd0b45d14e5583f0a7b16198126fz\/200162319\/He251bd0b45d14e5583f0a7b16198126fz.png\" alt=\"l\u00e1mina de policarbonato para toldo toldo de policarbonato para ventanas\" width=\"630\" height=\"156.24\" data-src=\"\/\/sc01.alicdn.com\/kf\/He251bd0b45d14e5583f0a7b16198126fz\/200162319\/He251bd0b45d14e5583f0a7b16198126fz.png\" data-alt=\"polycarbonate sheet for canop polycarbonate window awning\" data-width=\"630\" data- title=\"\"><img decoding=\"async\" src=\"https:\/\/sc02.alicdn.com\/kf\/HTB1c_rWJVXXXXXfXXXXq6xXFXXX4\/200162319\/HTB1c_rWJVXXXXXfXXXXq6xXFXXX4.jpg\" alt=\"l\u00e1mina de policarbonato para toldo toldo de policarbonato para ventanas\" width=\"630\" height=\"436.9893899204244\" data-src=\"\/\/sc02.alicdn.com\/kf\/HTB1c_rWJVXXXXXfXXXXq6xXFXXX4\/200162319\/HTB1c_rWJVXXXXXfXXXXq6xXFXXX4.jpg\" data-alt=\"polycarbonate sheet for canop polycarbonate window awning\" data-width=\"630\" data- title=\"\"><img decoding=\"async\" src=\"https:\/\/sc01.alicdn.com\/kf\/Hd35db4f291a3474c9fed03fab96b343dt\/200162319\/Hd35db4f291a3474c9fed03fab96b343dt.jpg\" alt=\"l\u00e1mina de policarbonato para toldo toldo de policarbonato para ventanas\" width=\"630\" height=\"420.21000000000004\" data-src=\"\/\/sc01.alicdn.com\/kf\/Hd35db4f291a3474c9fed03fab96b343dt\/200162319\/Hd35db4f291a3474c9fed03fab96b343dt.jpg\" data-alt=\"polycarbonate sheet for canop polycarbonate window awning\" data-width=\"630\" data- title=\"\"><img decoding=\"async\" src=\"https:\/\/sc01.alicdn.com\/kf\/H8ab2ccf15d5542e7a82269c541d00856p\/200162319\/H8ab2ccf15d5542e7a82269c541d00856p.jpg\" alt=\"l\u00e1mina de policarbonato para toldo toldo de policarbonato para ventanas\" width=\"630\" height=\"420.21000000000004\" data-src=\"\/\/sc01.alicdn.com\/kf\/H8ab2ccf15d5542e7a82269c541d00856p\/200162319\/H8ab2ccf15d5542e7a82269c541d00856p.jpg\" data-alt=\"polycarbonate sheet for canop polycarbonate window awning\" data-width=\"630\" data- title=\"\"><\/p>\n<div id=\"ali-anchor-AliPostDhMb-slgsl\" data-section=\"AliPostDhMb-slgsl\" data-section-title=\"Packaging &amp; Shipping\">\n<div id=\"ali-title-AliPostDhMb-slgsl\">Embalaje y env\u00edo<\/div>\n<div>\n<p>\u00a0<img decoding=\"async\" src=\"https:\/\/sc02.alicdn.com\/kf\/Hd05fdb0988024155a7956963ea5973acD\/200162319\/Hd05fdb0988024155a7956963ea5973acD.png\" alt=\"l\u00e1mina de policarbonato para toldo toldo de policarbonato para ventanas\" width=\"630\" height=\"474.58885941644564\" data-src=\"\/\/sc02.alicdn.com\/kf\/Hd05fdb0988024155a7956963ea5973acD\/200162319\/Hd05fdb0988024155a7956963ea5973acD.png\" data-alt=\"polycarbonate sheet for canop polycarbonate window awning\" data-width=\"630\" data- title=\"\"><img decoding=\"async\" src=\"https:\/\/sc02.alicdn.com\/kf\/H02a52324dc024cdcbaee8c550d0c5b3cR\/200162319\/H02a52324dc024cdcbaee8c550d0c5b3cR.png\" alt=\"l\u00e1mina de policarbonato para toldo toldo de policarbonato para ventanas\" width=\"630\" height=\"214.7347480106101\" data-src=\"\/\/sc02.alicdn.com\/kf\/H02a52324dc024cdcbaee8c550d0c5b3cR\/200162319\/H02a52324dc024cdcbaee8c550d0c5b3cR.png\" data-alt=\"polycarbonate sheet for canop polycarbonate window awning\" data-width=\"630\" data- title=\"\"><\/p>\n<\/div>\n<\/div>","protected":false},"featured_media":15366,"parent":0,"template":"","product-catagories":[171],"product-tag":[],"class_list":["post-15364","product","type-product","status-publish","has-post-thumbnail","hentry","product-catagories-awning"],"acf":[],"_links":{"self":[{"href":"https:\/\/www.tononplastics.com\/es\/wp-json\/wp\/v2\/product\/15364","targetHints":{"allow":["GET"]}}],"collection":[{"href":"https:\/\/www.tononplastics.com\/es\/wp-json\/wp\/v2\/product"}],"about":[{"href":"https:\/\/www.tononplastics.com\/es\/wp-json\/wp\/v2\/types\/product"}],"version-history":[{"count":0,"href":"https:\/\/www.tononplastics.com\/es\/wp-json\/wp\/v2\/product\/15364\/revisions"}],"wp:featuredmedia":[{"embeddable":true,"href":"https:\/\/www.tononplastics.com\/es\/wp-json\/wp\/v2\/media\/15366"}],"wp:attachment":[{"href":"https:\/\/www.tononplastics.com\/es\/wp-json\/wp\/v2\/media?parent=15364"}],"wp:term":[{"taxonomy":"product-catagories","embeddable":true,"href":"https:\/\/www.tononplastics.com\/es\/wp-json\/wp\/v2\/product-catagories?post=15364"},{"taxonomy":"product-tag","embeddable":true,"href":"https:\/\/www.tononplastics.com\/es\/wp-json\/wp\/v2\/product-tag?post=15364"}],"curies":[{"name":"wp","href":"https:\/\/api.w.org\/{rel}","templated":true}]}}