{"id":15381,"date":"2023-08-23T23:50:21","date_gmt":"2023-08-23T15:50:21","guid":{"rendered":"https:\/\/tononplastics.com\/?post_type=product&#038;p=15381"},"modified":"2024-03-25T15:35:57","modified_gmt":"2024-03-25T07:35:57","slug":"high-quality-rain-protect-canopy-rain-shelter-canopies-polycarbonate-clear-sheet","status":"publish","type":"product","link":"https:\/\/www.tononplastics.com\/es\/product\/high-quality-rain-protect-canopy-rain-shelter-canopies-polycarbonate-clear-sheet\/","title":{"rendered":"Alta Calidad Rain Protect Canopy refugio contra la lluvia marquesinas policarbonato l\u00e1mina transparente"},"content":{"rendered":"<figure class=\"wp-block-gallery has-nested-images columns-default is-cropped wp-block-gallery-1 is-layout-flex wp-block-gallery-is-layout-flex\">\n<figure class=\"wp-block-image size-large\"><img fetchpriority=\"high\" decoding=\"async\" width=\"1024\" height=\"624\" data-id=\"16266\" src=\"https:\/\/www.tononplastics.com\/wp-content\/uploads\/2024\/03\/16995219633519-1-1024x624.png\" alt=\"\" class=\"wp-image-16266\" title=\"\" srcset=\"https:\/\/www.tononplastics.com\/wp-content\/uploads\/2024\/03\/16995219633519-1-1024x624.png 1024w, https:\/\/www.tononplastics.com\/wp-content\/uploads\/2024\/03\/16995219633519-1-300x183.png 300w, https:\/\/www.tononplastics.com\/wp-content\/uploads\/2024\/03\/16995219633519-1-768x468.png 768w, https:\/\/www.tononplastics.com\/wp-content\/uploads\/2024\/03\/16995219633519-1-1536x937.png 1536w, https:\/\/www.tononplastics.com\/wp-content\/uploads\/2024\/03\/16995219633519-1-18x12.png 18w, https:\/\/www.tononplastics.com\/wp-content\/uploads\/2024\/03\/16995219633519-1.png 1640w\" sizes=\"(max-width: 1024px) 100vw, 1024px\" \/><\/figure>\n<\/figure>\n\n\n<p><strong>Especificaciones<\/strong><\/p>\n<div>\n<table border=\"1\">\n<tbody>\n<tr>\n<td>Toldo de tablero macizo Pc<\/td>\n<\/tr>\n<\/tbody>\n<\/table>\n<table border=\"1\">\n<tbody>\n<tr>\n<td>\u00a0No.<\/td>\n<td>Modelo\u00a0<\/td>\n<td>\u00a0Espec.(D*A)mm<\/td>\n<td>\n<p>Grosor del tablero<\/p>\n<p>(mm)\u00a0<\/p>\n<\/td>\n<td>Observaci\u00f3n\u00a0<\/td>\n<td>Material del cuerpo principal\u00a0<\/td>\n<\/tr>\n<tr>\n<td>\u00a0Toldo Merican<\/td>\n<td>600-S(Hoja maciza)\u00a0<\/td>\n<td>\u00a0600mm*600mm(700mm;800mm)<\/td>\n<td>3\u00a0<\/td>\n<td>1Tablero,2soportes,juego completo de accesorios\u00a0<\/td>\n<td rowspan=\"5\">\u00a0\u00a0Soportes Pl\u00e1cticos de Ingenier\u00eda<\/td>\n<\/tr>\n<tr>\n<td>\u00a0Toldo Merican<\/td>\n<td>800-S(Hoja maciza)<\/td>\n<td>800mm*800mm(1000mm;1200mm;1500mm)<\/td>\n<td>3<\/td>\n<td>1Tablero,2soportes,juego completo de accesorios<\/td>\n<\/tr>\n<tr>\n<td>\u00a0Toldo Merican<\/td>\n<td>1000-S(Hoja maciza)<\/td>\n<td>1000mm*800mm(1000mm;1200mm;1500mm)<\/td>\n<td>3<\/td>\n<td>1Tablero,2soportes,juego completo de accesorios<\/td>\n<\/tr>\n<tr>\n<td>\u00a0Toldo Merican<\/td>\n<td>1200-S(Hoja maciza)<\/td>\n<td>1200mm*800mm(1000mm;1200mm;1500mm)<\/td>\n<td>3<\/td>\n<td>1Tablero,2soportes,juego completo de accesorios<\/td>\n<\/tr>\n<tr>\n<td>\u00a0Toldo Merican<\/td>\n<td>15100-S(Hoja maciza)<\/td>\n<td>1500mm*800mm(1000mm;1200mm;1500mm)<\/td>\n<td>3<\/td>\n<td>1Tablero,2soportes,juego completo de accesorios<\/td>\n<\/tr>\n<\/tbody>\n<\/table>\n<p>\u00a0<\/p>\n<table border=\"1\">\n<tbody>\n<tr>\n<td colspan=\"6\">Pc Toldo de tabla hueca<\/td>\n<\/tr>\n<tr>\n<td>No.<\/td>\n<td>Modelo<\/td>\n<td>Espec.(D*A)mm<\/td>\n<td>\n<p>Grosor del tablero<\/p>\n<p>(mm)<\/p>\n<\/td>\n<td>Observaci\u00f3n<\/td>\n<td>Material del cuerpo principal<\/td>\n<\/tr>\n<tr>\n<td>Toldo Merican<\/td>\n<td>600-H(Hoja hueca)<\/td>\n<td>600mm*600mm(800mm;1000mm;1200mm)<\/td>\n<td>6<\/td>\n<td>1Tablero, 2Soportes, juego completo de accesorios<\/td>\n<td rowspan=\"5\">Soportes Pl\u00e1cticos de Ingenier\u00eda<\/td>\n<\/tr>\n<tr>\n<td>Toldo Merican<\/td>\n<td>800-H(Hoja hueca)<\/td>\n<td>800mm*800mm(1000mm;1200mm;1500mm)<\/td>\n<td>6<\/td>\n<td>1Tablero, 2Soportes, juego completo de accesorios<\/td>\n<\/tr>\n<tr>\n<td>Toldo Merican<\/td>\n<td>1000-H(Chapa hueca)<\/td>\n<td>1000mm*800mm(1000mm;1200mm;1500mm)<\/td>\n<td>6<\/td>\n<td>1Tablero, 2Soportes, juego completo de accesorios<\/td>\n<\/tr>\n<tr>\n<td>Toldo Merican<\/td>\n<td>1200-H(Hoja hueca)<\/td>\n<td>1200mm*800mm(1000mm;1200mm;1500mm)<\/td>\n<td>6<\/td>\n<td>1Tablero, 2Soportes, juego completo de accesorios<\/td>\n<\/tr>\n<tr>\n<td>Toldo Merican<\/td>\n<td>1500-H(Hoja hueca)<\/td>\n<td>1500mm*800mm(1000mm;1200mm;1500mm)<\/td>\n<td>6<\/td>\n<td>1Tablero, 2Soportes, juego completo de accesorios<\/td>\n<\/tr>\n<\/tbody>\n<\/table>\n<\/div>\n<p>Soporte para toldo blanco\u00a0<br \/>1)precio competitivo\u00a0<br \/>2)endorable\u00a0<br \/><img decoding=\"async\" class=\"\" src=\"https:\/\/sc02.alicdn.com\/kf\/H9f08f5ed02234de4be18cc9d36d18cc91\/200162319\/H9f08f5ed02234de4be18cc9d36d18cc91.jpg\" alt=\"Alta Calidad Rain Protect Canopy refugio contra la lluvia marquesinas policarbonato l\u00e1mina transparente\" width=\"376\" height=\"376\" data-src=\"\/\/sc02.alicdn.com\/kf\/H9f08f5ed02234de4be18cc9d36d18cc91\/200162319\/H9f08f5ed02234de4be18cc9d36d18cc91.jpg\" data-alt=\"High Quality Rain Protect Canopy rain shelter canopies polycarbonate clear sheet\" data-width=\"630\" data- title=\"\"><img decoding=\"async\" class=\"\" src=\"https:\/\/sc02.alicdn.com\/kf\/Had0756212dc14f48b5c605d06ad52305b\/200162319\/Had0756212dc14f48b5c605d06ad52305b.jpg\" alt=\"Alta Calidad Rain Protect Canopy refugio contra la lluvia marquesinas policarbonato l\u00e1mina transparente\" width=\"377\" height=\"377\" data-src=\"\/\/sc02.alicdn.com\/kf\/Had0756212dc14f48b5c605d06ad52305b\/200162319\/Had0756212dc14f48b5c605d06ad52305b.jpg\" data-alt=\"High Quality Rain Protect Canopy rain shelter canopies polycarbonate clear sheet\" data-width=\"630\" data- title=\"\"><\/p>\n<div>\u00a0<\/div>\n<p><strong>Soporte para toldo blanco<\/strong><\/p>\n<p>*colores y dimensiones personalizados disponibles bajo pedido<\/p>\n<div>\n<p><strong>Caracter\u00edsticas del producto:<\/strong><\/p>\n<p>Resistencia al viento, Resistencia a los impactos, Antienvejecimiento, Anticorrosi\u00f3n, Autolimpieza por el agua de lluvia, Dise\u00f1o curvado para reducir el ruido, Filtraci\u00f3n de rayos UV, Transmisi\u00f3n de luz 80%.<\/p>\n<p>*Hoja: hoja de PC soild, hoja del sol de PC, tablero de aluminio-pl\u00e1stico, hoja de Reinous<\/p>\n<p>*La textura del soporte del toldo:Mezcla ABS-PVC<\/p>\n<p>*Piezas de conexi\u00f3n:Perfil H\/U<\/p>\n<p>*Accesorios: perno de expansi\u00f3n<\/p>\n<p>*Length:600mm,800mm,1000mm,1200mm<\/p>\n<p>*Aumentan infinitamente los soportes del toldo y se extienden libremente para el montaje<\/p>\n<p>*Un toldo innovador que se aleja completamente de los tradicionales toldos soldados a medida. *Un toldo sencillo en su estructura principal compuesta por una lona y soportes moldeados.<\/p>\n<p>*Al fabricarse en serie y ajustarse a la norma de dise\u00f1o r\u00edgido, el toldo es constante en su magn\u00edfica calidad de producto.<\/p>\n<p>*El toldo puede envi\u00e1rsele en un conjunto completo con los componentes principales de su estructura y los elementos de fijaci\u00f3n est\u00e1ndar.<\/p>\n<p>*El toldo est\u00e1 preparado para el bricolaje y puede ser instalado por los propietarios. El coste total de mano de obra y piezas puede ser la mitad que el de un toldo a medida.<\/p>\n<p>\u00a0*Toldo fabricado con materiales avanzados, es r\u00edgido en su estructura y puede soportar el fuerte temporal de viento.<\/p>\n<p>*El toldo est\u00e1 bien construido, es anti-caries y resistente a los golpes, Los ruidos del viento soplando y de la lluvia cayendo se reducen en gran medida en el toldo scoverboard.<br \/><img loading=\"lazy\" decoding=\"async\" class=\"\" src=\"https:\/\/sc02.alicdn.com\/kf\/HTB1JnbWkNuTBuNkHFNRq6A9qpXaz\/200162319\/HTB1JnbWkNuTBuNkHFNRq6A9qpXaz.jpg\" alt=\"Alta Calidad Rain Protect Canopy refugio contra la lluvia marquesinas policarbonato l\u00e1mina transparente\" width=\"395\" height=\"297\" data-src=\"\/\/sc02.alicdn.com\/kf\/HTB1JnbWkNuTBuNkHFNRq6A9qpXaz\/200162319\/HTB1JnbWkNuTBuNkHFNRq6A9qpXaz.jpg\" data-alt=\"High Quality Rain Protect Canopy rain shelter canopies polycarbonate clear sheet\" data-width=\"630\" data- title=\"\"><img loading=\"lazy\" decoding=\"async\" class=\"\" src=\"https:\/\/sc01.alicdn.com\/kf\/HTB1Om2YgCcqBKNjSZFgq6x_kXXaN\/200162319\/HTB1Om2YgCcqBKNjSZFgq6x_kXXaN.jpg\" alt=\"Alta Calidad Rain Protect Canopy refugio contra la lluvia marquesinas policarbonato l\u00e1mina transparente\" width=\"394\" height=\"296\" data-src=\"\/\/sc01.alicdn.com\/kf\/HTB1Om2YgCcqBKNjSZFgq6x_kXXaN\/200162319\/HTB1Om2YgCcqBKNjSZFgq6x_kXXaN.jpg\" data-alt=\"High Quality Rain Protect Canopy rain shelter canopies polycarbonate clear sheet\" data-width=\"630\" data- title=\"\"><\/p>\n<\/div>\n<div id=\"ali-anchor-AliPostDhMb-4ly65\" class=\"mceSectionContainer\" data-section=\"AliPostDhMb-4ly65\" data-section-title=\"Packaging &amp; Shipping\">\n<div id=\"ali-title-AliPostDhMb-4ly65\">Embalaje y env\u00edo<\/div>\n<div>\n<p>\u00a0<img decoding=\"async\" src=\"https:\/\/sc02.alicdn.com\/kf\/Hd05fdb0988024155a7956963ea5973acD\/200162319\/Hd05fdb0988024155a7956963ea5973acD.png\" alt=\"Alta Calidad Rain Protect Canopy refugio contra la lluvia marquesinas policarbonato l\u00e1mina transparente\" width=\"630\" height=\"474.58885941644564\" data-src=\"\/\/sc02.alicdn.com\/kf\/Hd05fdb0988024155a7956963ea5973acD\/200162319\/Hd05fdb0988024155a7956963ea5973acD.png\" data-alt=\"High Quality Rain Protect Canopy rain shelter canopies polycarbonate clear sheet\" data-width=\"630\" data- title=\"\"><\/p>\n<\/div>\n<\/div>","protected":false},"featured_media":15376,"parent":0,"template":"","product-catagories":[171],"product-tag":[],"class_list":["post-15381","product","type-product","status-publish","has-post-thumbnail","hentry","product-catagories-awning"],"acf":[],"_links":{"self":[{"href":"https:\/\/www.tononplastics.com\/es\/wp-json\/wp\/v2\/product\/15381","targetHints":{"allow":["GET"]}}],"collection":[{"href":"https:\/\/www.tononplastics.com\/es\/wp-json\/wp\/v2\/product"}],"about":[{"href":"https:\/\/www.tononplastics.com\/es\/wp-json\/wp\/v2\/types\/product"}],"version-history":[{"count":0,"href":"https:\/\/www.tononplastics.com\/es\/wp-json\/wp\/v2\/product\/15381\/revisions"}],"wp:featuredmedia":[{"embeddable":true,"href":"https:\/\/www.tononplastics.com\/es\/wp-json\/wp\/v2\/media\/15376"}],"wp:attachment":[{"href":"https:\/\/www.tononplastics.com\/es\/wp-json\/wp\/v2\/media?parent=15381"}],"wp:term":[{"taxonomy":"product-catagories","embeddable":true,"href":"https:\/\/www.tononplastics.com\/es\/wp-json\/wp\/v2\/product-catagories?post=15381"},{"taxonomy":"product-tag","embeddable":true,"href":"https:\/\/www.tononplastics.com\/es\/wp-json\/wp\/v2\/product-tag?post=15381"}],"curies":[{"name":"wp","href":"https:\/\/api.w.org\/{rel}","templated":true}]}}