{"id":15383,"date":"2023-08-23T23:52:10","date_gmt":"2023-08-23T15:52:10","guid":{"rendered":"https:\/\/tononplastics.com\/?post_type=product&#038;p=15383"},"modified":"2024-03-25T17:16:37","modified_gmt":"2024-03-25T09:16:37","slug":"diy-reliable-awning-for-balcony-roof-or-windows-awning","status":"publish","type":"product","link":"https:\/\/www.tononplastics.com\/es\/product\/diy-reliable-awning-for-balcony-roof-or-windows-awning\/","title":{"rendered":"Toldo fiable DIY para Techo de balc\u00f3n o Toldo de ventana"},"content":{"rendered":"<p align=\"left\"><strong style=\"color: initial;\">Descripci\u00f3n del producto<\/strong><\/p>\n<p align=\"left\">\u00a0 \u00a0El soporte del toldo es fuerte y endurable.it no es ninguna lesi\u00f3n obvia por 4,5 kilogramos de impacto de la bola de hierro.la vida de servicio es 8-15 veces tanto como los toldos ordinarios\u2019.Being probado en malas condiciones clim\u00e1ticas,los soportes del toldo merican se pueden utilizar m\u00e1s de 20 a\u00f1os.<\/p>\n<p align=\"left\">\u00a0 \u00a0 El toldo de tela y el toldo de plexigl\u00e1s tampoco pueden resistir los tifones de forma duradera, pero los soportes de toldo Merican est\u00e1n hechos de materiales avanzados, por lo que los soportes de toldo Merican pueden resistir los tifones de forma duradera y reducir el ruido.<\/p>\n<p align=\"left\">\u00a0 \u00a0 \u00a0El toldo est\u00e1 preparado para el bricolaje y los propietarios pueden instalarlo f\u00e1cilmente, lo que ahorra costes y espacio.<\/p>\n<p align=\"left\">\u00a0<img decoding=\"async\" src=\"https:\/\/sc01.alicdn.com\/kf\/H145c9c7432d4497e82ab7af0f96fa1d5d\/200162319\/H145c9c7432d4497e82ab7af0f96fa1d5d.png\" alt=\"Toldo fiable DIY para Techo de balc\u00f3n o Toldo de ventana\" width=\"630\" height=\"441.5308988764045\" data-src=\"\/\/sc01.alicdn.com\/kf\/H145c9c7432d4497e82ab7af0f96fa1d5d\/200162319\/H145c9c7432d4497e82ab7af0f96fa1d5d.png\" data-alt=\"DIY reliable awning for Balcony roof or Windows awning\" data-width=\"630\" data- title=\"\"><img decoding=\"async\" src=\"https:\/\/sc01.alicdn.com\/kf\/H2d98bb868b2d4385b8957b7b46c19741H\/200162319\/H2d98bb868b2d4385b8957b7b46c19741H.png\" alt=\"Toldo fiable DIY para Techo de balc\u00f3n o Toldo de ventana\" width=\"630\" height=\"330.7038123167155\" data-src=\"\/\/sc01.alicdn.com\/kf\/H2d98bb868b2d4385b8957b7b46c19741H\/200162319\/H2d98bb868b2d4385b8957b7b46c19741H.png\" data-alt=\"DIY reliable awning for Balcony roof or Windows awning\" data-width=\"630\" data- title=\"\"><\/p>\n<div id=\"ali-anchor-AliPostDhMb-iaq4y\" data-section=\"AliPostDhMb-iaq4y\" data-section-title=\"Packaging &amp; Shipping\"><\/div>\n<table border=\"0\" cellspacing=\"0\" cellpadding=\"0\">\n<tbody>\n<tr>\n<td height=\"20\">PREGUNTAS FRECUENTES<\/td>\n<td><\/td>\n<td><\/td>\n<\/tr>\n<tr>\n<td colspan=\"3\" height=\"20\">1.P:\u00bfEs usted una empresa comercial o un fabricante?<\/td>\n<\/tr>\n<tr>\n<td colspan=\"3\" height=\"20\">R:Somos fabricantes.<\/td>\n<\/tr>\n<tr>\n<td colspan=\"3\" height=\"20\">2.P: \u00bfCu\u00e1l es el plazo de entrega?<\/td>\n<\/tr>\n<tr>\n<td colspan=\"3\" height=\"20\">R: De acuerdo con la dificultad y la cantidad de procesamiento del producto, se le dar\u00e1 un tiempo de llegada razonable.<\/td>\n<\/tr>\n<tr>\n<td colspan=\"3\" height=\"20\">3.P:\u00bfProporcionan muestras? \u00bfson gratuitas o adicionales?<\/td>\n<\/tr>\n<tr>\n<td colspan=\"3\" height=\"20\">R: S\u00ed, podr\u00edamos ofrecer la muestra de forma gratuita, pero no pagar el costo de la carga.<\/td>\n<\/tr>\n<tr>\n<td colspan=\"3\" height=\"20\">4.P:\u00bfCu\u00e1les son los servicios posventa?<\/td>\n<\/tr>\n<tr>\n<td colspan=\"3\" height=\"20\">R: En caso de problemas de calidad, puede cambiar el paquete en un plazo de 90 d\u00edas.<\/td>\n<\/tr>\n<\/tbody>\n<\/table>\n<p align=\"left\">\u00a0<img decoding=\"async\" src=\"https:\/\/sc01.alicdn.com\/kf\/HTB1Zj.KsVmWBuNjSspdq6zugXXa2\/200162319\/HTB1Zj.KsVmWBuNjSspdq6zugXXa2.jpg\" alt=\"Toldo fiable DIY para Techo de balc\u00f3n o Toldo de ventana\" width=\"630\" height=\"863.013698630137\" data-src=\"\/\/sc01.alicdn.com\/kf\/HTB1Zj.KsVmWBuNjSspdq6zugXXa2\/200162319\/HTB1Zj.KsVmWBuNjSspdq6zugXXa2.jpg\" data-alt=\"DIY reliable awning for Balcony roof or Windows awning\" data-width=\"630\" data- title=\"\"><\/p>","protected":false},"featured_media":16070,"parent":0,"template":"","product-catagories":[171],"product-tag":[],"class_list":["post-15383","product","type-product","status-publish","has-post-thumbnail","hentry","product-catagories-awning"],"acf":[],"_links":{"self":[{"href":"https:\/\/www.tononplastics.com\/es\/wp-json\/wp\/v2\/product\/15383","targetHints":{"allow":["GET"]}}],"collection":[{"href":"https:\/\/www.tononplastics.com\/es\/wp-json\/wp\/v2\/product"}],"about":[{"href":"https:\/\/www.tononplastics.com\/es\/wp-json\/wp\/v2\/types\/product"}],"version-history":[{"count":0,"href":"https:\/\/www.tononplastics.com\/es\/wp-json\/wp\/v2\/product\/15383\/revisions"}],"wp:featuredmedia":[{"embeddable":true,"href":"https:\/\/www.tononplastics.com\/es\/wp-json\/wp\/v2\/media\/16070"}],"wp:attachment":[{"href":"https:\/\/www.tononplastics.com\/es\/wp-json\/wp\/v2\/media?parent=15383"}],"wp:term":[{"taxonomy":"product-catagories","embeddable":true,"href":"https:\/\/www.tononplastics.com\/es\/wp-json\/wp\/v2\/product-catagories?post=15383"},{"taxonomy":"product-tag","embeddable":true,"href":"https:\/\/www.tononplastics.com\/es\/wp-json\/wp\/v2\/product-tag?post=15383"}],"curies":[{"name":"wp","href":"https:\/\/api.w.org\/{rel}","templated":true}]}}