{"id":15394,"date":"2023-08-24T00:01:21","date_gmt":"2023-08-23T16:01:21","guid":{"rendered":"https:\/\/tononplastics.com\/?post_type=product&#038;p=15394"},"modified":"2024-04-22T09:03:42","modified_gmt":"2024-04-22T01:03:42","slug":"songlang-polycarbonate-profile-h","status":"publish","type":"product","link":"https:\/\/www.tononplastics.com\/es\/product\/songlang-polycarbonate-profile-h\/","title":{"rendered":"Policarbonato Perfil H"},"content":{"rendered":"<figure class=\"wp-block-gallery has-nested-images columns-default is-cropped wp-block-gallery-1 is-layout-flex wp-block-gallery-is-layout-flex\">\n<figure class=\"wp-block-image size-large\"><img fetchpriority=\"high\" decoding=\"async\" width=\"800\" height=\"800\" data-id=\"13968\" src=\"https:\/\/www.tononplastics.com\/wp-content\/uploads\/2023\/05\/polycarbonate-redge-cap.jpg\" alt=\"\" class=\"wp-image-13968\" title=\"\" srcset=\"https:\/\/www.tononplastics.com\/wp-content\/uploads\/2023\/05\/polycarbonate-redge-cap.jpg 800w, https:\/\/www.tononplastics.com\/wp-content\/uploads\/2023\/05\/polycarbonate-redge-cap-300x300.jpg 300w, https:\/\/www.tononplastics.com\/wp-content\/uploads\/2023\/05\/polycarbonate-redge-cap-150x150.jpg 150w, https:\/\/www.tononplastics.com\/wp-content\/uploads\/2023\/05\/polycarbonate-redge-cap-768x768.jpg 768w\" sizes=\"(max-width: 800px) 100vw, 800px\" \/><\/figure>\n\n\n\n<figure class=\"wp-block-image size-large\"><img decoding=\"async\" width=\"800\" height=\"800\" data-id=\"13745\" src=\"https:\/\/www.tononplastics.com\/wp-content\/uploads\/2023\/05\/transparent-roofing-sheet.jpg\" alt=\"\" class=\"wp-image-13745\" title=\"\" srcset=\"https:\/\/www.tononplastics.com\/wp-content\/uploads\/2023\/05\/transparent-roofing-sheet.jpg 800w, https:\/\/www.tononplastics.com\/wp-content\/uploads\/2023\/05\/transparent-roofing-sheet-300x300.jpg 300w, https:\/\/www.tononplastics.com\/wp-content\/uploads\/2023\/05\/transparent-roofing-sheet-150x150.jpg 150w, https:\/\/www.tononplastics.com\/wp-content\/uploads\/2023\/05\/transparent-roofing-sheet-768x768.jpg 768w\" sizes=\"(max-width: 800px) 100vw, 800px\" \/><\/figure>\n<\/figure>\n\n\n\n<p>en la luz del sol por capas se utiliza principalmente en la placa y la placa de uni\u00f3n y de gran envergadura entre el uso de tablero y tablero de la conexi\u00f3n entre el tabl\u00f3n.<br>Tanto hermoso y easy.construction instalaci\u00f3n y conveniente, el color puede ser seleccionado de acuerdo a la ingenier\u00eda de instalaci\u00f3n de hoja de sincronizaci\u00f3n de color,<\/p>\n\n\n\n<p><strong>Material:<\/strong>\u00a0Policarbonato alem\u00e1n bayer Markolon\/Policarbonato americano GE Lexan<br><strong>Especificaci\u00f3n:<\/strong>\u00a06 m\/a, cantidad o seg\u00fan necesidades especiales del cliente longitud (en condiciones permitidas de transporte).<\/p>\n\n\n\n<p>\u00a14 mm PC-Hpick up 6 mm en PC-H tomar 8 mm en PC-H pick10 mm en PC-H de 12 mm por ~ 20 mm tablero de tres capas PC-H en PC sol tablero U cumplir con el borde se utiliza principalmente en el sol termina tablero de sellado, evitar que el polvo, la lluvia, y los insectos en el agujero del tablero, afecta a la vida \u00fatil del tabl\u00f3n y hermoso!<\/p>\n\n\n\n<p>\u00a0<strong>Material: <\/strong>Policarbonato alem\u00e1n bayer Markolon\/Policarbonato americano GE Lexan<br><strong>Especificaci\u00f3n:<\/strong> 6 m\/a, cantidad o seg\u00fan las necesidades especiales de los clientes longitud (en condiciones permitidas de transporte). 4 mm ~ 6 mm PC-U para recibir un borde a 8 mm a 10 mmPC-U la edg<\/p>\n\n\n\n<figure class=\"wp-block-image\"><img decoding=\"async\" src=\"https:\/\/sc02.alicdn.com\/kf\/H4a5e33e5f1034bce8dde77f9a90d1cd9q\/200162319\/H4a5e33e5f1034bce8dde77f9a90d1cd9q.png\" alt=\"Perfil de policarbonato Songlang H\" title=\"\"><\/figure>\n\n\n\n<figure class=\"wp-block-image\"><img decoding=\"async\" src=\"https:\/\/sc02.alicdn.com\/kf\/Hd05fdb0988024155a7956963ea5973acD\/200162319\/Hd05fdb0988024155a7956963ea5973acD.png\" alt=\"Perfil de policarbonato Songlang H\" title=\"\"><\/figure>\n\n\n\n<figure class=\"wp-block-image\"><img decoding=\"async\" src=\"https:\/\/sc02.alicdn.com\/kf\/H02a52324dc024cdcbaee8c550d0c5b3cR\/200162319\/H02a52324dc024cdcbaee8c550d0c5b3cR.png\" alt=\"Perfil de policarbonato Songlang H\" title=\"\"><\/figure>\n\n\n\n<div class=\"wp-block-columns is-layout-flex wp-container-core-columns-is-layout-28f84493 wp-block-columns-is-layout-flex\"><\/div>","protected":false},"featured_media":16747,"parent":0,"template":"","product-catagories":[174,172],"product-tag":[],"class_list":["post-15394","product","type-product","status-publish","has-post-thumbnail","hentry","product-catagories-polycarbonate-corrugated-sheet","product-catagories-polycarbonate-light-diffuse-sheet"],"acf":[],"_links":{"self":[{"href":"https:\/\/www.tononplastics.com\/es\/wp-json\/wp\/v2\/product\/15394","targetHints":{"allow":["GET"]}}],"collection":[{"href":"https:\/\/www.tononplastics.com\/es\/wp-json\/wp\/v2\/product"}],"about":[{"href":"https:\/\/www.tononplastics.com\/es\/wp-json\/wp\/v2\/types\/product"}],"version-history":[{"count":0,"href":"https:\/\/www.tononplastics.com\/es\/wp-json\/wp\/v2\/product\/15394\/revisions"}],"wp:featuredmedia":[{"embeddable":true,"href":"https:\/\/www.tononplastics.com\/es\/wp-json\/wp\/v2\/media\/16747"}],"wp:attachment":[{"href":"https:\/\/www.tononplastics.com\/es\/wp-json\/wp\/v2\/media?parent=15394"}],"wp:term":[{"taxonomy":"product-catagories","embeddable":true,"href":"https:\/\/www.tononplastics.com\/es\/wp-json\/wp\/v2\/product-catagories?post=15394"},{"taxonomy":"product-tag","embeddable":true,"href":"https:\/\/www.tononplastics.com\/es\/wp-json\/wp\/v2\/product-tag?post=15394"}],"curies":[{"name":"wp","href":"https:\/\/api.w.org\/{rel}","templated":true}]}}