{"id":15397,"date":"2023-01-22T11:01:23","date_gmt":"2023-01-22T03:01:23","guid":{"rendered":"https:\/\/tononplastics.com\/?post_type=product&#038;p=15397"},"modified":"2024-03-25T16:31:18","modified_gmt":"2024-03-25T08:31:18","slug":"colorful-polycarbonate-profile-h-for-polycarbonate-sheet-pc-profile-h","status":"publish","type":"product","link":"https:\/\/www.tononplastics.com\/es\/product\/colorful-polycarbonate-profile-h-for-polycarbonate-sheet-pc-profile-h\/","title":{"rendered":"Accesorio de policarbonato de 4-16 mm Perfil H y U"},"content":{"rendered":"<p><strong>Placa de circuito impreso H<\/strong> en la luz del sol por capas se utiliza principalmente en la placa y la placa de uni\u00f3n y de gran envergadura entre el uso bordo\u00a0<span style=\"font-size: revert; color: initial;\">y tablero de la conexi\u00f3n entre el tabl\u00f3n. Tanto hermoso y f\u00e1cil, la instalaci\u00f3n de la construcci\u00f3n y conveniente,\u00a0<\/span><span style=\"font-size: revert; color: initial;\">El color puede seleccionarse de acuerdo con la sincronizaci\u00f3n del color de la hoja de instalaci\u00f3n de ingenier\u00eda.\u00a0<\/span><\/p>\n<p><strong>Material:<\/strong>\u00a0Policarbonato alem\u00e1n bayer Markolon\/Policarbonato americano GE Lexan<\/p>\n<p><img fetchpriority=\"high\" decoding=\"async\" class=\"\" src=\"https:\/\/sc02.alicdn.com\/kf\/Ha019b4cbc98f4e77838162ef3e28ca98z\/200162319\/Ha019b4cbc98f4e77838162ef3e28ca98z.jpg\" alt=\"Colorido perfil de policarbonato H para l\u00e1mina de policarbonato pc perfil H\" width=\"381\" height=\"381\" data-src=\"\/\/sc02.alicdn.com\/kf\/Ha019b4cbc98f4e77838162ef3e28ca98z\/200162319\/Ha019b4cbc98f4e77838162ef3e28ca98z.jpg\" data-alt=\"Colorful polycarbonate profile H for polycarbonate sheet pc  profile H\" data-width=\"600\" data- title=\"\"><img decoding=\"async\" class=\"\" src=\"https:\/\/sc01.alicdn.com\/kf\/H62e1d0749c0e47d8a7f0117ffaa51eear\/200162319\/H62e1d0749c0e47d8a7f0117ffaa51eear.jpg\" alt=\"Colorido perfil de policarbonato H para l\u00e1mina de policarbonato pc perfil H\" width=\"384\" height=\"384\" data-src=\"\/\/sc01.alicdn.com\/kf\/H62e1d0749c0e47d8a7f0117ffaa51eear\/200162319\/H62e1d0749c0e47d8a7f0117ffaa51eear.jpg\" data-alt=\"Colorful polycarbonate profile H for polycarbonate sheet pc  profile H\" data-width=\"600\" data- title=\"\"><\/p>\n<div id=\"ali-anchor-AliPostDhMb-n9vgt\" data-section=\"AliPostDhMb-n9vgt\" data-section-title=\"Product Description\">\n<div id=\"ali-title-AliPostDhMb-n9vgt\"><strong>Descripci\u00f3n del producto<\/strong><br \/>\n<span style=\"color: initial; font-size: revert;\">especificaci\u00f3n de policarbonato: 6 m\/a, cantidad o seg\u00fan los clientes\u2019 <\/span><span style=\"font-size: revert; color: initial;\">longitud para necesidades especiales (en transporte\u00a0<\/span><span style=\"font-size: revert; color: initial;\">condiciones permitidas).\u00a0<\/span><\/div>\n<\/div>\n<p>4 mm PC-H toma 6 mm en PC-H toma 8 mm en PC-H toma 10 mm<\/p>\n<p>en PC-H de 12 mm por ~ 20 mm tablero de tres capas PC-H en PC sol tablero U cumplir con el borde se utiliza principalmente en el sol termina<\/p>\n<p>El sellado de la tabla evita que el polvo, la lluvia y los insectos penetren en el agujero de la tabla y afecten a la tabla.<\/p>\n<p>\u00a1vida \u00fatil y hermosa!<\/p>\n<div id=\"ali-anchor-AliPostDhMb-fcokm\" data-section=\"AliPostDhMb-fcokm\" data-section-title=\"Company Information\">\n<div id=\"ali-title-AliPostDhMb-fcokm\"><strong>Informaci\u00f3n sobre la empresa<\/strong><\/div>\n<div>\n<p>\u00a0<img decoding=\"async\" src=\"https:\/\/sc01.alicdn.com\/kf\/Hc6401cfcb4334b6db778c359d08238c0l\/200162319\/Hc6401cfcb4334b6db778c359d08238c0l.jpg\" alt=\"Colorido perfil de policarbonato H para l\u00e1mina de policarbonato pc perfil H\" width=\"630\" height=\"1226.3999999999999\" data-src=\"\/\/sc01.alicdn.com\/kf\/Hc6401cfcb4334b6db778c359d08238c0l\/200162319\/Hc6401cfcb4334b6db778c359d08238c0l.jpg\" data-alt=\"Colorful polycarbonate profile H for polycarbonate sheet pc  profile H\" data-width=\"630\" data- title=\"\"><img decoding=\"async\" src=\"https:\/\/sc01.alicdn.com\/kf\/H74247c1d61554ba2a775e9ce59244207e\/200162319\/H74247c1d61554ba2a775e9ce59244207e.jpg\" alt=\"Colorido perfil de policarbonato H para l\u00e1mina de policarbonato pc perfil H\" width=\"630\" height=\"509.04\" data-src=\"\/\/sc01.alicdn.com\/kf\/H74247c1d61554ba2a775e9ce59244207e\/200162319\/H74247c1d61554ba2a775e9ce59244207e.jpg\" data-alt=\"Colorful polycarbonate profile H for polycarbonate sheet pc  profile H\" data-width=\"630\" data- title=\"\"><img decoding=\"async\" src=\"https:\/\/sc02.alicdn.com\/kf\/Hd05fdb0988024155a7956963ea5973acD\/200162319\/Hd05fdb0988024155a7956963ea5973acD.png\" alt=\"Colorido perfil de policarbonato H para l\u00e1mina de policarbonato pc perfil H\" width=\"630\" height=\"474.58885941644564\" data-src=\"\/\/sc02.alicdn.com\/kf\/Hd05fdb0988024155a7956963ea5973acD\/200162319\/Hd05fdb0988024155a7956963ea5973acD.png\" data-alt=\"Colorful polycarbonate profile H for polycarbonate sheet pc  profile H\" data-width=\"630\" data- title=\"\"><img decoding=\"async\" src=\"https:\/\/sc02.alicdn.com\/kf\/H02a52324dc024cdcbaee8c550d0c5b3cR\/200162319\/H02a52324dc024cdcbaee8c550d0c5b3cR.png\" alt=\"Colorido perfil de policarbonato H para l\u00e1mina de policarbonato pc perfil H\" width=\"630\" height=\"214.7347480106101\" data-src=\"\/\/sc02.alicdn.com\/kf\/H02a52324dc024cdcbaee8c550d0c5b3cR\/200162319\/H02a52324dc024cdcbaee8c550d0c5b3cR.png\" data-alt=\"Colorful polycarbonate profile H for polycarbonate sheet pc  profile H\" data-width=\"630\" data- title=\"\"><img decoding=\"async\" src=\"https:\/\/sc02.alicdn.com\/kf\/H4a5e33e5f1034bce8dde77f9a90d1cd9q\/200162319\/H4a5e33e5f1034bce8dde77f9a90d1cd9q.png\" alt=\"Colorido perfil de policarbonato H para l\u00e1mina de policarbonato pc perfil H\" width=\"630\" height=\"586.3781624500665\" data-src=\"\/\/sc02.alicdn.com\/kf\/H4a5e33e5f1034bce8dde77f9a90d1cd9q\/200162319\/H4a5e33e5f1034bce8dde77f9a90d1cd9q.png\" data-alt=\"Colorful polycarbonate profile H for polycarbonate sheet pc  profile H\" data-width=\"630\" data- title=\"\"><\/p>\n<\/div>\n<\/div>","protected":false},"featured_media":15410,"parent":0,"template":"","product-catagories":[172],"product-tag":[],"class_list":["post-15397","product","type-product","status-publish","has-post-thumbnail","hentry","product-catagories-polycarbonate-light-diffuse-sheet"],"acf":[],"_links":{"self":[{"href":"https:\/\/www.tononplastics.com\/es\/wp-json\/wp\/v2\/product\/15397","targetHints":{"allow":["GET"]}}],"collection":[{"href":"https:\/\/www.tononplastics.com\/es\/wp-json\/wp\/v2\/product"}],"about":[{"href":"https:\/\/www.tononplastics.com\/es\/wp-json\/wp\/v2\/types\/product"}],"version-history":[{"count":0,"href":"https:\/\/www.tononplastics.com\/es\/wp-json\/wp\/v2\/product\/15397\/revisions"}],"wp:featuredmedia":[{"embeddable":true,"href":"https:\/\/www.tononplastics.com\/es\/wp-json\/wp\/v2\/media\/15410"}],"wp:attachment":[{"href":"https:\/\/www.tononplastics.com\/es\/wp-json\/wp\/v2\/media?parent=15397"}],"wp:term":[{"taxonomy":"product-catagories","embeddable":true,"href":"https:\/\/www.tononplastics.com\/es\/wp-json\/wp\/v2\/product-catagories?post=15397"},{"taxonomy":"product-tag","embeddable":true,"href":"https:\/\/www.tononplastics.com\/es\/wp-json\/wp\/v2\/product-tag?post=15397"}],"curies":[{"name":"wp","href":"https:\/\/api.w.org\/{rel}","templated":true}]}}