{"id":15417,"date":"2023-08-22T11:10:19","date_gmt":"2023-08-22T03:10:19","guid":{"rendered":"https:\/\/tononplastics.com\/?post_type=product&#038;p=15417"},"modified":"2024-03-25T10:58:10","modified_gmt":"2024-03-25T02:58:10","slug":"scratch-solution-resistant-polycarbonate-solid-frosted-polycarbonate-sheet-pc-sheets","status":"publish","type":"product","link":"https:\/\/www.tononplastics.com\/es\/product\/scratch-solution-resistant-polycarbonate-solid-frosted-polycarbonate-sheet-pc-sheets\/","title":{"rendered":"Soluci\u00f3n resistente a los ara\u00f1azos policarbonato s\u00f3lido esmerilado policarbonato hoja pc hojas"},"content":{"rendered":"<figure class=\"wp-block-gallery has-nested-images columns-default is-cropped wp-block-gallery-1 is-layout-flex wp-block-gallery-is-layout-flex\">\n<figure class=\"wp-block-image size-full\"><img fetchpriority=\"high\" decoding=\"async\" width=\"640\" height=\"640\" data-id=\"15422\" src=\"https:\/\/www.tononplastics.com\/wp-content\/uploads\/2023\/08\/Hdce328a67d81495a812f963bcc590d4e8.jpg\" alt=\"\" class=\"wp-image-15422\" title=\"\" srcset=\"https:\/\/www.tononplastics.com\/wp-content\/uploads\/2023\/08\/Hdce328a67d81495a812f963bcc590d4e8.jpg 640w, https:\/\/www.tononplastics.com\/wp-content\/uploads\/2023\/08\/Hdce328a67d81495a812f963bcc590d4e8-300x300.jpg 300w, https:\/\/www.tononplastics.com\/wp-content\/uploads\/2023\/08\/Hdce328a67d81495a812f963bcc590d4e8-150x150.jpg 150w\" sizes=\"(max-width: 640px) 100vw, 640px\" \/><\/figure>\n\n\n\n<figure class=\"wp-block-image size-full\"><img decoding=\"async\" data-id=\"15954\" src=\"https:\/\/www.tononplastics.com\/wp-content\/uploads\/2024\/03\/HTB15gMmkMKTBuNkSne1q6yJoXXaN.webp\" alt=\"\" class=\"wp-image-15954\" title=\"\"><\/figure>\n<\/figure>\n\n\n<p><strong>Aplicaciones:<br \/><\/strong>1. Excelentes materiales para techos, ampliamente utilizados para ventanas abuhardilladas, claraboyas, porches extendidos e invernaderos, espacios comerciales en hoteles, cafeter\u00edas, boutiques y salones de belleza, centro de exposiciones y cabinas telef\u00f3nicas.<br \/>2. Pared de aislamiento ac\u00fastico para autopistas, ferrocarril de alta velocidad.<br \/>3. 3. Carteles publicitarios.<br \/>4. Iluminaci\u00f3n decorativa en bancos, hospitales, aeropuertos, estaciones de autob\u00fas y ferrocarril y guarder\u00edas.<br \/>5. No t\u00f3xico, se mantiene en contacto con los alimentos.<br \/>6. Sustituci\u00f3n del vidrio ordinario en muchos lugares.<\/p>\n<p><strong>Caracter\u00edsticas:<br \/><\/strong><span style=\"font-size: revert; color: initial;\">1. Excelente rendimiento f\u00edsico y mec\u00e1nico.<br \/><\/span><span style=\"font-size: revert; color: initial;\">2. Buen aislamiento el\u00e9ctrico, t\u00e9rmico y ac\u00fastico.<br \/>3. Buena resistencia al impacto y alta tenacidad.<br \/>4. 4. Buena transmisi\u00f3n de la luz.<br \/>5. Buena resistencia a la temperatura.<br \/>6. Incendio retardado.<br \/>7. No t\u00f3xico.<br \/>8. Protecci\u00f3n UV.<br \/>9. Envejecimiento del oso.<\/span><\/p>\n<p><img decoding=\"async\" src=\"https:\/\/sc01.alicdn.com\/kf\/Hee35153016fb4f64a8abd2cf77d8280dQ\/200162319\/Hee35153016fb4f64a8abd2cf77d8280dQ.jpg\" alt=\"Soluci\u00f3n resistente a los ara\u00f1azos policarbonato s\u00f3lido esmerilado policarbonato hoja pc hojas\" width=\"630\" height=\"404.88\" data-src=\"\/\/sc01.alicdn.com\/kf\/Hee35153016fb4f64a8abd2cf77d8280dQ\/200162319\/Hee35153016fb4f64a8abd2cf77d8280dQ.jpg\" data-alt=\"Scratch solution resistant polycarbonate solid frosted polycarbonate sheet pc sheets\" data-width=\"630\" data- title=\"\"><img decoding=\"async\" src=\"https:\/\/sc01.alicdn.com\/kf\/Hc6401cfcb4334b6db778c359d08238c0l\/200162319\/Hc6401cfcb4334b6db778c359d08238c0l.jpg\" alt=\"Soluci\u00f3n resistente a los ara\u00f1azos policarbonato s\u00f3lido esmerilado policarbonato hoja pc hojas\" width=\"630\" height=\"1226.3999999999999\" data-src=\"\/\/sc01.alicdn.com\/kf\/Hc6401cfcb4334b6db778c359d08238c0l\/200162319\/Hc6401cfcb4334b6db778c359d08238c0l.jpg\" data-alt=\"Scratch solution resistant polycarbonate solid frosted polycarbonate sheet pc sheets\" data-width=\"630\" data- title=\"\"><img decoding=\"async\" src=\"https:\/\/sc02.alicdn.com\/kf\/H02a52324dc024cdcbaee8c550d0c5b3cR\/200162319\/H02a52324dc024cdcbaee8c550d0c5b3cR.png\" alt=\"Soluci\u00f3n resistente a los ara\u00f1azos policarbonato s\u00f3lido esmerilado policarbonato hoja pc hojas\" width=\"630\" height=\"214.7347480106101\" data-src=\"\/\/sc02.alicdn.com\/kf\/H02a52324dc024cdcbaee8c550d0c5b3cR\/200162319\/H02a52324dc024cdcbaee8c550d0c5b3cR.png\" data-alt=\"Scratch solution resistant polycarbonate solid frosted polycarbonate sheet pc sheets\" data-width=\"630\" data- title=\"\"><\/p>\n<div id=\"ali-anchor-AliPostDhMb-bo0og\" data-section=\"AliPostDhMb-bo0og\" data-section-title=\"FAQ\">\n<div id=\"ali-title-AliPostDhMb-bo0og\"><strong>PREGUNTAS FRECUENTES<\/strong><\/div>\n<div>\n<table border=\"0\" cellspacing=\"0\" cellpadding=\"0\">\n<tbody>\n<tr>\n<td colspan=\"2\" height=\"20\">1.P:\u00bfEs usted una empresa comercial o un fabricante?<\/td>\n<\/tr>\n<tr>\n<td colspan=\"2\" height=\"20\">R:Somos fabricantes.<\/td>\n<\/tr>\n<tr>\n<td colspan=\"2\" height=\"20\">2.P: \u00bfCu\u00e1l es el plazo de entrega?<\/td>\n<\/tr>\n<tr>\n<td colspan=\"2\" height=\"20\">R: De acuerdo con la dificultad y la cantidad de procesamiento del producto, se le dar\u00e1 un tiempo de llegada razonable.<\/td>\n<\/tr>\n<tr>\n<td colspan=\"2\" height=\"20\">3.P:\u00bfProporcionan muestras? \u00bfson gratuitas o adicionales?<\/td>\n<\/tr>\n<tr>\n<td colspan=\"2\" height=\"20\">R: S\u00ed, podr\u00edamos ofrecer la muestra de forma gratuita, pero no pagar el costo de la carga.<\/td>\n<\/tr>\n<tr>\n<td colspan=\"2\" height=\"20\">4.P:\u00bfCu\u00e1les son los servicios posventa?<\/td>\n<\/tr>\n<tr>\n<td colspan=\"2\" height=\"20\">R: En caso de problemas de calidad, puede cambiar el paquete en un plazo de 90 d\u00edas.<\/td>\n<\/tr>\n<\/tbody>\n<\/table>\n<\/div>\n<\/div>","protected":false},"featured_media":15998,"parent":0,"template":"","product-catagories":[170],"product-tag":[],"class_list":["post-15417","product","type-product","status-publish","has-post-thumbnail","hentry","product-catagories-polycarbonate-deep-processing"],"acf":[],"_links":{"self":[{"href":"https:\/\/www.tononplastics.com\/es\/wp-json\/wp\/v2\/product\/15417","targetHints":{"allow":["GET"]}}],"collection":[{"href":"https:\/\/www.tononplastics.com\/es\/wp-json\/wp\/v2\/product"}],"about":[{"href":"https:\/\/www.tononplastics.com\/es\/wp-json\/wp\/v2\/types\/product"}],"version-history":[{"count":0,"href":"https:\/\/www.tononplastics.com\/es\/wp-json\/wp\/v2\/product\/15417\/revisions"}],"wp:featuredmedia":[{"embeddable":true,"href":"https:\/\/www.tononplastics.com\/es\/wp-json\/wp\/v2\/media\/15998"}],"wp:attachment":[{"href":"https:\/\/www.tononplastics.com\/es\/wp-json\/wp\/v2\/media?parent=15417"}],"wp:term":[{"taxonomy":"product-catagories","embeddable":true,"href":"https:\/\/www.tononplastics.com\/es\/wp-json\/wp\/v2\/product-catagories?post=15417"},{"taxonomy":"product-tag","embeddable":true,"href":"https:\/\/www.tononplastics.com\/es\/wp-json\/wp\/v2\/product-tag?post=15417"}],"curies":[{"name":"wp","href":"https:\/\/api.w.org\/{rel}","templated":true}]}}