{"id":15420,"date":"2023-08-22T11:11:29","date_gmt":"2023-08-22T03:11:29","guid":{"rendered":"https:\/\/tononplastics.com\/?post_type=product&#038;p=15420"},"modified":"2024-03-25T15:40:17","modified_gmt":"2024-03-25T07:40:17","slug":"led-panel-lighting-diffuserled-light-diffusion-sheet-bulb-diffusing-polycarbonate","status":"publish","type":"product","link":"https:\/\/www.tononplastics.com\/es\/product\/led-panel-lighting-diffuserled-light-diffusion-sheet-bulb-diffusing-polycarbonate\/","title":{"rendered":"led panel de iluminaci\u00f3n difusor,led de luz difusa hoja de bombilla difusora de policarbonato"},"content":{"rendered":"<div id=\"ali-anchor-AliPostDhMb-payd1\" class=\"mceSectionContainer\" data-section=\"AliPostDhMb-payd1\" data-section-title=\"Product Description\">\n<div id=\"ali-title-AliPostDhMb-payd1\"><\/div>\n<div>\n<p>\u00a0<img fetchpriority=\"high\" decoding=\"async\" class=\"\" src=\"https:\/\/sc01.alicdn.com\/kf\/H600807c9a63446b58826fc05a3ec45f7R\/200162319\/H600807c9a63446b58826fc05a3ec45f7R.jpg\" alt=\"led panel de iluminaci\u00f3n difusor,led de luz difusa hoja de bombilla difusora de policarbonato\" width=\"404\" height=\"404\" data-src=\"\/\/sc01.alicdn.com\/kf\/H600807c9a63446b58826fc05a3ec45f7R\/200162319\/H600807c9a63446b58826fc05a3ec45f7R.jpg\" data-alt=\"led panel lighting diffuser,led light diffusion sheet bulb diffusing polycarbonate\" data-width=\"630\" data-spm-anchor-id=\"a2700.details.0.i20.5a162df0k7iIjR\" data- title=\"\"><img decoding=\"async\" class=\"\" src=\"https:\/\/sc01.alicdn.com\/kf\/H6c56ad0c2a0e4d95bc8510ee16b89dd1q\/200162319\/H6c56ad0c2a0e4d95bc8510ee16b89dd1q.jpg\" alt=\"led panel de iluminaci\u00f3n difusor,led de luz difusa hoja de bombilla difusora de policarbonato\" width=\"412\" height=\"412\" data-src=\"\/\/sc01.alicdn.com\/kf\/H6c56ad0c2a0e4d95bc8510ee16b89dd1q\/200162319\/H6c56ad0c2a0e4d95bc8510ee16b89dd1q.jpg\" data-alt=\"led panel lighting diffuser,led light diffusion sheet bulb diffusing polycarbonate\" data-width=\"630\" data- title=\"\"><\/p>\n<p><strong>Transmisi\u00f3n de luz:<\/strong><br \/>\nLa transmisi\u00f3n de la luz alcanza 12%-82% seg\u00fan el color y el grosor.<\/p>\n<p><strong>Protecci\u00f3n UV:<\/strong><br \/>\nGracias al revestimiento anti-UV patentado, la l\u00e1mina ondulada de policarbonato mantiene unas perfectas prestaciones mec\u00e1nicas y \u00f3pticas tras la exposici\u00f3n.<\/p>\n<p><strong>Habilidad meteorol\u00f3gica:<\/strong><br \/>\nTiene una gran resistencia a la intemperie, que mantiene un excelente rendimiento en un amplio rango de temperaturas de -40 \u00b0C a 120 \u00b0C.<\/p>\n<p><strong>Retardancia al fuego :<\/strong> Inflamabilidad UL 94 V-2<\/p>\n<p><strong>F\u00e1cil instalaci\u00f3n<\/strong><br \/>\nF\u00e1cil de instalar y se puede doblar en fr\u00edo<\/p>\n<p><strong>Resistencia al impacto :<\/strong><br \/>\n250-300 veces la resistencia al impacto de vidrio ordinario y 30 veces la de los paneles de acr\u00edlico del mismo espesor, que es de 2-20 veces el vidrio templado caer dos metros por debajo de 3 kg martillo sin grietas, sin rotos<\/p>\n<p><strong>Aplicaci\u00f3n de la l\u00e1mina ondulada de policarbonato:<br \/>\n<\/strong>Barreras ac\u00fasticas elevadas para carreteras y v\u00edas urbanas;<br \/>\nInvernadero agr\u00edcola y nave de cr\u00eda;<br \/>\nTecho de restaurante ecol\u00f3gico moderno;<br \/>\nTodas las unidades o el ciclo celular cobertizo, el balc\u00f3n toldo de sol y el techo de descanso quioscos cobertizo;<br \/>\nIluminaci\u00f3n de techos de edificios de oficinas, grandes almacenes, hoteles, chalets, escuelas, hospitales, estadios deportivos, centros de ocio e instalaciones p\u00fablicas et .<\/p>\n<\/div>\n<\/div>\n<p><img decoding=\"async\" class=\"\" src=\"https:\/\/sc02.alicdn.com\/kf\/Hdce328a67d81495a812f963bcc590d4e8\/200162319\/Hdce328a67d81495a812f963bcc590d4e8.jpg\" alt=\"led panel de iluminaci\u00f3n difusor,led de luz difusa hoja de bombilla difusora de policarbonato\" width=\"322\" height=\"322\" data-src=\"\/\/sc02.alicdn.com\/kf\/Hdce328a67d81495a812f963bcc590d4e8\/200162319\/Hdce328a67d81495a812f963bcc590d4e8.jpg\" data-alt=\"led panel lighting diffuser,led light diffusion sheet bulb diffusing polycarbonate\" data-width=\"630\" data- title=\"\"><img loading=\"lazy\" decoding=\"async\" class=\"\" src=\"https:\/\/sc01.alicdn.com\/kf\/Ha35eb9523b0743dbbef517c1f6d500b5t\/200162319\/Ha35eb9523b0743dbbef517c1f6d500b5t.jpg\" alt=\"led panel de iluminaci\u00f3n difusor,led de luz difusa hoja de bombilla difusora de policarbonato\" width=\"428\" height=\"428\" data-src=\"\/\/sc01.alicdn.com\/kf\/Ha35eb9523b0743dbbef517c1f6d500b5t\/200162319\/Ha35eb9523b0743dbbef517c1f6d500b5t.jpg\" data-alt=\"led panel lighting diffuser,led light diffusion sheet bulb diffusing polycarbonate\" data-width=\"630\" data- title=\"\"><\/p>\n<div id=\"ali-anchor-AliPostDhMb-101z7\" class=\"mceSectionContainer\" data-section=\"AliPostDhMb-101z7\" data-section-title=\"Company Information\">\n<div id=\"ali-title-AliPostDhMb-101z7\"><\/div>\n<\/div>\n<div id=\"ali-anchor-AliPostDhMb-vzyi1\" class=\"mceSectionContainer\" data-section=\"AliPostDhMb-vzyi1\" data-section-title=\"Packaging &amp; Shipping\">\n<div id=\"ali-title-AliPostDhMb-vzyi1\"><strong>Embalaje y env\u00edo<\/strong><\/div>\n<div>\n<p>\u00a0<img decoding=\"async\" src=\"https:\/\/sc02.alicdn.com\/kf\/Hd05fdb0988024155a7956963ea5973acD\/200162319\/Hd05fdb0988024155a7956963ea5973acD.png\" alt=\"led panel de iluminaci\u00f3n difusor,led de luz difusa hoja de bombilla difusora de policarbonato\" width=\"630\" height=\"474.58885941644564\" data-src=\"\/\/sc02.alicdn.com\/kf\/Hd05fdb0988024155a7956963ea5973acD\/200162319\/Hd05fdb0988024155a7956963ea5973acD.png\" data-alt=\"led panel lighting diffuser,led light diffusion sheet bulb diffusing polycarbonate\" data-width=\"630\" data- title=\"\"><img decoding=\"async\" src=\"https:\/\/sc02.alicdn.com\/kf\/H02a52324dc024cdcbaee8c550d0c5b3cR\/200162319\/H02a52324dc024cdcbaee8c550d0c5b3cR.png\" alt=\"led panel de iluminaci\u00f3n difusor,led de luz difusa hoja de bombilla difusora de policarbonato\" width=\"630\" height=\"214.7347480106101\" data-src=\"\/\/sc02.alicdn.com\/kf\/H02a52324dc024cdcbaee8c550d0c5b3cR\/200162319\/H02a52324dc024cdcbaee8c550d0c5b3cR.png\" data-alt=\"led panel lighting diffuser,led light diffusion sheet bulb diffusing polycarbonate\" data-width=\"630\" data- title=\"\"><\/p>\n<\/div>\n<\/div>\n<div id=\"ali-anchor-AliPostDhMb-ik3zy\" class=\"mceSectionContainer\" data-section=\"AliPostDhMb-ik3zy\" data-section-title=\"FAQ\">\n<div id=\"ali-title-AliPostDhMb-ik3zy\"><\/div>\n<\/div>","protected":false},"featured_media":15421,"parent":0,"template":"","product-catagories":[170],"product-tag":[],"class_list":["post-15420","product","type-product","status-publish","has-post-thumbnail","hentry","product-catagories-polycarbonate-deep-processing"],"acf":[],"_links":{"self":[{"href":"https:\/\/www.tononplastics.com\/es\/wp-json\/wp\/v2\/product\/15420","targetHints":{"allow":["GET"]}}],"collection":[{"href":"https:\/\/www.tononplastics.com\/es\/wp-json\/wp\/v2\/product"}],"about":[{"href":"https:\/\/www.tononplastics.com\/es\/wp-json\/wp\/v2\/types\/product"}],"version-history":[{"count":0,"href":"https:\/\/www.tononplastics.com\/es\/wp-json\/wp\/v2\/product\/15420\/revisions"}],"wp:featuredmedia":[{"embeddable":true,"href":"https:\/\/www.tononplastics.com\/es\/wp-json\/wp\/v2\/media\/15421"}],"wp:attachment":[{"href":"https:\/\/www.tononplastics.com\/es\/wp-json\/wp\/v2\/media?parent=15420"}],"wp:term":[{"taxonomy":"product-catagories","embeddable":true,"href":"https:\/\/www.tononplastics.com\/es\/wp-json\/wp\/v2\/product-catagories?post=15420"},{"taxonomy":"product-tag","embeddable":true,"href":"https:\/\/www.tononplastics.com\/es\/wp-json\/wp\/v2\/product-tag?post=15420"}],"curies":[{"name":"wp","href":"https:\/\/api.w.org\/{rel}","templated":true}]}}