{"id":15424,"date":"2023-08-22T11:12:36","date_gmt":"2023-08-22T03:12:36","guid":{"rendered":"https:\/\/tononplastics.com\/?post_type=product&#038;p=15424"},"modified":"2024-03-25T13:17:34","modified_gmt":"2024-03-25T05:17:34","slug":"plastic-products-custom-size-white-milk-polycarbonate-sheet-led-light-diffusion-polycarbonate-sheet","status":"publish","type":"product","link":"https:\/\/www.tononplastics.com\/es\/product\/plastic-products-custom-size-white-milk-polycarbonate-sheet-led-light-diffusion-polycarbonate-sheet\/","title":{"rendered":"Productos de pl\u00e1stico tama\u00f1o personalizado leche blanca l\u00e1mina de policarbonato l\u00e1mina de policarbonato de difusi\u00f3n de luz LED"},"content":{"rendered":"<figure class=\"wp-block-gallery has-nested-images columns-default is-cropped wp-block-gallery-1 is-layout-flex wp-block-gallery-is-layout-flex\">\n<figure class=\"wp-block-image size-full\"><img fetchpriority=\"high\" decoding=\"async\" width=\"640\" height=\"640\" data-id=\"15422\" src=\"https:\/\/www.tononplastics.com\/wp-content\/uploads\/2023\/08\/Hdce328a67d81495a812f963bcc590d4e8.jpg\" alt=\"\" class=\"wp-image-15422\" title=\"\" srcset=\"https:\/\/www.tononplastics.com\/wp-content\/uploads\/2023\/08\/Hdce328a67d81495a812f963bcc590d4e8.jpg 640w, https:\/\/www.tononplastics.com\/wp-content\/uploads\/2023\/08\/Hdce328a67d81495a812f963bcc590d4e8-300x300.jpg 300w, https:\/\/www.tononplastics.com\/wp-content\/uploads\/2023\/08\/Hdce328a67d81495a812f963bcc590d4e8-150x150.jpg 150w\" sizes=\"(max-width: 640px) 100vw, 640px\" \/><\/figure>\n\n\n\n<figure class=\"wp-block-image size-full\"><img decoding=\"async\" width=\"1080\" height=\"1440\" data-id=\"15325\" src=\"https:\/\/www.tononplastics.com\/wp-content\/uploads\/2023\/08\/Hf18aec69ee4b444f8edf47e1d796fc1dB.jpg\" alt=\"\" class=\"wp-image-15325\" title=\"\" srcset=\"https:\/\/www.tononplastics.com\/wp-content\/uploads\/2023\/08\/Hf18aec69ee4b444f8edf47e1d796fc1dB.jpg 1080w, https:\/\/www.tononplastics.com\/wp-content\/uploads\/2023\/08\/Hf18aec69ee4b444f8edf47e1d796fc1dB-225x300.jpg 225w, https:\/\/www.tononplastics.com\/wp-content\/uploads\/2023\/08\/Hf18aec69ee4b444f8edf47e1d796fc1dB-768x1024.jpg 768w\" sizes=\"(max-width: 1080px) 100vw, 1080px\" \/><\/figure>\n<\/figure>\n\n\n<div id=\"ali-anchor-AliPostDhMb-pqocd\" class=\"mceSectionContainer\" data-section=\"AliPostDhMb-pqocd\" data-section-title=\"Product Description\">\n<p><strong style=\"font-size: revert; color: initial;\">blanco leche claro<\/strong> <strong>difusi\u00f3n<\/strong><strong style=\"font-size: revert; color: initial;\"> Descripci\u00f3n del producto<\/strong><\/p>\n<\/div>\n<table class=\"aliDataTable\">\n<tbody>\n<tr align=\"left\">\n<td rowspan=\"4\" valign=\"top\">\n<p>\u00a0<\/p>\n<p>\u00a0<\/p>\n<p>Tama\u00f1o de los productos<\/p>\n<\/td>\n<td valign=\"top\">\n<p>ESPESOR: de 1,3 mm a 10 mm<\/p>\n<\/td>\n<\/tr>\n<tr align=\"left\">\n<td valign=\"top\">\n<p>DURACI\u00d3N: ilimitada<\/p>\n<\/td>\n<\/tr>\n<tr align=\"left\">\n<td valign=\"top\">\n<p>ANCHO: 1220 mm, 1560 mm, 1820 mm y 2100 mm<\/p>\n<\/td>\n<\/tr>\n<tr align=\"left\">\n<td valign=\"top\">\n<p>COLOR: blanco leche<\/p>\n<p>Las especificaciones y los colores se pueden personalizar.<\/p>\n<\/td>\n<\/tr>\n<tr align=\"left\">\n<td rowspan=\"7\" valign=\"top\">\n<p>\u00a0<\/p>\n<p>\u00a0<\/p>\n<p>\u00a0<\/p>\n<p>\u00a0<\/p>\n<p>\u00a0<\/p>\n<p>Productos Caracter\u00edsticas<\/p>\n<\/td>\n<td valign=\"top\">\n<p>1. Transmisi\u00f3n luminosa: alcanza 12%-82% en funci\u00f3n del color y el grosor.<\/p>\n<\/td>\n<\/tr>\n<tr align=\"left\">\n<td valign=\"top\">\n<p>2.Retardancia al fuego: el grado B1 se decide por la prueba nacional GB8624-1997, sin gota de fuego ni gas venenoso.<\/p>\n<\/td>\n<\/tr>\n<tr align=\"left\">\n<td valign=\"top\">\n<p>3. Resistencia al impacto: la resistencia al impacto de la plancha de pc es 250-300 veces superior a la de los vidrios ordinarios.<\/p>\n<\/td>\n<\/tr>\n<tr align=\"left\">\n<td valign=\"top\">\n<p>4.F\u00e1cil instalaci\u00f3n<\/p>\n<\/td>\n<\/tr>\n<tr align=\"left\">\n<td valign=\"top\">\n<p>5. 5. Aislamiento ac\u00fastico<\/p>\n<\/td>\n<\/tr>\n<tr align=\"left\">\n<td valign=\"top\">\n<p>6.Weather capacidad: rango de temperatura de -40\u2103 a 120\u2103.<\/p>\n<\/td>\n<\/tr>\n<tr align=\"left\">\n<td valign=\"top\">\n<p>7. Protecci\u00f3n UV<\/p>\n<\/td>\n<\/tr>\n<\/tbody>\n<\/table>\n<p><strong>REPORTAJE<\/strong>:<br \/>1)Resistencia al impacto: La resistencia al impacto de la l\u00e1mina hueca de PC es 250 veces la del vidrio.<br \/>2)Peso ligero: El peso de la placa hueca de PC es s\u00f3lo la mitad del del vidrio.<br \/>3)Transparencia: La transmisi\u00f3n de luz de una l\u00e1mina hueca de PC de 3 mm de grosor es de 88%.<br \/>4) Protecci\u00f3n UV: La l\u00e1mina de PC se coextruye con un rayo ultravioleta de alta densidad que tambi\u00e9n evita que la l\u00e1mina de PC se decolore.<br \/>5)Resistencia a la intemperie: La chapa hueca de PC es resistente a la intemperie y mantiene un excelente rendimiento en el rango de temperaturas de -40oC a 12oC.<br \/>6)Inhibici\u00f3n de la condensaci\u00f3n: Cuando la temperatura exterior es de 0oC y la temperatura interior es de 23oC, la hoja de PC se condensar\u00e1 hasta 80%. <br \/><span style=\"font-size: revert; color: initial;\">7)Aislamiento t\u00e9rmico: El valor K del vidrio es 1,2 veces superior al de la l\u00e1mina s\u00f3lida de PC. Las l\u00e1minas de PC pueden ahorrar energ\u00eda a la vez que evitan la p\u00e9rdida de calor.<br \/><\/span><span style=\"font-size: revert; color: initial;\">8)Aislamiento ac\u00fastico: 6mm de espesor PC hoja hueca puede reducir el sonido 20db.<br \/><\/span><span style=\"font-size: revert; color: initial;\">9) Resistencia a la llama: A trav\u00e9s de las pruebas realizadas por el Centro Nacional de Supervisi\u00f3n de Calidad y Pruebas de Materiales de Construcci\u00f3n contra Incendios, el material est\u00e1 clasificado como Clase 1 de acuerdo con la norma QB8624-1997.<br \/><\/span><span style=\"font-size: revert; color: initial;\">10)F\u00e1cil instalaci\u00f3n: Una l\u00e1mina de PC puede doblarse en caliente o en fr\u00edo y puede utilizarse en roves curvos y ventanas. El radio m\u00ednimo de curvatura de una plancha de PC es 175 veces su grosor.\u00a0<\/span><\/p>\n<p><strong>\u00c1mbitos de aplicaci\u00f3n de las placas de PC macizas y gofradas<\/strong><\/p>\n<p><img decoding=\"async\" src=\"https:\/\/sc01.alicdn.com\/kf\/HTB1VgAYJVXXXXa5aXXXq6xXFXXXW\/200162319\/HTB1VgAYJVXXXXa5aXXXq6xXFXXXW.jpg\" alt=\"productos de pl\u00e1stico tama\u00f1o personalizado leche blanca l\u00e1mina de policarbonato LED difusi\u00f3n de la luz l\u00e1mina de policarbonato\" width=\"630\" height=\"204.12\" data-src=\"\/\/sc01.alicdn.com\/kf\/HTB1VgAYJVXXXXa5aXXXq6xXFXXXW\/200162319\/HTB1VgAYJVXXXXa5aXXXq6xXFXXXW.jpg\" data-alt=\"plastic products custom size white milk polycarbonate sheet LED light diffusion polycarbonate sheet\" data-width=\"630\" data- title=\"\"><\/p>\n<p>1. Construcci\u00f3n: como techo de iluminaci\u00f3n diurna de edificios de oficinas. 2. Barreras ac\u00fasticas de autopistas y v\u00edas a\u00e9reas urbanas.<br \/>2. Prevenci\u00f3n de robos: Mostradores antirrobo de bancos, cabinas de tesoros, material de iluminaci\u00f3n de seguridad de joyer\u00edas.<br \/>3. Publicidad: Paneles de cajas de l\u00e1mparas publicitarias, tableros expositores.<br \/><span style=\"font-size: revert; color: initial;\">4. Prevenci\u00f3n de explosiones: Escudos de polic\u00eda, ventanas de camiones de efectivo.<br \/><\/span><span style=\"font-size: revert; color: initial;\">5. Propuestas generales: paneles de m\u00e1quinas expendedoras, cascos de motocicleta, m\u00e1scaras protectoras, etc.<\/span><\/p>\n<div id=\"ali-anchor-AliPostDhMb-6096r\" class=\"mceSectionContainer\" data-section=\"AliPostDhMb-6096r\" data-section-title=\"Company Information\">\n<p><strong>Certificaci\u00f3n:<\/strong><\/p>\n<p><img decoding=\"async\" src=\"https:\/\/sc01.alicdn.com\/kf\/HTB1MXLWJVXXXXXSXXXXq6xXFXXXB\/200162319\/HTB1MXLWJVXXXXXSXXXXq6xXFXXXB.jpg\" alt=\"productos de pl\u00e1stico tama\u00f1o personalizado leche blanca l\u00e1mina de policarbonato LED difusi\u00f3n de la luz l\u00e1mina de policarbonato\" width=\"630\" height=\"250.32000000000002\" data-src=\"\/\/sc01.alicdn.com\/kf\/HTB1MXLWJVXXXXXSXXXXq6xXFXXXB\/200162319\/HTB1MXLWJVXXXXXSXXXXq6xXFXXXB.jpg\" data-alt=\"plastic products custom size white milk polycarbonate sheet LED light diffusion polycarbonate sheet\" data-width=\"630\" data- title=\"\"><\/p>\n<p><strong>Otros productos como los siguientes:<\/strong><\/p>\n<p><img decoding=\"async\" src=\"https:\/\/sc01.alicdn.com\/kf\/HTB1eDLCJVXXXXaMXFXXq6xXFXXXf\/200162319\/HTB1eDLCJVXXXXaMXFXXq6xXFXXXf.jpg\" alt=\"productos de pl\u00e1stico tama\u00f1o personalizado leche blanca l\u00e1mina de policarbonato LED difusi\u00f3n de la luz l\u00e1mina de policarbonato\" width=\"630\" height=\"315\" data-src=\"\/\/sc01.alicdn.com\/kf\/HTB1eDLCJVXXXXaMXFXXq6xXFXXXf\/200162319\/HTB1eDLCJVXXXXaMXFXXq6xXFXXXf.jpg\" data-alt=\"plastic products custom size white milk polycarbonate sheet LED light diffusion polycarbonate sheet\" data-width=\"630\" data- title=\"\"><\/p>\n<p>1. P: \u00bfEs usted fabricante o empresa comercial?<br \/>R: Somos una f\u00e1brica profesional con m\u00e1s de 10 a\u00f1os de experiencia en la fabricaci\u00f3n de l\u00e1minas de policarbonato de alta calidad. OEM es aceptable.<\/p>\n<p>2. P:\u00bfCu\u00e1l es el proceso de pedido?<\/p>\n<p>a.Investigaci\u00f3n: proporci\u00f3nenos todos los requisitos claros.<br \/>b.Presupuesto-formulario de presupuesto oficial con todas las especificaciones claras.<br \/>c.Personalizaci\u00f3n- Ofrecemos lo \u00faltimo en personalizaci\u00f3n y soluciones personalizadas.<br \/>d.Muestra -Muestra est\u00e1ndar de nuestra f\u00e1brica.<br \/>e.Condiciones de pago- T\/T 30% por adelantado, equilibrado antes del env\u00edo.<br \/>f.Producci\u00f3n-producci\u00f3n en masa<br \/>g.Env\u00edo: por mar, aire o mensajer\u00eda. Se proporcionar\u00e1 una imagen detallada del paquete.<\/p>\n<p>3. P:\u00bfQu\u00e9 condiciones de pago utilizan?<br \/>A:T\/T, PayPal, Efectivo.<\/p>\n<p>4. P: \u00bfCu\u00e1l es su materia prima para la l\u00e1mina de policarbonato?<br \/>R:Adoptamos material importado como Bayer, Sabic, Senyi, Samsung y otras marcas famosas.<\/p>\n<\/div>","protected":false},"featured_media":15421,"parent":0,"template":"","product-catagories":[170],"product-tag":[],"class_list":["post-15424","product","type-product","status-publish","has-post-thumbnail","hentry","product-catagories-polycarbonate-deep-processing"],"acf":[],"_links":{"self":[{"href":"https:\/\/www.tononplastics.com\/es\/wp-json\/wp\/v2\/product\/15424","targetHints":{"allow":["GET"]}}],"collection":[{"href":"https:\/\/www.tononplastics.com\/es\/wp-json\/wp\/v2\/product"}],"about":[{"href":"https:\/\/www.tononplastics.com\/es\/wp-json\/wp\/v2\/types\/product"}],"version-history":[{"count":0,"href":"https:\/\/www.tononplastics.com\/es\/wp-json\/wp\/v2\/product\/15424\/revisions"}],"wp:featuredmedia":[{"embeddable":true,"href":"https:\/\/www.tononplastics.com\/es\/wp-json\/wp\/v2\/media\/15421"}],"wp:attachment":[{"href":"https:\/\/www.tononplastics.com\/es\/wp-json\/wp\/v2\/media?parent=15424"}],"wp:term":[{"taxonomy":"product-catagories","embeddable":true,"href":"https:\/\/www.tononplastics.com\/es\/wp-json\/wp\/v2\/product-catagories?post=15424"},{"taxonomy":"product-tag","embeddable":true,"href":"https:\/\/www.tononplastics.com\/es\/wp-json\/wp\/v2\/product-tag?post=15424"}],"curies":[{"name":"wp","href":"https:\/\/api.w.org\/{rel}","templated":true}]}}