{"id":14025,"date":"2023-05-04T21:06:33","date_gmt":"2023-05-04T13:06:33","guid":{"rendered":"https:\/\/tononplastics.com\/?post_type=product&#038;p=14025"},"modified":"2024-03-25T16:49:10","modified_gmt":"2024-03-25T08:49:10","slug":"6mm-polycarbonate-hollow-sheet","status":"publish","type":"product","link":"https:\/\/www.tononplastics.com\/et\/product\/6mm-polycarbonate-hollow-sheet\/","title":{"rendered":"6mm pol\u00fckarbonaat \u00f5\u00f5nes leht"},"content":{"rendered":"<p><strong><b>Toote \u00fcksikasjad<\/b><\/strong><strong><b>:<\/b><\/strong><\/p>\n<p>6mm Pol\u00fckarbonaat \u00f5\u00f5nes leht (tuntud ka kui p\u00e4ikeseplaat, klaas Capron leht, PC \u00f5\u00f5nes leht) on valmistatud suure j\u00f5udlusega tehnilistest plastidest - pol\u00fckarbonaat (PC), Sellel on k\u00f5rge l\u00e4bipaistvus, kerge kaal, l\u00f6\u00f6gikindlus, heliisolatsioon, soojusisolatsioon, leegikindlus, vananemisvastane jne omadused. See on k\u00f5rgtehnoloogiline, \u00e4\u00e4rmiselt laiaulatusliku toimivusega, energias\u00e4\u00e4stu ja keskkonnakaitsega plastikplaat, mis on praegu rahvusvaheline \u00fcldine plastist ehitusmaterjal, sellega ei saa v\u00f5rrelda teisi ehitusdekoratsioonimaterjale (nagu klaas, pleksiklaas jne). Laialdaselt kasutatakse kaubanduses, tehases, spordirajatistes, valgustuse lagedes ja varjualustes, p\u00f5llumajanduslikes kasvuhoonetes, vesiviljeluses ja lillekasvuhoonetes ning telefonikabiinides, kioskites, jaamades ja muudes kommunaalteenuste, maantee m\u00fcra, reklaamide kaunistamise valdkonnas.<\/p>\n<table style=\"height: 418px; width: 746px; background-color: #d4d2d2;\" border=\"1\" cellspacing=\"1\" cellpadding=\"1\">\n<tbody>\n<tr>\n<td style=\"width: 49.7409%;\" width=\"284\">Toote nimi<\/td>\n<td style=\"width: 49.7409%;\" width=\"284\">\u00d5\u00f5nes pol\u00fckarbonaatleht<\/td>\n<\/tr>\n<tr>\n<td style=\"width: 49.7409%;\" width=\"284\">P\u00e4ritolukoht<\/td>\n<td style=\"width: 49.7409%;\" width=\"284\">Foshan City, Guangdong, Hiina<\/td>\n<\/tr>\n<tr>\n<td style=\"width: 49.7409%;\" width=\"284\">Materjal<\/td>\n<td style=\"width: 49.7409%;\" width=\"284\">100% Neitsi pol\u00fckarbonaat materjal<\/td>\n<\/tr>\n<tr>\n<td style=\"width: 49.7409%;\" width=\"284\">V\u00e4rvid<\/td>\n<td style=\"width: 49.7409%;\" width=\"284\">Selge, pronks, sinine, roheline, opaal, hall v\u00f5i kohandatud.<\/td>\n<\/tr>\n<tr>\n<td style=\"width: 49.7409%;\" width=\"284\">Paksus<\/td>\n<td style=\"width: 49.7409%;\" width=\"284\">4-20mm<\/td>\n<\/tr>\n<tr>\n<td style=\"width: 49.7409%;\" width=\"284\">Laius<\/td>\n<td style=\"width: 49.7409%;\" width=\"284\">2.1m, 1.22m v\u00f5i kohandatud<\/td>\n<\/tr>\n<tr>\n<td style=\"width: 49.7409%;\" width=\"284\">Pind<\/td>\n<td style=\"width: 49.7409%;\" width=\"284\">50 mikroni UV-kaitsega, kuumakindlus<\/td>\n<\/tr>\n<tr>\n<td style=\"width: 49.7409%;\" width=\"284\">Pidurdav standard<\/td>\n<td style=\"width: 49.7409%;\" width=\"284\">Hinne A<\/td>\n<\/tr>\n<tr>\n<td style=\"width: 49.7409%;\" width=\"284\">Pakkimine<\/td>\n<td style=\"width: 49.7409%;\" width=\"284\">M\u00f5lemad pooled PE-kilega, logo PE-kilel. saadaval on ka kohandatud pakend.<\/td>\n<\/tr>\n<tr>\n<td style=\"width: 49.7409%;\" width=\"284\">Kohaletoimetamine<\/td>\n<td style=\"width: 49.7409%;\" width=\"284\">7-10 p\u00e4eva jooksul p\u00e4rast hoiuse saamist<\/td>\n<\/tr>\n<\/tbody>\n<\/table>\n<p><strong>Tonon pol\u00fckarbonaat \u00f5\u00f5neslehtede spetsifikatsioon<\/strong><\/p>\n<table style=\"width: 700px; height: 237px;\" border=\"1\" cellspacing=\"1\" cellpadding=\"1\">\n<tbody>\n<tr>\n<td style=\"width: 12.3177%;\" width=\"72\">Paksus<\/td>\n<td style=\"width: 9.23825%;\" width=\"53\">Kaal<\/td>\n<td style=\"width: 8.2658%;\" width=\"47\">Laius<\/td>\n<td style=\"width: 9.23825%;\" width=\"53\">Pikkus<\/td>\n<td style=\"width: 58.8331%;\" colspan=\"6\" width=\"340\">Ligth Transmission% (\u00b13%)<\/td>\n<\/tr>\n<tr>\n<td style=\"width: 12.3177%;\" width=\"72\">mm<\/td>\n<td style=\"width: 9.23825%;\" width=\"53\">Kg\/m2<\/td>\n<td style=\"width: 8.2658%;\" width=\"47\">mm<\/td>\n<td style=\"width: 9.23825%;\" width=\"53\">mm<\/td>\n<td style=\"width: 8.2658%;\" width=\"47\">Selge<\/td>\n<td style=\"width: 13.4522%;\" width=\"79\">Opaleeruv<\/td>\n<td style=\"width: 7.13128%;\" width=\"40\">Sinine<\/td>\n<td style=\"width: 12.4797%;\" width=\"73\">Lake-Blue<\/td>\n<td style=\"width: 9.23825%;\" width=\"53\">Pronks<\/td>\n<td style=\"width: 8.2658%;\" width=\"47\">Roheline<\/td>\n<\/tr>\n<tr>\n<td style=\"width: 12.3177%;\" width=\"72\">4<\/td>\n<td style=\"width: 9.23825%;\" width=\"53\">1<\/td>\n<td style=\"width: 8.2658%;\" width=\"47\">2100<\/td>\n<td style=\"width: 9.23825%;\" width=\"53\">6000<\/td>\n<td style=\"width: 8.2658%;\" width=\"47\">80<\/td>\n<td style=\"width: 13.4522%;\" width=\"79\">57<\/td>\n<td style=\"width: 7.13128%;\" width=\"40\">45<\/td>\n<td style=\"width: 12.4797%;\" width=\"73\">55<\/td>\n<td style=\"width: 9.23825%;\" width=\"53\">55<\/td>\n<td style=\"width: 8.2658%;\" width=\"47\">45<\/td>\n<\/tr>\n<tr>\n<td style=\"width: 12.3177%;\" width=\"72\">6<\/td>\n<td style=\"width: 9.23825%;\" width=\"53\">1.3<\/td>\n<td style=\"width: 8.2658%;\" width=\"47\">2100<\/td>\n<td style=\"width: 9.23825%;\" width=\"53\">6000<\/td>\n<td style=\"width: 8.2658%;\" width=\"47\">79<\/td>\n<td style=\"width: 13.4522%;\" width=\"79\">56<\/td>\n<td style=\"width: 7.13128%;\" width=\"40\">36<\/td>\n<td style=\"width: 12.4797%;\" width=\"73\">50<\/td>\n<td style=\"width: 9.23825%;\" width=\"53\">53<\/td>\n<td style=\"width: 8.2658%;\" width=\"47\">42<\/td>\n<\/tr>\n<tr>\n<td style=\"width: 12.3177%;\" width=\"72\">8<\/td>\n<td style=\"width: 9.23825%;\" width=\"53\">1.5<\/td>\n<td style=\"width: 8.2658%;\" width=\"47\">2100<\/td>\n<td style=\"width: 9.23825%;\" width=\"53\">6000<\/td>\n<td style=\"width: 8.2658%;\" width=\"47\">78<\/td>\n<td style=\"width: 13.4522%;\" width=\"79\">52<\/td>\n<td style=\"width: 7.13128%;\" width=\"40\">30<\/td>\n<td style=\"width: 12.4797%;\" width=\"73\">47<\/td>\n<td style=\"width: 9.23825%;\" width=\"53\">51<\/td>\n<td style=\"width: 8.2658%;\" width=\"47\">40<\/td>\n<\/tr>\n<tr>\n<td style=\"width: 12.3177%;\" width=\"72\">10<\/td>\n<td style=\"width: 9.23825%;\" width=\"53\">1.7<\/td>\n<td style=\"width: 8.2658%;\" width=\"47\">2100<\/td>\n<td style=\"width: 9.23825%;\" width=\"53\">6000<\/td>\n<td style=\"width: 8.2658%;\" width=\"47\">77<\/td>\n<td style=\"width: 13.4522%;\" width=\"79\">44<\/td>\n<td style=\"width: 7.13128%;\" width=\"40\">25<\/td>\n<td style=\"width: 12.4797%;\" width=\"73\">42<\/td>\n<td style=\"width: 9.23825%;\" width=\"53\">48<\/td>\n<td style=\"width: 8.2658%;\" width=\"47\">35<\/td>\n<\/tr>\n<\/tbody>\n<\/table>\n<p><strong>Tehnilised andmed Tonon Pol\u00fckarbonaat \u00f5\u00f5neslehtede kohta<\/strong><\/p>\n<table style=\"width: 757px; height: 493px;\" border=\"1\" cellspacing=\"1\" cellpadding=\"1\">\n<tbody>\n<tr>\n<td width=\"65\">Ei.<\/td>\n<td width=\"218\">Omadused<\/td>\n<td width=\"142\">\u00dcksus<\/td>\n<td width=\"142\">Kuup\u00e4ev<\/td>\n<\/tr>\n<tr>\n<td width=\"65\">1<\/td>\n<td width=\"218\">L\u00f6\u00f6gitugevus<\/td>\n<td width=\"142\">J\/M<\/td>\n<td width=\"142\">850<\/td>\n<\/tr>\n<tr>\n<td width=\"65\">2<\/td>\n<td width=\"218\">Valguse \u00fclekanne<\/td>\n<td width=\"142\">%<\/td>\n<td width=\"142\">88<\/td>\n<\/tr>\n<tr>\n<td width=\"65\">3<\/td>\n<td width=\"218\">Spetsiifiline tihedus<\/td>\n<td width=\"142\">g\/cm<sup>3<\/sup><\/td>\n<td width=\"142\">1.2<\/td>\n<\/tr>\n<tr>\n<td width=\"65\">4<\/td>\n<td width=\"218\">Termiline paisumistegur<\/td>\n<td width=\"142\">Mm\/m.\u2103<\/td>\n<td width=\"142\">0.065<\/td>\n<\/tr>\n<tr>\n<td width=\"65\">5<\/td>\n<td width=\"218\">Temperatuurivahemik<\/td>\n<td width=\"142\">\u2103<\/td>\n<td width=\"142\">-40\uff5e+120<\/td>\n<\/tr>\n<tr>\n<td width=\"65\">6<\/td>\n<td width=\"218\">Soojusjuhtivus<\/td>\n<td width=\"142\">W\/m<sup>2<\/sup>.\u2103<\/td>\n<td width=\"142\">2.3\uff5e3.9<\/td>\n<\/tr>\n<tr>\n<td width=\"65\">7<\/td>\n<td width=\"218\">T\u00f5mbetugevus<\/td>\n<td width=\"142\">N\/mm<sup>2<\/sup><\/td>\n<td width=\"142\">\u226560<\/td>\n<\/tr>\n<tr>\n<td width=\"65\">8<\/td>\n<td width=\"218\">Paindetugevus<\/td>\n<td width=\"142\">N\/mm<sup>2<\/sup><\/td>\n<td width=\"142\">100<\/td>\n<\/tr>\n<tr>\n<td width=\"65\">9<\/td>\n<td width=\"218\">Elastsusmoodul<\/td>\n<td width=\"142\">Mpa<\/td>\n<td width=\"142\">2400<\/td>\n<\/tr>\n<tr>\n<td width=\"65\">10<\/td>\n<td width=\"218\">T\u00f5mbepinge murdumispinge<\/td>\n<td width=\"142\">Mpa<\/td>\n<td width=\"142\">\u226565<\/td>\n<\/tr>\n<tr>\n<td width=\"65\">11<\/td>\n<td width=\"218\">Pikenemine murdumisel<\/td>\n<td width=\"142\">%<\/td>\n<td width=\"142\">&gt;100<\/td>\n<\/tr>\n<tr>\n<td width=\"65\">12<\/td>\n<td width=\"218\">Spetsiifiline soojus<\/td>\n<td width=\"142\">Kj\/Kg.K<\/td>\n<td width=\"142\">1.17<\/td>\n<\/tr>\n<tr>\n<td width=\"65\">13<\/td>\n<td width=\"218\">Soojuse k\u00f5rvalekaldumise temperatuur<\/td>\n<td width=\"142\">\u2103<\/td>\n<td width=\"142\">140<\/td>\n<\/tr>\n<tr>\n<td width=\"65\">14<\/td>\n<td width=\"218\">Helikindluse m\u00f5ju<\/td>\n<td width=\"142\">10mm \u00f5\u00f5nes leht<\/td>\n<td width=\"142\">Sumbumine 20 dB<\/td>\n<\/tr>\n<\/tbody>\n<\/table>\n<p><strong>Kaksikseinaga pol\u00fckarbonaatlehe kasutamine<\/strong><\/p>\n<p>1.Roof tsiviil- ja \u00fchiskondlike hoonete , sisekujunduse ja avalike rajatiste loomulikuks valgustamiseks. .<\/p>\n<p>2.Staadion ja vaba aja veetmise v\u00f5imalused .<\/p>\n<p>3.Commercial kasvuhooned ja vesiviljeluse ja kodulindude varikatused .<\/p>\n<p>4.Light kasti , m\u00e4rk ja reklaamtahvlid m\u00fc\u00fcgipunktides .<\/p>\n<p>5. ooteruumide katused raudteejaamades, metroos, bussijaamades ja lennujaamades. .<\/p>\n<p>\u00a0<\/p>\n\n\n<figure class=\"wp-block-gallery has-nested-images columns-default is-cropped wp-block-gallery-1 is-layout-flex wp-block-gallery-is-layout-flex\">\n<figure class=\"wp-block-image size-large\"><img fetchpriority=\"high\" decoding=\"async\" width=\"800\" height=\"440\" data-id=\"16180\" src=\"https:\/\/www.tononplastics.com\/wp-content\/uploads\/2024\/03\/Hec1893bdf96e4e68954f01c51046919cR.webp\" alt=\"\" class=\"wp-image-16180\" title=\"\" srcset=\"https:\/\/www.tononplastics.com\/wp-content\/uploads\/2024\/03\/Hec1893bdf96e4e68954f01c51046919cR.webp 800w, https:\/\/www.tononplastics.com\/wp-content\/uploads\/2024\/03\/Hec1893bdf96e4e68954f01c51046919cR-300x165.webp 300w, https:\/\/www.tononplastics.com\/wp-content\/uploads\/2024\/03\/Hec1893bdf96e4e68954f01c51046919cR-768x422.webp 768w, https:\/\/www.tononplastics.com\/wp-content\/uploads\/2024\/03\/Hec1893bdf96e4e68954f01c51046919cR-18x10.webp 18w\" sizes=\"(max-width: 800px) 100vw, 800px\" \/><\/figure>\n<\/figure>","protected":false},"featured_media":13750,"parent":0,"template":"","product-catagories":[178,179],"product-tag":[],"class_list":["post-14025","product","type-product","status-publish","has-post-thumbnail","hentry","product-catagories-polycarbonate-hollow-sheet","product-catagories-twin-wall-polycarbonate-sheet"],"acf":[],"_links":{"self":[{"href":"https:\/\/www.tononplastics.com\/et\/wp-json\/wp\/v2\/product\/14025","targetHints":{"allow":["GET"]}}],"collection":[{"href":"https:\/\/www.tononplastics.com\/et\/wp-json\/wp\/v2\/product"}],"about":[{"href":"https:\/\/www.tononplastics.com\/et\/wp-json\/wp\/v2\/types\/product"}],"version-history":[{"count":0,"href":"https:\/\/www.tononplastics.com\/et\/wp-json\/wp\/v2\/product\/14025\/revisions"}],"wp:featuredmedia":[{"embeddable":true,"href":"https:\/\/www.tononplastics.com\/et\/wp-json\/wp\/v2\/media\/13750"}],"wp:attachment":[{"href":"https:\/\/www.tononplastics.com\/et\/wp-json\/wp\/v2\/media?parent=14025"}],"wp:term":[{"taxonomy":"product-catagories","embeddable":true,"href":"https:\/\/www.tononplastics.com\/et\/wp-json\/wp\/v2\/product-catagories?post=14025"},{"taxonomy":"product-tag","embeddable":true,"href":"https:\/\/www.tononplastics.com\/et\/wp-json\/wp\/v2\/product-tag?post=14025"}],"curies":[{"name":"wp","href":"https:\/\/api.w.org\/{rel}","templated":true}]}}