{"id":14027,"date":"2023-05-04T21:07:46","date_gmt":"2023-05-04T13:07:46","guid":{"rendered":"https:\/\/tononplastics.com\/?post_type=product&#038;p=14027"},"modified":"2024-04-16T14:12:47","modified_gmt":"2024-04-16T06:12:47","slug":"2-layer-polycarbonate-hollow-sheet","status":"publish","type":"product","link":"https:\/\/www.tononplastics.com\/et\/product\/2-layer-polycarbonate-hollow-sheet\/","title":{"rendered":"2-kihiline \u00f5\u00f5nes pol\u00fckarbonaatleht"},"content":{"rendered":"<figure class=\"wp-block-gallery has-nested-images columns-default is-cropped wp-block-gallery-1 is-layout-flex wp-block-gallery-is-layout-flex\">\n<figure class=\"wp-block-image size-large\"><img fetchpriority=\"high\" decoding=\"async\" width=\"640\" height=\"640\" data-id=\"15287\" src=\"https:\/\/www.tononplastics.com\/wp-content\/uploads\/2023\/08\/H905833aa270b428cb135157888c4d1ebN.jpg\" alt=\"\" class=\"wp-image-15287\" title=\"\" srcset=\"https:\/\/www.tononplastics.com\/wp-content\/uploads\/2023\/08\/H905833aa270b428cb135157888c4d1ebN.jpg 640w, https:\/\/www.tononplastics.com\/wp-content\/uploads\/2023\/08\/H905833aa270b428cb135157888c4d1ebN-300x300.jpg 300w, https:\/\/www.tononplastics.com\/wp-content\/uploads\/2023\/08\/H905833aa270b428cb135157888c4d1ebN-150x150.jpg 150w\" sizes=\"(max-width: 640px) 100vw, 640px\" \/><\/figure>\n\n\n\n<figure class=\"wp-block-image size-large\"><img decoding=\"async\" data-id=\"15285\" src=\"https:\/\/www.tononplastics.com\/wp-content\/uploads\/2023\/08\/H64fb2f7828404745a8e81dabfa6bb5c54.png\" alt=\"\" class=\"wp-image-15285\" title=\"\"><\/figure>\n<\/figure>\n\n\n<p><strong><b>Toote \u00fcksikasjad:<\/b><\/strong><\/p>\n<p><!-- \/wp:post-content --><\/p>\n<p><!-- wp:paragraph \/--><\/p>\n<p><!-- wp:image {\"id\":6628} \/--><\/p>\n<p><!-- wp:table --><\/p>\n<figure class=\"wp-block-table\">\n<table>\n<tbody>\n<tr>\n<td>Toote nimi<\/td>\n<td>\u00d5\u00f5nes pol\u00fckarbonaatleht<\/td>\n<\/tr>\n<tr>\n<td>P\u00e4ritolukoht<\/td>\n<td>Foshan City, Guangdong, Hiina<\/td>\n<\/tr>\n<tr>\n<td>Materjal<\/td>\n<td>100% Neitsi pol\u00fckarbonaat materjal<\/td>\n<\/tr>\n<tr>\n<td>V\u00e4rvid<\/td>\n<td>Selge, pronks, sinine, roheline, opaal, hall v\u00f5i kohandatud.<\/td>\n<\/tr>\n<tr>\n<td>Paksus<\/td>\n<td>4-20mm<\/td>\n<\/tr>\n<tr>\n<td>Laius<\/td>\n<td>2.1m, 1.22m v\u00f5i kohandatud<\/td>\n<\/tr>\n<tr>\n<td>Pind<\/td>\n<td>50 mikroni UV-kaitsega, kuumakindlus<\/td>\n<\/tr>\n<tr>\n<td>Pidurdav standard<\/td>\n<td>Hinne A<\/td>\n<\/tr>\n<tr>\n<td>Pakkimine<\/td>\n<td>M\u00f5lemad pooled PE-kilega, logo PE-kilel. saadaval on ka kohandatud pakend.<\/td>\n<\/tr>\n<tr>\n<td>Kohaletoimetamine<\/td>\n<td>7-10 p\u00e4eva jooksul p\u00e4rast hoiuse saamist<\/td>\n<\/tr>\n<\/tbody>\n<\/table>\n<\/figure>\n<p><!-- \/wp:table --><\/p>\n<p><!-- wp:image {\"id\":6592} --><\/p>\n<p><!-- \/wp:image --><\/p>\n<p><!-- wp:image {\"id\":6593} --><\/p>\n<p><!-- \/wp:image --><\/p>\n<p><!-- wp:table --><\/p>\n<figure class=\"wp-block-table\">\n<table>\n<tbody>\n<tr>\n<td colspan=\"10\"><strong><b>Tonon Polycarbonate Hollow Sheet spetsifikatsioon<\/b><\/strong><\/td>\n<\/tr>\n<tr>\n<td>Paksus<\/td>\n<td>Kaal<\/td>\n<td>Laius<\/td>\n<td>Pikkus<\/td>\n<td colspan=\"6\">Ligth Transmission% (\u00b13%)<\/td>\n<\/tr>\n<tr>\n<td>mm<\/td>\n<td>Kg\/m2<\/td>\n<td>mm<\/td>\n<td>mm<\/td>\n<td>Selge<\/td>\n<td>Opaleeruv<\/td>\n<td>Sinine<\/td>\n<td>Lake-Blue<\/td>\n<td>Pronks<\/td>\n<td>Roheline<\/td>\n<\/tr>\n<tr>\n<td>4<\/td>\n<td>1<\/td>\n<td>2100<\/td>\n<td>6000<\/td>\n<td>80<\/td>\n<td>57<\/td>\n<td>45<\/td>\n<td>55<\/td>\n<td>55<\/td>\n<td>45<\/td>\n<\/tr>\n<tr>\n<td>6<\/td>\n<td>1.3<\/td>\n<td>2100<\/td>\n<td>6000<\/td>\n<td>79<\/td>\n<td>56<\/td>\n<td>36<\/td>\n<td>50<\/td>\n<td>53<\/td>\n<td>42<\/td>\n<\/tr>\n<tr>\n<td>8<\/td>\n<td>1.5<\/td>\n<td>2100<\/td>\n<td>6000<\/td>\n<td>78<\/td>\n<td>52<\/td>\n<td>30<\/td>\n<td>47<\/td>\n<td>51<\/td>\n<td>40<\/td>\n<\/tr>\n<tr>\n<td>10<\/td>\n<td>1.7<\/td>\n<td>2100<\/td>\n<td>6000<\/td>\n<td>77<\/td>\n<td>44<\/td>\n<td>25<\/td>\n<td>42<\/td>\n<td>48<\/td>\n<td>35<\/td>\n<\/tr>\n<\/tbody>\n<\/table>\n<\/figure>\n<p><!-- \/wp:table --><\/p>\n<p><!-- wp:image {\"id\":6594} --><\/p>\n<p><!-- \/wp:image --><\/p>\n<p><!-- wp:image {\"id\":6595} --><\/p>\n<p><!-- \/wp:image --><\/p>\n<p><!-- wp:table --><\/p>\n<figure class=\"wp-block-table\">\n<table>\n<tbody>\n<tr>\n<td colspan=\"4\"><strong><b>Tehnilised andmed Tonon Pol\u00fckarbonaat \u00f5\u00f5neslehtede kohta<\/b><\/strong><\/td>\n<\/tr>\n<tr>\n<td>Ei.<\/td>\n<td>Omadused<\/td>\n<td>\u00dcksus<\/td>\n<td>Kuup\u00e4ev<\/td>\n<\/tr>\n<tr>\n<td>1<\/td>\n<td>L\u00f6\u00f6gitugevus<\/td>\n<td>J\/M<\/td>\n<td>850<\/td>\n<\/tr>\n<tr>\n<td>2<\/td>\n<td>Valguse \u00fclekanne<\/td>\n<td>%<\/td>\n<td>88<\/td>\n<\/tr>\n<tr>\n<td>3<\/td>\n<td>Spetsiifiline tihedus<\/td>\n<td>g\/cm<sup>3<\/sup><\/td>\n<td>1.2<\/td>\n<\/tr>\n<tr>\n<td>4<\/td>\n<td>Termiline paisumistegur<\/td>\n<td>Mm\/m.\u2103<\/td>\n<td>0.065<\/td>\n<\/tr>\n<tr>\n<td>5<\/td>\n<td>Temperatuurivahemik<\/td>\n<td>\u2103<\/td>\n<td>-40\uff5e+120<\/td>\n<\/tr>\n<tr>\n<td>6<\/td>\n<td>Soojusjuhtivus<\/td>\n<td>W\/m<sup>2<\/sup>.\u2103<\/td>\n<td>2.3\uff5e3.9<\/td>\n<\/tr>\n<tr>\n<td>7<\/td>\n<td>T\u00f5mbetugevus<\/td>\n<td>N\/mm<sup>2<\/sup><\/td>\n<td>\u226560<\/td>\n<\/tr>\n<tr>\n<td>8<\/td>\n<td>Paindetugevus<\/td>\n<td>N\/mm<sup>2<\/sup><\/td>\n<td>100<\/td>\n<\/tr>\n<tr>\n<td>9<\/td>\n<td>Elastsusmoodul<\/td>\n<td>Mpa<\/td>\n<td>2400<\/td>\n<\/tr>\n<tr>\n<td>10<\/td>\n<td>T\u00f5mbepinge murdumispinge<\/td>\n<td>Mpa<\/td>\n<td>\u226565<\/td>\n<\/tr>\n<tr>\n<td>11<\/td>\n<td>Pikenemine murdumisel<\/td>\n<td>%<\/td>\n<td>&gt;100<\/td>\n<\/tr>\n<tr>\n<td>12<\/td>\n<td>Spetsiifiline soojus<\/td>\n<td>Kj\/Kg.K<\/td>\n<td>1.17<\/td>\n<\/tr>\n<tr>\n<td>13<\/td>\n<td>Soojuse k\u00f5rvalekaldumise temperatuur<\/td>\n<td>\u2103<\/td>\n<td>140<\/td>\n<\/tr>\n<tr>\n<td>14<\/td>\n<td>Helikindluse m\u00f5ju<\/td>\n<td>10mm \u00f5\u00f5nes leht<\/td>\n<td>Sumbumine 20 dB<\/td>\n<\/tr>\n<\/tbody>\n<\/table>\n<\/figure>\n<p><!-- \/wp:table --><\/p>\n<p><!-- wp:image {\"id\":6596} --><\/p>\n<p><!-- \/wp:image --><\/p>\n<p><!-- wp:paragraph --><\/p>\n<p><strong><b>Kaksikseinaga pol\u00fckarbonaatlehe kasutamine<\/b><\/strong><\/p>\n<p><!-- \/wp:paragraph --><\/p>\n<p><!-- wp:paragraph --><\/p>\n<p>1.Roof tsiviil- ja \u00fchiskondlike hoonete , sisekujunduse ja avalike rajatiste loomulikuks valgustamiseks. .<\/p>\n<p><!-- \/wp:paragraph --><\/p>\n<p><!-- wp:paragraph --><\/p>\n<p>2.Staadion ja vaba aja veetmise v\u00f5imalused .<\/p>\n<p><!-- \/wp:paragraph --><\/p>\n<p><!-- wp:paragraph --><\/p>\n<p>3.Commercial kasvuhooned ja vesiviljeluse ja kodulindude varikatused .<\/p>\n<p><!-- \/wp:paragraph --><\/p>\n<p><!-- wp:paragraph --><\/p>\n<p>4.Light kasti , m\u00e4rk ja reklaamtahvlid m\u00fc\u00fcgipunktides .<\/p>\n<p><!-- \/wp:paragraph --><\/p>\n<p><!-- wp:paragraph --><\/p>\n<p>5. ooteruumide katused raudteejaamades, metroos, bussijaamades ja lennujaamades. .<\/p>","protected":false},"featured_media":16775,"parent":0,"template":"","product-catagories":[178,179],"product-tag":[],"class_list":["post-14027","product","type-product","status-publish","has-post-thumbnail","hentry","product-catagories-polycarbonate-hollow-sheet","product-catagories-twin-wall-polycarbonate-sheet"],"acf":[],"_links":{"self":[{"href":"https:\/\/www.tononplastics.com\/et\/wp-json\/wp\/v2\/product\/14027","targetHints":{"allow":["GET"]}}],"collection":[{"href":"https:\/\/www.tononplastics.com\/et\/wp-json\/wp\/v2\/product"}],"about":[{"href":"https:\/\/www.tononplastics.com\/et\/wp-json\/wp\/v2\/types\/product"}],"version-history":[{"count":0,"href":"https:\/\/www.tononplastics.com\/et\/wp-json\/wp\/v2\/product\/14027\/revisions"}],"wp:featuredmedia":[{"embeddable":true,"href":"https:\/\/www.tononplastics.com\/et\/wp-json\/wp\/v2\/media\/16775"}],"wp:attachment":[{"href":"https:\/\/www.tononplastics.com\/et\/wp-json\/wp\/v2\/media?parent=14027"}],"wp:term":[{"taxonomy":"product-catagories","embeddable":true,"href":"https:\/\/www.tononplastics.com\/et\/wp-json\/wp\/v2\/product-catagories?post=14027"},{"taxonomy":"product-tag","embeddable":true,"href":"https:\/\/www.tononplastics.com\/et\/wp-json\/wp\/v2\/product-tag?post=14027"}],"curies":[{"name":"wp","href":"https:\/\/api.w.org\/{rel}","templated":true}]}}