{"id":14543,"date":"2023-08-08T09:03:58","date_gmt":"2023-08-08T01:03:58","guid":{"rendered":"https:\/\/tononplastics.com\/?post_type=product&#038;p=14543"},"modified":"2024-03-25T12:15:00","modified_gmt":"2024-03-25T04:15:00","slug":"polycarbonate-solid-sheet","status":"publish","type":"product","link":"https:\/\/www.tononplastics.com\/et\/product\/polycarbonate-solid-sheet\/","title":{"rendered":"Pol\u00fckarbonaat tahke leht"},"content":{"rendered":"<p><strong>Toote spetsifikatsioonid ja omadused<\/strong><\/p>\n\n\n\n<p>M\u00e4rkus: 1. Eriv\u00e4rvid ja spetsifikatsioonid massiklientide jaoks on v\u00f5imalik kohandada.2. Saadaval \u00fche- v\u00f5i kahepoolse koekstrudeeritud UV-kihiga.3. Standardne PC tahke kulumiskindla t\u00f6\u00f6tlemisega.4, v\u00f5ib pakkuda tooteid uduvastase funktsiooniga.<\/p>\n\n\n\n<figure class=\"wp-block-gallery has-nested-images columns-default is-cropped wp-block-gallery-1 is-layout-flex wp-block-gallery-is-layout-flex\">\n<figure class=\"wp-block-image size-large\"><img decoding=\"async\" data-id=\"16103\" src=\"https:\/\/www.tononplastics.com\/wp-content\/uploads\/2023\/08\/H912578573bb64e5aa470cb700f63aee7a.webp\" alt=\"\" class=\"wp-image-16103\" title=\"\"><\/figure>\n\n\n\n<figure class=\"wp-block-image size-large\"><img fetchpriority=\"high\" decoding=\"async\" width=\"822\" height=\"822\" data-id=\"15100\" src=\"https:\/\/www.tononplastics.com\/wp-content\/uploads\/2023\/08\/H0c09c837f0a54be1a8b5c6b0ad19f2766.jpg\" alt=\"\" class=\"wp-image-15100\" title=\"\" srcset=\"https:\/\/www.tononplastics.com\/wp-content\/uploads\/2023\/08\/H0c09c837f0a54be1a8b5c6b0ad19f2766.jpg 822w, https:\/\/www.tononplastics.com\/wp-content\/uploads\/2023\/08\/H0c09c837f0a54be1a8b5c6b0ad19f2766-300x300.jpg 300w, https:\/\/www.tononplastics.com\/wp-content\/uploads\/2023\/08\/H0c09c837f0a54be1a8b5c6b0ad19f2766-150x150.jpg 150w, https:\/\/www.tononplastics.com\/wp-content\/uploads\/2023\/08\/H0c09c837f0a54be1a8b5c6b0ad19f2766-768x768.jpg 768w\" sizes=\"(max-width: 822px) 100vw, 822px\" \/><\/figure>\n<\/figure>\n\n\n<p>\u00a0<\/p>\n<table style=\"width: 100%; border-collapse: collapse; background-color: 0;\">\n<tbody>\n<tr style=\"background-color: #0fa2f7;\">\n<td style=\"width: 16.6667%;\">\n<p><span style=\"color: #ffffff;\"><b>Max <\/b><\/span><\/p>\n<p><span style=\"color: #ffffff;\"><b>Laius (mm)<\/b><\/span><\/p>\n<\/td>\n<td style=\"width: 16.6667%;\">\n<p><span style=\"color: #ffffff;\"><b>Lineaarne laienemine <\/b><\/span><\/p>\n<p><span style=\"color: #ffffff;\"><b>koefitsient (<\/b><b>\u2103<\/b><b>-1)<\/b><\/span><\/p>\n<\/td>\n<td style=\"width: 16.6667%;\">\n<p><span style=\"color: #ffffff;\"><b>P\u00f5lemisprotsess <\/b><\/span><\/p>\n<p><span style=\"color: #ffffff;\"><b>tulemuslikkus<\/b><\/span><\/p>\n<\/td>\n<td style=\"width: 16.3452%;\">\n<p><span style=\"color: #ffffff;\"><b>Pikaajaline teenus <\/b><\/span><\/p>\n<p><span style=\"color: #ffffff;\"><b>temperatuur (<\/b><b>\u2103<\/b><b>)<\/b><\/span><\/p>\n<\/td>\n<td style=\"width: 16.9882%;\">\n<p><span style=\"color: #ffffff;\"><b>Valguse l\u00e4bilaskvus <\/b><\/span><\/p>\n<p><span style=\"color: #ffffff;\"><b>v\u00e4heneb 10 % piires <\/b><\/span><\/p>\n<p><span style=\"color: #ffffff;\"><b>aastat (maksimaalselt %)<\/b><\/span><\/p>\n<\/td>\n<td style=\"width: 16.6667%;\">\n<p><span style=\"color: #ffffff;\"><b>Kolletumise indeks 10 <\/b><\/span><\/p>\n<p><span style=\"color: #ffffff;\"><b>aastat (maksimaalselt)<\/b><\/span><\/p>\n<\/td>\n<\/tr>\n<tr>\n<td style=\"width: 16.6667%; text-align: center;\">\n<p>2100<\/p>\n<\/td>\n<td style=\"width: 16.6667%; text-align: center;\">\n<p>6.5*10 -5<\/p>\n<\/td>\n<td style=\"width: 16.6667%; text-align: center;\">\n<p>B1-s2d0,t1<\/p>\n<\/td>\n<td style=\"width: 16.3452%; text-align: center;\">\n<p>-40\u2103~120\u2103<\/p>\n<\/td>\n<td style=\"width: 16.9882%; text-align: center;\">6<\/td>\n<td style=\"width: 16.6667%; text-align: center;\">10<\/td>\n<\/tr>\n<\/tbody>\n<\/table>\n<p>\u00a0<\/p>\n<table style=\"border-collapse: collapse; width: 100%; height: 269px;\">\n<tbody>\n<tr style=\"background-color: #0fa2f7;\">\n<td style=\"width: 14.2857%; height: 131px;\">\n<p><span style=\"color: #ffffff;\"><b>Paksus (mm)<\/b><\/span><\/p>\n<\/td>\n<td style=\"width: 14.2857%; height: 131px;\">\n<p><span style=\"color: #ffffff;\"><b>Maksimaalne <\/b><\/span><\/p>\n<p><span style=\"color: #ffffff;\"><b>l\u00e4bilaskvus <\/b><\/span><\/p>\n<p><span style=\"color: #ffffff;\"><b>(%)<\/b><\/span><\/p>\n<\/td>\n<td style=\"width: 14.2857%; height: 131px;\">\n<p><span style=\"color: #ffffff;\"><b>Kaal <\/b><\/span><\/p>\n<p><span style=\"color: #ffffff;\"><b>(kg\/m2)<\/b><\/span><\/p>\n<\/td>\n<td style=\"width: 14.2857%; height: 131px;\">\n<p><span style=\"color: #ffffff;\"><b>Standardne v\u00e4rv <\/b><\/span><\/p>\n<\/td>\n<td style=\"width: 14.2857%; height: 131px;\">\n<p><span style=\"color: #ffffff;\"><b>Minimaalne <\/b><\/span><\/p>\n<p><span style=\"color: #ffffff;\"><b>painutamine <\/b><\/span><\/p>\n<p><span style=\"color: #ffffff;\"><b>raadius (mm)<\/b><\/span><\/p>\n<\/td>\n<td style=\"width: 14.2857%; height: 131px;\">\n<p><span style=\"color: #ffffff;\"><b>Soojus\u00fclekanne <\/b><\/span><\/p>\n<p><span style=\"color: #ffffff;\"><b>koefitsient K <\/b><\/span><\/p>\n<p><span style=\"color: #ffffff;\"><b>v\u00e4\u00e4rtus<\/b><\/span><\/p>\n<\/td>\n<td style=\"width: 14.2857%; height: 131px;\">\n<p><span style=\"color: #ffffff;\"><b>Heli <\/b><\/span><\/p>\n<p><span style=\"color: #ffffff;\"><b>maht<\/b><\/span><\/p>\n<\/td>\n<\/tr>\n<tr style=\"height: 23px;\">\n<td style=\"width: 14.2857%; height: 23px;\">3<\/td>\n<td style=\"width: 14.2857%; height: 138px;\" rowspan=\"6\">\n<p>89 Vastavalt hoonete erivariatsioonidele ja tegelikele vajadustele valiku<\/p>\n<\/td>\n<td style=\"width: 14.2857%; height: 23px;\">3.6<\/td>\n<td style=\"width: 14.2857%; height: 138px;\" rowspan=\"6\">\n<p>l\u00e4bipaistev\/meigiv\u00e4rviline valge\/roheline\/tee\/sinine\/punane Hajus seeria Helme seeria Fluorestseeria Looduslik seeria Pimestav v\u00e4rvisari<\/p>\n<\/td>\n<td style=\"width: 14.2857%; height: 23px;\">450<\/td>\n<td style=\"width: 14.2857%; height: 23px;\">5.5<\/td>\n<td style=\"width: 14.2857%; height: 23px;\">25<\/td>\n<\/tr>\n<tr style=\"height: 23px;\">\n<td style=\"width: 14.2857%; height: 23px;\">4<\/td>\n<td style=\"width: 14.2857%; height: 23px;\">4.8<\/td>\n<td style=\"width: 14.2857%; height: 23px;\">600<\/td>\n<td style=\"width: 14.2857%; height: 23px;\">5.3<\/td>\n<td style=\"width: 14.2857%; height: 23px;\">27<\/td>\n<\/tr>\n<tr style=\"height: 23px;\">\n<td style=\"width: 14.2857%; height: 23px;\">6<\/td>\n<td style=\"width: 14.2857%; height: 23px;\">7.2<\/td>\n<td style=\"width: 14.2857%; height: 23px;\">900<\/td>\n<td style=\"width: 14.2857%; height: 23px;\">5.1<\/td>\n<td style=\"width: 14.2857%; height: 23px;\">29<\/td>\n<\/tr>\n<tr style=\"height: 23px;\">\n<td style=\"width: 14.2857%; height: 23px;\">8<\/td>\n<td style=\"width: 14.2857%; height: 23px;\">9.6<\/td>\n<td style=\"width: 14.2857%; height: 23px;\">1200<\/td>\n<td style=\"width: 14.2857%; height: 23px;\">4.9<\/td>\n<td style=\"width: 14.2857%; height: 23px;\">31<\/td>\n<\/tr>\n<tr style=\"height: 23px;\">\n<td style=\"width: 14.2857%; height: 23px;\">10<\/td>\n<td style=\"width: 14.2857%; height: 23px;\">12.0<\/td>\n<td style=\"width: 14.2857%; height: 23px;\">1500<\/td>\n<td style=\"width: 14.2857%; height: 23px;\">4.7<\/td>\n<td style=\"width: 14.2857%; height: 23px;\">32<\/td>\n<\/tr>\n<tr style=\"height: 23px;\">\n<td style=\"width: 14.2857%; height: 23px;\">12<\/td>\n<td style=\"width: 14.2857%; height: 23px;\">14.4<\/td>\n<td style=\"width: 14.2857%; height: 23px;\">1800<\/td>\n<td style=\"width: 14.2857%; height: 23px;\">4.5<\/td>\n<td style=\"width: 14.2857%; height: 23px;\">33<\/td>\n<\/tr>\n<\/tbody>\n<\/table>\n<p>\u00a0<\/p>\n<h2>PC-kilbi \u00f5ige paigaldamine<\/h2>\n<p><img decoding=\"async\" class=\"alignnone size-full wp-image-14890\" src=\"https:\/\/tononplastics.com\/wp-content\/uploads\/2023\/08\/img-48.jpg\" alt=\"\" width=\"1381\" height=\"608\" title=\"\" srcset=\"https:\/\/www.tononplastics.com\/wp-content\/uploads\/2023\/08\/img-48.jpg 1381w, https:\/\/www.tononplastics.com\/wp-content\/uploads\/2023\/08\/img-48-300x132.jpg 300w, https:\/\/www.tononplastics.com\/wp-content\/uploads\/2023\/08\/img-48-1024x451.jpg 1024w, https:\/\/www.tononplastics.com\/wp-content\/uploads\/2023\/08\/img-48-768x338.jpg 768w\" sizes=\"(max-width: 1381px) 100vw, 1381px\" \/><\/p>","protected":false},"featured_media":14345,"parent":0,"template":"","product-catagories":[177],"product-tag":[],"class_list":["post-14543","product","type-product","status-publish","has-post-thumbnail","hentry","product-catagories-polycarbonate-solid-sheet"],"acf":[],"_links":{"self":[{"href":"https:\/\/www.tononplastics.com\/et\/wp-json\/wp\/v2\/product\/14543","targetHints":{"allow":["GET"]}}],"collection":[{"href":"https:\/\/www.tononplastics.com\/et\/wp-json\/wp\/v2\/product"}],"about":[{"href":"https:\/\/www.tononplastics.com\/et\/wp-json\/wp\/v2\/types\/product"}],"version-history":[{"count":0,"href":"https:\/\/www.tononplastics.com\/et\/wp-json\/wp\/v2\/product\/14543\/revisions"}],"wp:featuredmedia":[{"embeddable":true,"href":"https:\/\/www.tononplastics.com\/et\/wp-json\/wp\/v2\/media\/14345"}],"wp:attachment":[{"href":"https:\/\/www.tononplastics.com\/et\/wp-json\/wp\/v2\/media?parent=14543"}],"wp:term":[{"taxonomy":"product-catagories","embeddable":true,"href":"https:\/\/www.tononplastics.com\/et\/wp-json\/wp\/v2\/product-catagories?post=14543"},{"taxonomy":"product-tag","embeddable":true,"href":"https:\/\/www.tononplastics.com\/et\/wp-json\/wp\/v2\/product-tag?post=14543"}],"curies":[{"name":"wp","href":"https:\/\/api.w.org\/{rel}","templated":true}]}}