{"id":14546,"date":"2023-08-08T09:08:02","date_gmt":"2023-08-08T01:08:02","guid":{"rendered":"https:\/\/tononplastics.com\/?post_type=product&#038;p=14546"},"modified":"2024-03-25T13:01:39","modified_gmt":"2024-03-25T05:01:39","slug":"polycarbonate-corrugated-sheet","status":"publish","type":"product","link":"https:\/\/www.tononplastics.com\/et\/product\/polycarbonate-corrugated-sheet\/","title":{"rendered":"Pol\u00fckarbonaadist laineline leht"},"content":{"rendered":"<p><strong>\u00dcksikasjad<\/strong><\/p>\n\n\n\n<p>Tecplast toodab igat liiki pol\u00fckarbonaatlaineplaate. Me toodame ka vastavalt teile lainelise kujuga vormi!<\/p>\n\n\n\n<p><strong>Tooted Pilt<\/strong><\/p>\n\n\n\n<figure class=\"wp-block-image is-resized\"><img decoding=\"async\" src=\"https:\/\/www.techplast.com.cn\/d\/file\/polycarbonate-corrugated-solid-sheet\/2023-11-09\/16995219633519.png\" alt=\"\" style=\"width:840px;height:auto\" title=\"1.png\"><\/figure>\n\n\n\n<p><strong>Omadused<\/strong><\/p>\n\n\n\n<p>1.Super selgus ja palju tugevam kui teised plastmaterjalid,<\/p>\n\n\n\n<p>2.Perfectly sile pind, mis on toodetud 100% neitsivaikudega ja keerulise tehnoloogiaga.<\/p>\n\n\n\n<p>3.Light-weight, kuid praktiliselt purunematu, valguse \u00fclekanne: kuni 88%<\/p>\n\n\n\n<p>4.Easy paigaldada minimaalse hooldusega<\/p>\n\n\n\n<p>5.Absorbeerib peaaegu 100% kahjulikku UV-kiirgust<\/p>\n\n\n\n<p>6.K\u00f5rge l\u00f6\u00f6gitugevus, 80 korda rohkem kui klaas, 15 korda rohkem kui akr\u00fc\u00fclplaat<\/p>\n\n\n\n<p>7.UV koekstrusioon pika eluea tagamiseks, 10-aastane garantii<\/p>\n\n\n\n<p><strong>Suuruse \u00fcksikasjad<\/strong><\/p>\n\n\n\n<p>Paksus: 0.8-2.5mm<\/p>\n\n\n\n<p>Laius: 600-1800mm<\/p>\n\n\n\n<p>Pikkus: ei ole piiratud<\/p>\n\n\n\n<p><strong>Tehnilised andmed<\/strong><\/p>\n\n\n\n<figure class=\"wp-block-table\"><table><tbody><tr><td><strong>M\u00f5ju tugevus<\/strong><\/td><td><strong>L\u00e4bipaistvus<\/strong><\/td><td><strong>Konkreetne gravitatsioon<\/strong><\/td><td><strong>Soojuspaisumise koefitsient<\/strong><\/td><td><strong>Teenuse temperatuur<\/strong><\/td><td><strong>Soojusjuhtivus<\/strong><\/td><\/tr><tr><td>50j\/m<\/td><td>88%-92%<\/td><td>1200kg\/m\u00b3<\/td><td>0,065mm\/m\u00b0C<\/td><td>-40\u00b0C~+120\u00b0C<\/td><td>0,21w\/m\u00b2\u00b0C<\/td><\/tr><tr><td><strong>T\u00f5mbetugevus<\/strong><\/td><td><strong>Painutamisv\u00f5ime<\/strong><\/td><td><strong>Elastsusmoodul<\/strong><\/td><td><strong>Heliisolatsiooni m\u00f5ju<\/strong><\/td><td><strong>T\u00f5mbej\u00f5ud murdumisel<\/strong><\/td><td><strong>Pikenemine murdumisel<\/strong><\/td><\/tr><tr><td>\u226560N\/mm<\/td><td>100N\/mm\u00b2<\/td><td>2400Mpa<\/td><td>35 detsibelli v\u00e4henemine 6mm tahke lehe puhul<\/td><td>\u2265130Mpa<\/td><td><\/td><\/tr><\/tbody><\/table><\/figure>\n\n\n\n<p><h3><span style=\"font-size: revert; color: initial;\"> <\/span><\/h3><table style=\"border-collapse: collapse; width: 100%;\"> <tbody> <tr style=\"background-color: #0e6fe6;\"> <td style=\"width: 18.1592%;\"> <p><span style=\"color: #ffffff;\"><b>Valgusl\u00e4bilaskvus<\/b><\/span><\/p> <\/td> <td style=\"width: 81.8408%;\"> <p><span style=\"color: #ffffff;\">S\u00f5ltuvalt v\u00e4rvist v\u00f5ib l\u00e4bilaskvus ulatuda 0-89%ini.<\/span><\/p> <\/td> <\/tr> <tr> <td style=\"width: 18.1592%;\"> <p><b>Kerge kaal<\/b><\/p> <\/td> <td style=\"width: 81.8408%;\"> <p>kaal on sama paksus klaasi 1\/15<\/p> <\/td> <\/tr> <tr> <td style=\"width: 18.1592%;\"> <p><b>L\u00f6\u00f6gikindlus <\/b><\/p> <\/td> <td style=\"width: 81.8408%;\"> <p>hea vastupidavus, mida ei ole lihtne transportimisel, paigaldamisel ja kasutamisel kahjustada; l\u00f6\u00f6gitugevus<\/p> <p>on 250 korda suurem kui klaas ja 30 korda suurem kui pleksiklaas.<\/p> <\/td> <\/tr> <tr> <td style=\"width: 18.1592%;\"> <p><b>Vastupidavus vananemisele:<\/b><\/p> <\/td> <td style=\"width: 81.8408%;\"> <p>toote pinnal on ultraviolettkiht, hea v\u00e4litingimustes vastupidavus,<\/p> <p>pikaajaline kasutamine s\u00e4ilitab endiselt head optilised ja mehaanilised omadused<\/p> <\/td> <\/tr> <tr> <td style=\"width: 18.1592%;\"> <p><b>Vastupidavus tuulele <\/b><\/p> <p><b>surve<\/b><\/p> <\/td> <td style=\"width: 81.8408%;\"> <p>tuuletugevus GB\/T 7106-2008 esimene tase<\/p> <\/td> <\/tr> <tr> <td style=\"width: 18.1592%;\"> <p><b>Kohanemine suurte <\/b><\/p> <p><b>temperatuur <\/b><\/p> <p><b>erinevus<\/b><\/p> <\/td> <td style=\"width: 81.8408%;\"> <p>pikaajaline kasutustemperatuur: miinus 40\u00b0C kuni k\u00f5rge temperatuur 120\u00b0C<\/p> <\/td> <\/tr> <tr> <td style=\"width: 18.1592%;\"> <p><b>Heliisolatsioon<\/b><\/p> <\/td> <td style=\"width: 81.8408%;\"> <p>\u00f5\u00f5nes struktuur pol\u00fckarbonaadi hea heliisolatsiooni omadused, v\u00f5ib t\u00f5husalt v\u00e4hendada<\/p> <p>m\u00fcra<\/p> <\/td> <\/tr> <tr> <td style=\"width: 18.1592%;\"> <p><b>S\u00fcttimisohtlik <\/b><\/p> <\/td> <td style=\"width: 81.8408%;\"> <p>vastavalt siseriiklikule standardile GB8624-2012 on tuleohtlik B1-klassile<\/p> <\/td> <\/tr> <tr> <td style=\"width: 18.1592%;\"> <p><b>Lihtne paigaldus <\/b><\/p> <\/td> <td style=\"width: 81.8408%;\"> <p>K\u00fclma painutamine, mille minimaalne painutusraadius on 175 korda suurem kui lehe paksus.<\/p> <\/td> <\/tr> <tr> <td style=\"width: 18.1592%;\"> <p><b>Energias\u00e4\u00e4stu <\/b><\/p> <\/td> <td style=\"width: 81.8408%;\"> <p>madal soojusl\u00e4bivuskoefitsient (K-v\u00e4\u00e4rtus), hea soojusisolatsioon, energias\u00e4\u00e4st on 1,5-1,7 korda suurem kui<\/p> <p>sama paksusega klaas<\/p> <\/td> <\/tr> <\/tbody> <\/table><\/p>","protected":false},"featured_media":14351,"parent":0,"template":"","product-catagories":[174],"product-tag":[],"class_list":["post-14546","product","type-product","status-publish","has-post-thumbnail","hentry","product-catagories-polycarbonate-corrugated-sheet"],"acf":[],"_links":{"self":[{"href":"https:\/\/www.tononplastics.com\/et\/wp-json\/wp\/v2\/product\/14546","targetHints":{"allow":["GET"]}}],"collection":[{"href":"https:\/\/www.tononplastics.com\/et\/wp-json\/wp\/v2\/product"}],"about":[{"href":"https:\/\/www.tononplastics.com\/et\/wp-json\/wp\/v2\/types\/product"}],"version-history":[{"count":0,"href":"https:\/\/www.tononplastics.com\/et\/wp-json\/wp\/v2\/product\/14546\/revisions"}],"wp:featuredmedia":[{"embeddable":true,"href":"https:\/\/www.tononplastics.com\/et\/wp-json\/wp\/v2\/media\/14351"}],"wp:attachment":[{"href":"https:\/\/www.tononplastics.com\/et\/wp-json\/wp\/v2\/media?parent=14546"}],"wp:term":[{"taxonomy":"product-catagories","embeddable":true,"href":"https:\/\/www.tononplastics.com\/et\/wp-json\/wp\/v2\/product-catagories?post=14546"},{"taxonomy":"product-tag","embeddable":true,"href":"https:\/\/www.tononplastics.com\/et\/wp-json\/wp\/v2\/product-tag?post=14546"}],"curies":[{"name":"wp","href":"https:\/\/api.w.org\/{rel}","templated":true}]}}