{"id":14552,"date":"2023-08-08T10:34:22","date_gmt":"2023-08-08T02:34:22","guid":{"rendered":"https:\/\/tononplastics.com\/?post_type=product&#038;p=14552"},"modified":"2024-03-25T14:17:02","modified_gmt":"2024-03-25T06:17:02","slug":"pc-embossed-sheet","status":"publish","type":"product","link":"https:\/\/www.tononplastics.com\/et\/product\/pc-embossed-sheet\/","title":{"rendered":"PC reljeefne leht"},"content":{"rendered":"<p>PC reljeefsed lehed on valmistatud \u00fcldise pol\u00fckarbonaat tahke lehe tootmise tehnoloogia alusel, muutuvad osad vormimise t\u00f6\u00f6riista ja k\u00e4sit\u00f6\u00f6, muutes pinna v\u00e4limus toimus f\u00fc\u00fcsika muutus, selle pinna ehitus muutus teeb hea valguse iseloomulik ja erinevaid n\u00e4gemise ja langetamise m\u00f5ttes. mehaanika funktsioon, elektri funktsioon, tulekindel funktsioon, v\u00f5ime anti- ultraviolettkiirguse jne. kahest liiki lehtmaterjalist koosk\u00f5las \u00fcldise PC tahke lehega, see on erinev v\u00e4lise v\u00e4limuse ja valguse iseloomulik.<\/p>\n\n\n\n<figure class=\"wp-block-gallery has-nested-images columns-default is-cropped wp-block-gallery-1 is-layout-flex wp-block-gallery-is-layout-flex\">\n<figure class=\"wp-block-image size-large\"><img fetchpriority=\"high\" decoding=\"async\" width=\"640\" height=\"640\" data-id=\"15414\" src=\"https:\/\/www.tononplastics.com\/wp-content\/uploads\/2023\/08\/He8274ae2b415410ca5198fdb7cc29c56f.jpg\" alt=\"\" class=\"wp-image-15414\" title=\"\" srcset=\"https:\/\/www.tononplastics.com\/wp-content\/uploads\/2023\/08\/He8274ae2b415410ca5198fdb7cc29c56f.jpg 640w, https:\/\/www.tononplastics.com\/wp-content\/uploads\/2023\/08\/He8274ae2b415410ca5198fdb7cc29c56f-300x300.jpg 300w, https:\/\/www.tononplastics.com\/wp-content\/uploads\/2023\/08\/He8274ae2b415410ca5198fdb7cc29c56f-150x150.jpg 150w\" sizes=\"(max-width: 640px) 100vw, 640px\" \/><\/figure>\n\n\n\n<figure class=\"wp-block-image size-large\"><img decoding=\"async\" width=\"640\" height=\"640\" data-id=\"15412\" src=\"https:\/\/www.tononplastics.com\/wp-content\/uploads\/2023\/08\/Hbdfc9ad4c729484daa1291b1050c2c2fx.jpg\" alt=\"\" class=\"wp-image-15412\" title=\"\" srcset=\"https:\/\/www.tononplastics.com\/wp-content\/uploads\/2023\/08\/Hbdfc9ad4c729484daa1291b1050c2c2fx.jpg 640w, https:\/\/www.tononplastics.com\/wp-content\/uploads\/2023\/08\/Hbdfc9ad4c729484daa1291b1050c2c2fx-300x300.jpg 300w, https:\/\/www.tononplastics.com\/wp-content\/uploads\/2023\/08\/Hbdfc9ad4c729484daa1291b1050c2c2fx-150x150.jpg 150w\" sizes=\"(max-width: 640px) 100vw, 640px\" \/><\/figure>\n<\/figure>\n\n\n\n<p><strong>Eelised<br><\/strong>UV-blokeering - Keskkonnahoidlik - Energias\u00e4\u00e4stu - Kuumuse ja k\u00fclma vastu - Tuuleblokeering.<br>Tulekindel - Helikindel - K\u00f5rge valgusl\u00e4bivus - Kerge kaal - lihtne paigaldus<\/p>\n\n\n\n<p><strong>Spetsifikatsioonid<br><\/strong>Pikkus: standardpikkus 6m (leht), 30m (rull), eripikkus kohandatud<br>Laius: standard 1.22m\/1.56m\/1.82m\/2.1m, max 2.1m<br>Paksus: 0.8mm - 20mm<br>V\u00e4rv: selge, j\u00e4rvesinine, sinine, rohekas, pruun, helehall, opaal, helepruun, kollane, oran\u017e, must, kohv, punane jne,<\/p>\n\n\n\n<figure class=\"wp-block-gallery has-nested-images columns-default is-cropped wp-block-gallery-2 is-layout-flex wp-block-gallery-is-layout-flex\">\n<figure class=\"wp-block-image size-large\"><img decoding=\"async\" width=\"179\" height=\"185\" data-id=\"16303\" src=\"https:\/\/www.tononplastics.com\/wp-content\/uploads\/2023\/08\/th-1.jpg\" alt=\"\" class=\"wp-image-16303\" title=\"\" srcset=\"https:\/\/www.tononplastics.com\/wp-content\/uploads\/2023\/08\/th-1.jpg 179w, https:\/\/www.tononplastics.com\/wp-content\/uploads\/2023\/08\/th-1-12x12.jpg 12w\" sizes=\"(max-width: 179px) 100vw, 179px\" \/><\/figure>\n\n\n\n<figure class=\"wp-block-image size-large\"><img loading=\"lazy\" decoding=\"async\" width=\"179\" height=\"185\" data-id=\"16304\" src=\"https:\/\/www.tononplastics.com\/wp-content\/uploads\/2023\/08\/th.jpg\" alt=\"\" class=\"wp-image-16304\" title=\"\" srcset=\"https:\/\/www.tononplastics.com\/wp-content\/uploads\/2023\/08\/th.jpg 179w, https:\/\/www.tononplastics.com\/wp-content\/uploads\/2023\/08\/th-12x12.jpg 12w\" sizes=\"(max-width: 179px) 100vw, 179px\" \/><\/figure>\n<\/figure>","protected":false},"featured_media":14352,"parent":0,"template":"","product-catagories":[173],"product-tag":[],"class_list":["post-14552","product","type-product","status-publish","has-post-thumbnail","hentry","product-catagories-polycarbonate-embossed-sheet"],"acf":[],"_links":{"self":[{"href":"https:\/\/www.tononplastics.com\/et\/wp-json\/wp\/v2\/product\/14552","targetHints":{"allow":["GET"]}}],"collection":[{"href":"https:\/\/www.tononplastics.com\/et\/wp-json\/wp\/v2\/product"}],"about":[{"href":"https:\/\/www.tononplastics.com\/et\/wp-json\/wp\/v2\/types\/product"}],"version-history":[{"count":0,"href":"https:\/\/www.tononplastics.com\/et\/wp-json\/wp\/v2\/product\/14552\/revisions"}],"wp:featuredmedia":[{"embeddable":true,"href":"https:\/\/www.tononplastics.com\/et\/wp-json\/wp\/v2\/media\/14352"}],"wp:attachment":[{"href":"https:\/\/www.tononplastics.com\/et\/wp-json\/wp\/v2\/media?parent=14552"}],"wp:term":[{"taxonomy":"product-catagories","embeddable":true,"href":"https:\/\/www.tononplastics.com\/et\/wp-json\/wp\/v2\/product-catagories?post=14552"},{"taxonomy":"product-tag","embeddable":true,"href":"https:\/\/www.tononplastics.com\/et\/wp-json\/wp\/v2\/product-tag?post=14552"}],"curies":[{"name":"wp","href":"https:\/\/api.w.org\/{rel}","templated":true}]}}