{"id":14555,"date":"2023-08-08T10:35:55","date_gmt":"2023-08-08T02:35:55","guid":{"rendered":"https:\/\/tononplastics.com\/?post_type=product&#038;p=14555"},"modified":"2024-04-16T14:10:09","modified_gmt":"2024-04-16T06:10:09","slug":"polycarbonate-hollow-sheet","status":"publish","type":"product","link":"https:\/\/www.tononplastics.com\/et\/product\/polycarbonate-hollow-sheet\/","title":{"rendered":"\u00d5\u00f5nes pol\u00fckarbonaatplaat"},"content":{"rendered":"<p>TECHPLAST -POL\u00dcKARBONAAT \u00d5\u00d5NESPLEKK<\/p>\n\n\n\n<p>( 100% BAYER\/SABIC toormaterjal 10-aastase garantiiga; UV-paksus on \u00fcle 50 mikroni)<\/p>\n\n\n\n<p>Pol\u00fckarbonaadist \u00f5\u00f5nesplekk \u00fchendab endas pol\u00fckarbonaadi tugevuse ja t\u00e4nu oma rakukujulisele struktuurile suurep\u00e4rase isolatsiooni.<\/p>\n\n\n\n<p>Samuti on standardvarustuses \u00fchepoolne UV-kaitse, mis pakub 99,9% kaitset kahjuliku UV-kiirguse eest ja 250 korda suuremat l\u00f6\u00f6gikindlust kui klaas.<\/p>\n\n\n\n<p>See kombinatsioon teeb Techplastist ideaalse materjali nii \u00e4ri- kui ka kodumajapidamistes kasutatavate konstruktsioonide jaoks.<\/p>\n\n\n\n<p>n\u00e4iteks pergolad, k\u00f5nniteed, fassaadid, katuseaknad ja l\u00e4bipaistvad seinad.<\/p>\n\n\n\n<p>\u25b6 K\u00f5rge soojusisolatsioon<\/p>\n\n\n\n<p>\u25b6 \u00c4\u00e4rmiselt kerge, kuid l\u00f6\u00f6gikindel<\/p>\n\n\n\n<p>\u25b6 K\u00f5rge valgusl\u00e4bivus<\/p>\n\n\n\n<p>\u25b6 Suurep\u00e4rane struktuuriline vastupidavus<\/p>\n\n\n\n<p>\u25b6 Ilmastiku- ja UV-kindel<\/p>\n\n\n\n<p>\u25b6 Blokeerib praktiliselt kogu UV-kiirguse<\/p>\n\n\n\n<p>\u25b6 Lihtne k\u00e4sitseda ja paigaldada<\/p>\n\n\n\n<p>\u25b6 K\u00f5rge tuleohutuspiirangud<\/p>\n\n\n\n<p><strong>STRUKTUUR JA SUURUS<\/strong><\/p>\n\n\n\n<figure class=\"wp-block-table\"><table><tbody><tr><td>T\u00fc\u00fcp<\/td><td>Paksus (mm)<\/td><td>Standardne pikkus (mm)<\/td><td>Kaal (kg\/\u33a1)<\/td><td>K-v\u00e4\u00e4rtus (w\/m\u00b2*k)<\/td><td>LT selge&nbsp;<\/td><td>Min painderaadius (mm)<\/td><td>Anti-Voice(DB)<\/td><\/tr><tr><td rowspan=\"5\">2-seinaline R-struktuur<\/td><td>4<\/td><td>2100,1050,700<\/td><td>0.85<\/td><td>3.96<\/td><td>80<\/td><td>700<\/td><td>15<\/td><\/tr><tr><td>6<\/td><td>2100,1050,700<\/td><td>1.3<\/td><td>3.56<\/td><td>78<\/td><td>1050<\/td><td>17<\/td><\/tr><tr><td>8<\/td><td>2100,1050,700<\/td><td>1.5<\/td><td>3.26<\/td><td>76<\/td><td>1400<\/td><td>18<\/td><\/tr><tr><td>10<\/td><td>2100,1050,700<\/td><td>1.7<\/td><td>3.02<\/td><td>73<\/td><td>1750<\/td><td>19<\/td><\/tr><tr><td>12<\/td><td>2100,1050,700<\/td><td>1.9<\/td><td>2.78<\/td><td>72<\/td><td>2100<\/td><td>20<\/td><\/tr><tr><td rowspan=\"6\">3-seinaline R-struktuur<\/td><td>8<\/td><td>2100,1050,700<\/td><td>1.6<\/td><td>2.76<\/td><td>73<\/td><td>1400<\/td><td>19<\/td><\/tr><tr><td>10<\/td><td>2100,1050,700<\/td><td>1.80<\/td><td>2.68<\/td><td>71<\/td><td>1750<\/td><td>19<\/td><\/tr><tr><td>12<\/td><td>2100,1050,700<\/td><td>2.10<\/td><td>2.60<\/td><td>71<\/td><td>2100<\/td><td>19<\/td><\/tr><tr><td>14<\/td><td>2100,1050,700<\/td><td>2.40<\/td><td>2.42<\/td><td>69<\/td><td>2450<\/td><td>20<\/td><\/tr><tr><td>16<\/td><td>2100,1050,700<\/td><td>2.70<\/td><td>2.27<\/td><td>68<\/td><td>2800<\/td><td>21<\/td><\/tr><tr><td>18<\/td><td>2100,1050,700<\/td><td>3.00<\/td><td>2.21<\/td><td>67<\/td><td>3150<\/td><td>22<\/td><\/tr><tr><td rowspan=\"7\">4-seinaline R-struktuur<\/td><td>8<\/td><td>2100,1050,700<\/td><td>1.80<\/td><td>2.56<\/td><td>71<\/td><td>1400<\/td><td>18<\/td><\/tr><tr><td>10<\/td><td>2100,1050,700<\/td><td>2.10<\/td><td>2.39<\/td><td>71<\/td><td>1750<\/td><td>19<\/td><\/tr><tr><td>12<\/td><td>2100,1050,700<\/td><td>2.30<\/td><td>2.30<\/td><td>70<\/td><td>2100<\/td><td>20<\/td><\/tr><tr><td>14<\/td><td>2100,1050,700<\/td><td>2.50<\/td><td>2.10<\/td><td>69<\/td><td>2450<\/td><td>21<\/td><\/tr><tr><td>16<\/td><td>2100,1050,700<\/td><td>2.80<\/td><td>2.00<\/td><td>68<\/td><td>2800<\/td><td>22<\/td><\/tr><tr><td>18<\/td><td>2100,1050,700<\/td><td>3.10<\/td><td>1.88<\/td><td>66<\/td><td>3150<\/td><td>22<\/td><\/tr><tr><td>20<\/td><td>2100,1050,700<\/td><td>3.30<\/td><td>1.69<\/td><td>63<\/td><td>3500<\/td><td>23<\/td><\/tr><tr><td rowspan=\"6\">4-seinaline H-struktuur<\/td><td>6<\/td><td>2100,1050,700<\/td><td>1.30<\/td><td>2.96<\/td><td>59<\/td><td>1050<\/td><td>18<\/td><\/tr><tr><td>8<\/td><td>2100,1050,700<\/td><td>1.7<\/td><td>2.58<\/td><td>58<\/td><td>1400<\/td><td>18<\/td><\/tr><tr><td>10<\/td><td>2100,1050,700<\/td><td>1.9<\/td><td>2.16<\/td><td>57<\/td><td>1750<\/td><td>19<\/td><\/tr><tr><td>12<\/td><td>2100,1050,700<\/td><td>2.20<\/td><td>1.98<\/td><td>56<\/td><td>2100<\/td><td>20<\/td><\/tr><tr><td>14<\/td><td>2100,1050,700<\/td><td>2.40<\/td><td>1.74<\/td><td>55<\/td><td>2450<\/td><td>20<\/td><\/tr><tr><td>16<\/td><td>2100,1050,700<\/td><td>2.70<\/td><td>1.56<\/td><td>53<\/td><td>2800<\/td><td>21<\/td><\/tr><tr><td rowspan=\"4\">5-seinaline X-struktuur<\/td><td>12<\/td><td>2100,1050,700<\/td><td>2.10<\/td><td>2.56<\/td><td>66<\/td><td>2100<\/td><td>20<\/td><\/tr><tr><td>16<\/td><td>2100,1050,700<\/td><td>2.80<\/td><td>2.10<\/td><td>65<\/td><td>2800<\/td><td>21<\/td><\/tr><tr><td>20<\/td><td>2100,1050,700<\/td><td>2.95<\/td><td>2.27<\/td><td>63<\/td><td>3500<\/td><td>22<\/td><\/tr><tr><td>25<\/td><td>2100,1050,700<\/td><td>3.35<\/td><td>2.16<\/td><td>60<\/td><td>4375<\/td><td>23<\/td><\/tr><tr><td rowspan=\"5\">7-seinaline D-struktuur<\/td><td>22<\/td><td>2100,1050,700<\/td><td>3.40<\/td><td>1.51<\/td><td>58<\/td><td>3850<\/td><td>22<\/td><\/tr><tr><td>25<\/td><td>2100,1050,700<\/td><td>3.60<\/td><td>1.41<\/td><td>57<\/td><td>4375<\/td><td>23<\/td><\/tr><tr><td>32<\/td><td>2100,1050,700<\/td><td>4.00<\/td><td>1.32<\/td><td>53<\/td><td>5600<\/td><td>23<\/td><\/tr><tr><td>35<\/td><td>2100,1050,700<\/td><td>4.50<\/td><td>1.19<\/td><td>50<\/td><td>6125<\/td><td>24<\/td><\/tr><tr><td>40<\/td><td>2100,1050,700<\/td><td>5.00<\/td><td>1.19<\/td><td>50<\/td><td>6125<\/td><td>24<\/td><\/tr><\/tbody><\/table><\/figure>\n\n\n\n<p><strong>COLOR<\/strong><\/p>\n\n\n\n<figure class=\"wp-block-image\"><img decoding=\"async\" src=\"https:\/\/www.techplast.com.cn\/d\/file\/polycarbonate-sheet\/1\/2023-10-31\/16987396803570.jpg\" alt=\"\" title=\"1.jpg\"><\/figure>\n\n\n\n<p><strong>MATERJAL<\/strong><\/p>\n\n\n\n<figure class=\"wp-block-image\"><img decoding=\"async\" src=\"https:\/\/www.techplast.com.cn\/d\/file\/polycarbonate-sheet\/1\/2023-11-09\/16995220514591.png\" alt=\"\" title=\"1.png\"><\/figure>\n\n\n\n<p><strong>WORKSHOP<\/strong><\/p>\n\n\n\n<figure class=\"wp-block-image\"><img decoding=\"async\" src=\"https:\/\/www.techplast.com.cn\/d\/file\/polycarbonate-sheet\/1\/2023-11-08\/16994152714023.png\" alt=\"\" title=\"1.png\"><\/figure>\n\n\n\n<p><strong>LOGISTIKA<\/strong><\/p>\n\n\n\n<figure class=\"wp-block-image\"><img decoding=\"async\" src=\"https:\/\/www.techplast.com.cn\/d\/file\/polycarbonate-sheet\/1\/2023-11-09\/16995221347488.jpg\" alt=\"\" title=\"2.jpg\"><\/figure>\n\n\n\n<p><strong>KANDIDEERIMINE<\/strong><\/p>\n\n\n\n<figure class=\"wp-block-image\"><img decoding=\"async\" src=\"https:\/\/www.techplast.com.cn\/d\/file\/polycarbonate-sheet\/1\/2023-11-08\/16994268547308.png\" alt=\"\" title=\"1.png\"><\/figure>","protected":false},"featured_media":16744,"parent":0,"template":"","product-catagories":[178],"product-tag":[],"class_list":["post-14555","product","type-product","status-publish","has-post-thumbnail","hentry","product-catagories-polycarbonate-hollow-sheet"],"acf":[],"_links":{"self":[{"href":"https:\/\/www.tononplastics.com\/et\/wp-json\/wp\/v2\/product\/14555","targetHints":{"allow":["GET"]}}],"collection":[{"href":"https:\/\/www.tononplastics.com\/et\/wp-json\/wp\/v2\/product"}],"about":[{"href":"https:\/\/www.tononplastics.com\/et\/wp-json\/wp\/v2\/types\/product"}],"version-history":[{"count":0,"href":"https:\/\/www.tononplastics.com\/et\/wp-json\/wp\/v2\/product\/14555\/revisions"}],"wp:featuredmedia":[{"embeddable":true,"href":"https:\/\/www.tononplastics.com\/et\/wp-json\/wp\/v2\/media\/16744"}],"wp:attachment":[{"href":"https:\/\/www.tononplastics.com\/et\/wp-json\/wp\/v2\/media?parent=14555"}],"wp:term":[{"taxonomy":"product-catagories","embeddable":true,"href":"https:\/\/www.tononplastics.com\/et\/wp-json\/wp\/v2\/product-catagories?post=14555"},{"taxonomy":"product-tag","embeddable":true,"href":"https:\/\/www.tononplastics.com\/et\/wp-json\/wp\/v2\/product-tag?post=14555"}],"curies":[{"name":"wp","href":"https:\/\/api.w.org\/{rel}","templated":true}]}}