{"id":14571,"date":"2023-08-08T10:50:24","date_gmt":"2023-08-08T02:50:24","guid":{"rendered":"https:\/\/tononplastics.com\/?post_type=product&#038;p=14571"},"modified":"2024-03-25T11:25:13","modified_gmt":"2024-03-25T03:25:13","slug":"polycarbonte-awning","status":"publish","type":"product","link":"https:\/\/www.tononplastics.com\/et\/product\/polycarbonte-awning\/","title":{"rendered":"Pol\u00fckarbonaadist markiis"},"content":{"rendered":"<p><strong>\u00dcksikasjad<\/strong>:<br>Pol\u00fckarbonaatmarkiis kasutab materjalina peamiselt Bayeri pol\u00fckarbonaatplekki (sealhulgas PC \u00f5\u00f5nesplekki ja PC tahkeplekki). Kergus ja tugev ilmastikukindlus on kaks olulist omadust. Seda on kasutatud laialdaselt bussijaama markiisina ja maa-aluse parkimismaja markiisina. Ja seda on lihtne paigaldada.<\/p>\n\n\n\n<p><strong>Pol\u00fckarbonaadist markiiside eelis<\/strong><br>1.Unikaalne l\u00e4bipaistev, UV-kaitsev pind<br>2.Weatherproof<br>3.Durable pol\u00fckarbonaatplastileht ja tugevad struktuursed plastklambrid<br>4.Designitud taluma kuni 1. kategooria orkaani<br>5.Surface v\u00e4hendab vihma ja rahe m\u00fcra<br>6.Keskkonnas\u00f5bralik<br>7.Mitut varikatust v\u00f5ib \u00fchendada \u00fcheks pikemaks varikatuseks.<br>8.K\u00f5ik riistvara on kaasas kiireks ja lihtsaks kokkupanekuks ja paigaldamiseks.<\/p>\n\n\n\n<figure class=\"wp-block-gallery has-nested-images columns-default is-cropped wp-block-gallery-1 is-layout-flex wp-block-gallery-is-layout-flex\">\n<figure class=\"wp-block-image size-large\"><img fetchpriority=\"high\" decoding=\"async\" width=\"662\" height=\"379\" data-id=\"14365\" src=\"https:\/\/www.tononplastics.com\/wp-content\/uploads\/2023\/08\/img-121.jpg\" alt=\"\" class=\"wp-image-14365\" title=\"\" srcset=\"https:\/\/www.tononplastics.com\/wp-content\/uploads\/2023\/08\/img-121.jpg 662w, https:\/\/www.tononplastics.com\/wp-content\/uploads\/2023\/08\/img-121-300x172.jpg 300w\" sizes=\"(max-width: 662px) 100vw, 662px\" \/><\/figure>\n\n\n\n<figure class=\"wp-block-image size-large\"><img decoding=\"async\" width=\"1024\" height=\"683\" data-id=\"14364\" src=\"https:\/\/www.tononplastics.com\/wp-content\/uploads\/2023\/08\/img-120-1024x683.jpg\" alt=\"\" class=\"wp-image-14364\" title=\"\" srcset=\"https:\/\/www.tononplastics.com\/wp-content\/uploads\/2023\/08\/img-120-1024x683.jpg 1024w, https:\/\/www.tononplastics.com\/wp-content\/uploads\/2023\/08\/img-120-300x200.jpg 300w, https:\/\/www.tononplastics.com\/wp-content\/uploads\/2023\/08\/img-120-768x512.jpg 768w, https:\/\/www.tononplastics.com\/wp-content\/uploads\/2023\/08\/img-120-1536x1024.jpg 1536w, https:\/\/www.tononplastics.com\/wp-content\/uploads\/2023\/08\/img-120-2048x1365.jpg 2048w\" sizes=\"(max-width: 1024px) 100vw, 1024px\" \/><\/figure>\n<\/figure>\n\n\n<p><b>MARKIISI SPETSIFIKATSIOON<\/b><\/p>\n<table style=\"border-collapse: collapse; width: 100%;\">\n<tbody>\n<tr>\n<td style=\"width: 16.335%;\">\n<p>Laius (mm)<\/p>\n<\/td>\n<td style=\"width: 83.665%;\">\n<p>600,800,1000,1200,1500,2000<\/p>\n<\/td>\n<\/tr>\n<tr>\n<td style=\"width: 16.335%;\">\n<p>S\u00fcgavus (mm)<\/p>\n<\/td>\n<td style=\"width: 83.665%;\">\n<p>600,800,1000,1200,1500<\/p>\n<\/td>\n<\/tr>\n<tr>\n<td style=\"width: 16.335%;\">\n<p>Tahvli materjal<\/p>\n<\/td>\n<td style=\"width: 83.665%;\">\n<p>3mm PC tahke leht<\/p>\n<p>6mm PC tahke leht<\/p>\n<\/td>\n<\/tr>\n<tr>\n<td style=\"width: 16.335%;\">\n<p>Klamber<\/p>\n<\/td>\n<td style=\"width: 83.665%;\">\n<p>PP tehnilised plastid v\u00f5i alumiinium<\/p>\n<\/td>\n<\/tr>\n<tr>\n<td style=\"width: 16.335%;\">\n<p>M\u00e4rkused<\/p>\n<\/td>\n<td style=\"width: 83.665%;\">\n<p>Suurusi saab kohandada vastavalt kliendi vajadusele<\/p>\n<\/td>\n<\/tr>\n<\/tbody>\n<\/table>\n<p>\u00a0<\/p>\n\n\n<figure class=\"wp-block-gallery has-nested-images columns-default is-cropped wp-block-gallery-2 is-layout-flex wp-block-gallery-is-layout-flex\">\n<figure class=\"wp-block-image size-large\"><img decoding=\"async\" width=\"682\" height=\"358\" data-id=\"15372\" src=\"https:\/\/www.tononplastics.com\/wp-content\/uploads\/2023\/08\/H2d98bb868b2d4385b8957b7b46c19741H.png\" alt=\"\" class=\"wp-image-15372\" title=\"\" srcset=\"https:\/\/www.tononplastics.com\/wp-content\/uploads\/2023\/08\/H2d98bb868b2d4385b8957b7b46c19741H.png 682w, https:\/\/www.tononplastics.com\/wp-content\/uploads\/2023\/08\/H2d98bb868b2d4385b8957b7b46c19741H-300x157.png 300w\" sizes=\"(max-width: 682px) 100vw, 682px\" \/><\/figure>\n<\/figure>","protected":false},"featured_media":14364,"parent":0,"template":"","product-catagories":[171],"product-tag":[],"class_list":["post-14571","product","type-product","status-publish","has-post-thumbnail","hentry","product-catagories-awning"],"acf":[],"_links":{"self":[{"href":"https:\/\/www.tononplastics.com\/et\/wp-json\/wp\/v2\/product\/14571","targetHints":{"allow":["GET"]}}],"collection":[{"href":"https:\/\/www.tononplastics.com\/et\/wp-json\/wp\/v2\/product"}],"about":[{"href":"https:\/\/www.tononplastics.com\/et\/wp-json\/wp\/v2\/types\/product"}],"version-history":[{"count":0,"href":"https:\/\/www.tononplastics.com\/et\/wp-json\/wp\/v2\/product\/14571\/revisions"}],"wp:featuredmedia":[{"embeddable":true,"href":"https:\/\/www.tononplastics.com\/et\/wp-json\/wp\/v2\/media\/14364"}],"wp:attachment":[{"href":"https:\/\/www.tononplastics.com\/et\/wp-json\/wp\/v2\/media?parent=14571"}],"wp:term":[{"taxonomy":"product-catagories","embeddable":true,"href":"https:\/\/www.tononplastics.com\/et\/wp-json\/wp\/v2\/product-catagories?post=14571"},{"taxonomy":"product-tag","embeddable":true,"href":"https:\/\/www.tononplastics.com\/et\/wp-json\/wp\/v2\/product-tag?post=14571"}],"curies":[{"name":"wp","href":"https:\/\/api.w.org\/{rel}","templated":true}]}}