{"id":15108,"date":"2023-08-22T16:06:27","date_gmt":"2023-08-22T08:06:27","guid":{"rendered":"https:\/\/tononplastics.com\/?post_type=product&#038;p=15108"},"modified":"2024-03-25T14:01:23","modified_gmt":"2024-03-25T06:01:23","slug":"pc-plastic-board-endurance-plate-1mm-polycarbonate-corrugate-sheet-scratch-solution","status":"publish","type":"product","link":"https:\/\/www.tononplastics.com\/et\/product\/pc-plastic-board-endurance-plate-1mm-polycarbonate-corrugate-sheet-scratch-solution\/","title":{"rendered":"PC plastikplaadi vastupidavusplaat 1mm pol\u00fckarbonaat laineplaat kriimustuslahendus"},"content":{"rendered":"<p><strong>L\u00fchitutvustus:<\/strong><\/p>\n<p>A. Tootevalik<\/p>\n<p>1). pol\u00fckarbonaatplaadi paksus: 4, 5, 6, 8 ja 10 mm. Laius: 2100mm.<\/p>\n<p>2). Kolmekordse pol\u00fckarbonaatplaadi paksus: 8, 10, 12, 16 mm. Laius: 2100mm.<\/p>\n<p>3). Neleseina pol\u00fckarbonaatplaadi paksus: 6, 8, 10, 12, 16 mm. Laius: 2100mm.<\/p>\n<p>4). Pol\u00fckarbonaatplaadi paksus: 8, 10, 12 mm. Laius: 2100mm.<\/p>\n<p>5). Pol\u00fckarbonaatkatuses\u00fcsteem [neljakihiline ristk\u00fclikukujuline ja k\u00e4rgstruktuur] paksus: 8, 10 ja 12 mm. Laius: 600mm.<\/p>\n<p>6). Tahke pol\u00fckarbonaatplekk [Compact] paksus: 0,9-8,0 mm.<\/p>\n<p>Laius: 1220, 1560, 1820, 2100mm, tavaliselt 1220x2440mm, 2050mmx3000mm.<\/p>\n<p>7). Laineeritud pol\u00fckarbonaatplaat [Roma &amp; Greca &amp; Trimdek &amp; Minwave].<br \/>\nA. Paksus: 0,8-2,5 mm. Laius on erinev.<\/p>\n<p>B. Pikkus: 40\u2032 konteinerile ja 40\u2032 konteinerile sobiv 5800, 6000, 11800, 12000mm).<br \/>\nC. V\u00e4rvus: l\u00e4bipaistev\/l\u00e4bipaistev, j\u00e4rvesinine, roheline, sinine, opaal, valge, pruun\/pronks, h\u00f5behall, punane, kollane jne.<\/p>\n<p><img fetchpriority=\"high\" decoding=\"async\" class=\"\" src=\"https:\/\/sc01.alicdn.com\/kf\/H4924704161ca4407afe395c32f2f1217O\/200162319\/H4924704161ca4407afe395c32f2f1217O.jpg\" alt=\"PC plastikplaadi vastupidavusplaat 1mm pol\u00fckarbonaat laineplaat kriimustuslahendus\" width=\"397\" height=\"397\" data-src=\"\/\/sc01.alicdn.com\/kf\/H4924704161ca4407afe395c32f2f1217O\/200162319\/H4924704161ca4407afe395c32f2f1217O.jpg\" data-alt=\"PC plastic board endurance plate 1mm polycarbonate corrugate sheet scratch solution\" data-width=\"630\" data- title=\"\"><img decoding=\"async\" class=\"\" src=\"https:\/\/sc02.alicdn.com\/kf\/H6a84f70266a1495594600983849c9e3cP\/200162319\/H6a84f70266a1495594600983849c9e3cP.jpg\" alt=\"PC plastikplaadi vastupidavusplaat 1mm pol\u00fckarbonaat laineplaat kriimustuslahendus\" width=\"354\" height=\"354\" data-src=\"\/\/sc02.alicdn.com\/kf\/H6a84f70266a1495594600983849c9e3cP\/200162319\/H6a84f70266a1495594600983849c9e3cP.jpg\" data-alt=\"PC plastic board endurance plate 1mm polycarbonate corrugate sheet scratch solution\" data-width=\"630\" data- title=\"\"><br \/>\n<strong>Toote \u00fcksikasjad<\/strong><br \/>\n<strong>Peamised konkurentsieelised:<\/strong><br \/>\nPakendMargitooteidP\u00e4ritoluriikElektrooniline linkKogenud personalForm AGroheline toodeGarantii\/garantiiRahvusvahelised kinnitusedHindToote omadusedToote omadusedPromptne tarneKvaliteedi kinnitusedReputatsioonServiceteenus<br \/>\nPeamised eksporditurud:<br \/>\nAasiaAustraaliaKesk- ja L\u00f5una-AmeerikaKagu-EuroopaKesk-Ida\/AafrikaP\u00f5hja-AmeerikaL\u00e4\u00e4ne-Euroopa<br \/>\nTarne \u00fcksikasjad:<br \/>\nFOB hind: US$ 3 - 5 \/ ruutmeetrit<br \/>\nFOB sadam: GuangZhou<br \/>\nTarneaeg: 3-5 p\u00e4eva<\/p>\n<p><img decoding=\"async\" class=\"\" src=\"https:\/\/sc01.alicdn.com\/kf\/H0df9a838554943d78a9da9ed19748703l\/200162319\/H0df9a838554943d78a9da9ed19748703l.jpg\" alt=\"PC plastikplaadi vastupidavusplaat 1mm pol\u00fckarbonaat laineplaat kriimustuslahendus\" width=\"350\" height=\"350\" data-src=\"\/\/sc01.alicdn.com\/kf\/H0df9a838554943d78a9da9ed19748703l\/200162319\/H0df9a838554943d78a9da9ed19748703l.jpg\" data-alt=\"PC plastic board endurance plate 1mm polycarbonate corrugate sheet scratch solution\" data-width=\"630\" data- title=\"\"><img loading=\"lazy\" decoding=\"async\" class=\"\" src=\"https:\/\/sc02.alicdn.com\/kf\/H50ae5977d66849c9b99788f6bf113f2ck\/200162319\/H50ae5977d66849c9b99788f6bf113f2ck.jpg\" alt=\"PC plastikplaadi vastupidavusplaat 1mm pol\u00fckarbonaat laineplaat kriimustuslahendus\" width=\"365\" height=\"365\" data-src=\"\/\/sc02.alicdn.com\/kf\/H50ae5977d66849c9b99788f6bf113f2ck\/200162319\/H50ae5977d66849c9b99788f6bf113f2ck.jpg\" data-alt=\"PC plastic board endurance plate 1mm polycarbonate corrugate sheet scratch solution\" data-width=\"630\" data- title=\"\"><\/p>","protected":false},"featured_media":0,"parent":0,"template":"","product-catagories":[168],"product-tag":[],"class_list":["post-15108","product","type-product","status-publish","hentry","product-catagories-acrylic-sheet"],"acf":[],"_links":{"self":[{"href":"https:\/\/www.tononplastics.com\/et\/wp-json\/wp\/v2\/product\/15108","targetHints":{"allow":["GET"]}}],"collection":[{"href":"https:\/\/www.tononplastics.com\/et\/wp-json\/wp\/v2\/product"}],"about":[{"href":"https:\/\/www.tononplastics.com\/et\/wp-json\/wp\/v2\/types\/product"}],"version-history":[{"count":0,"href":"https:\/\/www.tononplastics.com\/et\/wp-json\/wp\/v2\/product\/15108\/revisions"}],"wp:attachment":[{"href":"https:\/\/www.tononplastics.com\/et\/wp-json\/wp\/v2\/media?parent=15108"}],"wp:term":[{"taxonomy":"product-catagories","embeddable":true,"href":"https:\/\/www.tononplastics.com\/et\/wp-json\/wp\/v2\/product-catagories?post=15108"},{"taxonomy":"product-tag","embeddable":true,"href":"https:\/\/www.tononplastics.com\/et\/wp-json\/wp\/v2\/product-tag?post=15108"}],"curies":[{"name":"wp","href":"https:\/\/api.w.org\/{rel}","templated":true}]}}