{"id":15112,"date":"2023-08-22T16:55:23","date_gmt":"2023-08-22T08:55:23","guid":{"rendered":"https:\/\/tononplastics.com\/?post_type=product&#038;p=15112"},"modified":"2024-03-25T15:09:25","modified_gmt":"2024-03-25T07:09:25","slug":"germany-imported-raw-materials-pc-corrugated-sheet-sales-promotion-polycarbonate-corrugated-sheet","status":"publish","type":"product","link":"https:\/\/www.tononplastics.com\/et\/product\/germany-imported-raw-materials-pc-corrugated-sheet-sales-promotion-polycarbonate-corrugated-sheet\/","title":{"rendered":"Saksamaa imporditud tooraine PC laineline leht M\u00fc\u00fcgi edendamine Pol\u00fckarbonaat laineline leht"},"content":{"rendered":"<p><img fetchpriority=\"high\" decoding=\"async\" src=\"https:\/\/sc01.alicdn.com\/kf\/UTB87SFrgBahduJk43Jaq6zM8FXay\/200162319\/UTB87SFrgBahduJk43Jaq6zM8FXay.jpg\" alt=\"Saksamaa imporditud tooraine PC laineline leht M\u00fc\u00fcgi edendamine Pol\u00fckarbonaat laineline leht\" width=\"732\" height=\"976\" data-src=\"\/\/sc01.alicdn.com\/kf\/UTB87SFrgBahduJk43Jaq6zM8FXay\/200162319\/UTB87SFrgBahduJk43Jaq6zM8FXay.jpg\" data-alt=\"Germany imported raw materials PC Corrugated Sheet Sales Promotion Polycarbonate Corrugated Sheet\" data-width=\"732\" data-height=\"976\" data- title=\"\"><\/p>\n<p><strong>Selge pol\u00fckarbonaadist laineline leht :\u00a0\u00a0<\/strong><\/p>\n<p><img decoding=\"async\" src=\"https:\/\/sc01.alicdn.com\/kf\/HTB1orUjqYsTMeJjSsziq6AdwXXat\/200162319\/HTB1orUjqYsTMeJjSsziq6AdwXXat.jpg\" alt=\"Saksamaa imporditud tooraine PC laineline leht M\u00fc\u00fcgi edendamine Pol\u00fckarbonaat laineline leht\" width=\"732\" height=\"412\" data-src=\"\/\/sc01.alicdn.com\/kf\/HTB1orUjqYsTMeJjSsziq6AdwXXat\/200162319\/HTB1orUjqYsTMeJjSsziq6AdwXXat.jpg\" data-alt=\"Germany imported raw materials PC Corrugated Sheet Sales Promotion Polycarbonate Corrugated Sheet\" data-width=\"732\" data-height=\"412\" data- title=\"\"><\/p>\n<p><strong>930#Green:<\/strong><\/p>\n<p><img decoding=\"async\" src=\"https:\/\/sc01.alicdn.com\/kf\/HTB1taZhmfNNTKJjSspkq6yeWFXaW\/200162319\/HTB1taZhmfNNTKJjSspkq6yeWFXaW.jpg\" alt=\"Saksamaa imporditud tooraine PC laineline leht M\u00fc\u00fcgi edendamine Pol\u00fckarbonaat laineline leht\" width=\"730\" height=\"730\" data-src=\"\/\/sc01.alicdn.com\/kf\/HTB1taZhmfNNTKJjSspkq6yeWFXaW\/200162319\/HTB1taZhmfNNTKJjSspkq6yeWFXaW.jpg\" data-alt=\"Germany imported raw materials PC Corrugated Sheet Sales Promotion Polycarbonate Corrugated Sheet\" data-width=\"730\" data-height=\"730\" data- title=\"\"><\/p>\n<p><strong>1050#Opal:<\/strong><\/p>\n<p><img loading=\"lazy\" decoding=\"async\" src=\"https:\/\/sc01.alicdn.com\/kf\/HTB1_pI2kgoQMeJjy0Fnq6z8gFXaN\/200162319\/HTB1_pI2kgoQMeJjy0Fnq6z8gFXaN.jpg\" alt=\"Saksamaa imporditud tooraine PC laineline leht M\u00fc\u00fcgi edendamine Pol\u00fckarbonaat laineline leht\" width=\"739\" height=\"621\" data-src=\"\/\/sc01.alicdn.com\/kf\/HTB1_pI2kgoQMeJjy0Fnq6z8gFXaN\/200162319\/HTB1_pI2kgoQMeJjy0Fnq6z8gFXaN.jpg\" data-alt=\"Germany imported raw materials PC Corrugated Sheet Sales Promotion Polycarbonate Corrugated Sheet\" data-width=\"739\" data-height=\"621\" data- title=\"\"><\/p>\n<p><strong>Piisavad varud:<\/strong><\/p>\n<p><img loading=\"lazy\" decoding=\"async\" src=\"https:\/\/sc02.alicdn.com\/kf\/HTB1G1ZZSpXXXXbLXXXXq6xXFXXX7\/200162319\/HTB1G1ZZSpXXXXbLXXXXq6xXFXXX7.jpg\" alt=\"Saksamaa imporditud tooraine PC laineline leht M\u00fc\u00fcgi edendamine Pol\u00fckarbonaat laineline leht\" width=\"737\" height=\"983\" data-src=\"\/\/sc02.alicdn.com\/kf\/HTB1G1ZZSpXXXXbLXXXXq6xXFXXX7\/200162319\/HTB1G1ZZSpXXXXbLXXXXq6xXFXXX7.jpg\" data-alt=\"Germany imported raw materials PC Corrugated Sheet Sales Promotion Polycarbonate Corrugated Sheet\" data-width=\"737\" data-height=\"983\" data- title=\"\"><\/p>\n<p><img loading=\"lazy\" decoding=\"async\" src=\"https:\/\/sc01.alicdn.com\/kf\/HTB11LPNSpXXXXa2XXXXq6xXFXXXF\/200162319\/HTB11LPNSpXXXXa2XXXXq6xXFXXXF.jpg\" alt=\"Saksamaa imporditud tooraine PC laineline leht M\u00fc\u00fcgi edendamine Pol\u00fckarbonaat laineline leht\" width=\"741\" height=\"741\" data-src=\"\/\/sc01.alicdn.com\/kf\/HTB11LPNSpXXXXa2XXXXq6xXFXXXF\/200162319\/HTB11LPNSpXXXXa2XXXXq6xXFXXXF.jpg\" data-alt=\"Germany imported raw materials PC Corrugated Sheet Sales Promotion Polycarbonate Corrugated Sheet\" data-width=\"741\" data-height=\"741\" data- title=\"\"><\/p>\n<p><strong>\u00a0\u00a0Uus masin :<\/strong><\/p>\n<p><img loading=\"lazy\" decoding=\"async\" src=\"https:\/\/sc01.alicdn.com\/kf\/HTB12lZaa4TI8KJjSspiq6zM4FXab\/200162319\/HTB12lZaa4TI8KJjSspiq6zM4FXab.jpg\" alt=\"Saksamaa imporditud tooraine PC laineline leht M\u00fc\u00fcgi edendamine Pol\u00fckarbonaat laineline leht\" width=\"710\" height=\"532\" data-src=\"\/\/sc01.alicdn.com\/kf\/HTB12lZaa4TI8KJjSspiq6zM4FXab\/200162319\/HTB12lZaa4TI8KJjSspiq6zM4FXab.jpg\" data-alt=\"Germany imported raw materials PC Corrugated Sheet Sales Promotion Polycarbonate Corrugated Sheet\" data-width=\"710\" data-height=\"532\" data- title=\"\"><\/p>\n<p><strong>\u00a0\u00a0Materjal: Bayer<\/strong><\/p>\n<p><img loading=\"lazy\" decoding=\"async\" src=\"https:\/\/sc02.alicdn.com\/kf\/UTB8qazkXMnJXKJkSaelq6xUzXXax\/200162319\/UTB8qazkXMnJXKJkSaelq6xUzXXax.jpg\" alt=\"Saksamaa imporditud tooraine PC laineline leht M\u00fc\u00fcgi edendamine Pol\u00fckarbonaat laineline leht\" width=\"731\" height=\"731\" data-src=\"\/\/sc02.alicdn.com\/kf\/UTB8qazkXMnJXKJkSaelq6xUzXXax\/200162319\/UTB8qazkXMnJXKJkSaelq6xUzXXax.jpg\" data-alt=\"Germany imported raw materials PC Corrugated Sheet Sales Promotion Polycarbonate Corrugated Sheet\" data-width=\"731\" data-height=\"731\" data- title=\"\"><\/p>\n<p>Teised:<\/p>\n<p>J\u00e4\u00e4tunud pol\u00fckarbonaat tahke leht<\/p>\n<p>Valguse hajutamine Pol\u00fckarbonaatplaat<\/p>\n<p>Pol\u00fckarbonaat tahke leht<\/p>\n<p>Pol\u00fckarbonaadist laineline leht<\/p>\n<p><img loading=\"lazy\" decoding=\"async\" src=\"https:\/\/sc02.alicdn.com\/kf\/UTB8lZvkXFPJXKJkSahVq6xyzFXap\/200162319\/UTB8lZvkXFPJXKJkSahVq6xyzFXap.jpg\" alt=\"Saksamaa imporditud tooraine PC laineline leht M\u00fc\u00fcgi edendamine Pol\u00fckarbonaat laineline leht\" width=\"725\" height=\"725\" data-src=\"\/\/sc02.alicdn.com\/kf\/UTB8lZvkXFPJXKJkSahVq6xyzFXap\/200162319\/UTB8lZvkXFPJXKJkSahVq6xyzFXap.jpg\" data-alt=\"Germany imported raw materials PC Corrugated Sheet Sales Promotion Polycarbonate Corrugated Sheet\" data-width=\"725\" data-height=\"725\" data- title=\"\"><\/p>\n<p><strong>\u00a0 \u00a0Mesilasi pol\u00fckarbonaatleht ja pol\u00fckarbnaat taevalaud :<\/strong><\/p>\n<p><img loading=\"lazy\" decoding=\"async\" src=\"https:\/\/sc02.alicdn.com\/kf\/UTB8xrRugBahduJk43Jaq6zM8FXaI\/200162319\/UTB8xrRugBahduJk43Jaq6zM8FXaI.jpg\" alt=\"Saksamaa imporditud tooraine PC laineline leht M\u00fc\u00fcgi edendamine Pol\u00fckarbonaat laineline leht\" width=\"716\" height=\"1015\" data-src=\"\/\/sc02.alicdn.com\/kf\/UTB8xrRugBahduJk43Jaq6zM8FXaI\/200162319\/UTB8xrRugBahduJk43Jaq6zM8FXaI.jpg\" data-alt=\"Germany imported raw materials PC Corrugated Sheet Sales Promotion Polycarbonate Corrugated Sheet\" data-width=\"716\" data-height=\"1015\" data- title=\"\"><\/p>\n<p><strong>Pol\u00fckarbonaatmarkiis :<\/strong><\/p>\n<p><img loading=\"lazy\" decoding=\"async\" src=\"https:\/\/sc01.alicdn.com\/kf\/HTB1bNcba8fH8KJjy1Xbq6zLdXXah\/200162319\/HTB1bNcba8fH8KJjy1Xbq6zLdXXah.jpg\" alt=\"Saksamaa imporditud tooraine PC laineline leht M\u00fc\u00fcgi edendamine Pol\u00fckarbonaat laineline leht\" width=\"709\" height=\"709\" data-src=\"\/\/sc01.alicdn.com\/kf\/HTB1bNcba8fH8KJjy1Xbq6zLdXXah\/200162319\/HTB1bNcba8fH8KJjy1Xbq6zLdXXah.jpg\" data-alt=\"Germany imported raw materials PC Corrugated Sheet Sales Promotion Polycarbonate Corrugated Sheet\" data-width=\"709\" data-height=\"709\" data- title=\"\"><\/p>\n<p>Pol\u00fckarbonaadist lainelise lehe omadused:<\/p>\n<p><strong>Valguse l\u00e4bilaskvus:<\/strong><br \/>\nValgusl\u00e4bivus ulatub s\u00f5ltuvalt v\u00e4rvist ja paksusest 12%-95%.<\/p>\n<p><strong>UV-kaitse:<\/strong><br \/>\nT\u00e4nu patenteeritud anti-UV-kattele j\u00e4\u00e4b pol\u00fckarbonaat laineplekk p\u00e4rast kokkupuudet t\u00e4iuslikuks mehaaniliseks ja optiliseks toimimiseks.<\/p>\n<p><strong>Ilma v\u00f5ime:<\/strong><br \/>\nSellel on \u00fclivabadus, mis s\u00e4ilitab suurep\u00e4rase toimivuse laias temperatuurivahemikus -40\u00b0C-120\u00b0C.<\/p>\n<p>Tulep\u00fcsivus : UL Flammability 94 V-2<\/p>\n<p>Lihtne paigaldus<br \/>\nLihtne paigaldada ja seda saab k\u00fclmalt painutada<\/p>\n<p><strong>L\u00f6\u00f6gikindlus :<\/strong><br \/>\n250-300 korda suurem l\u00f6\u00f6gitugevus kui tavalisel klaasil ja 30 korda suurem kui sama paksusega akr\u00fc\u00fclpaneelidel, mis on 2-20 korda karastatud klaasist, mis langeb kaks meetrit alla 3 kg haamri, ei ole pragusid, ei ole purunenud.<\/p>\n<p><strong>Pol\u00fckarbonaadist lainepleki kasutamine:<\/strong><\/p>\n<p>Maanteede ja linnade k\u00f5rgendatud teede m\u00fcrat\u00f5kked;<br \/>\nP\u00f5llumajanduslik kasvuhoone ja kasvatusmaja;<br \/>\nKaasaegne \u00f6korestorani lagi;<br \/>\nK\u00f5ik \u00fcksused v\u00f5i raku ts\u00fckli varjatud, r\u00f5du p\u00e4ikesekatuse ja katuse \u00fclej\u00e4\u00e4nud kioskid varjatud;<br \/>\nKontorihooned, kaubamajad, hotellid, villad, koolid, haiglad, spordistaadionid, meelelahutuskeskused ja avalikud rajatised laevalgustus et .<\/p>","protected":false},"featured_media":15126,"parent":0,"template":"","product-catagories":[168,174],"product-tag":[],"class_list":["post-15112","product","type-product","status-publish","has-post-thumbnail","hentry","product-catagories-acrylic-sheet","product-catagories-polycarbonate-corrugated-sheet"],"acf":[],"_links":{"self":[{"href":"https:\/\/www.tononplastics.com\/et\/wp-json\/wp\/v2\/product\/15112","targetHints":{"allow":["GET"]}}],"collection":[{"href":"https:\/\/www.tononplastics.com\/et\/wp-json\/wp\/v2\/product"}],"about":[{"href":"https:\/\/www.tononplastics.com\/et\/wp-json\/wp\/v2\/types\/product"}],"version-history":[{"count":0,"href":"https:\/\/www.tononplastics.com\/et\/wp-json\/wp\/v2\/product\/15112\/revisions"}],"wp:featuredmedia":[{"embeddable":true,"href":"https:\/\/www.tononplastics.com\/et\/wp-json\/wp\/v2\/media\/15126"}],"wp:attachment":[{"href":"https:\/\/www.tononplastics.com\/et\/wp-json\/wp\/v2\/media?parent=15112"}],"wp:term":[{"taxonomy":"product-catagories","embeddable":true,"href":"https:\/\/www.tononplastics.com\/et\/wp-json\/wp\/v2\/product-catagories?post=15112"},{"taxonomy":"product-tag","embeddable":true,"href":"https:\/\/www.tononplastics.com\/et\/wp-json\/wp\/v2\/product-tag?post=15112"}],"curies":[{"name":"wp","href":"https:\/\/api.w.org\/{rel}","templated":true}]}}