{"id":15133,"date":"2023-08-23T10:15:53","date_gmt":"2023-08-23T02:15:53","guid":{"rendered":"https:\/\/tononplastics.com\/?post_type=product&#038;p=15133"},"modified":"2024-04-16T14:07:42","modified_gmt":"2024-04-16T06:07:42","slug":"pc-sheet-solid-sheet-uv-polycarbonate-sheet","status":"publish","type":"product","link":"https:\/\/www.tononplastics.com\/et\/product\/pc-sheet-solid-sheet-uv-polycarbonate-sheet\/","title":{"rendered":"PC leht \/ tahke leht \/ UV pol\u00fckarbonaat leht"},"content":{"rendered":"<figure class=\"wp-block-gallery has-nested-images columns-default is-cropped wp-block-gallery-1 is-layout-flex wp-block-gallery-is-layout-flex\">\n<figure class=\"wp-block-image size-large\"><img decoding=\"async\" data-id=\"16139\" src=\"https:\/\/www.tononplastics.com\/wp-content\/uploads\/2024\/03\/H51343cdbb8f04c94a5295d3aa768236fu.webp\" alt=\"\" class=\"wp-image-16139\" title=\"\"><\/figure>\n\n\n\n<figure class=\"wp-block-image size-large\"><img decoding=\"async\" data-id=\"16138\" src=\"https:\/\/www.tononplastics.com\/wp-content\/uploads\/2024\/03\/H8c2216795864433d9334feab5642fc17J.webp\" alt=\"\" class=\"wp-image-16138\" title=\"\"><\/figure>\n<\/figure>\n\n\n<table border=\"0\" cellspacing=\"0\" cellpadding=\"0\">\n<tbody>\n<tr>\n<td colspan=\"2\" height=\"27\"><span data-spm-anchor-id=\"a2700.details.0.i34.6678180bXkzxVd\">Pol\u00fckarbonaatkile omadused:<\/span><\/td>\n<\/tr>\n<tr>\n<td height=\"103\">Valguse \u00fclekanne<br \/>Valgusl\u00e4bivus ulatub s\u00f5ltuvalt v\u00e4rvist ja paksusest 12%-82%.<\/td>\n<td>UV-kaitse<br \/>T\u00e4nu patenteeritud anti-UV-kattele j\u00e4\u00e4b pol\u00fckarbonaatkile p\u00e4rast kokkupuutumist mehaaniliselt ja optiliselt t\u00e4iuslikuks.<\/td>\n<\/tr>\n<tr>\n<td height=\"147\" data-spm-anchor-id=\"a2700.details.0.i33.6678180bXkzxVd\">Ilma v\u00f5ime<br \/>Sellel on \u00fclivabadus, mis s\u00e4ilitab suurep\u00e4rase toimivuse laias temperatuurivahemikus -40\u00b0C-120\u00b0C.<\/td>\n<td>Tulep\u00fcsivus :UL Flammability 94 V-2<\/td>\n<\/tr>\n<tr>\n<td height=\"135\">Lihtne paigaldus<br \/>Lihtne paigaldada ja seda saab k\u00fclmalt painutada<\/td>\n<td>L\u00f6\u00f6gikindlus<br \/>250-300 korda suurem l\u00f6\u00f6gitugevus kui tavalisel klaasil ja 30 korda suurem kui sama paksusega akr\u00fc\u00fclpaneelidel, mis on 2-20 korda karastatud klaasist, mis langeb kaks meetrit alla 3 kg haamri, ei ole pragusid, ei ole purunenud.\u00a0<\/td>\n<\/tr>\n<tr>\n<td height=\"32\">\u00a0<\/td>\n<td>\u00a0<\/td>\n<\/tr>\n<tr>\n<td colspan=\"2\" height=\"54\">Pol\u00fckarbonaatkile kasutamine<\/td>\n<\/tr>\n<tr>\n<td colspan=\"2\" height=\"263\">Galerii Paviljonide aiad, l\u00f5bustuspark eksootiline sisustus ja puhkekohad;<br \/>Kaubandushooned, nii kaasaegsete linnahoonete sise- kui ka v\u00e4lisseinad;<br \/>Telefonikabiinid, reklaamsildid, reklaamkastid n\u00e4itavad n\u00e4ituse paigutust;<br \/>Seina-, katuse- ja muud k\u00f5rgekvaliteedilised siseruumide dekoratiivsed materjalid;<br \/>P\u00f5llumajanduslik kasvuhoone ja kasvatusmaja;<br \/>Kaasaegne \u00f6korestorani lagi;<br \/>K\u00f5ik \u00fcksused v\u00f5i raku ts\u00fckli varjatud, r\u00f5du p\u00e4ikesekatuse ja katuse \u00fclej\u00e4\u00e4nud kioskid varjatud;<br \/>Kontorihoonete, kaubamajade, hotellide, villade, koolide, haiglate, spordistaadionite, meelelahutuskeskuste ja avalike rajatiste laevalgustus et<\/td>\n<\/tr>\n<\/tbody>\n<\/table>\n<p>\u00a0<\/p>\n<p><strong>Taotlus<\/strong><\/p>\n<p><img decoding=\"async\" src=\"https:\/\/sc01.alicdn.com\/kf\/Hee35153016fb4f64a8abd2cf77d8280dQ\/200162319\/Hee35153016fb4f64a8abd2cf77d8280dQ.jpg\" alt=\"PC leht \/ tahke leht \/ UV pol\u00fckarbonaat leht\" width=\"630\" height=\"404.88\" data-src=\"\/\/sc01.alicdn.com\/kf\/Hee35153016fb4f64a8abd2cf77d8280dQ\/200162319\/Hee35153016fb4f64a8abd2cf77d8280dQ.jpg\" data-alt=\"PC sheet\/solid sheet\/UV Polycarbonate sheet\" data-width=\"630\" data- title=\"\"><br \/><strong>Tootmine ja tarnimine<\/strong><\/p>\n<p><img fetchpriority=\"high\" decoding=\"async\" src=\"https:\/\/sc01.alicdn.com\/kf\/HTB1wS_FPVXXXXaeXFXXq6xXFXXXX\/200162319\/HTB1wS_FPVXXXXaeXFXXq6xXFXXXX.jpg\" alt=\"PC leht \/ tahke leht \/ UV pol\u00fckarbonaat leht\" width=\"630\" height=\"473\" data-src=\"\/\/sc01.alicdn.com\/kf\/HTB1wS_FPVXXXXaeXFXXq6xXFXXXX\/200162319\/HTB1wS_FPVXXXXaeXFXXq6xXFXXXX.jpg\" data-alt=\"PC sheet\/solid sheet\/UV Polycarbonate sheet\" data-width=\"630\" data-height=\"473\" data- title=\"\"><img decoding=\"async\" src=\"https:\/\/sc01.alicdn.com\/kf\/HTB1HX_MPVXXXXcuXpXXq6xXFXXXP\/200162319\/HTB1HX_MPVXXXXcuXpXXq6xXFXXXP.jpg\" alt=\"PC leht \/ tahke leht \/ UV pol\u00fckarbonaat leht\" width=\"630\" height=\"473\" data-src=\"\/\/sc01.alicdn.com\/kf\/HTB1HX_MPVXXXXcuXpXXq6xXFXXXP\/200162319\/HTB1HX_MPVXXXXcuXpXXq6xXFXXXP.jpg\" data-alt=\"PC sheet\/solid sheet\/UV Polycarbonate sheet\" data-width=\"630\" data-height=\"473\" data- title=\"\"><\/p>","protected":false},"featured_media":16802,"parent":0,"template":"","product-catagories":[178],"product-tag":[],"class_list":["post-15133","product","type-product","status-publish","has-post-thumbnail","hentry","product-catagories-polycarbonate-hollow-sheet"],"acf":[],"_links":{"self":[{"href":"https:\/\/www.tononplastics.com\/et\/wp-json\/wp\/v2\/product\/15133","targetHints":{"allow":["GET"]}}],"collection":[{"href":"https:\/\/www.tononplastics.com\/et\/wp-json\/wp\/v2\/product"}],"about":[{"href":"https:\/\/www.tononplastics.com\/et\/wp-json\/wp\/v2\/types\/product"}],"version-history":[{"count":0,"href":"https:\/\/www.tononplastics.com\/et\/wp-json\/wp\/v2\/product\/15133\/revisions"}],"wp:featuredmedia":[{"embeddable":true,"href":"https:\/\/www.tononplastics.com\/et\/wp-json\/wp\/v2\/media\/16802"}],"wp:attachment":[{"href":"https:\/\/www.tononplastics.com\/et\/wp-json\/wp\/v2\/media?parent=15133"}],"wp:term":[{"taxonomy":"product-catagories","embeddable":true,"href":"https:\/\/www.tononplastics.com\/et\/wp-json\/wp\/v2\/product-catagories?post=15133"},{"taxonomy":"product-tag","embeddable":true,"href":"https:\/\/www.tononplastics.com\/et\/wp-json\/wp\/v2\/product-tag?post=15133"}],"curies":[{"name":"wp","href":"https:\/\/api.w.org\/{rel}","templated":true}]}}