{"id":15145,"date":"2023-08-23T10:22:54","date_gmt":"2023-08-23T02:22:54","guid":{"rendered":"https:\/\/tononplastics.com\/?post_type=product&#038;p=15145"},"modified":"2024-03-25T14:46:09","modified_gmt":"2024-03-25T06:46:09","slug":"foshan-factory-direct-sale-blue-pc-solid-sheet-polycarbonate-roof-sound-insulantion-reach-grade-b1","status":"publish","type":"product","link":"https:\/\/www.tononplastics.com\/et\/product\/foshan-factory-direct-sale-blue-pc-solid-sheet-polycarbonate-roof-sound-insulantion-reach-grade-b1\/","title":{"rendered":"Foshan tehase otsem\u00fc\u00fck sinine PC tahke leht pol\u00fckarbonaat katuse heliisolatsioon Reach hinne B1"},"content":{"rendered":"<table>\n<tbody>\n<tr>\n<td colspan=\"2\" height=\"66\" data-spm-anchor-id=\"a2700.details.0.i28.18671560If61rG\">Pol\u00fckarbonaadist tahke lehe spetsifikatsioon<\/td>\n<\/tr>\n<tr>\n<td height=\"66\">Laius:<\/td>\n<td height=\"66\">2.1m 1.82m,1.56m v\u00f5i 1.22m<\/td>\n<\/tr>\n<tr>\n<td height=\"66\">Pikkus:<\/td>\n<td height=\"66\">Ei ole piiratud<\/td>\n<\/tr>\n<tr>\n<td height=\"66\">Paksus:<\/td>\n<td height=\"66\">0,6 mm kuni 18,0 mm<\/td>\n<\/tr>\n<tr>\n<td height=\"66\">Standardne v\u00e4rv:<\/td>\n<td height=\"66\">Selge, sinine, roheline, opaal, pruun<\/td>\n<\/tr>\n<\/tbody>\n<\/table>\n<p><strong>PC tahke lehe kasutamine :<\/strong><\/p>\n<p>Galerii Paviljonide aiad, l\u00f5bustuspark eksootiline sisustus ja puhkekohad;<br \/>\nKaubandushooned, nii kaasaegsete linnahoonete sise- kui ka v\u00e4lisseinad;<br \/>\nLennunduse l\u00e4bipaistvad konteinerid, esiklaasi mootorratta, \u00f5hus\u00f5idukite, rongide, laevade, autode, mootorpaatide, allveelaevade ja klaasist s\u00f5jav\u00e4e- ja politseikilbid;<br \/>\nTelefonikabiinid, reklaamsildid, reklaamkastid n\u00e4itavad n\u00e4ituse paigutust;<br \/>\nSeadmed, m\u00f5\u00f5teriistad, madalpinge l\u00fclituskappide paneelid ja s\u00f5jaline t\u00f6\u00f6stus;<br \/>\nSein, katus, ekraanid ja muud k\u00f5rgekvaliteedilised sisekujundusmaterjalid;<br \/>\nMaanteede ja linnade k\u00f5rgendatud teede m\u00fcrat\u00f5kked;<br \/>\nP\u00f5llumajanduslik kasvuhoone ja kasvatusmaja;<br \/>\nKaasaegne \u00f6korestorani lagi;<br \/>\nK\u00f5ik \u00fcksused v\u00f5i raku ts\u00fckli varjatud, r\u00f5du p\u00e4ikesekatuse ja katuse \u00fclej\u00e4\u00e4nud kioskid varjatud;<br \/>\nKontorihooned, kaubamajad, hotellid, villad, koolid, haiglad, spordistaadionid, meelelahutuskeskused ja avalikud rajatised laevalgustus et.<\/p>\n<p><strong>Meie teenused:<\/strong><br \/>\n1.Vastake oma p\u00e4ringule 8t\u00f6\u00f6tunni jooksul.<br \/>\n2. kogenud t\u00f6\u00f6tajad vastavad k\u00f5igile teie k\u00fcsimustele vabalt inglise keeles. .<br \/>\n3.Customized desigh on saadaval, OEM on teretulnud.<br \/>\n4.Special allahindlus ja kaitse m\u00fc\u00fcgipiirkonna ette meie turustaja.<\/p>\n<p><strong>Kaubandustingimused:<\/strong><br \/>\n1: HIND: EXW\/FOB\/C&amp;F\/CIF<br \/>\n2.Payment T \/ T v\u00f5i L \/ C. 30% tagatisraha ja 70% enne saatmist<br \/>\n3.Tarneaeg: 7-10 t\u00f6\u00f6p\u00e4eva, vastavalt tellimuse kogusele<br \/>\n4.MOQ: 3tons<\/p>\n<p><strong>Selge:<\/strong><\/p>\n<p><img fetchpriority=\"high\" decoding=\"async\" src=\"https:\/\/sc02.alicdn.com\/kf\/UTB8n0ouXHnJXKJkSahGq6xhzFXaT\/200162319\/UTB8n0ouXHnJXKJkSahGq6xhzFXaT.jpg\" alt=\"Foshan tehase otsem\u00fc\u00fck sinine PC tahke leht pol\u00fckarbonaat katuse heliisolatsioon Reach hinne B1\" width=\"678\" height=\"452\" data-src=\"\/\/sc02.alicdn.com\/kf\/UTB8n0ouXHnJXKJkSahGq6xhzFXaT\/200162319\/UTB8n0ouXHnJXKJkSahGq6xhzFXaT.jpg\" data-alt=\"Foshan Factory Direct Sale Blue PC Solid Sheet Polycarbonate Roof Sound Insulantion Reach Grade B1\" data-width=\"678\" data-height=\"452\" data- title=\"\"><\/p>\n<p><img decoding=\"async\" src=\"https:\/\/sc01.alicdn.com\/kf\/UTB8szPkXHPJXKJkSafSq6yqUXXae\/200162319\/UTB8szPkXHPJXKJkSafSq6yqUXXae.jpg\" alt=\"Foshan tehase otsem\u00fc\u00fck sinine PC tahke leht pol\u00fckarbonaat katuse heliisolatsioon Reach hinne B1\" width=\"677\" height=\"677\" data-src=\"\/\/sc01.alicdn.com\/kf\/UTB8szPkXHPJXKJkSafSq6yqUXXae\/200162319\/UTB8szPkXHPJXKJkSafSq6yqUXXae.jpg\" data-alt=\"Foshan Factory Direct Sale Blue PC Solid Sheet Polycarbonate Roof Sound Insulantion Reach Grade B1\" data-width=\"677\" data-height=\"677\" data- title=\"\"><\/p>\n<p><strong>\u00a0\u00a0Muud tooted:<\/strong><\/p>\n<p><strong>PC \u00f5\u00f5nes leht :<\/strong><\/p>\n<p><img decoding=\"async\" src=\"https:\/\/sc02.alicdn.com\/kf\/UTB8pTAvXFPJXKJkSahVq6xyzFXa1\/200162319\/UTB8pTAvXFPJXKJkSahVq6xyzFXa1.jpg\" alt=\"Foshan tehase otsem\u00fc\u00fck sinine PC tahke leht pol\u00fckarbonaat katuse heliisolatsioon Reach hinne B1\" width=\"674\" height=\"449\" data-src=\"\/\/sc02.alicdn.com\/kf\/UTB8pTAvXFPJXKJkSahVq6xyzFXa1\/200162319\/UTB8pTAvXFPJXKJkSahVq6xyzFXa1.jpg\" data-alt=\"Foshan Factory Direct Sale Blue PC Solid Sheet Polycarbonate Roof Sound Insulantion Reach Grade B1\" data-width=\"674\" data-height=\"449\" data- title=\"\"><\/p>\n<p>Vasakult paremale , \u00fclalt alla<br \/>\n1.Frosted pol\u00fckarbonaat tahke leht<br \/>\n2.Light difusioon Pol\u00fckarbonaat tahke leht<br \/>\n3.Polykarbonaat tahke leht<br \/>\n4.Polykarbonaat laineline leht<\/p>\n<p><img loading=\"lazy\" decoding=\"async\" src=\"https:\/\/sc02.alicdn.com\/kf\/UTB8lZvkXFPJXKJkSahVq6xyzFXap\/200162319\/UTB8lZvkXFPJXKJkSahVq6xyzFXap.jpg\" alt=\"Foshan tehase otsem\u00fc\u00fck sinine PC tahke leht pol\u00fckarbonaat katuse heliisolatsioon Reach hinne B1\" width=\"685\" height=\"685\" data-src=\"\/\/sc02.alicdn.com\/kf\/UTB8lZvkXFPJXKJkSahVq6xyzFXap\/200162319\/UTB8lZvkXFPJXKJkSahVq6xyzFXap.jpg\" data-alt=\"Foshan Factory Direct Sale Blue PC Solid Sheet Polycarbonate Roof Sound Insulantion Reach Grade B1\" data-width=\"685\" data-height=\"685\" data- title=\"\"><\/p>\n<p><strong>\u00a0 Pol\u00fckarbonaadist katuseaken ja pol\u00fckarbonaadist reljeefne leht<\/strong><\/p>\n<p><img loading=\"lazy\" decoding=\"async\" src=\"https:\/\/sc01.alicdn.com\/kf\/UTB8AnLkXTzIXKJkSafVq6yWgXXaZ\/200162319\/UTB8AnLkXTzIXKJkSafVq6yWgXXaZ.jpg\" width=\"676\" height=\"946\" data-src=\"\/\/sc01.alicdn.com\/kf\/UTB8AnLkXTzIXKJkSafVq6yWgXXaZ\/200162319\/UTB8AnLkXTzIXKJkSafVq6yWgXXaZ.jpg\" data-width=\"676\" data-height=\"946\" data- alt=\"\" title=\"\"><\/p>\n<p><strong>Pol\u00fckarbonaadist markiis ja valguse hajutamine Pol\u00fckarbonaatplaat<\/strong><\/p>\n<p><img loading=\"lazy\" decoding=\"async\" src=\"https:\/\/sc02.alicdn.com\/kf\/UTB8OKfkXL2JXKJkSanrq6y3lVXaW\/200162319\/UTB8OKfkXL2JXKJkSanrq6y3lVXaW.jpg\" alt=\"Foshan tehase otsem\u00fc\u00fck sinine PC tahke leht pol\u00fckarbonaat katuse heliisolatsioon Reach hinne B1\" width=\"696\" height=\"1197\" data-src=\"\/\/sc02.alicdn.com\/kf\/UTB8OKfkXL2JXKJkSanrq6y3lVXaW\/200162319\/UTB8OKfkXL2JXKJkSanrq6y3lVXaW.jpg\" data-alt=\"Foshan Factory Direct Sale Blue PC Solid Sheet Polycarbonate Roof Sound Insulantion Reach Grade B1\" data-width=\"696\" data-height=\"1197\" data- title=\"\"><\/p>\n<p><img loading=\"lazy\" decoding=\"async\" src=\"https:\/\/sc01.alicdn.com\/kf\/HTB1NDV9KXXXXXbsaXXXq6xXFXXX2\/200162319\/HTB1NDV9KXXXXXbsaXXXq6xXFXXX2.jpg\" alt=\"Foshan tehase otsem\u00fc\u00fck sinine PC tahke leht pol\u00fckarbonaat katuse heliisolatsioon Reach hinne B1\" width=\"679\" height=\"679\" data-src=\"\/\/sc01.alicdn.com\/kf\/HTB1NDV9KXXXXXbsaXXXq6xXFXXX2\/200162319\/HTB1NDV9KXXXXXbsaXXXq6xXFXXX2.jpg\" data-alt=\"Foshan Factory Direct Sale Blue PC Solid Sheet Polycarbonate Roof Sound Insulantion Reach Grade B1\" data-width=\"679\" data-height=\"679\" data- title=\"\"><\/p>\n<p>Piisav pakkumine<\/p>\n<p><img loading=\"lazy\" decoding=\"async\" src=\"https:\/\/sc01.alicdn.com\/kf\/HTB11LPNSpXXXXa2XXXXq6xXFXXXF\/200162319\/HTB11LPNSpXXXXa2XXXXq6xXFXXXF.jpg\" width=\"688\" height=\"688\" data-src=\"\/\/sc01.alicdn.com\/kf\/HTB11LPNSpXXXXa2XXXXq6xXFXXXF\/200162319\/HTB11LPNSpXXXXa2XXXXq6xXFXXXF.jpg\" data-width=\"688\" data-height=\"688\" data- alt=\"\" title=\"\"><\/p>\n<p><img loading=\"lazy\" decoding=\"async\" src=\"https:\/\/sc02.alicdn.com\/kf\/HTB1wi_pSpXXXXbjXVXXq6xXFXXX9\/200162319\/HTB1wi_pSpXXXXbjXVXXq6xXFXXX9.jpg\" alt=\"Foshan tehase otsem\u00fc\u00fck sinine PC tahke leht pol\u00fckarbonaat katuse heliisolatsioon Reach hinne B1\" width=\"681\" height=\"909\" data-src=\"\/\/sc02.alicdn.com\/kf\/HTB1wi_pSpXXXXbjXVXXq6xXFXXX9\/200162319\/HTB1wi_pSpXXXXbjXVXXq6xXFXXX9.jpg\" data-alt=\"Foshan Factory Direct Sale Blue PC Solid Sheet Polycarbonate Roof Sound Insulantion Reach Grade B1\" data-width=\"681\" data-height=\"909\" data- title=\"\"><\/p>\n<p>100% Virgin Bayer Materials:<\/p>\n<p><img loading=\"lazy\" decoding=\"async\" src=\"https:\/\/sc02.alicdn.com\/kf\/UTB8qazkXMnJXKJkSaelq6xUzXXax\/200162319\/UTB8qazkXMnJXKJkSaelq6xUzXXax.jpg\" alt=\"Foshan tehase otsem\u00fc\u00fck sinine PC tahke leht pol\u00fckarbonaat katuse heliisolatsioon Reach hinne B1\" width=\"697\" height=\"697\" data-src=\"\/\/sc02.alicdn.com\/kf\/UTB8qazkXMnJXKJkSaelq6xUzXXax\/200162319\/UTB8qazkXMnJXKJkSaelq6xUzXXax.jpg\" data-alt=\"Foshan Factory Direct Sale Blue PC Solid Sheet Polycarbonate Roof Sound Insulantion Reach Grade B1\" data-width=\"697\" data-height=\"697\" data- title=\"\"><\/p>\n<p><img loading=\"lazy\" decoding=\"async\" src=\"https:\/\/sc02.alicdn.com\/kf\/HTB1k6UuKVXXXXccXFXXq6xXFXXX9\/200162319\/HTB1k6UuKVXXXXccXFXXq6xXFXXX9.jpg\" alt=\"Foshan tehase otsem\u00fc\u00fck sinine PC tahke leht pol\u00fckarbonaat katuse heliisolatsioon Reach hinne B1\" width=\"693\" height=\"693\" data-src=\"\/\/sc02.alicdn.com\/kf\/HTB1k6UuKVXXXXccXFXXq6xXFXXX9\/200162319\/HTB1k6UuKVXXXXccXFXXq6xXFXXX9.jpg\" data-alt=\"Foshan Factory Direct Sale Blue PC Solid Sheet Polycarbonate Roof Sound Insulantion Reach Grade B1\" data-width=\"693\" data-height=\"693\" data- title=\"\"><\/p>","protected":false},"featured_media":15138,"parent":0,"template":"","product-catagories":[168],"product-tag":[],"class_list":["post-15145","product","type-product","status-publish","has-post-thumbnail","hentry","product-catagories-acrylic-sheet"],"acf":[],"_links":{"self":[{"href":"https:\/\/www.tononplastics.com\/et\/wp-json\/wp\/v2\/product\/15145","targetHints":{"allow":["GET"]}}],"collection":[{"href":"https:\/\/www.tononplastics.com\/et\/wp-json\/wp\/v2\/product"}],"about":[{"href":"https:\/\/www.tononplastics.com\/et\/wp-json\/wp\/v2\/types\/product"}],"version-history":[{"count":0,"href":"https:\/\/www.tononplastics.com\/et\/wp-json\/wp\/v2\/product\/15145\/revisions"}],"wp:featuredmedia":[{"embeddable":true,"href":"https:\/\/www.tononplastics.com\/et\/wp-json\/wp\/v2\/media\/15138"}],"wp:attachment":[{"href":"https:\/\/www.tononplastics.com\/et\/wp-json\/wp\/v2\/media?parent=15145"}],"wp:term":[{"taxonomy":"product-catagories","embeddable":true,"href":"https:\/\/www.tononplastics.com\/et\/wp-json\/wp\/v2\/product-catagories?post=15145"},{"taxonomy":"product-tag","embeddable":true,"href":"https:\/\/www.tononplastics.com\/et\/wp-json\/wp\/v2\/product-tag?post=15145"}],"curies":[{"name":"wp","href":"https:\/\/api.w.org\/{rel}","templated":true}]}}