{"id":15183,"date":"2023-08-23T12:29:03","date_gmt":"2023-08-23T04:29:03","guid":{"rendered":"https:\/\/tononplastics.com\/?post_type=product&#038;p=15183"},"modified":"2024-04-16T12:27:23","modified_gmt":"2024-04-16T04:27:23","slug":"corrugated-polycarbonate-sheet-uv-roofing-panels-for-greenhouse","status":"publish","type":"product","link":"https:\/\/www.tononplastics.com\/et\/product\/corrugated-polycarbonate-sheet-uv-roofing-panels-for-greenhouse\/","title":{"rendered":"Laineeritud pol\u00fckarbonaat leht uv katusepaneelid kasvuhoone jaoks"},"content":{"rendered":"<table>\n<tbody>\n<tr>\n<td colspan=\"2\" height=\"66\" data-spm-anchor-id=\"a2700.details.0.i31.1dd26c0axSwcyk\">Pol\u00fckarbonaadist lainepleki spetsifikatsioon<\/td>\n<\/tr>\n<tr>\n<td height=\"66\">Laius:<\/td>\n<td height=\"66\">760,820,840,860,900,930,950,980.1050<\/td>\n<\/tr>\n<tr>\n<td height=\"66\">Pikkus:<\/td>\n<td height=\"66\">Ei ole piiratud<\/td>\n<\/tr>\n<tr>\n<td height=\"66\">Paksus:<\/td>\n<td height=\"66\">0.7mm kuni 2.5mm<\/td>\n<\/tr>\n<tr>\n<td height=\"66\">Standardne v\u00e4rv:<\/td>\n<td height=\"66\">Selge, sinine, roheline, opaal, pruun<\/td>\n<\/tr>\n<\/tbody>\n<\/table>\n<p><strong style=\"font-size: revert; color: initial;\">\u00a0 Piisavad varud:<\/strong><\/p>\n<p><img fetchpriority=\"high\" decoding=\"async\" src=\"https:\/\/sc02.alicdn.com\/kf\/HTB1G1ZZSpXXXXbLXXXXq6xXFXXX7\/200162319\/HTB1G1ZZSpXXXXbLXXXXq6xXFXXX7.jpg\" alt=\"Laineeritud pol\u00fckarbonaat leht uv katusepaneelid kasvuhoone jaoks\" width=\"737\" height=\"983\" data-src=\"\/\/sc02.alicdn.com\/kf\/HTB1G1ZZSpXXXXbLXXXXq6xXFXXX7\/200162319\/HTB1G1ZZSpXXXXbLXXXXq6xXFXXX7.jpg\" data-alt=\"Corrugated polycarbonate sheet uv roofing panels for greenhouse\" data-width=\"737\" data-height=\"983\" data- title=\"\"><\/p>\n<p><img decoding=\"async\" src=\"https:\/\/sc01.alicdn.com\/kf\/HTB11LPNSpXXXXa2XXXXq6xXFXXXF\/200162319\/HTB11LPNSpXXXXa2XXXXq6xXFXXXF.jpg\" alt=\"Laineeritud pol\u00fckarbonaat leht uv katusepaneelid kasvuhoone jaoks\" width=\"741\" height=\"741\" data-src=\"\/\/sc01.alicdn.com\/kf\/HTB11LPNSpXXXXa2XXXXq6xXFXXXF\/200162319\/HTB11LPNSpXXXXa2XXXXq6xXFXXXF.jpg\" data-alt=\"Corrugated polycarbonate sheet uv roofing panels for greenhouse\" data-width=\"741\" data-height=\"741\" data- title=\"\"><\/p>\n<p><strong>\u00a0\u00a0Uus masin :<\/strong><\/p>\n<p><img decoding=\"async\" src=\"https:\/\/sc01.alicdn.com\/kf\/HTB12lZaa4TI8KJjSspiq6zM4FXab\/200162319\/HTB12lZaa4TI8KJjSspiq6zM4FXab.jpg\" alt=\"Laineeritud pol\u00fckarbonaat leht uv katusepaneelid kasvuhoone jaoks\" width=\"710\" height=\"532\" data-src=\"\/\/sc01.alicdn.com\/kf\/HTB12lZaa4TI8KJjSspiq6zM4FXab\/200162319\/HTB12lZaa4TI8KJjSspiq6zM4FXab.jpg\" data-alt=\"Corrugated polycarbonate sheet uv roofing panels for greenhouse\" data-width=\"710\" data-height=\"532\" data- title=\"\"><\/p>\n<p><strong>\u00a0\u00a0Materjal: Bayer<\/strong><\/p>\n<p><img loading=\"lazy\" decoding=\"async\" src=\"https:\/\/sc02.alicdn.com\/kf\/UTB8qazkXMnJXKJkSaelq6xUzXXax\/200162319\/UTB8qazkXMnJXKJkSaelq6xUzXXax.jpg\" alt=\"Laineeritud pol\u00fckarbonaat leht uv katusepaneelid kasvuhoone jaoks\" width=\"731\" height=\"731\" data-src=\"\/\/sc02.alicdn.com\/kf\/UTB8qazkXMnJXKJkSaelq6xUzXXax\/200162319\/UTB8qazkXMnJXKJkSaelq6xUzXXax.jpg\" data-alt=\"Corrugated polycarbonate sheet uv roofing panels for greenhouse\" data-width=\"731\" data-height=\"731\" data- title=\"\"><\/p>\n<p>Pol\u00fckarbonaadist lainelise lehe omadused:<\/p>\n<p>Valguse l\u00e4bilaskvus:<br \/>\nValgusl\u00e4bivus ulatub s\u00f5ltuvalt v\u00e4rvist ja paksusest 12%-95%.<\/p>\n<p>UV-kaitse:<br \/>\nT\u00e4nu patenteeritud anti-UV-kattele j\u00e4\u00e4b pol\u00fckarbonaat laineplekk p\u00e4rast kokkupuudet t\u00e4iuslikuks mehaaniliseks ja optiliseks toimimiseks.<\/p>\n<p>Ilma v\u00f5ime:<br \/>\nSellel on \u00fclivabadus, mis s\u00e4ilitab suurep\u00e4rase toimivuse laias temperatuurivahemikus -40\u00b0C-120\u00b0C.<\/p>\n<p>Tulep\u00fcsivus : UL Flammability 94 V-2<\/p>\n<p>Lihtne paigaldus<br \/>\nLihtne paigaldada ja seda saab k\u00fclmalt painutada<\/p>\n<p>L\u00f6\u00f6gikindlus :<br \/>\n250-300 korda suurem l\u00f6\u00f6gitugevus kui tavalisel klaasil ja 30 korda suurem kui sama paksusega akr\u00fc\u00fclpaneelidel, mis on 2-20 korda karastatud klaasist, mis langeb kaks meetrit alla 3 kg haamri, ei ole pragusid, ei ole purunenud.<\/p>\n<p>Pol\u00fckarbonaadist lainepleki kasutamine:<\/p>\n<p>Maanteede ja linnade k\u00f5rgendatud teede m\u00fcrat\u00f5kked;<br \/>\nP\u00f5llumajanduslik kasvuhoone ja kasvatusmaja;<br \/>\nKaasaegne \u00f6korestorani lagi;<br \/>\nK\u00f5ik \u00fcksused v\u00f5i raku ts\u00fckli varjatud, r\u00f5du p\u00e4ikesekatuse ja katuse \u00fclej\u00e4\u00e4nud kioskid varjatud;<br \/>\nKontorihooned, kaubamajad, hotellid, villad, koolid, haiglad, spordistaadionid, meelelahutuskeskused ja avalikud rajatised laevalgustus et .<\/p>","protected":false},"featured_media":16735,"parent":0,"template":"","product-catagories":[168],"product-tag":[],"class_list":["post-15183","product","type-product","status-publish","has-post-thumbnail","hentry","product-catagories-acrylic-sheet"],"acf":[],"_links":{"self":[{"href":"https:\/\/www.tononplastics.com\/et\/wp-json\/wp\/v2\/product\/15183","targetHints":{"allow":["GET"]}}],"collection":[{"href":"https:\/\/www.tononplastics.com\/et\/wp-json\/wp\/v2\/product"}],"about":[{"href":"https:\/\/www.tononplastics.com\/et\/wp-json\/wp\/v2\/types\/product"}],"version-history":[{"count":0,"href":"https:\/\/www.tononplastics.com\/et\/wp-json\/wp\/v2\/product\/15183\/revisions"}],"wp:featuredmedia":[{"embeddable":true,"href":"https:\/\/www.tononplastics.com\/et\/wp-json\/wp\/v2\/media\/16735"}],"wp:attachment":[{"href":"https:\/\/www.tononplastics.com\/et\/wp-json\/wp\/v2\/media?parent=15183"}],"wp:term":[{"taxonomy":"product-catagories","embeddable":true,"href":"https:\/\/www.tononplastics.com\/et\/wp-json\/wp\/v2\/product-catagories?post=15183"},{"taxonomy":"product-tag","embeddable":true,"href":"https:\/\/www.tononplastics.com\/et\/wp-json\/wp\/v2\/product-tag?post=15183"}],"curies":[{"name":"wp","href":"https:\/\/api.w.org\/{rel}","templated":true}]}}