{"id":15185,"date":"2023-08-23T12:30:36","date_gmt":"2023-08-23T04:30:36","guid":{"rendered":"https:\/\/tononplastics.com\/?post_type=product&#038;p=15185"},"modified":"2024-03-25T16:54:43","modified_gmt":"2024-03-25T08:54:43","slug":"awning-corrugated-polycarbonate-transparent-sheets-pc-roofing-panels","status":"publish","type":"product","link":"https:\/\/www.tononplastics.com\/et\/product\/awning-corrugated-polycarbonate-transparent-sheets-pc-roofing-panels\/","title":{"rendered":"Markiisi laineline pol\u00fckarbonaat l\u00e4bipaistvad lehed pc katusepaneelid"},"content":{"rendered":"<table>\n<tbody>\n<tr>\n<td colspan=\"2\" height=\"66\" data-spm-anchor-id=\"a2700.details.0.i32.6c0432c7qU9JTw\">Pol\u00fckarbonaadist lainepleki spetsifikatsioon<\/td>\n<\/tr>\n<tr>\n<td height=\"66\">Laius:<\/td>\n<td height=\"66\">760,820,840,860,900,930,950,980.1050<\/td>\n<\/tr>\n<tr>\n<td height=\"66\">Pikkus:<\/td>\n<td height=\"66\">Ei ole piiratud<\/td>\n<\/tr>\n<tr>\n<td height=\"66\">Paksus:<\/td>\n<td height=\"66\">0.7mm kuni 2.5mm<\/td>\n<\/tr>\n<tr>\n<td height=\"66\">Standardne v\u00e4rv:<\/td>\n<td height=\"66\">Selge, sinine, roheline, opaal, pruun<\/td>\n<\/tr>\n<\/tbody>\n<\/table>\n<p><strong>840#Lake Blue pol\u00fckarbonaat lainepaberist leht on tootmisel :\u00a0\u00a0\u00a0<\/strong><\/p>\n<p><img fetchpriority=\"high\" decoding=\"async\" src=\"https:\/\/sc01.alicdn.com\/kf\/UTB87SFrgBahduJk43Jaq6zM8FXay\/200162319\/UTB87SFrgBahduJk43Jaq6zM8FXay.jpg\" alt=\"Markiisi laineline pol\u00fckarbonaat l\u00e4bipaistvad lehed pc katusepaneelid\" width=\"732\" height=\"976\" data-src=\"\/\/sc01.alicdn.com\/kf\/UTB87SFrgBahduJk43Jaq6zM8FXay\/200162319\/UTB87SFrgBahduJk43Jaq6zM8FXay.jpg\" data-alt=\"Awning corrugated polycarbonate transparent sheets pc roofing panels\" data-width=\"732\" data-height=\"976\" data- title=\"\"><\/p>\n<p><strong>Selge pol\u00fckarbonaadist laineline leht :\u00a0\u00a0<\/strong><\/p>\n<p><img decoding=\"async\" src=\"https:\/\/sc01.alicdn.com\/kf\/HTB1orUjqYsTMeJjSsziq6AdwXXat\/200162319\/HTB1orUjqYsTMeJjSsziq6AdwXXat.jpg\" alt=\"Markiisi laineline pol\u00fckarbonaat l\u00e4bipaistvad lehed pc katusepaneelid\" width=\"732\" height=\"412\" data-src=\"\/\/sc01.alicdn.com\/kf\/HTB1orUjqYsTMeJjSsziq6AdwXXat\/200162319\/HTB1orUjqYsTMeJjSsziq6AdwXXat.jpg\" data-alt=\"Awning corrugated polycarbonate transparent sheets pc roofing panels\" data-width=\"732\" data-height=\"412\" data- title=\"\"><\/p>\n<p><strong>930#Green:<\/strong><\/p>\n<p><img decoding=\"async\" src=\"https:\/\/sc01.alicdn.com\/kf\/HTB1taZhmfNNTKJjSspkq6yeWFXaW\/200162319\/HTB1taZhmfNNTKJjSspkq6yeWFXaW.jpg\" alt=\"Markiisi laineline pol\u00fckarbonaat l\u00e4bipaistvad lehed pc katusepaneelid\" width=\"730\" height=\"730\" data-src=\"\/\/sc01.alicdn.com\/kf\/HTB1taZhmfNNTKJjSspkq6yeWFXaW\/200162319\/HTB1taZhmfNNTKJjSspkq6yeWFXaW.jpg\" data-alt=\"Awning corrugated polycarbonate transparent sheets pc roofing panels\" data-width=\"730\" data-height=\"730\" data- title=\"\"><\/p>\n<p><strong>1050#Opal:<\/strong><\/p>\n<p><img loading=\"lazy\" decoding=\"async\" src=\"https:\/\/sc01.alicdn.com\/kf\/HTB1_pI2kgoQMeJjy0Fnq6z8gFXaN\/200162319\/HTB1_pI2kgoQMeJjy0Fnq6z8gFXaN.jpg\" alt=\"Markiisi laineline pol\u00fckarbonaat l\u00e4bipaistvad lehed pc katusepaneelid\" width=\"739\" height=\"621\" data-src=\"\/\/sc01.alicdn.com\/kf\/HTB1_pI2kgoQMeJjy0Fnq6z8gFXaN\/200162319\/HTB1_pI2kgoQMeJjy0Fnq6z8gFXaN.jpg\" data-alt=\"Awning corrugated polycarbonate transparent sheets pc roofing panels\" data-width=\"739\" data-height=\"621\" data- title=\"\"><\/p>\n<p><strong>Piisavad varud:<\/strong><\/p>\n<p><img loading=\"lazy\" decoding=\"async\" src=\"https:\/\/sc02.alicdn.com\/kf\/HTB1G1ZZSpXXXXbLXXXXq6xXFXXX7\/200162319\/HTB1G1ZZSpXXXXbLXXXXq6xXFXXX7.jpg\" alt=\"Markiisi laineline pol\u00fckarbonaat l\u00e4bipaistvad lehed pc katusepaneelid\" width=\"737\" height=\"983\" data-src=\"\/\/sc02.alicdn.com\/kf\/HTB1G1ZZSpXXXXbLXXXXq6xXFXXX7\/200162319\/HTB1G1ZZSpXXXXbLXXXXq6xXFXXX7.jpg\" data-alt=\"Awning corrugated polycarbonate transparent sheets pc roofing panels\" data-width=\"737\" data-height=\"983\" data- title=\"\"><\/p>\n<p><img loading=\"lazy\" decoding=\"async\" src=\"https:\/\/sc01.alicdn.com\/kf\/HTB11LPNSpXXXXa2XXXXq6xXFXXXF\/200162319\/HTB11LPNSpXXXXa2XXXXq6xXFXXXF.jpg\" alt=\"Markiisi laineline pol\u00fckarbonaat l\u00e4bipaistvad lehed pc katusepaneelid\" width=\"741\" height=\"741\" data-src=\"\/\/sc01.alicdn.com\/kf\/HTB11LPNSpXXXXa2XXXXq6xXFXXXF\/200162319\/HTB11LPNSpXXXXa2XXXXq6xXFXXXF.jpg\" data-alt=\"Awning corrugated polycarbonate transparent sheets pc roofing panels\" data-width=\"741\" data-height=\"741\" data- title=\"\"><\/p>\n<p><strong>\u00a0 \u00a0Mesilasi pol\u00fckarbonaatleht ja pol\u00fckarbnaat taevalaud :<\/strong><\/p>\n<p><img loading=\"lazy\" decoding=\"async\" src=\"https:\/\/sc02.alicdn.com\/kf\/UTB8xrRugBahduJk43Jaq6zM8FXaI\/200162319\/UTB8xrRugBahduJk43Jaq6zM8FXaI.jpg\" alt=\"Markiisi laineline pol\u00fckarbonaat l\u00e4bipaistvad lehed pc katusepaneelid\" width=\"716\" height=\"1015\" data-src=\"\/\/sc02.alicdn.com\/kf\/UTB8xrRugBahduJk43Jaq6zM8FXaI\/200162319\/UTB8xrRugBahduJk43Jaq6zM8FXaI.jpg\" data-alt=\"Awning corrugated polycarbonate transparent sheets pc roofing panels\" data-width=\"716\" data-height=\"1015\" data- title=\"\"><\/p>\n<p>Pol\u00fckarbonaatmarkiis :<\/p>\n<p><img loading=\"lazy\" decoding=\"async\" src=\"https:\/\/sc01.alicdn.com\/kf\/HTB1bNcba8fH8KJjy1Xbq6zLdXXah\/200162319\/HTB1bNcba8fH8KJjy1Xbq6zLdXXah.jpg\" alt=\"Markiisi laineline pol\u00fckarbonaat l\u00e4bipaistvad lehed pc katusepaneelid\" width=\"709\" height=\"709\" data-src=\"\/\/sc01.alicdn.com\/kf\/HTB1bNcba8fH8KJjy1Xbq6zLdXXah\/200162319\/HTB1bNcba8fH8KJjy1Xbq6zLdXXah.jpg\" data-alt=\"Awning corrugated polycarbonate transparent sheets pc roofing panels\" data-width=\"709\" data-height=\"709\" data- title=\"\"><\/p>\n<p><strong>Pol\u00fckarbonaadist lainelise lehe omadused:<\/strong><\/p>\n<p><strong>Valguse l\u00e4bilaskvus:<\/strong><br \/>\nValgusl\u00e4bivus ulatub s\u00f5ltuvalt v\u00e4rvist ja paksusest 12%-95%.<\/p>\n<p><strong>UV-kaitse:<\/strong><br \/>\nT\u00e4nu patenteeritud anti-UV-kattele j\u00e4\u00e4b pol\u00fckarbonaat laineplekk p\u00e4rast kokkupuudet t\u00e4iuslikuks mehaaniliseks ja optiliseks toimimiseks.<\/p>\n<p><strong>Ilma v\u00f5ime:<\/strong><br \/>\nSellel on \u00fclivabadus, mis s\u00e4ilitab suurep\u00e4rase toimivuse laias temperatuurivahemikus -40\u00b0C-120\u00b0C.<\/p>\n<p><strong>Tulep\u00fcsivus :<\/strong>\u00a0UL S\u00fcttimism\u00e4\u00e4rus 94 V-2<\/p>\n<p><strong>Lihtne paigaldus<\/strong><br \/>\nLihtne paigaldada ja seda saab k\u00fclmalt painutada<\/p>\n<p><strong>L\u00f6\u00f6gikindlus :<\/strong><br \/>\n250-300 korda suurem l\u00f6\u00f6gitugevus kui tavalisel klaasil ja 30 korda suurem kui sama paksusega akr\u00fc\u00fclpaneelidel, mis on 2-20 korda karastatud klaasist, mis langeb kaks meetrit alla 3 kg haamri, ei ole pragusid, ei ole purunenud.<\/p>\n<p><strong>Pol\u00fckarbonaadist lainepleki kasutamine:<\/strong><\/p>\n<p>Maanteede ja linnade k\u00f5rgendatud teede m\u00fcrat\u00f5kked;<br \/>\nP\u00f5llumajanduslik kasvuhoone ja kasvatusmaja;<br \/>\nKaasaegne \u00f6korestorani lagi;<br \/>\nK\u00f5ik \u00fcksused v\u00f5i raku ts\u00fckli varjatud, r\u00f5du p\u00e4ikesekatuse ja katuse \u00fclej\u00e4\u00e4nud kioskid varjatud;<br \/>\nKontorihooned, kaubamajad, hotellid, villad, koolid, haiglad, spordistaadionid, meelelahutuskeskused ja avalikud rajatised laevalgustus et .<\/p>","protected":false},"featured_media":0,"parent":0,"template":"","product-catagories":[171],"product-tag":[],"class_list":["post-15185","product","type-product","status-publish","hentry","product-catagories-awning"],"acf":[],"_links":{"self":[{"href":"https:\/\/www.tononplastics.com\/et\/wp-json\/wp\/v2\/product\/15185","targetHints":{"allow":["GET"]}}],"collection":[{"href":"https:\/\/www.tononplastics.com\/et\/wp-json\/wp\/v2\/product"}],"about":[{"href":"https:\/\/www.tononplastics.com\/et\/wp-json\/wp\/v2\/types\/product"}],"version-history":[{"count":0,"href":"https:\/\/www.tononplastics.com\/et\/wp-json\/wp\/v2\/product\/15185\/revisions"}],"wp:attachment":[{"href":"https:\/\/www.tononplastics.com\/et\/wp-json\/wp\/v2\/media?parent=15185"}],"wp:term":[{"taxonomy":"product-catagories","embeddable":true,"href":"https:\/\/www.tononplastics.com\/et\/wp-json\/wp\/v2\/product-catagories?post=15185"},{"taxonomy":"product-tag","embeddable":true,"href":"https:\/\/www.tononplastics.com\/et\/wp-json\/wp\/v2\/product-tag?post=15185"}],"curies":[{"name":"wp","href":"https:\/\/api.w.org\/{rel}","templated":true}]}}