{"id":15195,"date":"2023-08-23T16:50:26","date_gmt":"2023-08-23T08:50:26","guid":{"rendered":"https:\/\/tononplastics.com\/?post_type=product&#038;p=15195"},"modified":"2024-04-16T14:01:43","modified_gmt":"2024-04-16T06:01:43","slug":"multiwall-polycarbonate-sheets-for-roofing","status":"publish","type":"product","link":"https:\/\/www.tononplastics.com\/et\/product\/multiwall-polycarbonate-sheets-for-roofing\/","title":{"rendered":"Katusekatteks m\u00f5eldud mitmekihilised pol\u00fckarbonaatplaadid"},"content":{"rendered":"<div id=\"ali-anchor-AliPostDhMb-0uto1\" class=\"mceSectionContainer\" data-section=\"AliPostDhMb-0uto1\" data-section-title=\"Product Description\">\n<div>\n<p><strong>Plastikust k\u00e4rgplaat <\/strong>kvaliteet kerge, tugevus, k\u00f5rge j\u00e4ikus, l\u00f6\u00f6gikindel, isolatsioon, soojusisolatsioon, heliisolatsiooni eelised, kuid ka niiskuskindel, korrosioon ja muud omadused, on lai arenguruum, seda kasutatakse laialdaselt ehituses, autolaevanduses, m\u00f6\u00f6blitootmises, materjalide pakkimises ja transpordis jne.<\/p>\n<\/div>\n<\/div>\n<p>Laialdaselt kasutatav selline materjal v\u00f5ib s\u00e4\u00e4sta suures koguses metsaressursse, kaitsta ja parandada \u00f6koloogilist keskkonda ning saab taaskasutada taaskasutada, koosk\u00f5las 21. sajandi uue materjali keskkonnakaitsega.<\/p>\n<p><strong>\u00a0<\/strong><\/p>\n<p><strong>Tehnilised andmed<\/strong><\/p>\n<p>1, l\u00f6\u00f6gitugevus: 850 J\/m<\/p>\n<p>2, eufootiline kiirus: 90%<\/p>\n<p>3, t\u00f5mbetugevus: &gt; 60 N\/was<\/p>\n<p>4, paindetugevus: 100 N\/was<\/p>\n<p>5, termilise deformatsiooni temperatuur: 140 \u00b0C<\/p>\n<p>6, pikisuunaline paindetugevus: 112 MPa<\/p>\n<p>7 ja k\u00fclgsuunaline paindetugevus: 107 MPa<\/p>\n<p>8, hapnikuindeks: 21%<\/p>\n<p><img decoding=\"async\" src=\"https:\/\/sc02.alicdn.com\/kf\/H92b43e53800844b2bf93a66c9e3d9959h\/200162319\/H92b43e53800844b2bf93a66c9e3d9959h.png\" alt=\"mitmekihilised pol\u00fckarbonaatplekid katuse katmiseks\" width=\"630\" height=\"484.9342105263158\" data-src=\"\/\/sc02.alicdn.com\/kf\/H92b43e53800844b2bf93a66c9e3d9959h\/200162319\/H92b43e53800844b2bf93a66c9e3d9959h.png\" data-alt=\"multiwall polycarbonate sheets for roofing\" data-width=\"630\" data- title=\"\"><\/p>\n<p><img decoding=\"async\" src=\"https:\/\/sc01.alicdn.com\/kf\/He259728edf5e4b8586df0e128f43a7dbI\/200162319\/He259728edf5e4b8586df0e128f43a7dbI.png\" width=\"630\" height=\"635.4941860465117\" data-src=\"\/\/sc01.alicdn.com\/kf\/He259728edf5e4b8586df0e128f43a7dbI\/200162319\/He259728edf5e4b8586df0e128f43a7dbI.png\" data-width=\"630\" data- alt=\"\" title=\"\"><\/p>\n<div id=\"ali-anchor-AliPostDhMb-2k9gx\" class=\"mceSectionContainer\" data-section=\"AliPostDhMb-2k9gx\" data-section-title=\"Packaging &amp; Shipping\">\n<div id=\"ali-title-AliPostDhMb-2k9gx\">Pakendamine ja saatmine<\/div>\n<div>\n<\/div>\n<\/div>\n<p><img decoding=\"async\" src=\"https:\/\/sc02.alicdn.com\/kf\/Hd05fdb0988024155a7956963ea5973acD\/200162319\/Hd05fdb0988024155a7956963ea5973acD.png\" alt=\"mitmekihilised pol\u00fckarbonaatplekid katuse katmiseks\" width=\"630\" height=\"474.58885941644564\" data-src=\"\/\/sc02.alicdn.com\/kf\/Hd05fdb0988024155a7956963ea5973acD\/200162319\/Hd05fdb0988024155a7956963ea5973acD.png\" data-alt=\"multiwall polycarbonate sheets for roofing\" data-width=\"630\" data- title=\"\"><img decoding=\"async\" src=\"https:\/\/sc02.alicdn.com\/kf\/H02a52324dc024cdcbaee8c550d0c5b3cR\/200162319\/H02a52324dc024cdcbaee8c550d0c5b3cR.png\" alt=\"mitmekihilised pol\u00fckarbonaatplekid katuse katmiseks\" width=\"630\" height=\"214.7347480106101\" data-src=\"\/\/sc02.alicdn.com\/kf\/H02a52324dc024cdcbaee8c550d0c5b3cR\/200162319\/H02a52324dc024cdcbaee8c550d0c5b3cR.png\" data-alt=\"multiwall polycarbonate sheets for roofing\" data-width=\"630\" data- title=\"\"><\/p>\n<div id=\"ali-anchor-AliPostDhMb-e6rme\" class=\"mceSectionContainer\" data-section=\"AliPostDhMb-e6rme\" data-section-title=\"FAQ\">\n<div id=\"ali-title-AliPostDhMb-e6rme\">KKK<\/div>\n<div>\n<p>\u00a0<img decoding=\"async\" src=\"https:\/\/sc02.alicdn.com\/kf\/H4a5e33e5f1034bce8dde77f9a90d1cd9q\/200162319\/H4a5e33e5f1034bce8dde77f9a90d1cd9q.png\" alt=\"mitmekihilised pol\u00fckarbonaatplekid katuse katmiseks\" width=\"630\" height=\"586.3781624500665\" data-src=\"\/\/sc02.alicdn.com\/kf\/H4a5e33e5f1034bce8dde77f9a90d1cd9q\/200162319\/H4a5e33e5f1034bce8dde77f9a90d1cd9q.png\" data-alt=\"multiwall polycarbonate sheets for roofing\" data-width=\"630\" data- title=\"\"><\/p>\n<\/div>\n<\/div>\n<div id=\"ali-anchor-AliPostDhMb-mn66s\" class=\"mceSectionContainer\" data-section=\"AliPostDhMb-mn66s\" data-section-title=\"Company Information\">\n<div id=\"ali-title-AliPostDhMb-mn66s\">Ettev\u00f5tte teave<\/div>\n<div>\n<p>\u00a0FOSHAN HUAXIA NATURE BUILDING MATERIALS CO., LTD., asutatud 2004. aastal, on professionaalne tootja, kes tegeleb pol\u00fckarbonaadist tahke lehe, pol\u00fckarbonaadist \u00f5\u00f5nsate lehtede, markiisikinnituse ja pol\u00fckarbonaadist lainekatuste plaatide uurimise, arendamise, tootmise, m\u00fc\u00fcgi ja teenindamisega. Asume Foshanis, Hiina tuntud dekoratiivsete materjalide tootmisbaasis. Meie ettev\u00f5ttes on kindel alus, k\u00fcps tootmistehnoloogia ja ranged kvaliteedikontrollis\u00fcsteemid, mis tagab meie toodete k\u00f5rge stabiilsuse ja usaldusv\u00e4\u00e4rsuse.<\/p>\n<p><img fetchpriority=\"high\" decoding=\"async\" class=\"\" src=\"https:\/\/sc01.alicdn.com\/kf\/Hc5f7191285c94e4d86cc5809914ea53bP\/200162319\/Hc5f7191285c94e4d86cc5809914ea53bP.jpg\" alt=\"mitmekihilised pol\u00fckarbonaatplekid katuse katmiseks\" width=\"414\" height=\"311\" data-src=\"\/\/sc01.alicdn.com\/kf\/Hc5f7191285c94e4d86cc5809914ea53bP\/200162319\/Hc5f7191285c94e4d86cc5809914ea53bP.jpg\" data-alt=\"multiwall polycarbonate sheets for roofing\" data-width=\"630\" data- title=\"\"><img decoding=\"async\" class=\"\" src=\"https:\/\/sc02.alicdn.com\/kf\/H2a17922ef88a4d7a9720b7ef006d891en\/200162319\/H2a17922ef88a4d7a9720b7ef006d891en.jpg\" alt=\"mitmekihilised pol\u00fckarbonaatplekid katuse katmiseks\" width=\"323\" height=\"323\" data-src=\"\/\/sc02.alicdn.com\/kf\/H2a17922ef88a4d7a9720b7ef006d891en\/200162319\/H2a17922ef88a4d7a9720b7ef006d891en.jpg\" data-alt=\"multiwall polycarbonate sheets for roofing\" data-width=\"630\" data- title=\"\"><img decoding=\"async\" src=\"https:\/\/sc01.alicdn.com\/kf\/H7e71678b55314f2d8f97db71d085dddcz\/200162319\/H7e71678b55314f2d8f97db71d085dddcz.png\" width=\"628\" height=\"333\" data-src=\"\/\/sc01.alicdn.com\/kf\/H7e71678b55314f2d8f97db71d085dddcz\/200162319\/H7e71678b55314f2d8f97db71d085dddcz.png\" alt=\"\" title=\"\"><\/p>\n<\/div>\n<\/div>","protected":false},"featured_media":16793,"parent":0,"template":"","product-catagories":[178],"product-tag":[],"class_list":["post-15195","product","type-product","status-publish","has-post-thumbnail","hentry","product-catagories-polycarbonate-hollow-sheet"],"acf":[],"_links":{"self":[{"href":"https:\/\/www.tononplastics.com\/et\/wp-json\/wp\/v2\/product\/15195","targetHints":{"allow":["GET"]}}],"collection":[{"href":"https:\/\/www.tononplastics.com\/et\/wp-json\/wp\/v2\/product"}],"about":[{"href":"https:\/\/www.tononplastics.com\/et\/wp-json\/wp\/v2\/types\/product"}],"version-history":[{"count":0,"href":"https:\/\/www.tononplastics.com\/et\/wp-json\/wp\/v2\/product\/15195\/revisions"}],"wp:featuredmedia":[{"embeddable":true,"href":"https:\/\/www.tononplastics.com\/et\/wp-json\/wp\/v2\/media\/16793"}],"wp:attachment":[{"href":"https:\/\/www.tononplastics.com\/et\/wp-json\/wp\/v2\/media?parent=15195"}],"wp:term":[{"taxonomy":"product-catagories","embeddable":true,"href":"https:\/\/www.tononplastics.com\/et\/wp-json\/wp\/v2\/product-catagories?post=15195"},{"taxonomy":"product-tag","embeddable":true,"href":"https:\/\/www.tononplastics.com\/et\/wp-json\/wp\/v2\/product-tag?post=15195"}],"curies":[{"name":"wp","href":"https:\/\/api.w.org\/{rel}","templated":true}]}}