{"id":15256,"date":"2023-08-23T21:46:30","date_gmt":"2023-08-23T13:46:30","guid":{"rendered":"https:\/\/tononplastics.com\/?post_type=product&#038;p=15256"},"modified":"2024-04-16T14:01:47","modified_gmt":"2024-04-16T06:01:47","slug":"macrolux-multiwall-polycarbonate-sheetmakrolon","status":"publish","type":"product","link":"https:\/\/www.tononplastics.com\/et\/product\/macrolux-multiwall-polycarbonate-sheetmakrolon\/","title":{"rendered":"Makrolux mitmekihiline pol\u00fckarbonaatleht (Makrolon)"},"content":{"rendered":"<p><span data-spm-anchor-id=\"a2700.details.0.i30.3649499cioTWq9\">Kasutage kasvuhoonete, terrasside katuse, orkaanikaitse, kaubandusliku katuse ja muu katuse ehitamiseks.<\/span><\/p>\n<p><strong>SpetsifikatsioonidUV kaitstud PC kompaktne leht<\/strong><br \/>\n1) 100% Bayer materjal<br \/>\n2) 50 mikroni UV-kihi katmine, UV-kiirguse filtreeritud m\u00e4\u00e4r: 99%<\/p>\n<p data-spm-anchor-id=\"a2700.details.0.i28.3649499cioTWq9\">3) Kerge kaal<br \/>\n4) UV-stabiilne<br \/>\n5) Tugev<br \/>\n6) Isoleerimine<br \/>\n7) Lihtne t\u00f6\u00f6tada<\/p>\n<p><img fetchpriority=\"high\" decoding=\"async\" class=\"\" src=\"https:\/\/sc01.alicdn.com\/kf\/Hab9bd697ff3d43f4a68edc4263f778919\/200162319\/Hab9bd697ff3d43f4a68edc4263f778919.jpg\" alt=\"Makrolux mitmekihiline pol\u00fckarbonaatleht (Makrolon)\" width=\"382\" height=\"382\" data-src=\"\/\/sc01.alicdn.com\/kf\/Hab9bd697ff3d43f4a68edc4263f778919\/200162319\/Hab9bd697ff3d43f4a68edc4263f778919.jpg\" data-alt=\"Macrolux multiwall polycarbonate sheet(Makrolon)\" data-width=\"630\" data- title=\"\"><img decoding=\"async\" class=\"\" src=\"https:\/\/sc02.alicdn.com\/kf\/H83eedc7040fe4889b253c55a4f03ec4e4\/200162319\/H83eedc7040fe4889b253c55a4f03ec4e4.jpg\" alt=\"Makrolux mitmekihiline pol\u00fckarbonaatleht (Makrolon)\" width=\"384\" height=\"384\" data-src=\"\/\/sc02.alicdn.com\/kf\/H83eedc7040fe4889b253c55a4f03ec4e4\/200162319\/H83eedc7040fe4889b253c55a4f03ec4e4.jpg\" data-alt=\"Macrolux multiwall polycarbonate sheet(Makrolon)\" data-width=\"630\" data- title=\"\"><\/p>\n<p><strong>Pol\u00fckarbonaat tahke leht<\/strong><\/p>\n<p>Valmistatud Bayer Makrolon pol\u00fckarbonaatvaigust, meie pol\u00fckarbonaat tahke leht on koekstrudeeritud UV-kaitsekihiga \u00fchel v\u00f5i kahel k\u00fcljel, mis muudab lehe suurep\u00e4rase vananemiskindluse ja suurep\u00e4rase l\u00f6\u00f6gikindlusega, nii et seda kasutatakse laialdaselt arhitektuurit\u00f6\u00f6stuses.<\/p>\n<p>Paksus 1.0mm,1.2mm,1.5mm,2mm,3mm,4mm,4.5mm,6mm,8mm,10mm,12mm,15mm<br \/>\nStandardne laius 1220mm, 1560mm, 1820mm, 2100mm (saab kohandada vastavalt kliendi n\u00f5uetele mis tahes laiusega alla 2100mm)<br \/>\nV\u00e4rv : l\u00e4bipaistev, sinine, roheline, pruun, opaal<\/p>\n<p>Tekstuur : sile, reljeefne, teemant, abrasiivne.<\/p>\n<p><img decoding=\"async\" src=\"https:\/\/sc01.alicdn.com\/kf\/H32420328557d486eb5370e0cf573cf134\/200162319\/H32420328557d486eb5370e0cf573cf134.jpg\" alt=\"Makrolux mitmekihiline pol\u00fckarbonaatleht (Makrolon)\" width=\"630\" height=\"840\" data-src=\"\/\/sc01.alicdn.com\/kf\/H32420328557d486eb5370e0cf573cf134\/200162319\/H32420328557d486eb5370e0cf573cf134.jpg\" data-alt=\"Macrolux multiwall polycarbonate sheet(Makrolon)\" data-width=\"630\" data- title=\"\"><img decoding=\"async\" src=\"https:\/\/sc01.alicdn.com\/kf\/Hde2b9ec7d1d24a39a08ed8018029c625e\/200162319\/Hde2b9ec7d1d24a39a08ed8018029c625e.jpg\" alt=\"Makrolux mitmekihiline pol\u00fckarbonaatleht (Makrolon)\" width=\"630\" height=\"884.52\" data-src=\"\/\/sc01.alicdn.com\/kf\/Hde2b9ec7d1d24a39a08ed8018029c625e\/200162319\/Hde2b9ec7d1d24a39a08ed8018029c625e.jpg\" data-alt=\"Macrolux multiwall polycarbonate sheet(Makrolon)\" data-width=\"630\" data- title=\"\"><\/p>\n<div id=\"ali-anchor-AliPostDhMb-tjluo\" data-section=\"AliPostDhMb-tjluo\" data-section-title=\"Packaging &amp; Shipping\">\n<div id=\"ali-title-AliPostDhMb-tjluo\"><strong>Pakendamine ja saatmine<\/strong><\/div>\n<div>\n<p>\u00a0<img decoding=\"async\" src=\"https:\/\/sc02.alicdn.com\/kf\/Hd05fdb0988024155a7956963ea5973acD\/200162319\/Hd05fdb0988024155a7956963ea5973acD.png\" alt=\"Makrolux mitmekihiline pol\u00fckarbonaatleht (Makrolon)\" width=\"630\" height=\"474.58885941644564\" data-src=\"\/\/sc02.alicdn.com\/kf\/Hd05fdb0988024155a7956963ea5973acD\/200162319\/Hd05fdb0988024155a7956963ea5973acD.png\" data-alt=\"Macrolux multiwall polycarbonate sheet(Makrolon)\" data-width=\"630\" data- title=\"\"><img decoding=\"async\" src=\"https:\/\/sc02.alicdn.com\/kf\/H02a52324dc024cdcbaee8c550d0c5b3cR\/200162319\/H02a52324dc024cdcbaee8c550d0c5b3cR.png\" alt=\"Makrolux mitmekihiline pol\u00fckarbonaatleht (Makrolon)\" width=\"630\" height=\"214.7347480106101\" data-src=\"\/\/sc02.alicdn.com\/kf\/H02a52324dc024cdcbaee8c550d0c5b3cR\/200162319\/H02a52324dc024cdcbaee8c550d0c5b3cR.png\" data-alt=\"Macrolux multiwall polycarbonate sheet(Makrolon)\" data-width=\"630\" data- title=\"\"><\/p>\n<\/div>\n<\/div>","protected":false},"featured_media":16796,"parent":0,"template":"","product-catagories":[178],"product-tag":[],"class_list":["post-15256","product","type-product","status-publish","has-post-thumbnail","hentry","product-catagories-polycarbonate-hollow-sheet"],"acf":[],"_links":{"self":[{"href":"https:\/\/www.tononplastics.com\/et\/wp-json\/wp\/v2\/product\/15256","targetHints":{"allow":["GET"]}}],"collection":[{"href":"https:\/\/www.tononplastics.com\/et\/wp-json\/wp\/v2\/product"}],"about":[{"href":"https:\/\/www.tononplastics.com\/et\/wp-json\/wp\/v2\/types\/product"}],"version-history":[{"count":0,"href":"https:\/\/www.tononplastics.com\/et\/wp-json\/wp\/v2\/product\/15256\/revisions"}],"wp:featuredmedia":[{"embeddable":true,"href":"https:\/\/www.tononplastics.com\/et\/wp-json\/wp\/v2\/media\/16796"}],"wp:attachment":[{"href":"https:\/\/www.tononplastics.com\/et\/wp-json\/wp\/v2\/media?parent=15256"}],"wp:term":[{"taxonomy":"product-catagories","embeddable":true,"href":"https:\/\/www.tononplastics.com\/et\/wp-json\/wp\/v2\/product-catagories?post=15256"},{"taxonomy":"product-tag","embeddable":true,"href":"https:\/\/www.tononplastics.com\/et\/wp-json\/wp\/v2\/product-tag?post=15256"}],"curies":[{"name":"wp","href":"https:\/\/api.w.org\/{rel}","templated":true}]}}