{"id":15263,"date":"2023-08-23T21:50:19","date_gmt":"2023-08-23T13:50:19","guid":{"rendered":"https:\/\/tononplastics.com\/?post_type=product&#038;p=15263"},"modified":"2024-04-16T13:53:40","modified_gmt":"2024-04-16T05:53:40","slug":"pc-layers-sheet-16mm-polycarbonate-honeycomb","status":"publish","type":"product","link":"https:\/\/www.tononplastics.com\/et\/product\/pc-layers-sheet-16mm-polycarbonate-honeycomb\/","title":{"rendered":"PC kihtide leht 16mm pol\u00fckarbonaat mesilasi"},"content":{"rendered":"<p><strong>Omadused:<\/strong><\/p>\n<p>1. Suurep\u00e4rane f\u00fc\u00fcsiline, mehaaniline j\u00f5udlus.<\/p>\n<p>2. Hea elektri-, soojus- ja heliisolatsioon.<\/p>\n<p>3. Hea l\u00f6\u00f6gikindlus ja suur vastupidavus.<\/p>\n<p>4. Hea valguse l\u00e4bilaskvus.<\/p>\n<p>5. Hea temperatuurikindlus.<\/p>\n<p>6. Tulekahju pidurdamine.<\/p>\n<p>7. Mittetoksiline.<\/p>\n<p>8. UV-kaitse.<\/p>\n<p>9. Karu vananemine.<\/p>\n<p><strong>Rakendused:<\/strong><\/p>\n<p>1. Suurep\u00e4rane katusekattematerjal, mida kasutatakse laialdaselt katuseakende, katuseakende, laiendatud verandate ja kasvuhoonete, hotellide kaubandusruumide puhul,<br \/>\nkohvikud, butiigid ja ilusalongid, messikeskus ja telefonikabiin.<\/p>\n<p>2. Helisolatsioonisein kiirteede, kiirraudtee jaoks.<\/p>\n<p>3. Reklaamitahvlid.<\/p>\n<p>4. Dekoratsioonivalgustus pankades, haiglates, lennujaamades, bussi- ja raudteejaamades ning lasteaedades.<\/p>\n<p>5. Mittem\u00fcrgine, toiduga kokkupuute hoidmine.<\/p>\n<p>6. Tavalise klaasi asendamine paljudes kohtades.<\/p>\n<p><img decoding=\"async\" src=\"https:\/\/sc02.alicdn.com\/kf\/HTB1wYcHkS8YBeNkSnb4q6yevFXaH\/200162319\/HTB1wYcHkS8YBeNkSnb4q6yevFXaH.jpg\" alt=\"pc kihtide leht 16mm pol\u00fckarbonaat mesilasi\" width=\"630\" height=\"470.925\" data-src=\"\/\/sc02.alicdn.com\/kf\/HTB1wYcHkS8YBeNkSnb4q6yevFXaH\/200162319\/HTB1wYcHkS8YBeNkSnb4q6yevFXaH.jpg\" data-alt=\"pc layers sheet 16mm polycarbonate honeycomb\" data-width=\"630\" data- title=\"\"><img decoding=\"async\" src=\"https:\/\/sc01.alicdn.com\/kf\/HTB1U5VQteuSBuNjy1Xcq6AYjFXan\/200162319\/HTB1U5VQteuSBuNjy1Xcq6AYjFXan.jpg\" alt=\"pc kihtide leht 16mm pol\u00fckarbonaat mesilasi\" width=\"630\" height=\"472.5\" data-src=\"\/\/sc01.alicdn.com\/kf\/HTB1U5VQteuSBuNjy1Xcq6AYjFXan\/200162319\/HTB1U5VQteuSBuNjy1Xcq6AYjFXan.jpg\" data-alt=\"pc layers sheet 16mm polycarbonate honeycomb\" data-width=\"630\" data- title=\"\"><\/p>\n<p><img decoding=\"async\" src=\"https:\/\/sc02.alicdn.com\/kf\/H4a5e33e5f1034bce8dde77f9a90d1cd9q\/200162319\/H4a5e33e5f1034bce8dde77f9a90d1cd9q.png\" alt=\"pc kihtide leht 16mm pol\u00fckarbonaat mesilasi\" width=\"630\" height=\"586.3781624500665\" data-src=\"\/\/sc02.alicdn.com\/kf\/H4a5e33e5f1034bce8dde77f9a90d1cd9q\/200162319\/H4a5e33e5f1034bce8dde77f9a90d1cd9q.png\" data-alt=\"pc layers sheet 16mm polycarbonate honeycomb\" data-width=\"630\" data- title=\"\"><\/p>\n<div id=\"ali-anchor-AliPostDhMb-grsmg\" data-section=\"AliPostDhMb-grsmg\" data-section-title=\"Packaging &amp; Shipping\">\n<div id=\"ali-title-AliPostDhMb-grsmg\"><strong>Pakendamine ja saatmine<\/strong><\/div>\n<div>\n<p>\u00a0<img decoding=\"async\" src=\"https:\/\/sc02.alicdn.com\/kf\/H02a52324dc024cdcbaee8c550d0c5b3cR\/200162319\/H02a52324dc024cdcbaee8c550d0c5b3cR.png\" alt=\"pc kihtide leht 16mm pol\u00fckarbonaat mesilasi\" width=\"630\" height=\"214.7347480106101\" data-src=\"\/\/sc02.alicdn.com\/kf\/H02a52324dc024cdcbaee8c550d0c5b3cR\/200162319\/H02a52324dc024cdcbaee8c550d0c5b3cR.png\" data-alt=\"pc layers sheet 16mm polycarbonate honeycomb\" data-width=\"630\" data- title=\"\"><img decoding=\"async\" src=\"https:\/\/sc02.alicdn.com\/kf\/Hd05fdb0988024155a7956963ea5973acD\/200162319\/Hd05fdb0988024155a7956963ea5973acD.png\" alt=\"pc kihtide leht 16mm pol\u00fckarbonaat mesilasi\" width=\"630\" height=\"474.58885941644564\" data-src=\"\/\/sc02.alicdn.com\/kf\/Hd05fdb0988024155a7956963ea5973acD\/200162319\/Hd05fdb0988024155a7956963ea5973acD.png\" data-alt=\"pc layers sheet 16mm polycarbonate honeycomb\" data-width=\"630\" data- title=\"\"><img fetchpriority=\"high\" decoding=\"async\" src=\"https:\/\/sc01.alicdn.com\/kf\/HTB1S_lfKXXXXXbAXVXXq6xXFXXXA\/200162319\/HTB1S_lfKXXXXXbAXVXXq6xXFXXXA.jpg\" alt=\"pc kihtide leht 16mm pol\u00fckarbonaat mesilasi\" width=\"630\" height=\"630\" data-src=\"\/\/sc01.alicdn.com\/kf\/HTB1S_lfKXXXXXbAXVXXq6xXFXXXA\/200162319\/HTB1S_lfKXXXXXbAXVXXq6xXFXXXA.jpg\" data-alt=\"pc layers sheet 16mm polycarbonate honeycomb\" data-width=\"630\" data- title=\"\"><\/p>\n<\/div>\n<\/div>","protected":false},"featured_media":16740,"parent":0,"template":"","product-catagories":[178],"product-tag":[],"class_list":["post-15263","product","type-product","status-publish","has-post-thumbnail","hentry","product-catagories-polycarbonate-hollow-sheet"],"acf":[],"_links":{"self":[{"href":"https:\/\/www.tononplastics.com\/et\/wp-json\/wp\/v2\/product\/15263","targetHints":{"allow":["GET"]}}],"collection":[{"href":"https:\/\/www.tononplastics.com\/et\/wp-json\/wp\/v2\/product"}],"about":[{"href":"https:\/\/www.tononplastics.com\/et\/wp-json\/wp\/v2\/types\/product"}],"version-history":[{"count":0,"href":"https:\/\/www.tononplastics.com\/et\/wp-json\/wp\/v2\/product\/15263\/revisions"}],"wp:featuredmedia":[{"embeddable":true,"href":"https:\/\/www.tononplastics.com\/et\/wp-json\/wp\/v2\/media\/16740"}],"wp:attachment":[{"href":"https:\/\/www.tononplastics.com\/et\/wp-json\/wp\/v2\/media?parent=15263"}],"wp:term":[{"taxonomy":"product-catagories","embeddable":true,"href":"https:\/\/www.tononplastics.com\/et\/wp-json\/wp\/v2\/product-catagories?post=15263"},{"taxonomy":"product-tag","embeddable":true,"href":"https:\/\/www.tononplastics.com\/et\/wp-json\/wp\/v2\/product-tag?post=15263"}],"curies":[{"name":"wp","href":"https:\/\/api.w.org\/{rel}","templated":true}]}}