{"id":15277,"date":"2023-08-23T22:03:58","date_gmt":"2023-08-23T14:03:58","guid":{"rendered":"https:\/\/tononplastics.com\/?post_type=product&#038;p=15277"},"modified":"2024-04-16T13:41:58","modified_gmt":"2024-04-16T05:41:58","slug":"poly-carbonate-roofing-clear-plastic-craft-twin-wall-polycarbonate-hollow-sheet","status":"publish","type":"product","link":"https:\/\/www.tononplastics.com\/et\/product\/poly-carbonate-roofing-clear-plastic-craft-twin-wall-polycarbonate-hollow-sheet\/","title":{"rendered":"Pol\u00fckarbonaat katusekate selge plastist k\u00e4sit\u00f6\u00f6 kaksikseinaga pol\u00fckarbonaat \u00f5\u00f5nesleht"},"content":{"rendered":"<p><span data-spm-anchor-id=\"a2700.details.0.i27.61bc5d17x3Rcyr\">Pol\u00fckarbonaat katusekate selge plastist k\u00e4sit\u00f6\u00f6 kaksikseinaga pol\u00fckarbonaat \u00f5\u00f5nesleht<\/span><\/p>\n<table border=\"1\">\n<tbody>\n<tr>\n<td>\u00a0Toote nimi<\/td>\n<td>\u00a0\u00d5\u00f5nes pol\u00fckarbonaatleht<\/td>\n<\/tr>\n<tr>\n<td>\u00a0P\u00e4ritolukoht<\/td>\n<td>\u00a0Foshan City, Guangdong, Hiina<\/td>\n<\/tr>\n<tr>\n<td>\u00a0Materjal<\/td>\n<td>\u00a0100% Neitsi pol\u00fckarbonaat materjal<\/td>\n<\/tr>\n<tr>\n<td>\u00a0V\u00e4rvid<\/td>\n<td>\u00a0Selge, pronks, sinine, roheline, opaal, hall v\u00f5i kohandatud.<\/td>\n<\/tr>\n<tr>\n<td>\u00a0Paksus<\/td>\n<td>\u00a03-20mm<\/td>\n<\/tr>\n<tr>\n<td>\u00a0Laius<\/td>\n<td>\u00a02.1m, 1.22m v\u00f5i kohandatud<\/td>\n<\/tr>\n<tr>\n<td>\u00a0Pind<\/td>\n<td>\u00a050 mikroni UV-kaitsega, kuumakindlus<\/td>\n<\/tr>\n<tr>\n<td>Pidurdav standard<\/td>\n<td>\u00a0Klass B1 (GB standard)<\/td>\n<\/tr>\n<tr>\n<td>Pakkimine<\/td>\n<td>\u00a0M\u00f5lemad pooled PE-kilega, logo PE-kilel. saadaval on ka kohandatud pakend.<\/td>\n<\/tr>\n<tr>\n<td>Kohaletoimetamine<\/td>\n<td>\u00a07-10 p\u00e4eva jooksul p\u00e4rast hoiuse saamist<\/td>\n<\/tr>\n<\/tbody>\n<\/table>\n<p><img fetchpriority=\"high\" decoding=\"async\" src=\"https:\/\/sc04.alicdn.com\/kf\/Hf568a00564ff4febb2489ff33e1ef8e1R\/200162319\/Hf568a00564ff4febb2489ff33e1ef8e1R.png\" alt=\"Pol\u00fckarbonaat katusekate selge plastist k\u00e4sit\u00f6\u00f6 kaksikseinaga pol\u00fckarbonaat \u00f5\u00f5nesleht\" width=\"619\" height=\"466\" data-src=\"\/\/sc04.alicdn.com\/kf\/Hf568a00564ff4febb2489ff33e1ef8e1R\/200162319\/Hf568a00564ff4febb2489ff33e1ef8e1R.png\" data-alt=\"Poly carbonate roofing clear plastic craft twin wall polycarbonate hollow sheet\" data-width=\"619\" data-height=\"466\" data- title=\"\"><\/p>\n<div id=\"ali-anchor-AliPostDhMb-ig9ka\" class=\"mceSectionContainer\" data-section=\"AliPostDhMb-ig9ka\" data-section-title=\"Product Description\">\n<div id=\"ali-title-AliPostDhMb-ig9ka\"><strong>Toote kirjeldus<\/strong><\/div>\n<div>\n<p>(1) l\u00e4bilaskev valguse kvaliteet hea: l\u00e4bipaistev arvutiplaat eufootiline m\u00e4\u00e4r v\u00f5ib ulatuda 88%-ni<\/p>\n<p>(2) l\u00f6\u00f6gikindlus: l\u00f6\u00f6gitugevus on tavaline klaas 250-300 korda, sama paksusega akr\u00fc\u00fclplaat 30 korda, kasutage 3 kg haamrit j\u00e4rgmise kahe meetri pikkuse languse korral ka ilma rebenemiseta.<\/p>\n<\/div>\n<\/div>\n<p>(3) ultraviolettkiirguse v\u00e4ltimine: toote pinnal on uv-koekstrueeriv kiht, mis v\u00f5ib blokeerida ultraviolettkiirte kaudu ja sobib v\u00e4\u00e4rtusliku kunsti ja eksponaatide kaitsmiseks, muudab selle uv-kahjustuste eest.<\/p>\n<p><img decoding=\"async\" src=\"https:\/\/sc04.alicdn.com\/kf\/Hee35153016fb4f64a8abd2cf77d8280dQ\/200162319\/Hee35153016fb4f64a8abd2cf77d8280dQ.jpg\" alt=\"Pol\u00fckarbonaat katusekate selge plastist k\u00e4sit\u00f6\u00f6 kaksikseinaga pol\u00fckarbonaat \u00f5\u00f5nesleht\" width=\"630\" height=\"404.88\" data-src=\"\/\/sc04.alicdn.com\/kf\/Hee35153016fb4f64a8abd2cf77d8280dQ\/200162319\/Hee35153016fb4f64a8abd2cf77d8280dQ.jpg\" data-alt=\"Poly carbonate roofing clear plastic craft twin wall polycarbonate hollow sheet\" data-width=\"630\" data- title=\"\"><img decoding=\"async\" src=\"https:\/\/sc04.alicdn.com\/kf\/H3e961f45ef114d249ad9c4b4127c550c9\/200162319\/H3e961f45ef114d249ad9c4b4127c550c9.png\" alt=\"Pol\u00fckarbonaat katusekate selge plastist k\u00e4sit\u00f6\u00f6 kaksikseinaga pol\u00fckarbonaat \u00f5\u00f5nesleht\" width=\"630\" height=\"357.3333333333333\" data-src=\"\/\/sc04.alicdn.com\/kf\/H3e961f45ef114d249ad9c4b4127c550c9\/200162319\/H3e961f45ef114d249ad9c4b4127c550c9.png\" data-alt=\"Poly carbonate roofing clear plastic craft twin wall polycarbonate hollow sheet\" data-width=\"630\" data- title=\"\"><img decoding=\"async\" src=\"https:\/\/sc04.alicdn.com\/kf\/H714a5c6dbda442bcbd7bce1a68b14647J\/200162319\/H714a5c6dbda442bcbd7bce1a68b14647J.jpg\" alt=\"Pol\u00fckarbonaat katusekate selge plastist k\u00e4sit\u00f6\u00f6 kaksikseinaga pol\u00fckarbonaat \u00f5\u00f5nesleht\" width=\"630\" height=\"840\" data-src=\"\/\/sc04.alicdn.com\/kf\/H714a5c6dbda442bcbd7bce1a68b14647J\/200162319\/H714a5c6dbda442bcbd7bce1a68b14647J.jpg\" data-alt=\"Poly carbonate roofing clear plastic craft twin wall polycarbonate hollow sheet\" data-width=\"630\" data- title=\"\"><\/p>\n<p><strong>Tehnilised andmed:<\/strong><\/p>\n<p>1, l\u00f6\u00f6gitugevus: 850 J\/m<\/p>\n<p>2, eufootiline kiirus: 90%<\/p>\n<p>3, t\u00f5mbetugevus: &gt; 60 N\/was<\/p>\n<p>4, paindetugevus: 100 N\/was<\/p>\n<p><img decoding=\"async\" src=\"https:\/\/sc01.alicdn.com\/kf\/H74247c1d61554ba2a775e9ce59244207e\/200162319\/H74247c1d61554ba2a775e9ce59244207e.jpg\" alt=\"Pol\u00fckarbonaat katusekate selge plastist k\u00e4sit\u00f6\u00f6 kaksikseinaga pol\u00fckarbonaat \u00f5\u00f5nesleht\" width=\"630\" height=\"450\" data-src=\"\/\/sc01.alicdn.com\/kf\/H74247c1d61554ba2a775e9ce59244207e\/200162319\/H74247c1d61554ba2a775e9ce59244207e.jpg\" data-alt=\"Poly carbonate roofing clear plastic craft twin wall polycarbonate hollow sheet\" data-width=\"630\" data-height=\"450\" data- title=\"\"><img loading=\"lazy\" decoding=\"async\" src=\"https:\/\/sc02.alicdn.com\/kf\/H02a52324dc024cdcbaee8c550d0c5b3cR\/200162319\/H02a52324dc024cdcbaee8c550d0c5b3cR.png\" alt=\"Pol\u00fckarbonaat katusekate selge plastist k\u00e4sit\u00f6\u00f6 kaksikseinaga pol\u00fckarbonaat \u00f5\u00f5nesleht\" width=\"630\" height=\"450\" data-src=\"\/\/sc02.alicdn.com\/kf\/H02a52324dc024cdcbaee8c550d0c5b3cR\/200162319\/H02a52324dc024cdcbaee8c550d0c5b3cR.png\" data-alt=\"Poly carbonate roofing clear plastic craft twin wall polycarbonate hollow sheet\" data-width=\"630\" data-height=\"450\" data- title=\"\"><img loading=\"lazy\" decoding=\"async\" src=\"https:\/\/sc02.alicdn.com\/kf\/Hd05fdb0988024155a7956963ea5973acD\/200162319\/Hd05fdb0988024155a7956963ea5973acD.png\" alt=\"Pol\u00fckarbonaat katusekate selge plastist k\u00e4sit\u00f6\u00f6 kaksikseinaga pol\u00fckarbonaat \u00f5\u00f5nesleht\" width=\"630\" height=\"450\" data-src=\"\/\/sc02.alicdn.com\/kf\/Hd05fdb0988024155a7956963ea5973acD\/200162319\/Hd05fdb0988024155a7956963ea5973acD.png\" data-alt=\"Poly carbonate roofing clear plastic craft twin wall polycarbonate hollow sheet\" data-width=\"630\" data-height=\"450\" data- title=\"\"><\/p>","protected":false},"featured_media":16770,"parent":0,"template":"","product-catagories":[178],"product-tag":[],"class_list":["post-15277","product","type-product","status-publish","has-post-thumbnail","hentry","product-catagories-polycarbonate-hollow-sheet"],"acf":[],"_links":{"self":[{"href":"https:\/\/www.tononplastics.com\/et\/wp-json\/wp\/v2\/product\/15277","targetHints":{"allow":["GET"]}}],"collection":[{"href":"https:\/\/www.tononplastics.com\/et\/wp-json\/wp\/v2\/product"}],"about":[{"href":"https:\/\/www.tononplastics.com\/et\/wp-json\/wp\/v2\/types\/product"}],"version-history":[{"count":0,"href":"https:\/\/www.tononplastics.com\/et\/wp-json\/wp\/v2\/product\/15277\/revisions"}],"wp:featuredmedia":[{"embeddable":true,"href":"https:\/\/www.tononplastics.com\/et\/wp-json\/wp\/v2\/media\/16770"}],"wp:attachment":[{"href":"https:\/\/www.tononplastics.com\/et\/wp-json\/wp\/v2\/media?parent=15277"}],"wp:term":[{"taxonomy":"product-catagories","embeddable":true,"href":"https:\/\/www.tononplastics.com\/et\/wp-json\/wp\/v2\/product-catagories?post=15277"},{"taxonomy":"product-tag","embeddable":true,"href":"https:\/\/www.tononplastics.com\/et\/wp-json\/wp\/v2\/product-tag?post=15277"}],"curies":[{"name":"wp","href":"https:\/\/api.w.org\/{rel}","templated":true}]}}