{"id":15299,"date":"2023-08-23T22:42:25","date_gmt":"2023-08-23T14:42:25","guid":{"rendered":"https:\/\/tononplastics.com\/?post_type=product&#038;p=15299"},"modified":"2024-03-25T12:11:10","modified_gmt":"2024-03-25T04:11:10","slug":"polycarbonate-solid-sheet-polycarbonate-sheet-solid","status":"publish","type":"product","link":"https:\/\/www.tononplastics.com\/et\/product\/polycarbonate-solid-sheet-polycarbonate-sheet-solid\/","title":{"rendered":"Pol\u00fckarbonaat tahke leht pol\u00fckarbonaat tahke leht"},"content":{"rendered":"<p><strong>Toote kirjeldus<\/strong>:<br>PC Sheet on valmistatud s\u00fcsinikhappe esteri kogumisest, see on hea j\u00f5udlus, et taluda roomamist, ja see on ikka veel v\u00e4ga k\u00f5rge vastupanu ja r\u00fcnnaku intensiivsus madalal temperatuuril. J\u00e4ikus hoiab tugevust suurema temperatuuri vahemikus. Seda kasutatakse laialdaselt ehituses, reklaamis, kaunistuses, liikluses jne.<\/p>\n\n\n\n<p><strong>&nbsp;Omadused:<br><\/strong>1) Valguse l\u00e4bilaskvus: kuni 88%<br>2) L\u00f6\u00f6gikindlus: 80 korda suurem kui klaas, 15 korda suurem kui akr\u00fc\u00fclplaat.<br>3) Temperatuurikindlusvahemik: -40 ~ 120oC<br>4) Kerge kaal: ainult 1\/12 sama paksusega klaasi massist.<br>5) Ultraviolettkindlus: UV-kaitsekihiga<br>6) leegikindlus: hinnatud B1-klassi<br>7) heli- ja kuumakindlus<\/p>\n\n\n\n<figure class=\"wp-block-gallery has-nested-images columns-default is-cropped wp-block-gallery-1 is-layout-flex wp-block-gallery-is-layout-flex\">\n<figure class=\"wp-block-image size-large\"><img decoding=\"async\" data-id=\"16096\" src=\"https:\/\/www.tononplastics.com\/wp-content\/uploads\/2023\/08\/ee820f11c6411bdff0f9803624957ea7.jpg\" alt=\"\" class=\"wp-image-16096\" title=\"\"><\/figure>\n\n\n\n<figure class=\"wp-block-image size-large\"><img fetchpriority=\"high\" decoding=\"async\" width=\"600\" height=\"600\" data-id=\"16095\" src=\"https:\/\/www.tononplastics.com\/wp-content\/uploads\/2023\/08\/eb443cb19045576e6c0bafaf2231dfae.jpg\" alt=\"\" class=\"wp-image-16095\" title=\"\" srcset=\"https:\/\/www.tononplastics.com\/wp-content\/uploads\/2023\/08\/eb443cb19045576e6c0bafaf2231dfae.jpg 600w, https:\/\/www.tononplastics.com\/wp-content\/uploads\/2023\/08\/eb443cb19045576e6c0bafaf2231dfae-300x300.jpg 300w, https:\/\/www.tononplastics.com\/wp-content\/uploads\/2023\/08\/eb443cb19045576e6c0bafaf2231dfae-150x150.jpg 150w, https:\/\/www.tononplastics.com\/wp-content\/uploads\/2023\/08\/eb443cb19045576e6c0bafaf2231dfae-12x12.jpg 12w\" sizes=\"(max-width: 600px) 100vw, 600px\" \/><\/figure>\n<\/figure>\n\n\n\n<p><strong>Rakendused:<\/strong><\/p>\n\n\n\n<p>1. Suurep\u00e4rane katusekattematerjal, mida kasutatakse laialdaselt katuseakende, katuseakende, laiendatud verandate ja kasvuhoonete, hotellide, kohvikute, butiikide ja ilusalongide, messikeskuste ja telefonikabiinide \u00e4riruumide puhul.<br>2. Helisolatsioonisein kiirteede, kiirraudtee jaoks.<br>3. Reklaamitahvlid.<br>4. Dekoratsioonivalgustus pankades, haiglates, lennujaamades, bussi- ja raudteejaamades ning lasteaedades.<br>5. Mittem\u00fcrgine, toiduga kokkupuute hoidmine.<br>6. Tavalise klaasi asendamine paljudes kohtades.<\/p>\n\n\n\n<figure class=\"wp-block-image\"><img decoding=\"async\" src=\"https:\/\/sc01.alicdn.com\/kf\/Hb3bdebb96a2849458ce6dfcbaa19c5d15\/200162319\/Hb3bdebb96a2849458ce6dfcbaa19c5d15.png\" alt=\"tahke pol\u00fckarbonaatplaat tahke pol\u00fckarbonaatplaat\" title=\"\"><\/figure>\n\n\n\n<figure class=\"wp-block-image\"><img decoding=\"async\" src=\"https:\/\/sc01.alicdn.com\/kf\/H74247c1d61554ba2a775e9ce59244207e\/200162319\/H74247c1d61554ba2a775e9ce59244207e.jpg\" alt=\"tahke pol\u00fckarbonaatplaat tahke pol\u00fckarbonaatplaat\" title=\"\"><\/figure>\n\n\n\n<figure class=\"wp-block-image\"><img decoding=\"async\" src=\"https:\/\/sc01.alicdn.com\/kf\/Hee35153016fb4f64a8abd2cf77d8280dQ\/200162319\/Hee35153016fb4f64a8abd2cf77d8280dQ.jpg\" alt=\"tahke pol\u00fckarbonaatplaat tahke pol\u00fckarbonaatplaat\" title=\"\"><\/figure>","protected":false},"featured_media":0,"parent":0,"template":"","product-catagories":[177],"product-tag":[],"class_list":["post-15299","product","type-product","status-publish","hentry","product-catagories-polycarbonate-solid-sheet"],"acf":[],"_links":{"self":[{"href":"https:\/\/www.tononplastics.com\/et\/wp-json\/wp\/v2\/product\/15299","targetHints":{"allow":["GET"]}}],"collection":[{"href":"https:\/\/www.tononplastics.com\/et\/wp-json\/wp\/v2\/product"}],"about":[{"href":"https:\/\/www.tononplastics.com\/et\/wp-json\/wp\/v2\/types\/product"}],"version-history":[{"count":0,"href":"https:\/\/www.tononplastics.com\/et\/wp-json\/wp\/v2\/product\/15299\/revisions"}],"wp:attachment":[{"href":"https:\/\/www.tononplastics.com\/et\/wp-json\/wp\/v2\/media?parent=15299"}],"wp:term":[{"taxonomy":"product-catagories","embeddable":true,"href":"https:\/\/www.tononplastics.com\/et\/wp-json\/wp\/v2\/product-catagories?post=15299"},{"taxonomy":"product-tag","embeddable":true,"href":"https:\/\/www.tononplastics.com\/et\/wp-json\/wp\/v2\/product-tag?post=15299"}],"curies":[{"name":"wp","href":"https:\/\/api.w.org\/{rel}","templated":true}]}}