{"id":15302,"date":"2023-08-23T22:45:21","date_gmt":"2023-08-23T14:45:21","guid":{"rendered":"https:\/\/tononplastics.com\/?post_type=product&#038;p=15302"},"modified":"2024-03-25T13:57:42","modified_gmt":"2024-03-25T05:57:42","slug":"pc-polycarbonate-sheet-swimming-pool-cover-plastic-twinwall-tubular-skylight","status":"publish","type":"product","link":"https:\/\/www.tononplastics.com\/et\/product\/pc-polycarbonate-sheet-swimming-pool-cover-plastic-twinwall-tubular-skylight\/","title":{"rendered":"PC pol\u00fckarbonaat leht ujula kate plastist twinwall torukujuline katuseaken"},"content":{"rendered":"<p align=\"left\"><strong>Omadused:<\/strong><\/p>\n<p align=\"left\">1. Suurep\u00e4rane f\u00fc\u00fcsiline, mehaaniline j\u00f5udlus.<\/p>\n<p align=\"left\">2. Hea elektri-, soojus- ja heliisolatsioon.<\/p>\n<p align=\"left\">3. Hea l\u00f6\u00f6gikindlus ja suur vastupidavus.<\/p>\n<p align=\"left\">4. Hea valguse l\u00e4bilaskvus.<\/p>\n<p align=\"left\">5. Hea temperatuurikindlus.<\/p>\n<p align=\"left\">6. Tulekahju pidurdamine.<\/p>\n<p align=\"left\">7. Mittetoksiline.<\/p>\n<p align=\"left\">8. UV-kaitse.<\/p>\n<p align=\"left\">9. Karu vananemine.<\/p>\n<p align=\"left\"><img decoding=\"async\" src=\"https:\/\/sc01.alicdn.com\/kf\/Hd9e19d925ce84a0fa4b3eef7a61b9267P\/200162319\/Hd9e19d925ce84a0fa4b3eef7a61b9267P.jpg\" alt=\"PC pol\u00fckarbonaat leht ujula kate plastist twinwall torukujuline katuseaken\" width=\"630\" height=\"419.895\" data-src=\"\/\/sc01.alicdn.com\/kf\/Hd9e19d925ce84a0fa4b3eef7a61b9267P\/200162319\/Hd9e19d925ce84a0fa4b3eef7a61b9267P.jpg\" data-alt=\"PC Polycarbonate sheet swimming pool cover plastic twinwall tubular skylight\" data-width=\"630\" data- title=\"\"><img decoding=\"async\" src=\"https:\/\/sc02.alicdn.com\/kf\/Hadca19b5f4ea4f39acb6e8d3fafd8dfah\/200162319\/Hadca19b5f4ea4f39acb6e8d3fafd8dfah.jpg\" alt=\"PC pol\u00fckarbonaat leht ujula kate plastist twinwall torukujuline katuseaken\" width=\"630\" height=\"945.2363090772693\" data-src=\"\/\/sc02.alicdn.com\/kf\/Hadca19b5f4ea4f39acb6e8d3fafd8dfah\/200162319\/Hadca19b5f4ea4f39acb6e8d3fafd8dfah.jpg\" data-alt=\"PC Polycarbonate sheet swimming pool cover plastic twinwall tubular skylight\" data-width=\"630\" data- title=\"\"><\/p>\n<p align=\"left\"><strong>Rakendused:<\/strong><\/p>\n<p align=\"left\">1. Suurep\u00e4rane katusekattematerjal, mida kasutatakse laialdaselt katuseakende, katuseakende, laiendatud verandate ja kasvuhoonete, hotellide, kohvikute, butiikide ja ilusalongide, messikeskuste ja telefonikabiinide \u00e4riruumide puhul.<\/p>\n<p align=\"left\">2. Helisolatsioonisein kiirteede, kiirraudtee jaoks.<\/p>\n<p align=\"left\">3. Reklaamitahvlid.<\/p>\n<p align=\"left\">4. Dekoratsioonivalgustus pankades, haiglates, lennujaamades, bussi- ja raudteejaamades ning lasteaedades.<\/p>\n<p align=\"left\">5. Mittem\u00fcrgine, toiduga kokkupuute hoidmine.<\/p>\n<p align=\"left\">6. Tavalise klaasi asendamine paljudes kohtades.<\/p>\n<p align=\"left\">Spetsifikatsioonid:<\/p>\n<p align=\"left\">Paksus: 2.0mm 3.0mm 4.0mm 4.5mm 5.0mm 6.0mm 8.0mm 10.0mm<\/p>\n<p align=\"left\">Pikkus: 20m-50m<\/p>\n<p align=\"left\">S\u00fcgavus: 1220mm 1560mm 1820mm 2100mm<\/p>\n<p align=\"left\">V\u00e4rv: Selge Sinine Roheline Pruun Opaleeruv Selge reljeefne<\/p>\n<p align=\"left\">Kui kliendid vajavad muid spetsifikatsioone, saame pakkuda seda, mida nad taotlevad.<\/p>\n<p align=\"left\"><img decoding=\"async\" src=\"https:\/\/sc02.alicdn.com\/kf\/H404b7790b8704a329fe41e1da3d8fa7cf\/200162319\/H404b7790b8704a329fe41e1da3d8fa7cf.jpg\" alt=\"PC pol\u00fckarbonaat leht ujula kate plastist twinwall torukujuline katuseaken\" width=\"630\" height=\"419.895\" data-src=\"\/\/sc02.alicdn.com\/kf\/H404b7790b8704a329fe41e1da3d8fa7cf\/200162319\/H404b7790b8704a329fe41e1da3d8fa7cf.jpg\" data-alt=\"PC Polycarbonate sheet swimming pool cover plastic twinwall tubular skylight\" data-width=\"630\" data- title=\"\"><\/p>\n<div id=\"ali-anchor-AliPostDhMb-q2pzl\" data-section=\"AliPostDhMb-q2pzl\" data-section-title=\"Company Information\">\n<div>\n<p><img decoding=\"async\" src=\"https:\/\/sc02.alicdn.com\/kf\/H02a52324dc024cdcbaee8c550d0c5b3cR\/200162319\/H02a52324dc024cdcbaee8c550d0c5b3cR.png\" alt=\"PC pol\u00fckarbonaat leht ujula kate plastist twinwall torukujuline katuseaken\" width=\"630\" height=\"214.7347480106101\" data-src=\"\/\/sc02.alicdn.com\/kf\/H02a52324dc024cdcbaee8c550d0c5b3cR\/200162319\/H02a52324dc024cdcbaee8c550d0c5b3cR.png\" data-alt=\"PC Polycarbonate sheet swimming pool cover plastic twinwall tubular skylight\" data-width=\"630\" data- title=\"\"><\/p>\n<\/div>\n<\/div>","protected":false},"featured_media":15119,"parent":0,"template":"","product-catagories":[177],"product-tag":[],"class_list":["post-15302","product","type-product","status-publish","has-post-thumbnail","hentry","product-catagories-polycarbonate-solid-sheet"],"acf":[],"_links":{"self":[{"href":"https:\/\/www.tononplastics.com\/et\/wp-json\/wp\/v2\/product\/15302","targetHints":{"allow":["GET"]}}],"collection":[{"href":"https:\/\/www.tononplastics.com\/et\/wp-json\/wp\/v2\/product"}],"about":[{"href":"https:\/\/www.tononplastics.com\/et\/wp-json\/wp\/v2\/types\/product"}],"version-history":[{"count":0,"href":"https:\/\/www.tononplastics.com\/et\/wp-json\/wp\/v2\/product\/15302\/revisions"}],"wp:featuredmedia":[{"embeddable":true,"href":"https:\/\/www.tononplastics.com\/et\/wp-json\/wp\/v2\/media\/15119"}],"wp:attachment":[{"href":"https:\/\/www.tononplastics.com\/et\/wp-json\/wp\/v2\/media?parent=15302"}],"wp:term":[{"taxonomy":"product-catagories","embeddable":true,"href":"https:\/\/www.tononplastics.com\/et\/wp-json\/wp\/v2\/product-catagories?post=15302"},{"taxonomy":"product-tag","embeddable":true,"href":"https:\/\/www.tononplastics.com\/et\/wp-json\/wp\/v2\/product-tag?post=15302"}],"curies":[{"name":"wp","href":"https:\/\/api.w.org\/{rel}","templated":true}]}}