{"id":15307,"date":"2023-08-23T22:49:32","date_gmt":"2023-08-23T14:49:32","guid":{"rendered":"https:\/\/tononplastics.com\/?post_type=product&#038;p=15307"},"modified":"2024-03-25T15:45:35","modified_gmt":"2024-03-25T07:45:35","slug":"macrolux-compact-polycarbonate-sheetpc-compact-sheet","status":"publish","type":"product","link":"https:\/\/www.tononplastics.com\/et\/product\/macrolux-compact-polycarbonate-sheetpc-compact-sheet\/","title":{"rendered":"Macroluxi kompaktne pol\u00fckarbonaatplekk&amp;pc kompaktne leht"},"content":{"rendered":"<p align=\"left\"><strong><span data-spm-anchor-id=\"a2700.details.0.i30.3f1d3ae9AIp91n\">Kirjeldus:<\/span><\/strong><\/p>\n<p align=\"left\">China Nature PC Solid Sheet kasutab toorainena Bayer Makrolon\u00ae pol\u00fckarbonaatvaiku. \u00dchepoolse UV-kaitsekihiga China Nature PC Solid Sheet omab suurep\u00e4rast l\u00f6\u00f6gikindlust ja seda kasutatakse laialdaselt ehitusvaldkonnas.<br \/>\n\u00dcldine PC Solid Sheet on mugav t\u00f6\u00f6tlemisel v\u00f5i paigaldamisel, millel on suur disainivabadus. Olles k\u00fclmvormitud t\u00e4iuslikuks kaarekujuks, katuseakende, jalak\u00e4ijate sildade, t\u00fcnniv\u00f5lvide jne jaoks. Samuti saab seda kuumvormida mitmesuguse keerulise geomeetriaga.<\/p>\n<p align=\"left\">\u00a0<img fetchpriority=\"high\" decoding=\"async\" class=\"\" src=\"https:\/\/sc02.alicdn.com\/kf\/H5c16f39266364408a0b436a4a956b53c4\/200162319\/H5c16f39266364408a0b436a4a956b53c4.jpg\" alt=\"Macroluxi kompaktne pol\u00fckarbonaatplekk&amp;pc kompaktne leht\" width=\"407\" height=\"229\" data-src=\"\/\/sc02.alicdn.com\/kf\/H5c16f39266364408a0b436a4a956b53c4\/200162319\/H5c16f39266364408a0b436a4a956b53c4.jpg\" data-alt=\"Macrolux compact polycarbonate sheet&amp;pc compact sheet\" data-width=\"630\" data- title=\"\"><img decoding=\"async\" class=\"\" src=\"https:\/\/sc01.alicdn.com\/kf\/H65cf6a5ee4c54ae2afbe6a33266cbbebV\/200162319\/H65cf6a5ee4c54ae2afbe6a33266cbbebV.jpg\" alt=\"Macroluxi kompaktne pol\u00fckarbonaatplekk&amp;pc kompaktne leht\" width=\"344\" height=\"229\" data-src=\"\/\/sc01.alicdn.com\/kf\/H65cf6a5ee4c54ae2afbe6a33266cbbebV\/200162319\/H65cf6a5ee4c54ae2afbe6a33266cbbebV.jpg\" data-alt=\"Macrolux compact polycarbonate sheet&amp;pc compact sheet\" data-width=\"630\" data- title=\"\"><\/p>\n<p align=\"left\"><strong>Spetsifikatsioon:<\/strong><\/p>\n<table class=\"aliDataTable\" border=\"1\" cellspacing=\"0\" cellpadding=\"0\">\n<tbody>\n<tr align=\"left\">\n<td valign=\"top\">Paksus<\/td>\n<td valign=\"top\">\u00a01.2mm, 1.5mm, 2mm, 3mm, 4mm, 4.5mm, 6mm, 8mm, 10mm.<\/td>\n<\/tr>\n<tr align=\"left\">\n<td valign=\"top\">Tavaline laius<\/td>\n<td valign=\"top\">1220mm, 1560mm, 1820mm, 2100mm<\/td>\n<\/tr>\n<tr align=\"left\">\n<td valign=\"top\">Muu laius<\/td>\n<td valign=\"top\">Saadaval klientide n\u00f5uete kohaselt v\u00e4hem kui 2100mm<\/td>\n<\/tr>\n<tr align=\"left\">\n<td valign=\"top\">K\u00f5ige tavalisem suurus<\/td>\n<td valign=\"top\">1220mmx2440mm, 2100mmx5800mm, 2100mmx11800mm.<\/td>\n<\/tr>\n<tr align=\"left\">\n<td valign=\"top\">Pikkus spiraalis<\/td>\n<td valign=\"top\">30m-50m rulli kohta paksusega 4.5mm<\/td>\n<\/tr>\n<tr align=\"left\">\n<td valign=\"top\">V\u00e4rv<\/td>\n<td valign=\"top\">Selge, sinine, roheline, pruun, opaal<\/td>\n<\/tr>\n<\/tbody>\n<\/table>\n<p align=\"left\"><strong>Tehnilised parameetrid:<\/strong><\/p>\n<p align=\"left\"><strong>1. Valguse l\u00e4bilaskvus: 88%<\/strong><\/p>\n<p align=\"left\"><strong>2. Ises\u00fcttimine: 580 \u00b0 C<\/strong><\/p>\n<p align=\"left\"><strong>3. Tulep\u00fcsivus saavutab klassi B vastavalt GB8624-1997, ei tulepisaraid ega m\u00fcrgiseid gaase.<\/strong><\/p>\n<p align=\"left\"><strong>4. Kohaldatav temperatuur: -40 \u00b0F kuni +248 \u00b0F<\/strong><\/p>\n<p align=\"left\"><strong>5. Valguse l\u00e4bilaskvuse spekter vastavalt allpool esitatud tabelile:<\/strong><\/p>\n<p align=\"left\">\u00a0<img decoding=\"async\" class=\"\" src=\"https:\/\/sc01.alicdn.com\/kf\/Hfc9f0493ac81469fac5153cb936855a4q\/200162319\/Hfc9f0493ac81469fac5153cb936855a4q.jpg\" alt=\"Macroluxi kompaktne pol\u00fckarbonaatplekk&amp;pc kompaktne leht\" width=\"380\" height=\"253\" data-src=\"\/\/sc01.alicdn.com\/kf\/Hfc9f0493ac81469fac5153cb936855a4q\/200162319\/Hfc9f0493ac81469fac5153cb936855a4q.jpg\" data-alt=\"Macrolux compact polycarbonate sheet&amp;pc compact sheet\" data-width=\"630\" data- title=\"\"><img loading=\"lazy\" decoding=\"async\" class=\"\" src=\"https:\/\/sc02.alicdn.com\/kf\/Hee5865885c604e7b942b364a9fc74f32U\/200162319\/Hee5865885c604e7b942b364a9fc74f32U.jpg\" alt=\"Macroluxi kompaktne pol\u00fckarbonaatplekk&amp;pc kompaktne leht\" width=\"449\" height=\"299\" data-src=\"\/\/sc02.alicdn.com\/kf\/Hee5865885c604e7b942b364a9fc74f32U\/200162319\/Hee5865885c604e7b942b364a9fc74f32U.jpg\" data-alt=\"Macrolux compact polycarbonate sheet&amp;pc compact sheet\" data-width=\"630\" data- title=\"\"><\/p>\n<p align=\"left\"><strong>Toote omadused:<\/strong><\/p>\n<p align=\"left\"><strong>1. Suurep\u00e4rane l\u00f6\u00f6gikindlus: see v\u00f5ime on 250-300 korda tavalisest klaasist, 20-30 korda leeliselisest klaasist ja 2 korda karastatud klaasist; k\u00f5va purunenud.<\/strong><\/p>\n<p align=\"left\"><strong>2. Hea UV-vastane (ultraviolettkiirguse) j\u00f5udlus: UV-blokeeriv koekstrusioonikiht pinnal, mis v\u00f5ib filtreerida ultraviolettkiirguse v\u00e4lja.<\/strong><\/p>\n<p align=\"left\"><strong>3. Tugevus Fotos\u00fcntees: filtreeritud ultraviolettkiirgus muudetakse n\u00e4htavaks valguseks (mis on p\u00e4ikesepaiste peamine osa). Lisandub n\u00e4htav valgus, mis kiirendab taimede kasvu.<\/strong><\/p>\n<p align=\"left\"><strong>4.  Mugav kasutamine: kerge kaal ja kohandatud pikkus s\u00e4\u00e4stavad koormuse kandmist ja paigaldamist, s\u00e4\u00e4stes nende kulusid. Hea paindlikkus v\u00f5tab k\u00f5ikv\u00f5imalikke kujundeid, nagu poolringikujuline, kaarjas ja nii edasi, k\u00fclmvormimise v\u00f5i kuumvormimise teel.<\/strong><\/p>\n<p align=\"left\"><strong>5. Pikaajaline kvaliteedigarantii:<br \/>\nKCC General PC Solid Sheet pakub 10-aastast kvaliteedigarantiid.<\/strong><\/p>\n<p align=\"left\"><strong>Taotlus:<\/strong><\/p>\n<table class=\"aliDataTable\" border=\"1\" cellspacing=\"0\" cellpadding=\"0\">\n<tbody>\n<tr align=\"left\">\n<td valign=\"top\">P\u00f5llumajanduse valdkond<\/td>\n<td valign=\"top\">Kasvuhoone, aiamaja Factory House<\/td>\n<\/tr>\n<tr align=\"left\">\n<td valign=\"top\">Ehitusala<\/td>\n<td valign=\"top\">Clearstory in Residence, sisevalgustus, koridorid<\/td>\n<\/tr>\n<tr align=\"left\">\n<td valign=\"top\">Kommunaalteenused<\/td>\n<td valign=\"top\">Hallid, ujumisbasseinid, kiirteede heliisolatsiooniseinad, parkimismajad, staadionid, l\u00e4bip\u00e4\u00e4sud<\/td>\n<\/tr>\n<tr align=\"left\">\n<td valign=\"top\">T\u00f6\u00f6stusvaldkond<\/td>\n<td valign=\"top\">T\u00f6\u00f6stuslike t\u00f6\u00f6kodade, ladude valgustuskatus<\/td>\n<\/tr>\n<\/tbody>\n<\/table>\n<p><img decoding=\"async\" src=\"https:\/\/sc01.alicdn.com\/kf\/H74247c1d61554ba2a775e9ce59244207e\/200162319\/H74247c1d61554ba2a775e9ce59244207e.jpg\" alt=\"Macroluxi kompaktne pol\u00fckarbonaatplekk&amp;pc kompaktne leht\" width=\"630\" height=\"509.04\" data-src=\"\/\/sc01.alicdn.com\/kf\/H74247c1d61554ba2a775e9ce59244207e\/200162319\/H74247c1d61554ba2a775e9ce59244207e.jpg\" data-alt=\"Macrolux compact polycarbonate sheet&amp;pc compact sheet\" data-width=\"630\" data- title=\"\"><img decoding=\"async\" src=\"https:\/\/sc01.alicdn.com\/kf\/Hee35153016fb4f64a8abd2cf77d8280dQ\/200162319\/Hee35153016fb4f64a8abd2cf77d8280dQ.jpg\" alt=\"Macroluxi kompaktne pol\u00fckarbonaatplekk&amp;pc kompaktne leht\" width=\"630\" height=\"404.88\" data-src=\"\/\/sc01.alicdn.com\/kf\/Hee35153016fb4f64a8abd2cf77d8280dQ\/200162319\/Hee35153016fb4f64a8abd2cf77d8280dQ.jpg\" data-alt=\"Macrolux compact polycarbonate sheet&amp;pc compact sheet\" data-width=\"630\" data- title=\"\"><\/p>\n<div id=\"ali-anchor-AliPostDhMb-jc6po\" data-section=\"AliPostDhMb-jc6po\" data-section-title=\"Packaging &amp; Shipping\">\n<div id=\"ali-title-AliPostDhMb-jc6po\">Pakendamine ja saatmine<\/div>\n<div>\n<p>\u00a0<img decoding=\"async\" src=\"https:\/\/sc01.alicdn.com\/kf\/Hb3bdebb96a2849458ce6dfcbaa19c5d15\/200162319\/Hb3bdebb96a2849458ce6dfcbaa19c5d15.png\" alt=\"Macroluxi kompaktne pol\u00fckarbonaatplekk&amp;pc kompaktne leht\" width=\"630\" height=\"312.9083665338646\" data-src=\"\/\/sc01.alicdn.com\/kf\/Hb3bdebb96a2849458ce6dfcbaa19c5d15\/200162319\/Hb3bdebb96a2849458ce6dfcbaa19c5d15.png\" data-alt=\"Macrolux compact polycarbonate sheet&amp;pc compact sheet\" data-width=\"630\" data- title=\"\"><img decoding=\"async\" src=\"https:\/\/sc02.alicdn.com\/kf\/Hd05fdb0988024155a7956963ea5973acD\/200162319\/Hd05fdb0988024155a7956963ea5973acD.png\" alt=\"Macroluxi kompaktne pol\u00fckarbonaatplekk&amp;pc kompaktne leht\" width=\"630\" height=\"474.58885941644564\" data-src=\"\/\/sc02.alicdn.com\/kf\/Hd05fdb0988024155a7956963ea5973acD\/200162319\/Hd05fdb0988024155a7956963ea5973acD.png\" data-alt=\"Macrolux compact polycarbonate sheet&amp;pc compact sheet\" data-width=\"630\" data- title=\"\"><img decoding=\"async\" src=\"https:\/\/sc02.alicdn.com\/kf\/H02a52324dc024cdcbaee8c550d0c5b3cR\/200162319\/H02a52324dc024cdcbaee8c550d0c5b3cR.png\" alt=\"Macroluxi kompaktne pol\u00fckarbonaatplekk&amp;pc kompaktne leht\" width=\"630\" height=\"214.7347480106101\" data-src=\"\/\/sc02.alicdn.com\/kf\/H02a52324dc024cdcbaee8c550d0c5b3cR\/200162319\/H02a52324dc024cdcbaee8c550d0c5b3cR.png\" data-alt=\"Macrolux compact polycarbonate sheet&amp;pc compact sheet\" data-width=\"630\" data- title=\"\"><\/p>\n<\/div>\n<\/div>","protected":false},"featured_media":0,"parent":0,"template":"","product-catagories":[177],"product-tag":[],"class_list":["post-15307","product","type-product","status-publish","hentry","product-catagories-polycarbonate-solid-sheet"],"acf":[],"_links":{"self":[{"href":"https:\/\/www.tononplastics.com\/et\/wp-json\/wp\/v2\/product\/15307","targetHints":{"allow":["GET"]}}],"collection":[{"href":"https:\/\/www.tononplastics.com\/et\/wp-json\/wp\/v2\/product"}],"about":[{"href":"https:\/\/www.tononplastics.com\/et\/wp-json\/wp\/v2\/types\/product"}],"version-history":[{"count":0,"href":"https:\/\/www.tononplastics.com\/et\/wp-json\/wp\/v2\/product\/15307\/revisions"}],"wp:attachment":[{"href":"https:\/\/www.tononplastics.com\/et\/wp-json\/wp\/v2\/media?parent=15307"}],"wp:term":[{"taxonomy":"product-catagories","embeddable":true,"href":"https:\/\/www.tononplastics.com\/et\/wp-json\/wp\/v2\/product-catagories?post=15307"},{"taxonomy":"product-tag","embeddable":true,"href":"https:\/\/www.tononplastics.com\/et\/wp-json\/wp\/v2\/product-tag?post=15307"}],"curies":[{"name":"wp","href":"https:\/\/api.w.org\/{rel}","templated":true}]}}