{"id":15312,"date":"2023-08-23T22:55:40","date_gmt":"2023-08-23T14:55:40","guid":{"rendered":"https:\/\/tononplastics.com\/?post_type=product&#038;p=15312"},"modified":"2024-03-25T12:03:46","modified_gmt":"2024-03-25T04:03:46","slug":"polycarbonate-solid-sheet-scratch-solution-sun-sheets-pc-embossed-sheets","status":"publish","type":"product","link":"https:\/\/www.tononplastics.com\/et\/product\/polycarbonate-solid-sheet-scratch-solution-sun-sheets-pc-embossed-sheets\/","title":{"rendered":"Pol\u00fckarbonaat tahke leht kriimustuslahendus Sun Sheets &amp; PC reljeefsed lehed"},"content":{"rendered":"<figure class=\"wp-block-gallery has-nested-images columns-default is-cropped wp-block-gallery-1 is-layout-flex wp-block-gallery-is-layout-flex\">\n<figure class=\"wp-block-image size-large\"><img decoding=\"async\" data-id=\"15101\" src=\"https:\/\/www.tononplastics.com\/wp-content\/uploads\/2023\/08\/H8575ccec63db4612b95ede9a30b7cc782.jpg\" alt=\"\" class=\"wp-image-15101\" title=\"\"><\/figure>\n\n\n\n<figure class=\"wp-block-image size-large\"><img fetchpriority=\"high\" decoding=\"async\" width=\"822\" height=\"822\" data-id=\"15100\" src=\"https:\/\/www.tononplastics.com\/wp-content\/uploads\/2023\/08\/H0c09c837f0a54be1a8b5c6b0ad19f2766.jpg\" alt=\"\" class=\"wp-image-15100\" title=\"\" srcset=\"https:\/\/www.tononplastics.com\/wp-content\/uploads\/2023\/08\/H0c09c837f0a54be1a8b5c6b0ad19f2766.jpg 822w, https:\/\/www.tononplastics.com\/wp-content\/uploads\/2023\/08\/H0c09c837f0a54be1a8b5c6b0ad19f2766-300x300.jpg 300w, https:\/\/www.tononplastics.com\/wp-content\/uploads\/2023\/08\/H0c09c837f0a54be1a8b5c6b0ad19f2766-150x150.jpg 150w, https:\/\/www.tononplastics.com\/wp-content\/uploads\/2023\/08\/H0c09c837f0a54be1a8b5c6b0ad19f2766-768x768.jpg 768w\" sizes=\"(max-width: 822px) 100vw, 822px\" \/><\/figure>\n<\/figure>\n\n\n<div id=\"ali-anchor-AliPostDhMb-sfzs7\" class=\"mceSectionContainer\" data-section=\"AliPostDhMb-sfzs7\" data-section-title=\"Product Description\">\n<div id=\"ali-title-AliPostDhMb-sfzs7\"><strong>Toote \u00fcksikasjad:<\/strong><\/div>\n<div><strong><br \/><\/strong><span style=\"font-size: revert; color: initial;\">1) L\u00f6\u00f6gitugevus: PC-\u00f5\u00f5nsuste l\u00f6\u00f6gitugevus on 250 korda suurem kui klaasil.<\/span><\/div>\n<div><span style=\"font-size: revert; color: initial;\"><br \/>2) Kerge kaal: PC \u00f5\u00f5nsate lehtede kaal on ainult umbes pool klaasist.<\/span><\/div>\n<div>\u00a0<\/div>\n<div><span style=\"font-size: revert; color: initial;\">3) L\u00e4bipaistvus: L\u00e4bipaistvus: 3 mm paksusega PC-\u00f5\u00f5nsuste lehtede valgusl\u00e4bivus on 88%.<\/span><\/div>\n<div><span style=\"font-size: revert; color: initial;\"><br \/>4) UV-kaitse: PC-leht on koekstrudeeritud suure tihedusega ultraviolettkiirgusega, mis hoiab ka PC-lehe v\u00e4rvimuutuse eest.<\/span><\/div>\n<div><span style=\"font-size: revert; color: initial;\"><br \/>5) Ilmastikukindlus: PC \u00f5\u00f5nes leht on vastupidavus halbadele <\/span><\/div>\n<div><span style=\"font-size: revert; color: initial;\">ilmastikuolud ja s\u00e4ilitavad suurep\u00e4rase toimivuse temperatuurivahemikus -40 \u2103 kuni 12 \u2103<\/span><\/div>\n<div><span style=\"font-size: revert; color: initial;\"><br \/><\/span><span style=\"font-size: revert; color: initial;\">6) Kondenseerumise takistamine: Kui v\u00e4listemperatuur on 0 ja sisetemperatuur on 23 \u2103, kondenseerub arvutiplaat kuni 80%.<\/span><\/div>\n<div><span style=\"font-size: revert; color: initial;\"> <br \/><\/span><span style=\"font-size: revert; color: initial;\">7) soojusisolatsioon: K-v\u00e4\u00e4rtus on 1,2 korda suurem kui tahkel arvutiplaadil. PC-lehed v\u00f5ivad s\u00e4\u00e4sta energiat, v\u00e4ltides samas soojuskaotust.<\/span><\/div>\n<div><span style=\"font-size: revert; color: initial;\"><br \/><\/span><span style=\"font-size: revert; color: initial;\">8) heliisolatsioon: 6mm paksune PC \u00f5\u00f5nes leht v\u00f5ib v\u00e4hendada heli 20db.<br \/><\/span><span style=\"font-size: revert; color: initial;\"><br \/>9) leegikindlus: QB8624-1997-standardi kohaselt on materjal hinnatud klassi 1.<br \/><br \/><\/span><span style=\"font-size: revert; color: initial;\">10) Lihtne paigaldamine: Seda saab kasutada k\u00f5verate roovide ja akende puhul. PC-pleki minimaalne k\u00f5verusraadius on 175 korda suurem kui selle paksus.\u00a0<\/span><\/div>\n<\/div>\n<div id=\"ali-anchor-AliPostDhMb-2qskj\" class=\"mceSectionContainer\" data-section=\"AliPostDhMb-2qskj\" data-section-title=\"Company Information\">\n<p>\u00a0FOSHAN HUAXIA NATURE BUILDING MATERIALS CO., LTD., asutatud 2004. aastal, on professionaalne tootja, kes tegeleb pol\u00fckarbonaadist tahke lehe, pol\u00fckarbonaadist \u00f5\u00f5nsate lehtede, markiisikinnituse ja pol\u00fckarbonaadist lainekatuste plaatide uurimise, arendamise, tootmise, m\u00fc\u00fcgi ja teenindamisega. Asume Foshanis, Hiina tuntud dekoratiivsete materjalide tootmisbaasis. Meie ettev\u00f5ttes on kindel alus, k\u00fcps tootmistehnoloogia ja ranged kvaliteedikontrollis\u00fcsteemid, mis tagab meie toodete k\u00f5rge stabiilsuse ja usaldusv\u00e4\u00e4rsuse.<\/p>\n<\/div>\n<div id=\"ali-anchor-AliPostDhMb-bktqy\" class=\"mceSectionContainer\" data-section=\"AliPostDhMb-bktqy\" data-section-title=\"Packaging &amp; Shipping\">\n<div id=\"ali-title-AliPostDhMb-bktqy\"><strong>Pakendamine ja saatmine<\/strong><\/div>\n<div>\n<p>\u00a0<img decoding=\"async\" src=\"https:\/\/sc01.alicdn.com\/kf\/H74247c1d61554ba2a775e9ce59244207e\/200162319\/H74247c1d61554ba2a775e9ce59244207e.jpg\" alt=\"pol\u00fckarbonaat tahke leht kriimustuslahendus Sun Sheets &amp; PC Embossed Sheets\" width=\"630\" height=\"509.04\" data-src=\"\/\/sc01.alicdn.com\/kf\/H74247c1d61554ba2a775e9ce59244207e\/200162319\/H74247c1d61554ba2a775e9ce59244207e.jpg\" data-alt=\"polycarbonate solid sheet scratch solution Sun Sheets &amp; PC Embossed Sheets\" data-width=\"630\" data- title=\"\"><img decoding=\"async\" src=\"https:\/\/sc02.alicdn.com\/kf\/H02a52324dc024cdcbaee8c550d0c5b3cR\/200162319\/H02a52324dc024cdcbaee8c550d0c5b3cR.png\" alt=\"pol\u00fckarbonaat tahke leht kriimustuslahendus Sun Sheets &amp; PC Embossed Sheets\" width=\"630\" height=\"214.7347480106101\" data-src=\"\/\/sc02.alicdn.com\/kf\/H02a52324dc024cdcbaee8c550d0c5b3cR\/200162319\/H02a52324dc024cdcbaee8c550d0c5b3cR.png\" data-alt=\"polycarbonate solid sheet scratch solution Sun Sheets &amp; PC Embossed Sheets\" data-width=\"630\" data- title=\"\"><\/p>\n<p>\u00a0<img decoding=\"async\" src=\"https:\/\/sc02.alicdn.com\/kf\/H041aadba055e4601bc7a678fb8698a30S\/200162319\/H041aadba055e4601bc7a678fb8698a30S.jpg\" alt=\"pol\u00fckarbonaat tahke leht kriimustuslahendus Sun Sheets &amp; PC Embossed Sheets\" width=\"630\" height=\"472.5\" data-src=\"\/\/sc02.alicdn.com\/kf\/H041aadba055e4601bc7a678fb8698a30S\/200162319\/H041aadba055e4601bc7a678fb8698a30S.jpg\" data-alt=\"polycarbonate solid sheet scratch solution Sun Sheets &amp; PC Embossed Sheets\" data-width=\"630\" data- title=\"\"><img decoding=\"async\" src=\"https:\/\/sc01.alicdn.com\/kf\/H13a68bf757104e7f87240c10e9cd3dffH\/200162319\/H13a68bf757104e7f87240c10e9cd3dffH.jpg\" alt=\"pol\u00fckarbonaat tahke leht kriimustuslahendus Sun Sheets &amp; PC Embossed Sheets\" width=\"630\" height=\"472.5\" data-src=\"\/\/sc01.alicdn.com\/kf\/H13a68bf757104e7f87240c10e9cd3dffH\/200162319\/H13a68bf757104e7f87240c10e9cd3dffH.jpg\" data-alt=\"polycarbonate solid sheet scratch solution Sun Sheets &amp; PC Embossed Sheets\" data-width=\"630\" data- title=\"\"><\/p>\n<\/div>\n<\/div>","protected":false},"featured_media":0,"parent":0,"template":"","product-catagories":[177],"product-tag":[],"class_list":["post-15312","product","type-product","status-publish","hentry","product-catagories-polycarbonate-solid-sheet"],"acf":[],"_links":{"self":[{"href":"https:\/\/www.tononplastics.com\/et\/wp-json\/wp\/v2\/product\/15312","targetHints":{"allow":["GET"]}}],"collection":[{"href":"https:\/\/www.tononplastics.com\/et\/wp-json\/wp\/v2\/product"}],"about":[{"href":"https:\/\/www.tononplastics.com\/et\/wp-json\/wp\/v2\/types\/product"}],"version-history":[{"count":0,"href":"https:\/\/www.tononplastics.com\/et\/wp-json\/wp\/v2\/product\/15312\/revisions"}],"wp:attachment":[{"href":"https:\/\/www.tononplastics.com\/et\/wp-json\/wp\/v2\/media?parent=15312"}],"wp:term":[{"taxonomy":"product-catagories","embeddable":true,"href":"https:\/\/www.tononplastics.com\/et\/wp-json\/wp\/v2\/product-catagories?post=15312"},{"taxonomy":"product-tag","embeddable":true,"href":"https:\/\/www.tononplastics.com\/et\/wp-json\/wp\/v2\/product-tag?post=15312"}],"curies":[{"name":"wp","href":"https:\/\/api.w.org\/{rel}","templated":true}]}}