{"id":15321,"date":"2023-08-23T23:01:25","date_gmt":"2023-08-23T15:01:25","guid":{"rendered":"https:\/\/tononplastics.com\/?post_type=product&#038;p=15321"},"modified":"2024-03-25T13:22:19","modified_gmt":"2024-03-25T05:22:19","slug":"plastic-pc-light-diffusion-sheet","status":"publish","type":"product","link":"https:\/\/www.tononplastics.com\/et\/product\/plastic-pc-light-diffusion-sheet\/","title":{"rendered":"Plastikust PC valgusdifusioonileht"},"content":{"rendered":"<p>Plastikust PC valgusdifusioonileht on l\u00e4bipaistev pol\u00fckarbonaattoode, mis on m\u00f5eldud spetsiaalselt valgustuse l\u00e4\u00e4tsede ja valguskastide jaoks. Sellel on ainulaadne kombinatsioon suure valgusdifusiooni ja suure valgusl\u00e4bivuse kombinatsioon t\u00e4nu t\u00e4iustatud difuusoritehnoloogiale. Selle \u00fchtlased hajutamisomadused aitavad v\u00e4hendada n\u00e4htavaid LED-\u2018kuumasid\u2019 pleki peal. V\u00f5rreldes teiste valgust hajutavate toodetega, nagu klaas ja akr\u00fc\u00fcl, on Quanfu PC hajutava lehe l\u00f6\u00f6gitugevus parem. Selle k\u00f5rge temperatuurikindlus v\u00f5imaldab tihedamaid disainilahendusi kui akr\u00fc\u00fcliga on v\u00f5imalik. Quanfu PC hajutava lehe ohutu tulekahju k\u00e4itumine muudab selle ideaalseks kasutamiseks piirkondades, kus ehitusn\u00f5uded seda n\u00f5uavad, n\u00e4iteks lennujaamades ja metroojaamades.<\/p>\n\n\n\n<h2 class=\"wp-block-heading\">Omadused<\/h2>\n\n\n\n<p>K\u00f5rge valgusl\u00e4bivus \/ astigmatismi efekt \/ k\u00f5rge l\u00f6\u00f6gikindlus \/ hea ilmastikukindlus \/ tulekindel \/ kerge ja lihtne paigaldada \/ saab valmistada<\/p>\n\n\n\n<h2 class=\"wp-block-heading\">Rakendusvaldkond<\/h2>\n\n\n\n<p>Valgustuslampide reklaamvalgusti, helendav logo lambipaneel, modelleerimislamp LED helendav korpus<\/p>\n\n\n\n<figure class=\"wp-block-image\"><img decoding=\"async\" src=\"https:\/\/www.qfzhpc.com\/repository\/image\/b9257523-08e8-4c15-bbb6-46a7283094f3.jpg\" alt=\"r\" title=\"\"><\/figure>\n\n\n\n<figure class=\"wp-block-image\"><img decoding=\"async\" src=\"https:\/\/www.qfzhpc.com\/repository\/image\/42e6d982-1a48-4b02-bfe7-d7b70a3a29f9.jpg\" alt=\"qf\" title=\"\"><\/figure>\n\n\n<p><strong>Valguse \u00fclekanne<\/strong><br \/>Valgusl\u00e4bivus ulatub s\u00f5ltuvalt v\u00e4rvist ja paksusest 12%-82%.<\/p>\n<p><strong>UV-kaitse<\/strong><br \/>T\u00e4nu patenteeritud anti-UV-kattele j\u00e4\u00e4b pol\u00fckarbonaatne katuseaken p\u00e4rast kokkupuutumist mehaaniliselt ja optiliselt t\u00e4iuslikuks.<\/p>\n<p><strong>Ilma v\u00f5ime<\/strong><br \/>Sellel on \u00fclivabadus, mis s\u00e4ilitab suurep\u00e4rase toimivuse laias temperatuurivahemikus -40\u00b0C-120\u00b0C.<br \/>Tulep\u00fcsivus :UL Flammability 94 V-2<\/p>\n<p><strong>Lihtne paigaldus<\/strong><br \/>Lihtne paigaldada ja seda saab k\u00fclmalt painutada<\/p>\n<p><strong>L\u00f6\u00f6gikindlus<\/strong><br \/>250-300 korda suurem l\u00f6\u00f6gitugevus kui tavalisel klaasil ja 30 korda suurem kui sama paksusega akr\u00fc\u00fclpaneelidel, mis on 2-20 korda karastatud klaasist, mis langeb kahe meetri s\u00fcgavusele alla 3 kg haamri ilma pragudeta, ilma purunenud.<\/p>\n<p>\u00a0<\/p>\n<div id=\"ali-anchor-AliPostDhMb-lve6r\" class=\"mceSectionContainer\" data-section=\"AliPostDhMb-lve6r\" data-section-title=\"Company Information\">\n<div>\n<p><img decoding=\"async\" src=\"https:\/\/sc04.alicdn.com\/kf\/He65fe62b4fff4bceb9db2d8d443b0938x\/200162319\/He65fe62b4fff4bceb9db2d8d443b0938x.jpg\" alt=\"plastikust pc valguse hajutuskile\" width=\"630\" height=\"472.5\" data-src=\"\/\/sc04.alicdn.com\/kf\/He65fe62b4fff4bceb9db2d8d443b0938x\/200162319\/He65fe62b4fff4bceb9db2d8d443b0938x.jpg\" data-alt=\"plastic pc light diffusion sheet\" data-width=\"630\" data- title=\"\"><img decoding=\"async\" src=\"https:\/\/sc04.alicdn.com\/kf\/Hec1893bdf96e4e68954f01c51046919cR\/200162319\/Hec1893bdf96e4e68954f01c51046919cR.jpg\" alt=\"plastikust pc valguse hajutuskile\" width=\"630\" height=\"346.5\" data-src=\"\/\/sc04.alicdn.com\/kf\/Hec1893bdf96e4e68954f01c51046919cR\/200162319\/Hec1893bdf96e4e68954f01c51046919cR.jpg\" data-alt=\"plastic pc light diffusion sheet\" data-width=\"630\" data- title=\"\"><\/p>\n<\/div>\n<\/div>","protected":false},"featured_media":15323,"parent":0,"template":"","product-catagories":[177],"product-tag":[],"class_list":["post-15321","product","type-product","status-publish","has-post-thumbnail","hentry","product-catagories-polycarbonate-solid-sheet"],"acf":[],"_links":{"self":[{"href":"https:\/\/www.tononplastics.com\/et\/wp-json\/wp\/v2\/product\/15321","targetHints":{"allow":["GET"]}}],"collection":[{"href":"https:\/\/www.tononplastics.com\/et\/wp-json\/wp\/v2\/product"}],"about":[{"href":"https:\/\/www.tononplastics.com\/et\/wp-json\/wp\/v2\/types\/product"}],"version-history":[{"count":0,"href":"https:\/\/www.tononplastics.com\/et\/wp-json\/wp\/v2\/product\/15321\/revisions"}],"wp:featuredmedia":[{"embeddable":true,"href":"https:\/\/www.tononplastics.com\/et\/wp-json\/wp\/v2\/media\/15323"}],"wp:attachment":[{"href":"https:\/\/www.tononplastics.com\/et\/wp-json\/wp\/v2\/media?parent=15321"}],"wp:term":[{"taxonomy":"product-catagories","embeddable":true,"href":"https:\/\/www.tononplastics.com\/et\/wp-json\/wp\/v2\/product-catagories?post=15321"},{"taxonomy":"product-tag","embeddable":true,"href":"https:\/\/www.tononplastics.com\/et\/wp-json\/wp\/v2\/product-tag?post=15321"}],"curies":[{"name":"wp","href":"https:\/\/api.w.org\/{rel}","templated":true}]}}